{"id":5689,"date":"2020-01-15T17:13:24","date_gmt":"2020-01-15T20:13:24","guid":{"rendered":"http:\/\/viacotone.local\/?page_id=5689"},"modified":"2020-01-15T17:26:14","modified_gmt":"2020-01-15T20:26:14","slug":"politicas-de-privacidad","status":"publish","type":"page","link":"https:\/\/easywebmkt.com.ar\/cotone\/politicas-de-privacidad\/","title":{"rendered":"Pol\u00edtica de privacidad"},"content":{"rendered":"<div class=\"wpb-content-wrapper\"><p>[vc_row el_class=&#8221;about_us&#8221;][vc_column][vc_raw_html el_class=&#8221;about-us&#8221;]JTNDZGl2JTIwY2xhc3MlM0QlMjJ0aXRsZS1wYWdlJTIyJTNFUG9sJUMzJUFEdGljYSUyMGRlJTIwcHJpdmFjaWRhZCUzQyUyRmRpdiUzRQ==[\/vc_raw_html][vc_column_text]<\/p>\n<h4><strong>Introducci\u00f3n<\/strong><\/h4>\n<p>www.viacotone.com (el &#8220;Sitio&#8221;) pertenece y es operado por Seize Market S.A (&#8220;V\u00eda Cotone&#8221;).<\/p>\n<p>V\u00eda Cotone mantiene el compromiso de respetar los requerimientos legales existentes respecto de la privacidad de las personas que acceden a brindarnos sus datos para establecer un contacto o pedido de cotizaci\u00f3n.<\/p>\n<p>&nbsp;<\/p>\n<h4><strong>Alcance<\/strong><\/h4>\n<p>Esta Declaraci\u00f3n de Privacidad describe las pol\u00edticas y pr\u00e1cticas actuales de V\u00eda Cotone respecto de la informaci\u00f3n personal recolectada a trav\u00e9s del sitio web y\/o los espacios de la marca en redes sociales.<\/p>\n<p>&nbsp;<\/p>\n<h4><strong>Datos personales<\/strong><\/h4>\n<p>V\u00eda Cotone recoge los datos personales que usted nos suministra con la finalidad de establecer un contacto con la empresa, solicitar una cotizaci\u00f3n o suscribirse a nuestro newsletter de promociones. Esta informaci\u00f3n puede incluir, por ejemplo, su nombre, el nombre de su empresa, su correo electr\u00f3nico, etc.<\/p>\n<p>&nbsp;<\/p>\n<h4><strong>Finalidades de los datos personales recolectados<\/strong><\/h4>\n<p>La utiizaci\u00f3n de la informaci\u00f3n personal que nos es otorgada puede incluir: Proveer las cotizaciones, respuestas, productos, informaci\u00f3n y servicios requeridos por los usuarios; o, bajo consentimiento, enviarles promociones de productos. Por ejemplo, podemos utilizar su direcci\u00f3n electr\u00f3nica para responder a sus comentarios o inquietudes. Tambi\u00e9n podemos usar los datos otorgados para:<\/p>\n<p>\u2022 proveer una experiencia personalizada en la navegaci\u00f3n del Sitio;<br \/>\n\u2022 desplegar publicidad personalizada,<br \/>\n\u2022 proveer informaci\u00f3n que creemos es de su inter\u00e9s (\u00fanicamente con su permiso) y contactarlo con ofertas especiales,<br \/>\n\u2022 comprender mejor sus intereses y necesidades.<br \/>\n\u2022 mejorar el contenido, funcionalidad y navegabilidad de nuestras comunicaciones.<br \/>\n\u2022 Podemos contactarlo para informarle acerca de nuestros productos y servicios. Si no desea que lo contactemos para tal fin, por favor, h\u00e1ganoslo saber.<\/p>\n<p>&nbsp;<\/p>\n<h4><strong>Integridad y seguridad de la informaci\u00f3n<\/strong><\/h4>\n<p>V\u00eda Cotone adoptar\u00e1 las medidas necesarias para resguardar la confiabilidad, la precisi\u00f3n, la integridad y la actualizaci\u00f3n de la informaci\u00f3n en nuestras bases de datos y para proteger la seguridad de las mismas.<\/p>\n<p>&nbsp;<\/p>\n<h4><strong>Derechos sobre los datos personales<\/strong><\/h4>\n<p>Ud. puede requerir a V\u00eda Cotone la revisi\u00f3n, modificaci\u00f3n, eliminaci\u00f3n y\/o actualizaci\u00f3n de sus datos personales, o la eliminaci\u00f3n de sus datos de nuestra base de datos, de acuerdo al procedimiento indicado en la Ley 25.326 y modificatorias (la ?LPDP?). El derecho a acceder a sus datos personales puede ser ejercido en forma gratuita. A tales efectos, Ud. debe enviar un correo electr\u00f3nico a la direcci\u00f3n marketing@viacotone.local detallando su nombre y apellido, n\u00famero de DNI, su solicitud y razones del ejercicio de su derecho.[\/vc_column_text][\/vc_column][\/vc_row]<\/p>\n<\/div>","protected":false},"excerpt":{"rendered":"<p>[vc_row el_class=&#8221;about_us&#8221;][vc_column][vc_raw_html el_class=&#8221;about-us&#8221;]JTNDZGl2JTIwY2xhc3MlM0QlMjJ0aXRsZS1wYWdlJTIyJTNFUG9sJUMzJUFEdGljYSUyMGRlJTIwcHJpdmFjaWRhZCUzQyUyRmRpdiUzRQ==[\/vc_raw_html][vc_column_text] Introducci\u00f3n www.viacotone.com (el &#8220;Sitio&#8221;) pertenece y es operado por Seize Market S.A (&#8220;V\u00eda Cotone&#8221;). V\u00eda Cotone mantiene el compromiso de respetar los requerimientos legales existentes respecto de la privacidad de las personas que acceden a brindarnos sus &hellip; <a href=\"https:\/\/easywebmkt.com.ar\/cotone\/politicas-de-privacidad\/\">Readmore<\/a><\/p>\n","protected":false},"author":4,"featured_media":0,"parent":0,"menu_order":0,"comment_status":"closed","ping_status":"closed","template":"","meta":{"footnotes":""},"class_list":["post-5689","page","type-page","status-publish","hentry"],"yoast_head":"<!-- This site is optimized with the Yoast SEO plugin v23.4 - https:\/\/yoast.com\/wordpress\/plugins\/seo\/ -->\n<title>Pol\u00edtica de privacidad - Viacotone Argentina<\/title>\n<meta name=\"robots\" content=\"index, follow, max-snippet:-1, max-image-preview:large, max-video-preview:-1\" \/>\n<link rel=\"canonical\" href=\"https:\/\/easywebmkt.com.ar\/cotone\/politicas-de-privacidad\/\" \/>\n<meta property=\"og:locale\" content=\"es_ES\" \/>\n<meta property=\"og:type\" content=\"article\" \/>\n<meta property=\"og:title\" content=\"Pol\u00edtica de privacidad - Viacotone Argentina\" \/>\n<meta property=\"og:description\" content=\"[vc_row el_class=&#8221;about_us&#8221;][vc_column][vc_raw_html el_class=&#8221;about-us&#8221;]JTNDZGl2JTIwY2xhc3MlM0QlMjJ0aXRsZS1wYWdlJTIyJTNFUG9sJUMzJUFEdGljYSUyMGRlJTIwcHJpdmFjaWRhZCUzQyUyRmRpdiUzRQ==[\/vc_raw_html][vc_column_text] Introducci\u00f3n www.viacotone.com (el &#8220;Sitio&#8221;) pertenece y es operado por Seize Market S.A (&#8220;V\u00eda Cotone&#8221;). V\u00eda Cotone mantiene el compromiso de respetar los requerimientos legales existentes respecto de la privacidad de las personas que acceden a brindarnos sus &hellip; Readmore\" \/>\n<meta property=\"og:url\" content=\"https:\/\/easywebmkt.com.ar\/cotone\/politicas-de-privacidad\/\" \/>\n<meta property=\"og:site_name\" content=\"Viacotone Argentina\" \/>\n<meta property=\"article:modified_time\" content=\"2020-01-15T20:26:14+00:00\" \/>\n<meta name=\"twitter:card\" content=\"summary_large_image\" \/>\n<meta name=\"twitter:label1\" content=\"Tiempo de lectura\" \/>\n\t<meta name=\"twitter:data1\" content=\"2 minutos\" \/>\n<script type=\"application\/ld+json\" class=\"yoast-schema-graph\">{\"@context\":\"https:\/\/schema.org\",\"@graph\":[{\"@type\":\"WebPage\",\"@id\":\"https:\/\/easywebmkt.com.ar\/cotone\/politicas-de-privacidad\/\",\"url\":\"https:\/\/easywebmkt.com.ar\/cotone\/politicas-de-privacidad\/\",\"name\":\"Pol\u00edtica de privacidad - Viacotone Argentina\",\"isPartOf\":{\"@id\":\"https:\/\/easywebmkt.com.ar\/cotone\/#website\"},\"datePublished\":\"2020-01-15T20:13:24+00:00\",\"dateModified\":\"2020-01-15T20:26:14+00:00\",\"breadcrumb\":{\"@id\":\"https:\/\/easywebmkt.com.ar\/cotone\/politicas-de-privacidad\/#breadcrumb\"},\"inLanguage\":\"es-AR\",\"potentialAction\":[{\"@type\":\"ReadAction\",\"target\":[\"https:\/\/easywebmkt.com.ar\/cotone\/politicas-de-privacidad\/\"]}]},{\"@type\":\"BreadcrumbList\",\"@id\":\"https:\/\/easywebmkt.com.ar\/cotone\/politicas-de-privacidad\/#breadcrumb\",\"itemListElement\":[{\"@type\":\"ListItem\",\"position\":1,\"name\":\"Inicio\",\"item\":\"https:\/\/easywebmkt.com.ar\/cotone\/\"},{\"@type\":\"ListItem\",\"position\":2,\"name\":\"Pol\u00edtica de privacidad\"}]},{\"@type\":\"WebSite\",\"@id\":\"https:\/\/easywebmkt.com.ar\/cotone\/#website\",\"url\":\"https:\/\/easywebmkt.com.ar\/cotone\/\",\"name\":\"Viacotone Argentina\",\"description\":\"Merchandising Partners\",\"potentialAction\":[{\"@type\":\"SearchAction\",\"target\":{\"@type\":\"EntryPoint\",\"urlTemplate\":\"https:\/\/easywebmkt.com.ar\/cotone\/?s={search_term_string}\"},\"query-input\":{\"@type\":\"PropertyValueSpecification\",\"valueRequired\":true,\"valueName\":\"search_term_string\"}}],\"inLanguage\":\"es-AR\"}]}<\/script>\n<!-- \/ Yoast SEO plugin. -->","yoast_head_json":{"title":"Pol\u00edtica de privacidad - Viacotone Argentina","robots":{"index":"index","follow":"follow","max-snippet":"max-snippet:-1","max-image-preview":"max-image-preview:large","max-video-preview":"max-video-preview:-1"},"canonical":"https:\/\/easywebmkt.com.ar\/cotone\/politicas-de-privacidad\/","og_locale":"es_ES","og_type":"article","og_title":"Pol\u00edtica de privacidad - Viacotone Argentina","og_description":"[vc_row el_class=&#8221;about_us&#8221;][vc_column][vc_raw_html el_class=&#8221;about-us&#8221;]JTNDZGl2JTIwY2xhc3MlM0QlMjJ0aXRsZS1wYWdlJTIyJTNFUG9sJUMzJUFEdGljYSUyMGRlJTIwcHJpdmFjaWRhZCUzQyUyRmRpdiUzRQ==[\/vc_raw_html][vc_column_text] Introducci\u00f3n www.viacotone.com (el &#8220;Sitio&#8221;) pertenece y es operado por Seize Market S.A (&#8220;V\u00eda Cotone&#8221;). V\u00eda Cotone mantiene el compromiso de respetar los requerimientos legales existentes respecto de la privacidad de las personas que acceden a brindarnos sus &hellip; Readmore","og_url":"https:\/\/easywebmkt.com.ar\/cotone\/politicas-de-privacidad\/","og_site_name":"Viacotone Argentina","article_modified_time":"2020-01-15T20:26:14+00:00","twitter_card":"summary_large_image","twitter_misc":{"Tiempo de lectura":"2 minutos"},"schema":{"@context":"https:\/\/schema.org","@graph":[{"@type":"WebPage","@id":"https:\/\/easywebmkt.com.ar\/cotone\/politicas-de-privacidad\/","url":"https:\/\/easywebmkt.com.ar\/cotone\/politicas-de-privacidad\/","name":"Pol\u00edtica de privacidad - Viacotone Argentina","isPartOf":{"@id":"https:\/\/easywebmkt.com.ar\/cotone\/#website"},"datePublished":"2020-01-15T20:13:24+00:00","dateModified":"2020-01-15T20:26:14+00:00","breadcrumb":{"@id":"https:\/\/easywebmkt.com.ar\/cotone\/politicas-de-privacidad\/#breadcrumb"},"inLanguage":"es-AR","potentialAction":[{"@type":"ReadAction","target":["https:\/\/easywebmkt.com.ar\/cotone\/politicas-de-privacidad\/"]}]},{"@type":"BreadcrumbList","@id":"https:\/\/easywebmkt.com.ar\/cotone\/politicas-de-privacidad\/#breadcrumb","itemListElement":[{"@type":"ListItem","position":1,"name":"Inicio","item":"https:\/\/easywebmkt.com.ar\/cotone\/"},{"@type":"ListItem","position":2,"name":"Pol\u00edtica de privacidad"}]},{"@type":"WebSite","@id":"https:\/\/easywebmkt.com.ar\/cotone\/#website","url":"https:\/\/easywebmkt.com.ar\/cotone\/","name":"Viacotone Argentina","description":"Merchandising Partners","potentialAction":[{"@type":"SearchAction","target":{"@type":"EntryPoint","urlTemplate":"https:\/\/easywebmkt.com.ar\/cotone\/?s={search_term_string}"},"query-input":{"@type":"PropertyValueSpecification","valueRequired":true,"valueName":"search_term_string"}}],"inLanguage":"es-AR"}]}},"_links":{"self":[{"href":"https:\/\/easywebmkt.com.ar\/cotone\/wp-json\/wp\/v2\/pages\/5689","targetHints":{"allow":["GET"]}}],"collection":[{"href":"https:\/\/easywebmkt.com.ar\/cotone\/wp-json\/wp\/v2\/pages"}],"about":[{"href":"https:\/\/easywebmkt.com.ar\/cotone\/wp-json\/wp\/v2\/types\/page"}],"author":[{"embeddable":true,"href":"https:\/\/easywebmkt.com.ar\/cotone\/wp-json\/wp\/v2\/users\/4"}],"replies":[{"embeddable":true,"href":"https:\/\/easywebmkt.com.ar\/cotone\/wp-json\/wp\/v2\/comments?post=5689"}],"version-history":[{"count":0,"href":"https:\/\/easywebmkt.com.ar\/cotone\/wp-json\/wp\/v2\/pages\/5689\/revisions"}],"wp:attachment":[{"href":"https:\/\/easywebmkt.com.ar\/cotone\/wp-json\/wp\/v2\/media?parent=5689"}],"curies":[{"name":"wp","href":"https:\/\/api.w.org\/{rel}","templated":true}]}}