{"id":10406,"date":"2020-11-16T17:53:11","date_gmt":"2020-11-16T20:53:11","guid":{"rendered":"http:\/\/viacotone.local\/?post_type=product&#038;p=10406"},"modified":"2021-09-21T09:32:49","modified_gmt":"2021-09-21T12:32:49","slug":"headphone-wireless-stone","status":"publish","type":"product","link":"https:\/\/easywebmkt.com.ar\/cotone\/productos\/headphone-wireless-stone\/","title":{"rendered":"Headphone Wireless Stone"},"content":{"rendered":"","protected":false},"excerpt":{"rendered":"<p><b>Se conecta al celular de forma inal\u00e1mbrica.<\/b><\/p>\n<p>Cuenta con un estuche que permite cargar la bater\u00eda de los auriculares.<br \/>\nAlcance de 10 metros.<br \/>\nBater\u00eda de litio.<br \/>\nPara encender el auricular debe presionar durante 3 segundos de la misma manera se procede para apagar.<br \/>\nPermite contestar llamadas presionando brevemente el bot\u00f3n 1 vez y de la misma manera se procede para finalizar la llamada.<br \/>\nTambi\u00e9n se puede rechazar llamadas presionando el bot\u00f3n durante 2 segundos.<br \/>\nCuenta con funci\u00f3n de pausa y reproducci\u00f3n. Adelantar y retroceder m\u00fasica.<\/p>\n","protected":false},"featured_media":10710,"comment_status":"closed","ping_status":"closed","template":"","meta":[],"product_brand":[],"product_cat":[68,408],"product_tag":[148,354,149,517,528],"class_list":{"0":"post-10406","1":"product","2":"type-product","3":"status-publish","4":"has-post-thumbnail","6":"product_cat-tecnologia","7":"product_cat-auriculares","8":"product_tag-audio","9":"product_tag-auriculares","10":"product_tag-bluetooth","11":"product_tag-headphone","12":"product_tag-musica","14":"first","15":"instock","16":"shipping-taxable","17":"purchasable","18":"product-type-simple"},"yoast_head":"<!-- This site is optimized with the Yoast SEO plugin v23.4 - https:\/\/yoast.com\/wordpress\/plugins\/seo\/ -->\n<title>Headphone Wireless Stone - Viacotone Argentina<\/title>\n<meta name=\"robots\" content=\"index, follow, max-snippet:-1, max-image-preview:large, max-video-preview:-1\" \/>\n<link rel=\"canonical\" href=\"https:\/\/easywebmkt.com.ar\/cotone\/productos\/headphone-wireless-stone\/\" \/>\n<meta property=\"og:locale\" content=\"es_ES\" \/>\n<meta property=\"og:type\" content=\"article\" \/>\n<meta property=\"og:title\" content=\"Headphone Wireless Stone - Viacotone Argentina\" \/>\n<meta property=\"og:description\" content=\"Se conecta al celular de forma inal\u00e1mbrica.  Cuenta con un estuche que permite cargar la bater\u00eda de los auriculares. Alcance de 10 metros. Bater\u00eda de litio. Para encender el auricular debe presionar durante 3 segundos de la misma manera se procede para apagar. Permite contestar llamadas presionando brevemente el bot\u00f3n 1 vez y de la misma manera se procede para finalizar la llamada. Tambi\u00e9n se puede rechazar llamadas presionando el bot\u00f3n durante 2 segundos. Cuenta con funci\u00f3n de pausa y reproducci\u00f3n. Adelantar y retroceder m\u00fasica.\" \/>\n<meta property=\"og:url\" content=\"https:\/\/easywebmkt.com.ar\/cotone\/productos\/headphone-wireless-stone\/\" \/>\n<meta property=\"og:site_name\" content=\"Viacotone Argentina\" \/>\n<meta property=\"article:modified_time\" content=\"2021-09-21T12:32:49+00:00\" \/>\n<meta property=\"og:image\" content=\"https:\/\/easywebmkt.com.ar\/cotone\/wp-content\/uploads\/2020\/11\/auriculares_EC739_caja_abierta-1.jpg\" \/>\n\t<meta property=\"og:image:width\" content=\"833\" \/>\n\t<meta property=\"og:image:height\" content=\"833\" \/>\n\t<meta property=\"og:image:type\" content=\"image\/jpeg\" \/>\n<meta name=\"twitter:card\" content=\"summary_large_image\" \/>\n<script type=\"application\/ld+json\" class=\"yoast-schema-graph\">{\"@context\":\"https:\/\/schema.org\",\"@graph\":[{\"@type\":\"WebPage\",\"@id\":\"https:\/\/easywebmkt.com.ar\/cotone\/productos\/headphone-wireless-stone\/\",\"url\":\"https:\/\/easywebmkt.com.ar\/cotone\/productos\/headphone-wireless-stone\/\",\"name\":\"Headphone Wireless Stone - Viacotone Argentina\",\"isPartOf\":{\"@id\":\"https:\/\/easywebmkt.com.ar\/cotone\/#website\"},\"primaryImageOfPage\":{\"@id\":\"https:\/\/easywebmkt.com.ar\/cotone\/productos\/headphone-wireless-stone\/#primaryimage\"},\"image\":{\"@id\":\"https:\/\/easywebmkt.com.ar\/cotone\/productos\/headphone-wireless-stone\/#primaryimage\"},\"thumbnailUrl\":\"https:\/\/easywebmkt.com.ar\/cotone\/wp-content\/uploads\/2020\/11\/auriculares_EC739_caja_abierta-1.jpg\",\"datePublished\":\"2020-11-16T20:53:11+00:00\",\"dateModified\":\"2021-09-21T12:32:49+00:00\",\"breadcrumb\":{\"@id\":\"https:\/\/easywebmkt.com.ar\/cotone\/productos\/headphone-wireless-stone\/#breadcrumb\"},\"inLanguage\":\"es-AR\",\"potentialAction\":[{\"@type\":\"ReadAction\",\"target\":[\"https:\/\/easywebmkt.com.ar\/cotone\/productos\/headphone-wireless-stone\/\"]}]},{\"@type\":\"ImageObject\",\"inLanguage\":\"es-AR\",\"@id\":\"https:\/\/easywebmkt.com.ar\/cotone\/productos\/headphone-wireless-stone\/#primaryimage\",\"url\":\"https:\/\/easywebmkt.com.ar\/cotone\/wp-content\/uploads\/2020\/11\/auriculares_EC739_caja_abierta-1.jpg\",\"contentUrl\":\"https:\/\/easywebmkt.com.ar\/cotone\/wp-content\/uploads\/2020\/11\/auriculares_EC739_caja_abierta-1.jpg\",\"width\":833,\"height\":833},{\"@type\":\"BreadcrumbList\",\"@id\":\"https:\/\/easywebmkt.com.ar\/cotone\/productos\/headphone-wireless-stone\/#breadcrumb\",\"itemListElement\":[{\"@type\":\"ListItem\",\"position\":1,\"name\":\"Inicio\",\"item\":\"https:\/\/easywebmkt.com.ar\/cotone\/\"},{\"@type\":\"ListItem\",\"position\":2,\"name\":\"Productos\",\"item\":\"https:\/\/easywebmkt.com.ar\/cotone\/productos\/\"},{\"@type\":\"ListItem\",\"position\":3,\"name\":\"Headphone Wireless Stone\"}]},{\"@type\":\"WebSite\",\"@id\":\"https:\/\/easywebmkt.com.ar\/cotone\/#website\",\"url\":\"https:\/\/easywebmkt.com.ar\/cotone\/\",\"name\":\"Viacotone Argentina\",\"description\":\"Merchandising Partners\",\"potentialAction\":[{\"@type\":\"SearchAction\",\"target\":{\"@type\":\"EntryPoint\",\"urlTemplate\":\"https:\/\/easywebmkt.com.ar\/cotone\/?s={search_term_string}\"},\"query-input\":{\"@type\":\"PropertyValueSpecification\",\"valueRequired\":true,\"valueName\":\"search_term_string\"}}],\"inLanguage\":\"es-AR\"}]}<\/script>\n<!-- \/ Yoast SEO plugin. -->","yoast_head_json":{"title":"Headphone Wireless Stone - Viacotone Argentina","robots":{"index":"index","follow":"follow","max-snippet":"max-snippet:-1","max-image-preview":"max-image-preview:large","max-video-preview":"max-video-preview:-1"},"canonical":"https:\/\/easywebmkt.com.ar\/cotone\/productos\/headphone-wireless-stone\/","og_locale":"es_ES","og_type":"article","og_title":"Headphone Wireless Stone - Viacotone Argentina","og_description":"Se conecta al celular de forma inal\u00e1mbrica.  Cuenta con un estuche que permite cargar la bater\u00eda de los auriculares. Alcance de 10 metros. Bater\u00eda de litio. Para encender el auricular debe presionar durante 3 segundos de la misma manera se procede para apagar. Permite contestar llamadas presionando brevemente el bot\u00f3n 1 vez y de la misma manera se procede para finalizar la llamada. Tambi\u00e9n se puede rechazar llamadas presionando el bot\u00f3n durante 2 segundos. Cuenta con funci\u00f3n de pausa y reproducci\u00f3n. Adelantar y retroceder m\u00fasica.","og_url":"https:\/\/easywebmkt.com.ar\/cotone\/productos\/headphone-wireless-stone\/","og_site_name":"Viacotone Argentina","article_modified_time":"2021-09-21T12:32:49+00:00","og_image":[{"width":833,"height":833,"url":"https:\/\/easywebmkt.com.ar\/cotone\/wp-content\/uploads\/2020\/11\/auriculares_EC739_caja_abierta-1.jpg","type":"image\/jpeg"}],"twitter_card":"summary_large_image","schema":{"@context":"https:\/\/schema.org","@graph":[{"@type":"WebPage","@id":"https:\/\/easywebmkt.com.ar\/cotone\/productos\/headphone-wireless-stone\/","url":"https:\/\/easywebmkt.com.ar\/cotone\/productos\/headphone-wireless-stone\/","name":"Headphone Wireless Stone - Viacotone Argentina","isPartOf":{"@id":"https:\/\/easywebmkt.com.ar\/cotone\/#website"},"primaryImageOfPage":{"@id":"https:\/\/easywebmkt.com.ar\/cotone\/productos\/headphone-wireless-stone\/#primaryimage"},"image":{"@id":"https:\/\/easywebmkt.com.ar\/cotone\/productos\/headphone-wireless-stone\/#primaryimage"},"thumbnailUrl":"https:\/\/easywebmkt.com.ar\/cotone\/wp-content\/uploads\/2020\/11\/auriculares_EC739_caja_abierta-1.jpg","datePublished":"2020-11-16T20:53:11+00:00","dateModified":"2021-09-21T12:32:49+00:00","breadcrumb":{"@id":"https:\/\/easywebmkt.com.ar\/cotone\/productos\/headphone-wireless-stone\/#breadcrumb"},"inLanguage":"es-AR","potentialAction":[{"@type":"ReadAction","target":["https:\/\/easywebmkt.com.ar\/cotone\/productos\/headphone-wireless-stone\/"]}]},{"@type":"ImageObject","inLanguage":"es-AR","@id":"https:\/\/easywebmkt.com.ar\/cotone\/productos\/headphone-wireless-stone\/#primaryimage","url":"https:\/\/easywebmkt.com.ar\/cotone\/wp-content\/uploads\/2020\/11\/auriculares_EC739_caja_abierta-1.jpg","contentUrl":"https:\/\/easywebmkt.com.ar\/cotone\/wp-content\/uploads\/2020\/11\/auriculares_EC739_caja_abierta-1.jpg","width":833,"height":833},{"@type":"BreadcrumbList","@id":"https:\/\/easywebmkt.com.ar\/cotone\/productos\/headphone-wireless-stone\/#breadcrumb","itemListElement":[{"@type":"ListItem","position":1,"name":"Inicio","item":"https:\/\/easywebmkt.com.ar\/cotone\/"},{"@type":"ListItem","position":2,"name":"Productos","item":"https:\/\/easywebmkt.com.ar\/cotone\/productos\/"},{"@type":"ListItem","position":3,"name":"Headphone Wireless Stone"}]},{"@type":"WebSite","@id":"https:\/\/easywebmkt.com.ar\/cotone\/#website","url":"https:\/\/easywebmkt.com.ar\/cotone\/","name":"Viacotone Argentina","description":"Merchandising Partners","potentialAction":[{"@type":"SearchAction","target":{"@type":"EntryPoint","urlTemplate":"https:\/\/easywebmkt.com.ar\/cotone\/?s={search_term_string}"},"query-input":{"@type":"PropertyValueSpecification","valueRequired":true,"valueName":"search_term_string"}}],"inLanguage":"es-AR"}]}},"_links":{"self":[{"href":"https:\/\/easywebmkt.com.ar\/cotone\/wp-json\/wp\/v2\/product\/10406","targetHints":{"allow":["GET"]}}],"collection":[{"href":"https:\/\/easywebmkt.com.ar\/cotone\/wp-json\/wp\/v2\/product"}],"about":[{"href":"https:\/\/easywebmkt.com.ar\/cotone\/wp-json\/wp\/v2\/types\/product"}],"replies":[{"embeddable":true,"href":"https:\/\/easywebmkt.com.ar\/cotone\/wp-json\/wp\/v2\/comments?post=10406"}],"wp:featuredmedia":[{"embeddable":true,"href":"https:\/\/easywebmkt.com.ar\/cotone\/wp-json\/wp\/v2\/media\/10710"}],"wp:attachment":[{"href":"https:\/\/easywebmkt.com.ar\/cotone\/wp-json\/wp\/v2\/media?parent=10406"}],"wp:term":[{"taxonomy":"product_brand","embeddable":true,"href":"https:\/\/easywebmkt.com.ar\/cotone\/wp-json\/wp\/v2\/product_brand?post=10406"},{"taxonomy":"product_cat","embeddable":true,"href":"https:\/\/easywebmkt.com.ar\/cotone\/wp-json\/wp\/v2\/product_cat?post=10406"},{"taxonomy":"product_tag","embeddable":true,"href":"https:\/\/easywebmkt.com.ar\/cotone\/wp-json\/wp\/v2\/product_tag?post=10406"}],"curies":[{"name":"wp","href":"https:\/\/api.w.org\/{rel}","templated":true}]}}