{"id":10409,"date":"2020-11-16T17:54:06","date_gmt":"2020-11-16T20:54:06","guid":{"rendered":"http:\/\/viacotone.local\/?post_type=product&#038;p=10409"},"modified":"2021-09-21T09:32:49","modified_gmt":"2021-09-21T12:32:49","slug":"parlante-clark","status":"publish","type":"product","link":"https:\/\/easywebmkt.com.ar\/cotone\/productos\/parlante-clark\/","title":{"rendered":"Parlante Clark"},"content":{"rendered":"","protected":false},"excerpt":{"rendered":"<p><strong>Parlante Bluetooth de pl\u00e1stico engomado.<\/strong><\/p>\n<p>Cuenta con botones en la parte superior del parlante uno de (M) modo que permite seleccionar TF card, bluetooth\/USB. Bot\u00f3n (-) permite seleccionar canciones anteriores o bajar el volumen.<br \/>\nBot\u00f3n (+) permite pasar a la siguiente canci\u00f3n o subir el volumen. Bot\u00f3n (&gt;) funciona como play\/pausa, tomar una llamada, presionando de modo corto permite buscar estaciones de radio.<br \/>\nEn la parte de atr\u00e1s conexi\u00f3n mini usb y bot\u00f3n de on\/off.<br \/>\nMedida: 12 x 7,5 x 4 cm.<\/p>\n","protected":false},"featured_media":10766,"comment_status":"closed","ping_status":"closed","template":"","meta":[],"product_brand":[],"product_cat":[68,109],"product_tag":[148,149,513,515,528,151,512,514],"class_list":{"0":"post-10409","1":"product","2":"type-product","3":"status-publish","4":"has-post-thumbnail","6":"product_cat-tecnologia","7":"product_cat-parlantes","8":"product_tag-audio","9":"product_tag-bluetooth","10":"product_tag-inalambrico","11":"product_tag-microfono","12":"product_tag-musica","13":"product_tag-parlante","14":"product_tag-tecnologia","15":"product_tag-wireless","17":"first","18":"instock","19":"shipping-taxable","20":"purchasable","21":"product-type-simple"},"yoast_head":"<!-- This site is optimized with the Yoast SEO plugin v23.4 - https:\/\/yoast.com\/wordpress\/plugins\/seo\/ -->\n<title>Parlante Clark - Viacotone Argentina<\/title>\n<meta name=\"robots\" content=\"index, follow, max-snippet:-1, max-image-preview:large, max-video-preview:-1\" \/>\n<link rel=\"canonical\" href=\"https:\/\/easywebmkt.com.ar\/cotone\/productos\/parlante-clark\/\" \/>\n<meta property=\"og:locale\" content=\"es_ES\" \/>\n<meta property=\"og:type\" content=\"article\" \/>\n<meta property=\"og:title\" content=\"Parlante Clark - Viacotone Argentina\" \/>\n<meta property=\"og:description\" content=\"Parlante Bluetooth de pl\u00e1stico engomado.  Cuenta con botones en la parte superior del parlante uno de (M) modo que permite seleccionar TF card, bluetooth\/USB. Bot\u00f3n (-) permite seleccionar canciones anteriores o bajar el volumen. Bot\u00f3n (+) permite pasar a la siguiente canci\u00f3n o subir el volumen. Bot\u00f3n (&gt;) funciona como play\/pausa, tomar una llamada, presionando de modo corto permite buscar estaciones de radio. En la parte de atr\u00e1s conexi\u00f3n mini usb y bot\u00f3n de on\/off. Medida: 12 x 7,5 x 4 cm.\" \/>\n<meta property=\"og:url\" content=\"https:\/\/easywebmkt.com.ar\/cotone\/productos\/parlante-clark\/\" \/>\n<meta property=\"og:site_name\" content=\"Viacotone Argentina\" \/>\n<meta property=\"article:modified_time\" content=\"2021-09-21T12:32:49+00:00\" \/>\n<meta property=\"og:image\" content=\"https:\/\/easywebmkt.com.ar\/cotone\/wp-content\/uploads\/2020\/11\/parlante_EC740_botones-1.jpg\" \/>\n\t<meta property=\"og:image:width\" content=\"930\" \/>\n\t<meta property=\"og:image:height\" content=\"930\" \/>\n\t<meta property=\"og:image:type\" content=\"image\/jpeg\" \/>\n<meta name=\"twitter:card\" content=\"summary_large_image\" \/>\n<script type=\"application\/ld+json\" class=\"yoast-schema-graph\">{\"@context\":\"https:\/\/schema.org\",\"@graph\":[{\"@type\":\"WebPage\",\"@id\":\"https:\/\/easywebmkt.com.ar\/cotone\/productos\/parlante-clark\/\",\"url\":\"https:\/\/easywebmkt.com.ar\/cotone\/productos\/parlante-clark\/\",\"name\":\"Parlante Clark - Viacotone Argentina\",\"isPartOf\":{\"@id\":\"https:\/\/easywebmkt.com.ar\/cotone\/#website\"},\"primaryImageOfPage\":{\"@id\":\"https:\/\/easywebmkt.com.ar\/cotone\/productos\/parlante-clark\/#primaryimage\"},\"image\":{\"@id\":\"https:\/\/easywebmkt.com.ar\/cotone\/productos\/parlante-clark\/#primaryimage\"},\"thumbnailUrl\":\"https:\/\/easywebmkt.com.ar\/cotone\/wp-content\/uploads\/2020\/11\/parlante_EC740_botones-1.jpg\",\"datePublished\":\"2020-11-16T20:54:06+00:00\",\"dateModified\":\"2021-09-21T12:32:49+00:00\",\"breadcrumb\":{\"@id\":\"https:\/\/easywebmkt.com.ar\/cotone\/productos\/parlante-clark\/#breadcrumb\"},\"inLanguage\":\"es-AR\",\"potentialAction\":[{\"@type\":\"ReadAction\",\"target\":[\"https:\/\/easywebmkt.com.ar\/cotone\/productos\/parlante-clark\/\"]}]},{\"@type\":\"ImageObject\",\"inLanguage\":\"es-AR\",\"@id\":\"https:\/\/easywebmkt.com.ar\/cotone\/productos\/parlante-clark\/#primaryimage\",\"url\":\"https:\/\/easywebmkt.com.ar\/cotone\/wp-content\/uploads\/2020\/11\/parlante_EC740_botones-1.jpg\",\"contentUrl\":\"https:\/\/easywebmkt.com.ar\/cotone\/wp-content\/uploads\/2020\/11\/parlante_EC740_botones-1.jpg\",\"width\":930,\"height\":930},{\"@type\":\"BreadcrumbList\",\"@id\":\"https:\/\/easywebmkt.com.ar\/cotone\/productos\/parlante-clark\/#breadcrumb\",\"itemListElement\":[{\"@type\":\"ListItem\",\"position\":1,\"name\":\"Inicio\",\"item\":\"https:\/\/easywebmkt.com.ar\/cotone\/\"},{\"@type\":\"ListItem\",\"position\":2,\"name\":\"Productos\",\"item\":\"https:\/\/easywebmkt.com.ar\/cotone\/productos\/\"},{\"@type\":\"ListItem\",\"position\":3,\"name\":\"Parlante Clark\"}]},{\"@type\":\"WebSite\",\"@id\":\"https:\/\/easywebmkt.com.ar\/cotone\/#website\",\"url\":\"https:\/\/easywebmkt.com.ar\/cotone\/\",\"name\":\"Viacotone Argentina\",\"description\":\"Merchandising Partners\",\"potentialAction\":[{\"@type\":\"SearchAction\",\"target\":{\"@type\":\"EntryPoint\",\"urlTemplate\":\"https:\/\/easywebmkt.com.ar\/cotone\/?s={search_term_string}\"},\"query-input\":{\"@type\":\"PropertyValueSpecification\",\"valueRequired\":true,\"valueName\":\"search_term_string\"}}],\"inLanguage\":\"es-AR\"}]}<\/script>\n<!-- \/ Yoast SEO plugin. -->","yoast_head_json":{"title":"Parlante Clark - Viacotone Argentina","robots":{"index":"index","follow":"follow","max-snippet":"max-snippet:-1","max-image-preview":"max-image-preview:large","max-video-preview":"max-video-preview:-1"},"canonical":"https:\/\/easywebmkt.com.ar\/cotone\/productos\/parlante-clark\/","og_locale":"es_ES","og_type":"article","og_title":"Parlante Clark - Viacotone Argentina","og_description":"Parlante Bluetooth de pl\u00e1stico engomado.  Cuenta con botones en la parte superior del parlante uno de (M) modo que permite seleccionar TF card, bluetooth\/USB. Bot\u00f3n (-) permite seleccionar canciones anteriores o bajar el volumen. Bot\u00f3n (+) permite pasar a la siguiente canci\u00f3n o subir el volumen. Bot\u00f3n (&gt;) funciona como play\/pausa, tomar una llamada, presionando de modo corto permite buscar estaciones de radio. En la parte de atr\u00e1s conexi\u00f3n mini usb y bot\u00f3n de on\/off. Medida: 12 x 7,5 x 4 cm.","og_url":"https:\/\/easywebmkt.com.ar\/cotone\/productos\/parlante-clark\/","og_site_name":"Viacotone Argentina","article_modified_time":"2021-09-21T12:32:49+00:00","og_image":[{"width":930,"height":930,"url":"https:\/\/easywebmkt.com.ar\/cotone\/wp-content\/uploads\/2020\/11\/parlante_EC740_botones-1.jpg","type":"image\/jpeg"}],"twitter_card":"summary_large_image","schema":{"@context":"https:\/\/schema.org","@graph":[{"@type":"WebPage","@id":"https:\/\/easywebmkt.com.ar\/cotone\/productos\/parlante-clark\/","url":"https:\/\/easywebmkt.com.ar\/cotone\/productos\/parlante-clark\/","name":"Parlante Clark - Viacotone Argentina","isPartOf":{"@id":"https:\/\/easywebmkt.com.ar\/cotone\/#website"},"primaryImageOfPage":{"@id":"https:\/\/easywebmkt.com.ar\/cotone\/productos\/parlante-clark\/#primaryimage"},"image":{"@id":"https:\/\/easywebmkt.com.ar\/cotone\/productos\/parlante-clark\/#primaryimage"},"thumbnailUrl":"https:\/\/easywebmkt.com.ar\/cotone\/wp-content\/uploads\/2020\/11\/parlante_EC740_botones-1.jpg","datePublished":"2020-11-16T20:54:06+00:00","dateModified":"2021-09-21T12:32:49+00:00","breadcrumb":{"@id":"https:\/\/easywebmkt.com.ar\/cotone\/productos\/parlante-clark\/#breadcrumb"},"inLanguage":"es-AR","potentialAction":[{"@type":"ReadAction","target":["https:\/\/easywebmkt.com.ar\/cotone\/productos\/parlante-clark\/"]}]},{"@type":"ImageObject","inLanguage":"es-AR","@id":"https:\/\/easywebmkt.com.ar\/cotone\/productos\/parlante-clark\/#primaryimage","url":"https:\/\/easywebmkt.com.ar\/cotone\/wp-content\/uploads\/2020\/11\/parlante_EC740_botones-1.jpg","contentUrl":"https:\/\/easywebmkt.com.ar\/cotone\/wp-content\/uploads\/2020\/11\/parlante_EC740_botones-1.jpg","width":930,"height":930},{"@type":"BreadcrumbList","@id":"https:\/\/easywebmkt.com.ar\/cotone\/productos\/parlante-clark\/#breadcrumb","itemListElement":[{"@type":"ListItem","position":1,"name":"Inicio","item":"https:\/\/easywebmkt.com.ar\/cotone\/"},{"@type":"ListItem","position":2,"name":"Productos","item":"https:\/\/easywebmkt.com.ar\/cotone\/productos\/"},{"@type":"ListItem","position":3,"name":"Parlante Clark"}]},{"@type":"WebSite","@id":"https:\/\/easywebmkt.com.ar\/cotone\/#website","url":"https:\/\/easywebmkt.com.ar\/cotone\/","name":"Viacotone Argentina","description":"Merchandising Partners","potentialAction":[{"@type":"SearchAction","target":{"@type":"EntryPoint","urlTemplate":"https:\/\/easywebmkt.com.ar\/cotone\/?s={search_term_string}"},"query-input":{"@type":"PropertyValueSpecification","valueRequired":true,"valueName":"search_term_string"}}],"inLanguage":"es-AR"}]}},"_links":{"self":[{"href":"https:\/\/easywebmkt.com.ar\/cotone\/wp-json\/wp\/v2\/product\/10409","targetHints":{"allow":["GET"]}}],"collection":[{"href":"https:\/\/easywebmkt.com.ar\/cotone\/wp-json\/wp\/v2\/product"}],"about":[{"href":"https:\/\/easywebmkt.com.ar\/cotone\/wp-json\/wp\/v2\/types\/product"}],"replies":[{"embeddable":true,"href":"https:\/\/easywebmkt.com.ar\/cotone\/wp-json\/wp\/v2\/comments?post=10409"}],"wp:featuredmedia":[{"embeddable":true,"href":"https:\/\/easywebmkt.com.ar\/cotone\/wp-json\/wp\/v2\/media\/10766"}],"wp:attachment":[{"href":"https:\/\/easywebmkt.com.ar\/cotone\/wp-json\/wp\/v2\/media?parent=10409"}],"wp:term":[{"taxonomy":"product_brand","embeddable":true,"href":"https:\/\/easywebmkt.com.ar\/cotone\/wp-json\/wp\/v2\/product_brand?post=10409"},{"taxonomy":"product_cat","embeddable":true,"href":"https:\/\/easywebmkt.com.ar\/cotone\/wp-json\/wp\/v2\/product_cat?post=10409"},{"taxonomy":"product_tag","embeddable":true,"href":"https:\/\/easywebmkt.com.ar\/cotone\/wp-json\/wp\/v2\/product_tag?post=10409"}],"curies":[{"name":"wp","href":"https:\/\/api.w.org\/{rel}","templated":true}]}}