{"id":10462,"date":"2020-11-17T09:04:31","date_gmt":"2020-11-17T12:04:31","guid":{"rendered":"http:\/\/viacotone.local\/?post_type=product&#038;p=10462"},"modified":"2021-10-09T14:49:24","modified_gmt":"2021-10-09T17:49:24","slug":"power-bank-cetus","status":"publish","type":"product","link":"https:\/\/easywebmkt.com.ar\/cotone\/productos\/power-bank-cetus\/","title":{"rendered":"Power Bank Cetus"},"content":{"rendered":"","protected":false},"excerpt":{"rendered":"<p><b>Cargador inal\u00e1mbrico de 4000 mah.<\/b><\/p>\n<p>Met\u00e1lico. Cuerpo de color.<br \/>\nDos entradas: una USB y otra mini USB.<br \/>\nBot\u00f3n de encendido y luces led indicadora de carga.<br \/>\nCon certificaci\u00f3n de calidad.<br \/>\nMedida: 11 x 6,5 x 1 cm.<\/p>\n<p>&nbsp;<\/p>\n","protected":false},"featured_media":14998,"comment_status":"closed","ping_status":"closed","template":"","meta":[],"product_brand":[],"product_cat":[68,108],"product_tag":[161,162,163,521,164,513,165,512,196],"class_list":{"0":"post-10462","1":"product","2":"type-product","3":"status-publish","4":"has-post-thumbnail","6":"product_cat-tecnologia","7":"product_cat-powerbanks","8":"product_tag-cargador","9":"product_tag-cargador-celular","10":"product_tag-cargador-externo","11":"product_tag-cargador-inalambrico","12":"product_tag-cargador-portatil","13":"product_tag-inalambrico","14":"product_tag-power-bank","15":"product_tag-tecnologia","16":"product_tag-usb","18":"first","19":"instock","20":"shipping-taxable","21":"purchasable","22":"product-type-simple"},"yoast_head":"<!-- This site is optimized with the Yoast SEO plugin v23.4 - https:\/\/yoast.com\/wordpress\/plugins\/seo\/ -->\n<title>Power Bank Cetus - Viacotone Argentina<\/title>\n<meta name=\"robots\" content=\"index, follow, max-snippet:-1, max-image-preview:large, max-video-preview:-1\" \/>\n<link rel=\"canonical\" href=\"https:\/\/easywebmkt.com.ar\/cotone\/productos\/power-bank-cetus\/\" \/>\n<meta property=\"og:locale\" content=\"es_ES\" \/>\n<meta property=\"og:type\" content=\"article\" \/>\n<meta property=\"og:title\" content=\"Power Bank Cetus - Viacotone Argentina\" \/>\n<meta property=\"og:description\" content=\"Cargador inal\u00e1mbrico de 4000 mah.  Met\u00e1lico. Cuerpo de color. Dos entradas: una USB y otra mini USB. Bot\u00f3n de encendido y luces led indicadora de carga. Con certificaci\u00f3n de calidad. Medida: 11 x 6,5 x 1 cm.  &nbsp;\" \/>\n<meta property=\"og:url\" content=\"https:\/\/easywebmkt.com.ar\/cotone\/productos\/power-bank-cetus\/\" \/>\n<meta property=\"og:site_name\" content=\"Viacotone Argentina\" \/>\n<meta property=\"article:modified_time\" content=\"2021-10-09T17:49:24+00:00\" \/>\n<meta property=\"og:image\" content=\"https:\/\/easywebmkt.com.ar\/cotone\/wp-content\/uploads\/2021\/10\/DESARROLLOSEMERGENCIAS-27.09-2.jpg\" \/>\n\t<meta property=\"og:image:width\" content=\"800\" \/>\n\t<meta property=\"og:image:height\" content=\"797\" \/>\n\t<meta property=\"og:image:type\" content=\"image\/jpeg\" \/>\n<meta name=\"twitter:card\" content=\"summary_large_image\" \/>\n<script type=\"application\/ld+json\" class=\"yoast-schema-graph\">{\"@context\":\"https:\/\/schema.org\",\"@graph\":[{\"@type\":\"WebPage\",\"@id\":\"https:\/\/easywebmkt.com.ar\/cotone\/productos\/power-bank-cetus\/\",\"url\":\"https:\/\/easywebmkt.com.ar\/cotone\/productos\/power-bank-cetus\/\",\"name\":\"Power Bank Cetus - Viacotone Argentina\",\"isPartOf\":{\"@id\":\"https:\/\/easywebmkt.com.ar\/cotone\/#website\"},\"primaryImageOfPage\":{\"@id\":\"https:\/\/easywebmkt.com.ar\/cotone\/productos\/power-bank-cetus\/#primaryimage\"},\"image\":{\"@id\":\"https:\/\/easywebmkt.com.ar\/cotone\/productos\/power-bank-cetus\/#primaryimage\"},\"thumbnailUrl\":\"https:\/\/easywebmkt.com.ar\/cotone\/wp-content\/uploads\/2021\/10\/DESARROLLOSEMERGENCIAS-27.09-2.jpg\",\"datePublished\":\"2020-11-17T12:04:31+00:00\",\"dateModified\":\"2021-10-09T17:49:24+00:00\",\"breadcrumb\":{\"@id\":\"https:\/\/easywebmkt.com.ar\/cotone\/productos\/power-bank-cetus\/#breadcrumb\"},\"inLanguage\":\"es-AR\",\"potentialAction\":[{\"@type\":\"ReadAction\",\"target\":[\"https:\/\/easywebmkt.com.ar\/cotone\/productos\/power-bank-cetus\/\"]}]},{\"@type\":\"ImageObject\",\"inLanguage\":\"es-AR\",\"@id\":\"https:\/\/easywebmkt.com.ar\/cotone\/productos\/power-bank-cetus\/#primaryimage\",\"url\":\"https:\/\/easywebmkt.com.ar\/cotone\/wp-content\/uploads\/2021\/10\/DESARROLLOSEMERGENCIAS-27.09-2.jpg\",\"contentUrl\":\"https:\/\/easywebmkt.com.ar\/cotone\/wp-content\/uploads\/2021\/10\/DESARROLLOSEMERGENCIAS-27.09-2.jpg\",\"width\":800,\"height\":797},{\"@type\":\"BreadcrumbList\",\"@id\":\"https:\/\/easywebmkt.com.ar\/cotone\/productos\/power-bank-cetus\/#breadcrumb\",\"itemListElement\":[{\"@type\":\"ListItem\",\"position\":1,\"name\":\"Inicio\",\"item\":\"https:\/\/easywebmkt.com.ar\/cotone\/\"},{\"@type\":\"ListItem\",\"position\":2,\"name\":\"Productos\",\"item\":\"https:\/\/easywebmkt.com.ar\/cotone\/productos\/\"},{\"@type\":\"ListItem\",\"position\":3,\"name\":\"Power Bank Cetus\"}]},{\"@type\":\"WebSite\",\"@id\":\"https:\/\/easywebmkt.com.ar\/cotone\/#website\",\"url\":\"https:\/\/easywebmkt.com.ar\/cotone\/\",\"name\":\"Viacotone Argentina\",\"description\":\"Merchandising Partners\",\"potentialAction\":[{\"@type\":\"SearchAction\",\"target\":{\"@type\":\"EntryPoint\",\"urlTemplate\":\"https:\/\/easywebmkt.com.ar\/cotone\/?s={search_term_string}\"},\"query-input\":{\"@type\":\"PropertyValueSpecification\",\"valueRequired\":true,\"valueName\":\"search_term_string\"}}],\"inLanguage\":\"es-AR\"}]}<\/script>\n<!-- \/ Yoast SEO plugin. -->","yoast_head_json":{"title":"Power Bank Cetus - Viacotone Argentina","robots":{"index":"index","follow":"follow","max-snippet":"max-snippet:-1","max-image-preview":"max-image-preview:large","max-video-preview":"max-video-preview:-1"},"canonical":"https:\/\/easywebmkt.com.ar\/cotone\/productos\/power-bank-cetus\/","og_locale":"es_ES","og_type":"article","og_title":"Power Bank Cetus - Viacotone Argentina","og_description":"Cargador inal\u00e1mbrico de 4000 mah.  Met\u00e1lico. Cuerpo de color. Dos entradas: una USB y otra mini USB. Bot\u00f3n de encendido y luces led indicadora de carga. Con certificaci\u00f3n de calidad. Medida: 11 x 6,5 x 1 cm.  &nbsp;","og_url":"https:\/\/easywebmkt.com.ar\/cotone\/productos\/power-bank-cetus\/","og_site_name":"Viacotone Argentina","article_modified_time":"2021-10-09T17:49:24+00:00","og_image":[{"width":800,"height":797,"url":"https:\/\/easywebmkt.com.ar\/cotone\/wp-content\/uploads\/2021\/10\/DESARROLLOSEMERGENCIAS-27.09-2.jpg","type":"image\/jpeg"}],"twitter_card":"summary_large_image","schema":{"@context":"https:\/\/schema.org","@graph":[{"@type":"WebPage","@id":"https:\/\/easywebmkt.com.ar\/cotone\/productos\/power-bank-cetus\/","url":"https:\/\/easywebmkt.com.ar\/cotone\/productos\/power-bank-cetus\/","name":"Power Bank Cetus - Viacotone Argentina","isPartOf":{"@id":"https:\/\/easywebmkt.com.ar\/cotone\/#website"},"primaryImageOfPage":{"@id":"https:\/\/easywebmkt.com.ar\/cotone\/productos\/power-bank-cetus\/#primaryimage"},"image":{"@id":"https:\/\/easywebmkt.com.ar\/cotone\/productos\/power-bank-cetus\/#primaryimage"},"thumbnailUrl":"https:\/\/easywebmkt.com.ar\/cotone\/wp-content\/uploads\/2021\/10\/DESARROLLOSEMERGENCIAS-27.09-2.jpg","datePublished":"2020-11-17T12:04:31+00:00","dateModified":"2021-10-09T17:49:24+00:00","breadcrumb":{"@id":"https:\/\/easywebmkt.com.ar\/cotone\/productos\/power-bank-cetus\/#breadcrumb"},"inLanguage":"es-AR","potentialAction":[{"@type":"ReadAction","target":["https:\/\/easywebmkt.com.ar\/cotone\/productos\/power-bank-cetus\/"]}]},{"@type":"ImageObject","inLanguage":"es-AR","@id":"https:\/\/easywebmkt.com.ar\/cotone\/productos\/power-bank-cetus\/#primaryimage","url":"https:\/\/easywebmkt.com.ar\/cotone\/wp-content\/uploads\/2021\/10\/DESARROLLOSEMERGENCIAS-27.09-2.jpg","contentUrl":"https:\/\/easywebmkt.com.ar\/cotone\/wp-content\/uploads\/2021\/10\/DESARROLLOSEMERGENCIAS-27.09-2.jpg","width":800,"height":797},{"@type":"BreadcrumbList","@id":"https:\/\/easywebmkt.com.ar\/cotone\/productos\/power-bank-cetus\/#breadcrumb","itemListElement":[{"@type":"ListItem","position":1,"name":"Inicio","item":"https:\/\/easywebmkt.com.ar\/cotone\/"},{"@type":"ListItem","position":2,"name":"Productos","item":"https:\/\/easywebmkt.com.ar\/cotone\/productos\/"},{"@type":"ListItem","position":3,"name":"Power Bank Cetus"}]},{"@type":"WebSite","@id":"https:\/\/easywebmkt.com.ar\/cotone\/#website","url":"https:\/\/easywebmkt.com.ar\/cotone\/","name":"Viacotone Argentina","description":"Merchandising Partners","potentialAction":[{"@type":"SearchAction","target":{"@type":"EntryPoint","urlTemplate":"https:\/\/easywebmkt.com.ar\/cotone\/?s={search_term_string}"},"query-input":{"@type":"PropertyValueSpecification","valueRequired":true,"valueName":"search_term_string"}}],"inLanguage":"es-AR"}]}},"_links":{"self":[{"href":"https:\/\/easywebmkt.com.ar\/cotone\/wp-json\/wp\/v2\/product\/10462","targetHints":{"allow":["GET"]}}],"collection":[{"href":"https:\/\/easywebmkt.com.ar\/cotone\/wp-json\/wp\/v2\/product"}],"about":[{"href":"https:\/\/easywebmkt.com.ar\/cotone\/wp-json\/wp\/v2\/types\/product"}],"replies":[{"embeddable":true,"href":"https:\/\/easywebmkt.com.ar\/cotone\/wp-json\/wp\/v2\/comments?post=10462"}],"wp:featuredmedia":[{"embeddable":true,"href":"https:\/\/easywebmkt.com.ar\/cotone\/wp-json\/wp\/v2\/media\/14998"}],"wp:attachment":[{"href":"https:\/\/easywebmkt.com.ar\/cotone\/wp-json\/wp\/v2\/media?parent=10462"}],"wp:term":[{"taxonomy":"product_brand","embeddable":true,"href":"https:\/\/easywebmkt.com.ar\/cotone\/wp-json\/wp\/v2\/product_brand?post=10462"},{"taxonomy":"product_cat","embeddable":true,"href":"https:\/\/easywebmkt.com.ar\/cotone\/wp-json\/wp\/v2\/product_cat?post=10462"},{"taxonomy":"product_tag","embeddable":true,"href":"https:\/\/easywebmkt.com.ar\/cotone\/wp-json\/wp\/v2\/product_tag?post=10462"}],"curies":[{"name":"wp","href":"https:\/\/api.w.org\/{rel}","templated":true}]}}