{"id":10465,"date":"2020-11-17T09:14:28","date_gmt":"2020-11-17T12:14:28","guid":{"rendered":"http:\/\/viacotone.local\/?post_type=product&#038;p=10465"},"modified":"2021-09-21T09:32:47","modified_gmt":"2021-09-21T12:32:47","slug":"power-bank-barnard","status":"publish","type":"product","link":"https:\/\/easywebmkt.com.ar\/cotone\/productos\/power-bank-barnard\/","title":{"rendered":"Power Bank Barnard"},"content":{"rendered":"","protected":false},"excerpt":{"rendered":"<p><b>Cargador inal\u00e1mbrico de 4000 mah.<\/b><\/p>\n<p>Met\u00e1lico.<br \/>\nCuerpo delgado, cuenta con circulo engomado para apoyo del celular.<br \/>\nCarga por contacto sin cables.<br \/>\nEntrada USB y mini USB.<br \/>\nBot\u00f3n de encendido y luces led indicadora de carga.<br \/>\nIncluye conector type C.<br \/>\nMedida: 12,2 x 7 x 1 cm.<br \/>\n<strong><br \/>\nImportante: <\/strong>Es necesario tener tecnolog\u00eda Qi para que se efect\u00fae la carga. Si no cuenta con esa tecnolog\u00eda puede ser usado con cable.<\/p>\n","protected":false},"featured_media":10732,"comment_status":"closed","ping_status":"closed","template":"","meta":[],"product_brand":[],"product_cat":[68,108],"product_tag":[161,162,163,521,164,513,165,512,196],"class_list":{"0":"post-10465","1":"product","2":"type-product","3":"status-publish","4":"has-post-thumbnail","6":"product_cat-tecnologia","7":"product_cat-powerbanks","8":"product_tag-cargador","9":"product_tag-cargador-celular","10":"product_tag-cargador-externo","11":"product_tag-cargador-inalambrico","12":"product_tag-cargador-portatil","13":"product_tag-inalambrico","14":"product_tag-power-bank","15":"product_tag-tecnologia","16":"product_tag-usb","18":"first","19":"instock","20":"shipping-taxable","21":"purchasable","22":"product-type-simple"},"yoast_head":"<!-- This site is optimized with the Yoast SEO plugin v23.4 - https:\/\/yoast.com\/wordpress\/plugins\/seo\/ -->\n<title>Power Bank Barnard - Viacotone Argentina<\/title>\n<meta name=\"robots\" content=\"index, follow, max-snippet:-1, max-image-preview:large, max-video-preview:-1\" \/>\n<link rel=\"canonical\" href=\"https:\/\/easywebmkt.com.ar\/cotone\/productos\/power-bank-barnard\/\" \/>\n<meta property=\"og:locale\" content=\"es_ES\" \/>\n<meta property=\"og:type\" content=\"article\" \/>\n<meta property=\"og:title\" content=\"Power Bank Barnard - Viacotone Argentina\" \/>\n<meta property=\"og:description\" content=\"Cargador inal\u00e1mbrico de 4000 mah.  Met\u00e1lico. Cuerpo delgado, cuenta con circulo engomado para apoyo del celular. Carga por contacto sin cables. Entrada USB y mini USB. Bot\u00f3n de encendido y luces led indicadora de carga. Incluye conector type C. Medida: 12,2 x 7 x 1 cm.  Importante: Es necesario tener tecnolog\u00eda Qi para que se efect\u00fae la carga. Si no cuenta con esa tecnolog\u00eda puede ser usado con cable.\" \/>\n<meta property=\"og:url\" content=\"https:\/\/easywebmkt.com.ar\/cotone\/productos\/power-bank-barnard\/\" \/>\n<meta property=\"og:site_name\" content=\"Viacotone Argentina\" \/>\n<meta property=\"article:modified_time\" content=\"2021-09-21T12:32:47+00:00\" \/>\n<meta property=\"og:image\" content=\"https:\/\/easywebmkt.com.ar\/cotone\/wp-content\/uploads\/2020\/11\/EC728-negro-grabado-laser-gratis-1.jpg\" \/>\n\t<meta property=\"og:image:width\" content=\"781\" \/>\n\t<meta property=\"og:image:height\" content=\"781\" \/>\n\t<meta property=\"og:image:type\" content=\"image\/jpeg\" \/>\n<meta name=\"twitter:card\" content=\"summary_large_image\" \/>\n<script type=\"application\/ld+json\" class=\"yoast-schema-graph\">{\"@context\":\"https:\/\/schema.org\",\"@graph\":[{\"@type\":\"WebPage\",\"@id\":\"https:\/\/easywebmkt.com.ar\/cotone\/productos\/power-bank-barnard\/\",\"url\":\"https:\/\/easywebmkt.com.ar\/cotone\/productos\/power-bank-barnard\/\",\"name\":\"Power Bank Barnard - Viacotone Argentina\",\"isPartOf\":{\"@id\":\"https:\/\/easywebmkt.com.ar\/cotone\/#website\"},\"primaryImageOfPage\":{\"@id\":\"https:\/\/easywebmkt.com.ar\/cotone\/productos\/power-bank-barnard\/#primaryimage\"},\"image\":{\"@id\":\"https:\/\/easywebmkt.com.ar\/cotone\/productos\/power-bank-barnard\/#primaryimage\"},\"thumbnailUrl\":\"https:\/\/easywebmkt.com.ar\/cotone\/wp-content\/uploads\/2020\/11\/EC728-negro-grabado-laser-gratis-1.jpg\",\"datePublished\":\"2020-11-17T12:14:28+00:00\",\"dateModified\":\"2021-09-21T12:32:47+00:00\",\"breadcrumb\":{\"@id\":\"https:\/\/easywebmkt.com.ar\/cotone\/productos\/power-bank-barnard\/#breadcrumb\"},\"inLanguage\":\"es-AR\",\"potentialAction\":[{\"@type\":\"ReadAction\",\"target\":[\"https:\/\/easywebmkt.com.ar\/cotone\/productos\/power-bank-barnard\/\"]}]},{\"@type\":\"ImageObject\",\"inLanguage\":\"es-AR\",\"@id\":\"https:\/\/easywebmkt.com.ar\/cotone\/productos\/power-bank-barnard\/#primaryimage\",\"url\":\"https:\/\/easywebmkt.com.ar\/cotone\/wp-content\/uploads\/2020\/11\/EC728-negro-grabado-laser-gratis-1.jpg\",\"contentUrl\":\"https:\/\/easywebmkt.com.ar\/cotone\/wp-content\/uploads\/2020\/11\/EC728-negro-grabado-laser-gratis-1.jpg\",\"width\":781,\"height\":781},{\"@type\":\"BreadcrumbList\",\"@id\":\"https:\/\/easywebmkt.com.ar\/cotone\/productos\/power-bank-barnard\/#breadcrumb\",\"itemListElement\":[{\"@type\":\"ListItem\",\"position\":1,\"name\":\"Inicio\",\"item\":\"https:\/\/easywebmkt.com.ar\/cotone\/\"},{\"@type\":\"ListItem\",\"position\":2,\"name\":\"Productos\",\"item\":\"https:\/\/easywebmkt.com.ar\/cotone\/productos\/\"},{\"@type\":\"ListItem\",\"position\":3,\"name\":\"Power Bank Barnard\"}]},{\"@type\":\"WebSite\",\"@id\":\"https:\/\/easywebmkt.com.ar\/cotone\/#website\",\"url\":\"https:\/\/easywebmkt.com.ar\/cotone\/\",\"name\":\"Viacotone Argentina\",\"description\":\"Merchandising Partners\",\"potentialAction\":[{\"@type\":\"SearchAction\",\"target\":{\"@type\":\"EntryPoint\",\"urlTemplate\":\"https:\/\/easywebmkt.com.ar\/cotone\/?s={search_term_string}\"},\"query-input\":{\"@type\":\"PropertyValueSpecification\",\"valueRequired\":true,\"valueName\":\"search_term_string\"}}],\"inLanguage\":\"es-AR\"}]}<\/script>\n<!-- \/ Yoast SEO plugin. -->","yoast_head_json":{"title":"Power Bank Barnard - Viacotone Argentina","robots":{"index":"index","follow":"follow","max-snippet":"max-snippet:-1","max-image-preview":"max-image-preview:large","max-video-preview":"max-video-preview:-1"},"canonical":"https:\/\/easywebmkt.com.ar\/cotone\/productos\/power-bank-barnard\/","og_locale":"es_ES","og_type":"article","og_title":"Power Bank Barnard - Viacotone Argentina","og_description":"Cargador inal\u00e1mbrico de 4000 mah.  Met\u00e1lico. Cuerpo delgado, cuenta con circulo engomado para apoyo del celular. Carga por contacto sin cables. Entrada USB y mini USB. Bot\u00f3n de encendido y luces led indicadora de carga. Incluye conector type C. Medida: 12,2 x 7 x 1 cm.  Importante: Es necesario tener tecnolog\u00eda Qi para que se efect\u00fae la carga. Si no cuenta con esa tecnolog\u00eda puede ser usado con cable.","og_url":"https:\/\/easywebmkt.com.ar\/cotone\/productos\/power-bank-barnard\/","og_site_name":"Viacotone Argentina","article_modified_time":"2021-09-21T12:32:47+00:00","og_image":[{"width":781,"height":781,"url":"https:\/\/easywebmkt.com.ar\/cotone\/wp-content\/uploads\/2020\/11\/EC728-negro-grabado-laser-gratis-1.jpg","type":"image\/jpeg"}],"twitter_card":"summary_large_image","schema":{"@context":"https:\/\/schema.org","@graph":[{"@type":"WebPage","@id":"https:\/\/easywebmkt.com.ar\/cotone\/productos\/power-bank-barnard\/","url":"https:\/\/easywebmkt.com.ar\/cotone\/productos\/power-bank-barnard\/","name":"Power Bank Barnard - Viacotone Argentina","isPartOf":{"@id":"https:\/\/easywebmkt.com.ar\/cotone\/#website"},"primaryImageOfPage":{"@id":"https:\/\/easywebmkt.com.ar\/cotone\/productos\/power-bank-barnard\/#primaryimage"},"image":{"@id":"https:\/\/easywebmkt.com.ar\/cotone\/productos\/power-bank-barnard\/#primaryimage"},"thumbnailUrl":"https:\/\/easywebmkt.com.ar\/cotone\/wp-content\/uploads\/2020\/11\/EC728-negro-grabado-laser-gratis-1.jpg","datePublished":"2020-11-17T12:14:28+00:00","dateModified":"2021-09-21T12:32:47+00:00","breadcrumb":{"@id":"https:\/\/easywebmkt.com.ar\/cotone\/productos\/power-bank-barnard\/#breadcrumb"},"inLanguage":"es-AR","potentialAction":[{"@type":"ReadAction","target":["https:\/\/easywebmkt.com.ar\/cotone\/productos\/power-bank-barnard\/"]}]},{"@type":"ImageObject","inLanguage":"es-AR","@id":"https:\/\/easywebmkt.com.ar\/cotone\/productos\/power-bank-barnard\/#primaryimage","url":"https:\/\/easywebmkt.com.ar\/cotone\/wp-content\/uploads\/2020\/11\/EC728-negro-grabado-laser-gratis-1.jpg","contentUrl":"https:\/\/easywebmkt.com.ar\/cotone\/wp-content\/uploads\/2020\/11\/EC728-negro-grabado-laser-gratis-1.jpg","width":781,"height":781},{"@type":"BreadcrumbList","@id":"https:\/\/easywebmkt.com.ar\/cotone\/productos\/power-bank-barnard\/#breadcrumb","itemListElement":[{"@type":"ListItem","position":1,"name":"Inicio","item":"https:\/\/easywebmkt.com.ar\/cotone\/"},{"@type":"ListItem","position":2,"name":"Productos","item":"https:\/\/easywebmkt.com.ar\/cotone\/productos\/"},{"@type":"ListItem","position":3,"name":"Power Bank Barnard"}]},{"@type":"WebSite","@id":"https:\/\/easywebmkt.com.ar\/cotone\/#website","url":"https:\/\/easywebmkt.com.ar\/cotone\/","name":"Viacotone Argentina","description":"Merchandising Partners","potentialAction":[{"@type":"SearchAction","target":{"@type":"EntryPoint","urlTemplate":"https:\/\/easywebmkt.com.ar\/cotone\/?s={search_term_string}"},"query-input":{"@type":"PropertyValueSpecification","valueRequired":true,"valueName":"search_term_string"}}],"inLanguage":"es-AR"}]}},"_links":{"self":[{"href":"https:\/\/easywebmkt.com.ar\/cotone\/wp-json\/wp\/v2\/product\/10465","targetHints":{"allow":["GET"]}}],"collection":[{"href":"https:\/\/easywebmkt.com.ar\/cotone\/wp-json\/wp\/v2\/product"}],"about":[{"href":"https:\/\/easywebmkt.com.ar\/cotone\/wp-json\/wp\/v2\/types\/product"}],"replies":[{"embeddable":true,"href":"https:\/\/easywebmkt.com.ar\/cotone\/wp-json\/wp\/v2\/comments?post=10465"}],"wp:featuredmedia":[{"embeddable":true,"href":"https:\/\/easywebmkt.com.ar\/cotone\/wp-json\/wp\/v2\/media\/10732"}],"wp:attachment":[{"href":"https:\/\/easywebmkt.com.ar\/cotone\/wp-json\/wp\/v2\/media?parent=10465"}],"wp:term":[{"taxonomy":"product_brand","embeddable":true,"href":"https:\/\/easywebmkt.com.ar\/cotone\/wp-json\/wp\/v2\/product_brand?post=10465"},{"taxonomy":"product_cat","embeddable":true,"href":"https:\/\/easywebmkt.com.ar\/cotone\/wp-json\/wp\/v2\/product_cat?post=10465"},{"taxonomy":"product_tag","embeddable":true,"href":"https:\/\/easywebmkt.com.ar\/cotone\/wp-json\/wp\/v2\/product_tag?post=10465"}],"curies":[{"name":"wp","href":"https:\/\/api.w.org\/{rel}","templated":true}]}}