{"id":10468,"date":"2020-11-17T09:21:13","date_gmt":"2020-11-17T12:21:13","guid":{"rendered":"http:\/\/viacotone.local\/?post_type=product&#038;p=10468"},"modified":"2021-09-21T09:32:47","modified_gmt":"2021-09-21T12:32:47","slug":"power-bank-kea","status":"publish","type":"product","link":"https:\/\/easywebmkt.com.ar\/cotone\/productos\/power-bank-kea\/","title":{"rendered":"Power Bank Kea"},"content":{"rendered":"","protected":false},"excerpt":{"rendered":"<p><b>Cargador inal\u00e1mbrico de 4000 mah.<\/b><\/p>\n<p>Pl\u00e1stico.<br \/>\nEn la parte de atr\u00e1s engomada con ventosas que permite la adhesi\u00f3n en el dispositivo que se est\u00e1 cargando.<br \/>\nCuenta con espacio para guardar el cable USB.<br \/>\nDos entradas: una mini USB que permite cargar Iphone y Android y una entrada USB.<br \/>\nLa parte de adelante lisa con amplio espacio para personalizar.<br \/>\nMedida: 13 x 6,6 x 1,1 cm.<\/p>\n","protected":false},"featured_media":11196,"comment_status":"closed","ping_status":"closed","template":"","meta":[],"product_brand":[],"product_cat":[68,108],"product_tag":[148,161,162,163,521,164,513,528,165,512,196],"class_list":{"0":"post-10468","1":"product","2":"type-product","3":"status-publish","4":"has-post-thumbnail","6":"product_cat-tecnologia","7":"product_cat-powerbanks","8":"product_tag-audio","9":"product_tag-cargador","10":"product_tag-cargador-celular","11":"product_tag-cargador-externo","12":"product_tag-cargador-inalambrico","13":"product_tag-cargador-portatil","14":"product_tag-inalambrico","15":"product_tag-musica","16":"product_tag-power-bank","17":"product_tag-tecnologia","18":"product_tag-usb","20":"first","21":"instock","22":"shipping-taxable","23":"purchasable","24":"product-type-simple"},"yoast_head":"<!-- This site is optimized with the Yoast SEO plugin v23.4 - https:\/\/yoast.com\/wordpress\/plugins\/seo\/ -->\n<title>Power Bank Kea - Viacotone Argentina<\/title>\n<meta name=\"robots\" content=\"index, follow, max-snippet:-1, max-image-preview:large, max-video-preview:-1\" \/>\n<link rel=\"canonical\" href=\"https:\/\/easywebmkt.com.ar\/cotone\/productos\/power-bank-kea\/\" \/>\n<meta property=\"og:locale\" content=\"es_ES\" \/>\n<meta property=\"og:type\" content=\"article\" \/>\n<meta property=\"og:title\" content=\"Power Bank Kea - Viacotone Argentina\" \/>\n<meta property=\"og:description\" content=\"Cargador inal\u00e1mbrico de 4000 mah.  Pl\u00e1stico. En la parte de atr\u00e1s engomada con ventosas que permite la adhesi\u00f3n en el dispositivo que se est\u00e1 cargando. Cuenta con espacio para guardar el cable USB. Dos entradas: una mini USB que permite cargar Iphone y Android y una entrada USB. La parte de adelante lisa con amplio espacio para personalizar. Medida: 13 x 6,6 x 1,1 cm.\" \/>\n<meta property=\"og:url\" content=\"https:\/\/easywebmkt.com.ar\/cotone\/productos\/power-bank-kea\/\" \/>\n<meta property=\"og:site_name\" content=\"Viacotone Argentina\" \/>\n<meta property=\"article:modified_time\" content=\"2021-09-21T12:32:47+00:00\" \/>\n<meta property=\"og:image\" content=\"https:\/\/easywebmkt.com.ar\/cotone\/wp-content\/uploads\/2020\/11\/1554825622_5cacc196f2c20.jpg\" \/>\n\t<meta property=\"og:image:width\" content=\"887\" \/>\n\t<meta property=\"og:image:height\" content=\"886\" \/>\n\t<meta property=\"og:image:type\" content=\"image\/jpeg\" \/>\n<meta name=\"twitter:card\" content=\"summary_large_image\" \/>\n<script type=\"application\/ld+json\" class=\"yoast-schema-graph\">{\"@context\":\"https:\/\/schema.org\",\"@graph\":[{\"@type\":\"WebPage\",\"@id\":\"https:\/\/easywebmkt.com.ar\/cotone\/productos\/power-bank-kea\/\",\"url\":\"https:\/\/easywebmkt.com.ar\/cotone\/productos\/power-bank-kea\/\",\"name\":\"Power Bank Kea - Viacotone Argentina\",\"isPartOf\":{\"@id\":\"https:\/\/easywebmkt.com.ar\/cotone\/#website\"},\"primaryImageOfPage\":{\"@id\":\"https:\/\/easywebmkt.com.ar\/cotone\/productos\/power-bank-kea\/#primaryimage\"},\"image\":{\"@id\":\"https:\/\/easywebmkt.com.ar\/cotone\/productos\/power-bank-kea\/#primaryimage\"},\"thumbnailUrl\":\"https:\/\/easywebmkt.com.ar\/cotone\/wp-content\/uploads\/2020\/11\/1554825622_5cacc196f2c20.jpg\",\"datePublished\":\"2020-11-17T12:21:13+00:00\",\"dateModified\":\"2021-09-21T12:32:47+00:00\",\"breadcrumb\":{\"@id\":\"https:\/\/easywebmkt.com.ar\/cotone\/productos\/power-bank-kea\/#breadcrumb\"},\"inLanguage\":\"es-AR\",\"potentialAction\":[{\"@type\":\"ReadAction\",\"target\":[\"https:\/\/easywebmkt.com.ar\/cotone\/productos\/power-bank-kea\/\"]}]},{\"@type\":\"ImageObject\",\"inLanguage\":\"es-AR\",\"@id\":\"https:\/\/easywebmkt.com.ar\/cotone\/productos\/power-bank-kea\/#primaryimage\",\"url\":\"https:\/\/easywebmkt.com.ar\/cotone\/wp-content\/uploads\/2020\/11\/1554825622_5cacc196f2c20.jpg\",\"contentUrl\":\"https:\/\/easywebmkt.com.ar\/cotone\/wp-content\/uploads\/2020\/11\/1554825622_5cacc196f2c20.jpg\",\"width\":887,\"height\":886},{\"@type\":\"BreadcrumbList\",\"@id\":\"https:\/\/easywebmkt.com.ar\/cotone\/productos\/power-bank-kea\/#breadcrumb\",\"itemListElement\":[{\"@type\":\"ListItem\",\"position\":1,\"name\":\"Inicio\",\"item\":\"https:\/\/easywebmkt.com.ar\/cotone\/\"},{\"@type\":\"ListItem\",\"position\":2,\"name\":\"Productos\",\"item\":\"https:\/\/easywebmkt.com.ar\/cotone\/productos\/\"},{\"@type\":\"ListItem\",\"position\":3,\"name\":\"Power Bank Kea\"}]},{\"@type\":\"WebSite\",\"@id\":\"https:\/\/easywebmkt.com.ar\/cotone\/#website\",\"url\":\"https:\/\/easywebmkt.com.ar\/cotone\/\",\"name\":\"Viacotone Argentina\",\"description\":\"Merchandising Partners\",\"potentialAction\":[{\"@type\":\"SearchAction\",\"target\":{\"@type\":\"EntryPoint\",\"urlTemplate\":\"https:\/\/easywebmkt.com.ar\/cotone\/?s={search_term_string}\"},\"query-input\":{\"@type\":\"PropertyValueSpecification\",\"valueRequired\":true,\"valueName\":\"search_term_string\"}}],\"inLanguage\":\"es-AR\"}]}<\/script>\n<!-- \/ Yoast SEO plugin. -->","yoast_head_json":{"title":"Power Bank Kea - Viacotone Argentina","robots":{"index":"index","follow":"follow","max-snippet":"max-snippet:-1","max-image-preview":"max-image-preview:large","max-video-preview":"max-video-preview:-1"},"canonical":"https:\/\/easywebmkt.com.ar\/cotone\/productos\/power-bank-kea\/","og_locale":"es_ES","og_type":"article","og_title":"Power Bank Kea - Viacotone Argentina","og_description":"Cargador inal\u00e1mbrico de 4000 mah.  Pl\u00e1stico. En la parte de atr\u00e1s engomada con ventosas que permite la adhesi\u00f3n en el dispositivo que se est\u00e1 cargando. Cuenta con espacio para guardar el cable USB. Dos entradas: una mini USB que permite cargar Iphone y Android y una entrada USB. La parte de adelante lisa con amplio espacio para personalizar. Medida: 13 x 6,6 x 1,1 cm.","og_url":"https:\/\/easywebmkt.com.ar\/cotone\/productos\/power-bank-kea\/","og_site_name":"Viacotone Argentina","article_modified_time":"2021-09-21T12:32:47+00:00","og_image":[{"width":887,"height":886,"url":"https:\/\/easywebmkt.com.ar\/cotone\/wp-content\/uploads\/2020\/11\/1554825622_5cacc196f2c20.jpg","type":"image\/jpeg"}],"twitter_card":"summary_large_image","schema":{"@context":"https:\/\/schema.org","@graph":[{"@type":"WebPage","@id":"https:\/\/easywebmkt.com.ar\/cotone\/productos\/power-bank-kea\/","url":"https:\/\/easywebmkt.com.ar\/cotone\/productos\/power-bank-kea\/","name":"Power Bank Kea - Viacotone Argentina","isPartOf":{"@id":"https:\/\/easywebmkt.com.ar\/cotone\/#website"},"primaryImageOfPage":{"@id":"https:\/\/easywebmkt.com.ar\/cotone\/productos\/power-bank-kea\/#primaryimage"},"image":{"@id":"https:\/\/easywebmkt.com.ar\/cotone\/productos\/power-bank-kea\/#primaryimage"},"thumbnailUrl":"https:\/\/easywebmkt.com.ar\/cotone\/wp-content\/uploads\/2020\/11\/1554825622_5cacc196f2c20.jpg","datePublished":"2020-11-17T12:21:13+00:00","dateModified":"2021-09-21T12:32:47+00:00","breadcrumb":{"@id":"https:\/\/easywebmkt.com.ar\/cotone\/productos\/power-bank-kea\/#breadcrumb"},"inLanguage":"es-AR","potentialAction":[{"@type":"ReadAction","target":["https:\/\/easywebmkt.com.ar\/cotone\/productos\/power-bank-kea\/"]}]},{"@type":"ImageObject","inLanguage":"es-AR","@id":"https:\/\/easywebmkt.com.ar\/cotone\/productos\/power-bank-kea\/#primaryimage","url":"https:\/\/easywebmkt.com.ar\/cotone\/wp-content\/uploads\/2020\/11\/1554825622_5cacc196f2c20.jpg","contentUrl":"https:\/\/easywebmkt.com.ar\/cotone\/wp-content\/uploads\/2020\/11\/1554825622_5cacc196f2c20.jpg","width":887,"height":886},{"@type":"BreadcrumbList","@id":"https:\/\/easywebmkt.com.ar\/cotone\/productos\/power-bank-kea\/#breadcrumb","itemListElement":[{"@type":"ListItem","position":1,"name":"Inicio","item":"https:\/\/easywebmkt.com.ar\/cotone\/"},{"@type":"ListItem","position":2,"name":"Productos","item":"https:\/\/easywebmkt.com.ar\/cotone\/productos\/"},{"@type":"ListItem","position":3,"name":"Power Bank Kea"}]},{"@type":"WebSite","@id":"https:\/\/easywebmkt.com.ar\/cotone\/#website","url":"https:\/\/easywebmkt.com.ar\/cotone\/","name":"Viacotone Argentina","description":"Merchandising Partners","potentialAction":[{"@type":"SearchAction","target":{"@type":"EntryPoint","urlTemplate":"https:\/\/easywebmkt.com.ar\/cotone\/?s={search_term_string}"},"query-input":{"@type":"PropertyValueSpecification","valueRequired":true,"valueName":"search_term_string"}}],"inLanguage":"es-AR"}]}},"_links":{"self":[{"href":"https:\/\/easywebmkt.com.ar\/cotone\/wp-json\/wp\/v2\/product\/10468","targetHints":{"allow":["GET"]}}],"collection":[{"href":"https:\/\/easywebmkt.com.ar\/cotone\/wp-json\/wp\/v2\/product"}],"about":[{"href":"https:\/\/easywebmkt.com.ar\/cotone\/wp-json\/wp\/v2\/types\/product"}],"replies":[{"embeddable":true,"href":"https:\/\/easywebmkt.com.ar\/cotone\/wp-json\/wp\/v2\/comments?post=10468"}],"wp:featuredmedia":[{"embeddable":true,"href":"https:\/\/easywebmkt.com.ar\/cotone\/wp-json\/wp\/v2\/media\/11196"}],"wp:attachment":[{"href":"https:\/\/easywebmkt.com.ar\/cotone\/wp-json\/wp\/v2\/media?parent=10468"}],"wp:term":[{"taxonomy":"product_brand","embeddable":true,"href":"https:\/\/easywebmkt.com.ar\/cotone\/wp-json\/wp\/v2\/product_brand?post=10468"},{"taxonomy":"product_cat","embeddable":true,"href":"https:\/\/easywebmkt.com.ar\/cotone\/wp-json\/wp\/v2\/product_cat?post=10468"},{"taxonomy":"product_tag","embeddable":true,"href":"https:\/\/easywebmkt.com.ar\/cotone\/wp-json\/wp\/v2\/product_tag?post=10468"}],"curies":[{"name":"wp","href":"https:\/\/api.w.org\/{rel}","templated":true}]}}