{"id":10476,"date":"2020-11-17T09:43:48","date_gmt":"2020-11-17T12:43:48","guid":{"rendered":"http:\/\/viacotone.local\/?post_type=product&#038;p=10476"},"modified":"2021-09-21T09:30:19","modified_gmt":"2021-09-21T12:30:19","slug":"parlante-leucade","status":"publish","type":"product","link":"https:\/\/easywebmkt.com.ar\/cotone\/productos\/parlante-leucade\/","title":{"rendered":"Parlante Leucade"},"content":{"rendered":"","protected":false},"excerpt":{"rendered":"<p><strong>Parlante bluetooth cubierto en tela.<\/strong><\/p>\n<p>En la parte inferior engomado antideslizante con botones para encender o apagar, play\/pausa y responder llamadas.<br \/>\nBot\u00f3n de retroceso y avance, este \u00faltimo, si se mantiene presionado durante unos segundo pasa a la siguiente pista, estos mismos botones permiten aumentar o disminuir el volumen.<\/p>\n<p>Entrada USB incluye cable.<br \/>\nLazo de tela color marr\u00f3n que permite colgarlo.<br \/>\nAlcance 10 mts. aprox.<br \/>\nDuraci\u00f3n de la bater\u00eda 8 &#8211; 12 hs aprox.<br \/>\nMedida: Pl\u00e1stico. 9 x 9 x 4,4 cm.<\/p>\n","protected":false},"featured_media":10758,"comment_status":"closed","ping_status":"closed","template":"","meta":[],"product_brand":[],"product_cat":[68,109],"product_tag":[148,149,513,515,528,151,173,512],"class_list":{"0":"post-10476","1":"product","2":"type-product","3":"status-publish","4":"has-post-thumbnail","6":"product_cat-tecnologia","7":"product_cat-parlantes","8":"product_tag-audio","9":"product_tag-bluetooth","10":"product_tag-inalambrico","11":"product_tag-microfono","12":"product_tag-musica","13":"product_tag-parlante","14":"product_tag-pocket","15":"product_tag-tecnologia","17":"first","18":"instock","19":"shipping-taxable","20":"purchasable","21":"product-type-simple"},"yoast_head":"<!-- This site is optimized with the Yoast SEO plugin v23.4 - https:\/\/yoast.com\/wordpress\/plugins\/seo\/ -->\n<title>Parlante Leucade - Viacotone Argentina<\/title>\n<meta name=\"robots\" content=\"index, follow, max-snippet:-1, max-image-preview:large, max-video-preview:-1\" \/>\n<link rel=\"canonical\" href=\"https:\/\/easywebmkt.com.ar\/cotone\/productos\/parlante-leucade\/\" \/>\n<meta property=\"og:locale\" content=\"es_ES\" \/>\n<meta property=\"og:type\" content=\"article\" \/>\n<meta property=\"og:title\" content=\"Parlante Leucade - Viacotone Argentina\" \/>\n<meta property=\"og:description\" content=\"Parlante bluetooth cubierto en tela.  En la parte inferior engomado antideslizante con botones para encender o apagar, play\/pausa y responder llamadas. Bot\u00f3n de retroceso y avance, este \u00faltimo, si se mantiene presionado durante unos segundo pasa a la siguiente pista, estos mismos botones permiten aumentar o disminuir el volumen.  Entrada USB incluye cable. Lazo de tela color marr\u00f3n que permite colgarlo. Alcance 10 mts. aprox. Duraci\u00f3n de la bater\u00eda 8 - 12 hs aprox. Medida: Pl\u00e1stico. 9 x 9 x 4,4 cm.\" \/>\n<meta property=\"og:url\" content=\"https:\/\/easywebmkt.com.ar\/cotone\/productos\/parlante-leucade\/\" \/>\n<meta property=\"og:site_name\" content=\"Viacotone Argentina\" \/>\n<meta property=\"article:modified_time\" content=\"2021-09-21T12:30:19+00:00\" \/>\n<meta property=\"og:image\" content=\"https:\/\/easywebmkt.com.ar\/cotone\/wp-content\/uploads\/2020\/11\/parlante_EC722_frente-1.jpg\" \/>\n\t<meta property=\"og:image:width\" content=\"920\" \/>\n\t<meta property=\"og:image:height\" content=\"920\" \/>\n\t<meta property=\"og:image:type\" content=\"image\/jpeg\" \/>\n<meta name=\"twitter:card\" content=\"summary_large_image\" \/>\n<script type=\"application\/ld+json\" class=\"yoast-schema-graph\">{\"@context\":\"https:\/\/schema.org\",\"@graph\":[{\"@type\":\"WebPage\",\"@id\":\"https:\/\/easywebmkt.com.ar\/cotone\/productos\/parlante-leucade\/\",\"url\":\"https:\/\/easywebmkt.com.ar\/cotone\/productos\/parlante-leucade\/\",\"name\":\"Parlante Leucade - Viacotone Argentina\",\"isPartOf\":{\"@id\":\"https:\/\/easywebmkt.com.ar\/cotone\/#website\"},\"primaryImageOfPage\":{\"@id\":\"https:\/\/easywebmkt.com.ar\/cotone\/productos\/parlante-leucade\/#primaryimage\"},\"image\":{\"@id\":\"https:\/\/easywebmkt.com.ar\/cotone\/productos\/parlante-leucade\/#primaryimage\"},\"thumbnailUrl\":\"https:\/\/easywebmkt.com.ar\/cotone\/wp-content\/uploads\/2020\/11\/parlante_EC722_frente-1.jpg\",\"datePublished\":\"2020-11-17T12:43:48+00:00\",\"dateModified\":\"2021-09-21T12:30:19+00:00\",\"breadcrumb\":{\"@id\":\"https:\/\/easywebmkt.com.ar\/cotone\/productos\/parlante-leucade\/#breadcrumb\"},\"inLanguage\":\"es-AR\",\"potentialAction\":[{\"@type\":\"ReadAction\",\"target\":[\"https:\/\/easywebmkt.com.ar\/cotone\/productos\/parlante-leucade\/\"]}]},{\"@type\":\"ImageObject\",\"inLanguage\":\"es-AR\",\"@id\":\"https:\/\/easywebmkt.com.ar\/cotone\/productos\/parlante-leucade\/#primaryimage\",\"url\":\"https:\/\/easywebmkt.com.ar\/cotone\/wp-content\/uploads\/2020\/11\/parlante_EC722_frente-1.jpg\",\"contentUrl\":\"https:\/\/easywebmkt.com.ar\/cotone\/wp-content\/uploads\/2020\/11\/parlante_EC722_frente-1.jpg\",\"width\":920,\"height\":920},{\"@type\":\"BreadcrumbList\",\"@id\":\"https:\/\/easywebmkt.com.ar\/cotone\/productos\/parlante-leucade\/#breadcrumb\",\"itemListElement\":[{\"@type\":\"ListItem\",\"position\":1,\"name\":\"Inicio\",\"item\":\"https:\/\/easywebmkt.com.ar\/cotone\/\"},{\"@type\":\"ListItem\",\"position\":2,\"name\":\"Productos\",\"item\":\"https:\/\/easywebmkt.com.ar\/cotone\/productos\/\"},{\"@type\":\"ListItem\",\"position\":3,\"name\":\"Parlante Leucade\"}]},{\"@type\":\"WebSite\",\"@id\":\"https:\/\/easywebmkt.com.ar\/cotone\/#website\",\"url\":\"https:\/\/easywebmkt.com.ar\/cotone\/\",\"name\":\"Viacotone Argentina\",\"description\":\"Merchandising Partners\",\"potentialAction\":[{\"@type\":\"SearchAction\",\"target\":{\"@type\":\"EntryPoint\",\"urlTemplate\":\"https:\/\/easywebmkt.com.ar\/cotone\/?s={search_term_string}\"},\"query-input\":{\"@type\":\"PropertyValueSpecification\",\"valueRequired\":true,\"valueName\":\"search_term_string\"}}],\"inLanguage\":\"es-AR\"}]}<\/script>\n<!-- \/ Yoast SEO plugin. -->","yoast_head_json":{"title":"Parlante Leucade - Viacotone Argentina","robots":{"index":"index","follow":"follow","max-snippet":"max-snippet:-1","max-image-preview":"max-image-preview:large","max-video-preview":"max-video-preview:-1"},"canonical":"https:\/\/easywebmkt.com.ar\/cotone\/productos\/parlante-leucade\/","og_locale":"es_ES","og_type":"article","og_title":"Parlante Leucade - Viacotone Argentina","og_description":"Parlante bluetooth cubierto en tela.  En la parte inferior engomado antideslizante con botones para encender o apagar, play\/pausa y responder llamadas. Bot\u00f3n de retroceso y avance, este \u00faltimo, si se mantiene presionado durante unos segundo pasa a la siguiente pista, estos mismos botones permiten aumentar o disminuir el volumen.  Entrada USB incluye cable. Lazo de tela color marr\u00f3n que permite colgarlo. Alcance 10 mts. aprox. Duraci\u00f3n de la bater\u00eda 8 - 12 hs aprox. Medida: Pl\u00e1stico. 9 x 9 x 4,4 cm.","og_url":"https:\/\/easywebmkt.com.ar\/cotone\/productos\/parlante-leucade\/","og_site_name":"Viacotone Argentina","article_modified_time":"2021-09-21T12:30:19+00:00","og_image":[{"width":920,"height":920,"url":"https:\/\/easywebmkt.com.ar\/cotone\/wp-content\/uploads\/2020\/11\/parlante_EC722_frente-1.jpg","type":"image\/jpeg"}],"twitter_card":"summary_large_image","schema":{"@context":"https:\/\/schema.org","@graph":[{"@type":"WebPage","@id":"https:\/\/easywebmkt.com.ar\/cotone\/productos\/parlante-leucade\/","url":"https:\/\/easywebmkt.com.ar\/cotone\/productos\/parlante-leucade\/","name":"Parlante Leucade - Viacotone Argentina","isPartOf":{"@id":"https:\/\/easywebmkt.com.ar\/cotone\/#website"},"primaryImageOfPage":{"@id":"https:\/\/easywebmkt.com.ar\/cotone\/productos\/parlante-leucade\/#primaryimage"},"image":{"@id":"https:\/\/easywebmkt.com.ar\/cotone\/productos\/parlante-leucade\/#primaryimage"},"thumbnailUrl":"https:\/\/easywebmkt.com.ar\/cotone\/wp-content\/uploads\/2020\/11\/parlante_EC722_frente-1.jpg","datePublished":"2020-11-17T12:43:48+00:00","dateModified":"2021-09-21T12:30:19+00:00","breadcrumb":{"@id":"https:\/\/easywebmkt.com.ar\/cotone\/productos\/parlante-leucade\/#breadcrumb"},"inLanguage":"es-AR","potentialAction":[{"@type":"ReadAction","target":["https:\/\/easywebmkt.com.ar\/cotone\/productos\/parlante-leucade\/"]}]},{"@type":"ImageObject","inLanguage":"es-AR","@id":"https:\/\/easywebmkt.com.ar\/cotone\/productos\/parlante-leucade\/#primaryimage","url":"https:\/\/easywebmkt.com.ar\/cotone\/wp-content\/uploads\/2020\/11\/parlante_EC722_frente-1.jpg","contentUrl":"https:\/\/easywebmkt.com.ar\/cotone\/wp-content\/uploads\/2020\/11\/parlante_EC722_frente-1.jpg","width":920,"height":920},{"@type":"BreadcrumbList","@id":"https:\/\/easywebmkt.com.ar\/cotone\/productos\/parlante-leucade\/#breadcrumb","itemListElement":[{"@type":"ListItem","position":1,"name":"Inicio","item":"https:\/\/easywebmkt.com.ar\/cotone\/"},{"@type":"ListItem","position":2,"name":"Productos","item":"https:\/\/easywebmkt.com.ar\/cotone\/productos\/"},{"@type":"ListItem","position":3,"name":"Parlante Leucade"}]},{"@type":"WebSite","@id":"https:\/\/easywebmkt.com.ar\/cotone\/#website","url":"https:\/\/easywebmkt.com.ar\/cotone\/","name":"Viacotone Argentina","description":"Merchandising Partners","potentialAction":[{"@type":"SearchAction","target":{"@type":"EntryPoint","urlTemplate":"https:\/\/easywebmkt.com.ar\/cotone\/?s={search_term_string}"},"query-input":{"@type":"PropertyValueSpecification","valueRequired":true,"valueName":"search_term_string"}}],"inLanguage":"es-AR"}]}},"_links":{"self":[{"href":"https:\/\/easywebmkt.com.ar\/cotone\/wp-json\/wp\/v2\/product\/10476","targetHints":{"allow":["GET"]}}],"collection":[{"href":"https:\/\/easywebmkt.com.ar\/cotone\/wp-json\/wp\/v2\/product"}],"about":[{"href":"https:\/\/easywebmkt.com.ar\/cotone\/wp-json\/wp\/v2\/types\/product"}],"replies":[{"embeddable":true,"href":"https:\/\/easywebmkt.com.ar\/cotone\/wp-json\/wp\/v2\/comments?post=10476"}],"wp:featuredmedia":[{"embeddable":true,"href":"https:\/\/easywebmkt.com.ar\/cotone\/wp-json\/wp\/v2\/media\/10758"}],"wp:attachment":[{"href":"https:\/\/easywebmkt.com.ar\/cotone\/wp-json\/wp\/v2\/media?parent=10476"}],"wp:term":[{"taxonomy":"product_brand","embeddable":true,"href":"https:\/\/easywebmkt.com.ar\/cotone\/wp-json\/wp\/v2\/product_brand?post=10476"},{"taxonomy":"product_cat","embeddable":true,"href":"https:\/\/easywebmkt.com.ar\/cotone\/wp-json\/wp\/v2\/product_cat?post=10476"},{"taxonomy":"product_tag","embeddable":true,"href":"https:\/\/easywebmkt.com.ar\/cotone\/wp-json\/wp\/v2\/product_tag?post=10476"}],"curies":[{"name":"wp","href":"https:\/\/api.w.org\/{rel}","templated":true}]}}