{"id":10531,"date":"2020-11-17T10:41:40","date_gmt":"2020-11-17T13:41:40","guid":{"rendered":"http:\/\/viacotone.local\/?post_type=product&#038;p=10531"},"modified":"2021-09-21T09:30:16","modified_gmt":"2021-09-21T12:30:16","slug":"parlante-buho","status":"publish","type":"product","link":"https:\/\/easywebmkt.com.ar\/cotone\/productos\/parlante-buho\/","title":{"rendered":"Parlante Buho"},"content":{"rendered":"","protected":false},"excerpt":{"rendered":"<p><strong>Parlante bluetooth + MIA<\/strong><\/p>\n<p>En esta nueva versi\u00f3n, adem\u00e1s del m\u00e1gico sistema MIA (amplificaci\u00f3n por inducci\u00f3n magn\u00e9tica) a trav\u00e9s del cual con s\u00f3lo apoyar un dispositivo sobre el recuadro negro se amplifica la m\u00fasica, ahora sumamos la opci\u00f3n Bluetooth.<br \/>\nPara que vos elijas el sistema de conexi\u00f3n seg\u00fan cada momento: MIA, Bluetooth o cable de audio.<br \/>\nCargalo por USB y llev\u00e1 tu m\u00fasica a todas partes.<\/p>\n","protected":false},"featured_media":10534,"comment_status":"closed","ping_status":"closed","template":"","meta":[],"product_brand":[],"product_cat":[68,109],"product_tag":[148,149,525,524,528,151,173,512],"class_list":{"0":"post-10531","1":"product","2":"type-product","3":"status-publish","4":"has-post-thumbnail","6":"product_cat-tecnologia","7":"product_cat-parlantes","8":"product_tag-audio","9":"product_tag-bluetooth","10":"product_tag-buho","11":"product_tag-gato","12":"product_tag-musica","13":"product_tag-parlante","14":"product_tag-pocket","15":"product_tag-tecnologia","17":"first","18":"instock","19":"shipping-taxable","20":"purchasable","21":"product-type-simple"},"yoast_head":"<!-- This site is optimized with the Yoast SEO plugin v23.4 - https:\/\/yoast.com\/wordpress\/plugins\/seo\/ -->\n<title>Parlante Buho - Viacotone Argentina<\/title>\n<meta name=\"robots\" content=\"index, follow, max-snippet:-1, max-image-preview:large, max-video-preview:-1\" \/>\n<link rel=\"canonical\" href=\"https:\/\/easywebmkt.com.ar\/cotone\/productos\/parlante-buho\/\" \/>\n<meta property=\"og:locale\" content=\"es_ES\" \/>\n<meta property=\"og:type\" content=\"article\" \/>\n<meta property=\"og:title\" content=\"Parlante Buho - Viacotone Argentina\" \/>\n<meta property=\"og:description\" content=\"Parlante bluetooth + MIA  En esta nueva versi\u00f3n, adem\u00e1s del m\u00e1gico sistema MIA (amplificaci\u00f3n por inducci\u00f3n magn\u00e9tica) a trav\u00e9s del cual con s\u00f3lo apoyar un dispositivo sobre el recuadro negro se amplifica la m\u00fasica, ahora sumamos la opci\u00f3n Bluetooth. Para que vos elijas el sistema de conexi\u00f3n seg\u00fan cada momento: MIA, Bluetooth o cable de audio. Cargalo por USB y llev\u00e1 tu m\u00fasica a todas partes.\" \/>\n<meta property=\"og:url\" content=\"https:\/\/easywebmkt.com.ar\/cotone\/productos\/parlante-buho\/\" \/>\n<meta property=\"og:site_name\" content=\"Viacotone Argentina\" \/>\n<meta property=\"article:modified_time\" content=\"2021-09-21T12:30:16+00:00\" \/>\n<meta property=\"og:image\" content=\"https:\/\/easywebmkt.com.ar\/cotone\/wp-content\/uploads\/2020\/11\/parlante-buho2.jpg\" \/>\n\t<meta property=\"og:image:width\" content=\"800\" \/>\n\t<meta property=\"og:image:height\" content=\"800\" \/>\n\t<meta property=\"og:image:type\" content=\"image\/jpeg\" \/>\n<meta name=\"twitter:card\" content=\"summary_large_image\" \/>\n<script type=\"application\/ld+json\" class=\"yoast-schema-graph\">{\"@context\":\"https:\/\/schema.org\",\"@graph\":[{\"@type\":\"WebPage\",\"@id\":\"https:\/\/easywebmkt.com.ar\/cotone\/productos\/parlante-buho\/\",\"url\":\"https:\/\/easywebmkt.com.ar\/cotone\/productos\/parlante-buho\/\",\"name\":\"Parlante Buho - Viacotone Argentina\",\"isPartOf\":{\"@id\":\"https:\/\/easywebmkt.com.ar\/cotone\/#website\"},\"primaryImageOfPage\":{\"@id\":\"https:\/\/easywebmkt.com.ar\/cotone\/productos\/parlante-buho\/#primaryimage\"},\"image\":{\"@id\":\"https:\/\/easywebmkt.com.ar\/cotone\/productos\/parlante-buho\/#primaryimage\"},\"thumbnailUrl\":\"https:\/\/easywebmkt.com.ar\/cotone\/wp-content\/uploads\/2020\/11\/parlante-buho2.jpg\",\"datePublished\":\"2020-11-17T13:41:40+00:00\",\"dateModified\":\"2021-09-21T12:30:16+00:00\",\"breadcrumb\":{\"@id\":\"https:\/\/easywebmkt.com.ar\/cotone\/productos\/parlante-buho\/#breadcrumb\"},\"inLanguage\":\"es-AR\",\"potentialAction\":[{\"@type\":\"ReadAction\",\"target\":[\"https:\/\/easywebmkt.com.ar\/cotone\/productos\/parlante-buho\/\"]}]},{\"@type\":\"ImageObject\",\"inLanguage\":\"es-AR\",\"@id\":\"https:\/\/easywebmkt.com.ar\/cotone\/productos\/parlante-buho\/#primaryimage\",\"url\":\"https:\/\/easywebmkt.com.ar\/cotone\/wp-content\/uploads\/2020\/11\/parlante-buho2.jpg\",\"contentUrl\":\"https:\/\/easywebmkt.com.ar\/cotone\/wp-content\/uploads\/2020\/11\/parlante-buho2.jpg\",\"width\":800,\"height\":800},{\"@type\":\"BreadcrumbList\",\"@id\":\"https:\/\/easywebmkt.com.ar\/cotone\/productos\/parlante-buho\/#breadcrumb\",\"itemListElement\":[{\"@type\":\"ListItem\",\"position\":1,\"name\":\"Inicio\",\"item\":\"https:\/\/easywebmkt.com.ar\/cotone\/\"},{\"@type\":\"ListItem\",\"position\":2,\"name\":\"Productos\",\"item\":\"https:\/\/easywebmkt.com.ar\/cotone\/productos\/\"},{\"@type\":\"ListItem\",\"position\":3,\"name\":\"Parlante Buho\"}]},{\"@type\":\"WebSite\",\"@id\":\"https:\/\/easywebmkt.com.ar\/cotone\/#website\",\"url\":\"https:\/\/easywebmkt.com.ar\/cotone\/\",\"name\":\"Viacotone Argentina\",\"description\":\"Merchandising Partners\",\"potentialAction\":[{\"@type\":\"SearchAction\",\"target\":{\"@type\":\"EntryPoint\",\"urlTemplate\":\"https:\/\/easywebmkt.com.ar\/cotone\/?s={search_term_string}\"},\"query-input\":{\"@type\":\"PropertyValueSpecification\",\"valueRequired\":true,\"valueName\":\"search_term_string\"}}],\"inLanguage\":\"es-AR\"}]}<\/script>\n<!-- \/ Yoast SEO plugin. -->","yoast_head_json":{"title":"Parlante Buho - Viacotone Argentina","robots":{"index":"index","follow":"follow","max-snippet":"max-snippet:-1","max-image-preview":"max-image-preview:large","max-video-preview":"max-video-preview:-1"},"canonical":"https:\/\/easywebmkt.com.ar\/cotone\/productos\/parlante-buho\/","og_locale":"es_ES","og_type":"article","og_title":"Parlante Buho - Viacotone Argentina","og_description":"Parlante bluetooth + MIA  En esta nueva versi\u00f3n, adem\u00e1s del m\u00e1gico sistema MIA (amplificaci\u00f3n por inducci\u00f3n magn\u00e9tica) a trav\u00e9s del cual con s\u00f3lo apoyar un dispositivo sobre el recuadro negro se amplifica la m\u00fasica, ahora sumamos la opci\u00f3n Bluetooth. Para que vos elijas el sistema de conexi\u00f3n seg\u00fan cada momento: MIA, Bluetooth o cable de audio. Cargalo por USB y llev\u00e1 tu m\u00fasica a todas partes.","og_url":"https:\/\/easywebmkt.com.ar\/cotone\/productos\/parlante-buho\/","og_site_name":"Viacotone Argentina","article_modified_time":"2021-09-21T12:30:16+00:00","og_image":[{"width":800,"height":800,"url":"https:\/\/easywebmkt.com.ar\/cotone\/wp-content\/uploads\/2020\/11\/parlante-buho2.jpg","type":"image\/jpeg"}],"twitter_card":"summary_large_image","schema":{"@context":"https:\/\/schema.org","@graph":[{"@type":"WebPage","@id":"https:\/\/easywebmkt.com.ar\/cotone\/productos\/parlante-buho\/","url":"https:\/\/easywebmkt.com.ar\/cotone\/productos\/parlante-buho\/","name":"Parlante Buho - Viacotone Argentina","isPartOf":{"@id":"https:\/\/easywebmkt.com.ar\/cotone\/#website"},"primaryImageOfPage":{"@id":"https:\/\/easywebmkt.com.ar\/cotone\/productos\/parlante-buho\/#primaryimage"},"image":{"@id":"https:\/\/easywebmkt.com.ar\/cotone\/productos\/parlante-buho\/#primaryimage"},"thumbnailUrl":"https:\/\/easywebmkt.com.ar\/cotone\/wp-content\/uploads\/2020\/11\/parlante-buho2.jpg","datePublished":"2020-11-17T13:41:40+00:00","dateModified":"2021-09-21T12:30:16+00:00","breadcrumb":{"@id":"https:\/\/easywebmkt.com.ar\/cotone\/productos\/parlante-buho\/#breadcrumb"},"inLanguage":"es-AR","potentialAction":[{"@type":"ReadAction","target":["https:\/\/easywebmkt.com.ar\/cotone\/productos\/parlante-buho\/"]}]},{"@type":"ImageObject","inLanguage":"es-AR","@id":"https:\/\/easywebmkt.com.ar\/cotone\/productos\/parlante-buho\/#primaryimage","url":"https:\/\/easywebmkt.com.ar\/cotone\/wp-content\/uploads\/2020\/11\/parlante-buho2.jpg","contentUrl":"https:\/\/easywebmkt.com.ar\/cotone\/wp-content\/uploads\/2020\/11\/parlante-buho2.jpg","width":800,"height":800},{"@type":"BreadcrumbList","@id":"https:\/\/easywebmkt.com.ar\/cotone\/productos\/parlante-buho\/#breadcrumb","itemListElement":[{"@type":"ListItem","position":1,"name":"Inicio","item":"https:\/\/easywebmkt.com.ar\/cotone\/"},{"@type":"ListItem","position":2,"name":"Productos","item":"https:\/\/easywebmkt.com.ar\/cotone\/productos\/"},{"@type":"ListItem","position":3,"name":"Parlante Buho"}]},{"@type":"WebSite","@id":"https:\/\/easywebmkt.com.ar\/cotone\/#website","url":"https:\/\/easywebmkt.com.ar\/cotone\/","name":"Viacotone Argentina","description":"Merchandising Partners","potentialAction":[{"@type":"SearchAction","target":{"@type":"EntryPoint","urlTemplate":"https:\/\/easywebmkt.com.ar\/cotone\/?s={search_term_string}"},"query-input":{"@type":"PropertyValueSpecification","valueRequired":true,"valueName":"search_term_string"}}],"inLanguage":"es-AR"}]}},"_links":{"self":[{"href":"https:\/\/easywebmkt.com.ar\/cotone\/wp-json\/wp\/v2\/product\/10531","targetHints":{"allow":["GET"]}}],"collection":[{"href":"https:\/\/easywebmkt.com.ar\/cotone\/wp-json\/wp\/v2\/product"}],"about":[{"href":"https:\/\/easywebmkt.com.ar\/cotone\/wp-json\/wp\/v2\/types\/product"}],"replies":[{"embeddable":true,"href":"https:\/\/easywebmkt.com.ar\/cotone\/wp-json\/wp\/v2\/comments?post=10531"}],"wp:featuredmedia":[{"embeddable":true,"href":"https:\/\/easywebmkt.com.ar\/cotone\/wp-json\/wp\/v2\/media\/10534"}],"wp:attachment":[{"href":"https:\/\/easywebmkt.com.ar\/cotone\/wp-json\/wp\/v2\/media?parent=10531"}],"wp:term":[{"taxonomy":"product_brand","embeddable":true,"href":"https:\/\/easywebmkt.com.ar\/cotone\/wp-json\/wp\/v2\/product_brand?post=10531"},{"taxonomy":"product_cat","embeddable":true,"href":"https:\/\/easywebmkt.com.ar\/cotone\/wp-json\/wp\/v2\/product_cat?post=10531"},{"taxonomy":"product_tag","embeddable":true,"href":"https:\/\/easywebmkt.com.ar\/cotone\/wp-json\/wp\/v2\/product_tag?post=10531"}],"curies":[{"name":"wp","href":"https:\/\/api.w.org\/{rel}","templated":true}]}}