{"id":10618,"date":"2020-11-17T15:11:27","date_gmt":"2020-11-17T18:11:27","guid":{"rendered":"http:\/\/viacotone.local\/?post_type=product&#038;p=10618"},"modified":"2021-09-21T09:29:38","modified_gmt":"2021-09-21T12:29:38","slug":"selfie-stick-inalambrico-con-zoom","status":"publish","type":"product","link":"https:\/\/easywebmkt.com.ar\/cotone\/productos\/selfie-stick-inalambrico-con-zoom\/","title":{"rendered":"Selfie Stick Inal\u00e1mbrico con Zoom"},"content":{"rendered":"","protected":false},"excerpt":{"rendered":"<div>\n<p>Para usarlo con el celular o c\u00e1mara.<\/p>\n<\/div>\n<div>\n<div>Extensible de 23 a 110 cm.<\/div>\n<div>Soporte Universal para Celulares y C\u00e1maras.<\/div>\n<div>Rosca de Fotograf\u00eda.<\/div>\n<div>Secciones de Metal.<\/div>\n<div>Bot\u00f3n ON\/OFF en el mango.<\/div>\n<div>Botones Zoom In + Zoom Out en el mango.<\/div>\n<div>Bot\u00f3n de disparo en el mango.<\/div>\n<div>Soporta hasta 500 gr.<\/div>\n<div>Bluetooth 3.0<\/div>\n<div>Funciona con Bater\u00eda de Litio (incluye cable).<\/div>\n<div>No requiere instalar una App.<\/div>\n<div>\n<p>Compatible con IOS y Android.<\/p>\n<\/div>\n<\/div>\n<div>Disponible en diferentes colores.<\/div>\n<p>&nbsp;<\/p>\n","protected":false},"featured_media":11158,"comment_status":"closed","ping_status":"closed","template":"","meta":[],"product_brand":[],"product_cat":[68,160],"product_tag":[536,529,534,533,537,535],"class_list":{"0":"post-10618","1":"product","2":"type-product","3":"status-publish","4":"has-post-thumbnail","6":"product_cat-tecnologia","7":"product_cat-accesorios-tecnologia","8":"product_tag-instagram","9":"product_tag-luz","10":"product_tag-palo-selfie","11":"product_tag-selfie","12":"product_tag-tick-tok","13":"product_tag-zoom","15":"first","16":"instock","17":"shipping-taxable","18":"purchasable","19":"product-type-simple"},"yoast_head":"<!-- This site is optimized with the Yoast SEO plugin v23.4 - https:\/\/yoast.com\/wordpress\/plugins\/seo\/ -->\n<title>Selfie Stick Inal\u00e1mbrico con Zoom - Viacotone Argentina<\/title>\n<meta name=\"robots\" content=\"index, follow, max-snippet:-1, max-image-preview:large, max-video-preview:-1\" \/>\n<link rel=\"canonical\" href=\"https:\/\/easywebmkt.com.ar\/cotone\/productos\/selfie-stick-inalambrico-con-zoom\/\" \/>\n<meta property=\"og:locale\" content=\"es_ES\" \/>\n<meta property=\"og:type\" content=\"article\" \/>\n<meta property=\"og:title\" content=\"Selfie Stick Inal\u00e1mbrico con Zoom - Viacotone Argentina\" \/>\n<meta property=\"og:description\" content=\"Para usarlo con el celular o c\u00e1mara.    Extensible de 23 a 110 cm. Soporte Universal para Celulares y C\u00e1maras. Rosca de Fotograf\u00eda. Secciones de Metal. Bot\u00f3n ON\/OFF en el mango. Botones Zoom In + Zoom Out en el mango. Bot\u00f3n de disparo en el mango. Soporta hasta 500 gr. Bluetooth 3.0 Funciona con Bater\u00eda de Litio (incluye cable). No requiere instalar una App.   Compatible con IOS y Android.    Disponible en diferentes colores. &nbsp;\" \/>\n<meta property=\"og:url\" content=\"https:\/\/easywebmkt.com.ar\/cotone\/productos\/selfie-stick-inalambrico-con-zoom\/\" \/>\n<meta property=\"og:site_name\" content=\"Viacotone Argentina\" \/>\n<meta property=\"article:modified_time\" content=\"2021-09-21T12:29:38+00:00\" \/>\n<meta property=\"og:image\" content=\"https:\/\/easywebmkt.com.ar\/cotone\/wp-content\/uploads\/2020\/11\/600_750-NG-SELFIE02-FULL.jpg\" \/>\n\t<meta property=\"og:image:width\" content=\"750\" \/>\n\t<meta property=\"og:image:height\" content=\"750\" \/>\n\t<meta property=\"og:image:type\" content=\"image\/jpeg\" \/>\n<meta name=\"twitter:card\" content=\"summary_large_image\" \/>\n<script type=\"application\/ld+json\" class=\"yoast-schema-graph\">{\"@context\":\"https:\/\/schema.org\",\"@graph\":[{\"@type\":\"WebPage\",\"@id\":\"https:\/\/easywebmkt.com.ar\/cotone\/productos\/selfie-stick-inalambrico-con-zoom\/\",\"url\":\"https:\/\/easywebmkt.com.ar\/cotone\/productos\/selfie-stick-inalambrico-con-zoom\/\",\"name\":\"Selfie Stick Inal\u00e1mbrico con Zoom - Viacotone Argentina\",\"isPartOf\":{\"@id\":\"https:\/\/easywebmkt.com.ar\/cotone\/#website\"},\"primaryImageOfPage\":{\"@id\":\"https:\/\/easywebmkt.com.ar\/cotone\/productos\/selfie-stick-inalambrico-con-zoom\/#primaryimage\"},\"image\":{\"@id\":\"https:\/\/easywebmkt.com.ar\/cotone\/productos\/selfie-stick-inalambrico-con-zoom\/#primaryimage\"},\"thumbnailUrl\":\"https:\/\/easywebmkt.com.ar\/cotone\/wp-content\/uploads\/2020\/11\/600_750-NG-SELFIE02-FULL.jpg\",\"datePublished\":\"2020-11-17T18:11:27+00:00\",\"dateModified\":\"2021-09-21T12:29:38+00:00\",\"breadcrumb\":{\"@id\":\"https:\/\/easywebmkt.com.ar\/cotone\/productos\/selfie-stick-inalambrico-con-zoom\/#breadcrumb\"},\"inLanguage\":\"es-AR\",\"potentialAction\":[{\"@type\":\"ReadAction\",\"target\":[\"https:\/\/easywebmkt.com.ar\/cotone\/productos\/selfie-stick-inalambrico-con-zoom\/\"]}]},{\"@type\":\"ImageObject\",\"inLanguage\":\"es-AR\",\"@id\":\"https:\/\/easywebmkt.com.ar\/cotone\/productos\/selfie-stick-inalambrico-con-zoom\/#primaryimage\",\"url\":\"https:\/\/easywebmkt.com.ar\/cotone\/wp-content\/uploads\/2020\/11\/600_750-NG-SELFIE02-FULL.jpg\",\"contentUrl\":\"https:\/\/easywebmkt.com.ar\/cotone\/wp-content\/uploads\/2020\/11\/600_750-NG-SELFIE02-FULL.jpg\",\"width\":750,\"height\":750},{\"@type\":\"BreadcrumbList\",\"@id\":\"https:\/\/easywebmkt.com.ar\/cotone\/productos\/selfie-stick-inalambrico-con-zoom\/#breadcrumb\",\"itemListElement\":[{\"@type\":\"ListItem\",\"position\":1,\"name\":\"Inicio\",\"item\":\"https:\/\/easywebmkt.com.ar\/cotone\/\"},{\"@type\":\"ListItem\",\"position\":2,\"name\":\"Productos\",\"item\":\"https:\/\/easywebmkt.com.ar\/cotone\/productos\/\"},{\"@type\":\"ListItem\",\"position\":3,\"name\":\"Selfie Stick Inal\u00e1mbrico con Zoom\"}]},{\"@type\":\"WebSite\",\"@id\":\"https:\/\/easywebmkt.com.ar\/cotone\/#website\",\"url\":\"https:\/\/easywebmkt.com.ar\/cotone\/\",\"name\":\"Viacotone Argentina\",\"description\":\"Merchandising Partners\",\"potentialAction\":[{\"@type\":\"SearchAction\",\"target\":{\"@type\":\"EntryPoint\",\"urlTemplate\":\"https:\/\/easywebmkt.com.ar\/cotone\/?s={search_term_string}\"},\"query-input\":{\"@type\":\"PropertyValueSpecification\",\"valueRequired\":true,\"valueName\":\"search_term_string\"}}],\"inLanguage\":\"es-AR\"}]}<\/script>\n<!-- \/ Yoast SEO plugin. -->","yoast_head_json":{"title":"Selfie Stick Inal\u00e1mbrico con Zoom - Viacotone Argentina","robots":{"index":"index","follow":"follow","max-snippet":"max-snippet:-1","max-image-preview":"max-image-preview:large","max-video-preview":"max-video-preview:-1"},"canonical":"https:\/\/easywebmkt.com.ar\/cotone\/productos\/selfie-stick-inalambrico-con-zoom\/","og_locale":"es_ES","og_type":"article","og_title":"Selfie Stick Inal\u00e1mbrico con Zoom - Viacotone Argentina","og_description":"Para usarlo con el celular o c\u00e1mara.    Extensible de 23 a 110 cm. Soporte Universal para Celulares y C\u00e1maras. Rosca de Fotograf\u00eda. Secciones de Metal. Bot\u00f3n ON\/OFF en el mango. Botones Zoom In + Zoom Out en el mango. Bot\u00f3n de disparo en el mango. Soporta hasta 500 gr. Bluetooth 3.0 Funciona con Bater\u00eda de Litio (incluye cable). No requiere instalar una App.   Compatible con IOS y Android.    Disponible en diferentes colores. &nbsp;","og_url":"https:\/\/easywebmkt.com.ar\/cotone\/productos\/selfie-stick-inalambrico-con-zoom\/","og_site_name":"Viacotone Argentina","article_modified_time":"2021-09-21T12:29:38+00:00","og_image":[{"width":750,"height":750,"url":"https:\/\/easywebmkt.com.ar\/cotone\/wp-content\/uploads\/2020\/11\/600_750-NG-SELFIE02-FULL.jpg","type":"image\/jpeg"}],"twitter_card":"summary_large_image","schema":{"@context":"https:\/\/schema.org","@graph":[{"@type":"WebPage","@id":"https:\/\/easywebmkt.com.ar\/cotone\/productos\/selfie-stick-inalambrico-con-zoom\/","url":"https:\/\/easywebmkt.com.ar\/cotone\/productos\/selfie-stick-inalambrico-con-zoom\/","name":"Selfie Stick Inal\u00e1mbrico con Zoom - Viacotone Argentina","isPartOf":{"@id":"https:\/\/easywebmkt.com.ar\/cotone\/#website"},"primaryImageOfPage":{"@id":"https:\/\/easywebmkt.com.ar\/cotone\/productos\/selfie-stick-inalambrico-con-zoom\/#primaryimage"},"image":{"@id":"https:\/\/easywebmkt.com.ar\/cotone\/productos\/selfie-stick-inalambrico-con-zoom\/#primaryimage"},"thumbnailUrl":"https:\/\/easywebmkt.com.ar\/cotone\/wp-content\/uploads\/2020\/11\/600_750-NG-SELFIE02-FULL.jpg","datePublished":"2020-11-17T18:11:27+00:00","dateModified":"2021-09-21T12:29:38+00:00","breadcrumb":{"@id":"https:\/\/easywebmkt.com.ar\/cotone\/productos\/selfie-stick-inalambrico-con-zoom\/#breadcrumb"},"inLanguage":"es-AR","potentialAction":[{"@type":"ReadAction","target":["https:\/\/easywebmkt.com.ar\/cotone\/productos\/selfie-stick-inalambrico-con-zoom\/"]}]},{"@type":"ImageObject","inLanguage":"es-AR","@id":"https:\/\/easywebmkt.com.ar\/cotone\/productos\/selfie-stick-inalambrico-con-zoom\/#primaryimage","url":"https:\/\/easywebmkt.com.ar\/cotone\/wp-content\/uploads\/2020\/11\/600_750-NG-SELFIE02-FULL.jpg","contentUrl":"https:\/\/easywebmkt.com.ar\/cotone\/wp-content\/uploads\/2020\/11\/600_750-NG-SELFIE02-FULL.jpg","width":750,"height":750},{"@type":"BreadcrumbList","@id":"https:\/\/easywebmkt.com.ar\/cotone\/productos\/selfie-stick-inalambrico-con-zoom\/#breadcrumb","itemListElement":[{"@type":"ListItem","position":1,"name":"Inicio","item":"https:\/\/easywebmkt.com.ar\/cotone\/"},{"@type":"ListItem","position":2,"name":"Productos","item":"https:\/\/easywebmkt.com.ar\/cotone\/productos\/"},{"@type":"ListItem","position":3,"name":"Selfie Stick Inal\u00e1mbrico con Zoom"}]},{"@type":"WebSite","@id":"https:\/\/easywebmkt.com.ar\/cotone\/#website","url":"https:\/\/easywebmkt.com.ar\/cotone\/","name":"Viacotone Argentina","description":"Merchandising Partners","potentialAction":[{"@type":"SearchAction","target":{"@type":"EntryPoint","urlTemplate":"https:\/\/easywebmkt.com.ar\/cotone\/?s={search_term_string}"},"query-input":{"@type":"PropertyValueSpecification","valueRequired":true,"valueName":"search_term_string"}}],"inLanguage":"es-AR"}]}},"_links":{"self":[{"href":"https:\/\/easywebmkt.com.ar\/cotone\/wp-json\/wp\/v2\/product\/10618","targetHints":{"allow":["GET"]}}],"collection":[{"href":"https:\/\/easywebmkt.com.ar\/cotone\/wp-json\/wp\/v2\/product"}],"about":[{"href":"https:\/\/easywebmkt.com.ar\/cotone\/wp-json\/wp\/v2\/types\/product"}],"replies":[{"embeddable":true,"href":"https:\/\/easywebmkt.com.ar\/cotone\/wp-json\/wp\/v2\/comments?post=10618"}],"wp:featuredmedia":[{"embeddable":true,"href":"https:\/\/easywebmkt.com.ar\/cotone\/wp-json\/wp\/v2\/media\/11158"}],"wp:attachment":[{"href":"https:\/\/easywebmkt.com.ar\/cotone\/wp-json\/wp\/v2\/media?parent=10618"}],"wp:term":[{"taxonomy":"product_brand","embeddable":true,"href":"https:\/\/easywebmkt.com.ar\/cotone\/wp-json\/wp\/v2\/product_brand?post=10618"},{"taxonomy":"product_cat","embeddable":true,"href":"https:\/\/easywebmkt.com.ar\/cotone\/wp-json\/wp\/v2\/product_cat?post=10618"},{"taxonomy":"product_tag","embeddable":true,"href":"https:\/\/easywebmkt.com.ar\/cotone\/wp-json\/wp\/v2\/product_tag?post=10618"}],"curies":[{"name":"wp","href":"https:\/\/api.w.org\/{rel}","templated":true}]}}