{"id":10622,"date":"2020-11-17T15:17:51","date_gmt":"2020-11-17T18:17:51","guid":{"rendered":"http:\/\/viacotone.local\/?post_type=product&#038;p=10622"},"modified":"2021-09-21T09:29:38","modified_gmt":"2021-09-21T12:29:38","slug":"auriculares-con-microfono-pc-i","status":"publish","type":"product","link":"https:\/\/easywebmkt.com.ar\/cotone\/productos\/auriculares-con-microfono-pc-i\/","title":{"rendered":"Auriculares con Micr\u00f3fono PC I"},"content":{"rendered":"","protected":false},"excerpt":{"rendered":"<div>\n<p><strong>Para Videoconferencias, juegos online y escuchar m\u00fasica en la PC.<\/strong><\/p>\n<\/div>\n<div>Micr\u00f3fono flexible. Control de volumen. Acolchados para mayor comodidad en largas horas de uso.<\/div>\n<div>Ajustable y Compacto.<\/div>\n<div><\/div>\n<div>\n<div>&#8211; Potencia Maxima: 30mW<\/div>\n<div>&#8211; Microfono flexible<\/div>\n<div>&#8211; Control de Volumen<\/div>\n<div>&#8211; 2 Conectores miniplug 3.5 mm (Audio\/Mic)<\/div>\n<div>&#8211; Longitud del cable: 2,5 metros<\/div>\n<div>&#8211; Acolchados para mayor comodidad y mejor calidad de ac\u00fastica<\/div>\n<\/div>\n","protected":false},"featured_media":10623,"comment_status":"closed","ping_status":"closed","template":"","meta":[],"product_brand":[],"product_cat":[68,408],"product_tag":[148,354,541,540,515,528,538,539],"class_list":{"0":"post-10622","1":"product","2":"type-product","3":"status-publish","4":"has-post-thumbnail","6":"product_cat-tecnologia","7":"product_cat-auriculares","8":"product_tag-audio","9":"product_tag-auriculares","10":"product_tag-game","11":"product_tag-gamer","12":"product_tag-microfono","13":"product_tag-musica","14":"product_tag-pc","15":"product_tag-video-juegos","17":"first","18":"instock","19":"shipping-taxable","20":"purchasable","21":"product-type-simple"},"yoast_head":"<!-- This site is optimized with the Yoast SEO plugin v23.4 - https:\/\/yoast.com\/wordpress\/plugins\/seo\/ -->\n<title>Auriculares con Micr\u00f3fono PC I - Viacotone Argentina<\/title>\n<meta name=\"robots\" content=\"index, follow, max-snippet:-1, max-image-preview:large, max-video-preview:-1\" \/>\n<link rel=\"canonical\" href=\"https:\/\/easywebmkt.com.ar\/cotone\/productos\/auriculares-con-microfono-pc-i\/\" \/>\n<meta property=\"og:locale\" content=\"es_ES\" \/>\n<meta property=\"og:type\" content=\"article\" \/>\n<meta property=\"og:title\" content=\"Auriculares con Micr\u00f3fono PC I - Viacotone Argentina\" \/>\n<meta property=\"og:description\" content=\"Para Videoconferencias, juegos online y escuchar m\u00fasica en la PC.   Micr\u00f3fono flexible. Control de volumen. Acolchados para mayor comodidad en largas horas de uso. Ajustable y Compacto.   - Potencia Maxima: 30mW - Microfono flexible - Control de Volumen - 2 Conectores miniplug 3.5 mm (Audio\/Mic) - Longitud del cable: 2,5 metros - Acolchados para mayor comodidad y mejor calidad de ac\u00fastica\" \/>\n<meta property=\"og:url\" content=\"https:\/\/easywebmkt.com.ar\/cotone\/productos\/auriculares-con-microfono-pc-i\/\" \/>\n<meta property=\"og:site_name\" content=\"Viacotone Argentina\" \/>\n<meta property=\"article:modified_time\" content=\"2021-09-21T12:29:38+00:00\" \/>\n<meta property=\"og:image\" content=\"https:\/\/easywebmkt.com.ar\/cotone\/wp-content\/uploads\/2020\/11\/Screenshot_15.jpg\" \/>\n\t<meta property=\"og:image:width\" content=\"328\" \/>\n\t<meta property=\"og:image:height\" content=\"313\" \/>\n\t<meta property=\"og:image:type\" content=\"image\/jpeg\" \/>\n<meta name=\"twitter:card\" content=\"summary_large_image\" \/>\n<script type=\"application\/ld+json\" class=\"yoast-schema-graph\">{\"@context\":\"https:\/\/schema.org\",\"@graph\":[{\"@type\":\"WebPage\",\"@id\":\"https:\/\/easywebmkt.com.ar\/cotone\/productos\/auriculares-con-microfono-pc-i\/\",\"url\":\"https:\/\/easywebmkt.com.ar\/cotone\/productos\/auriculares-con-microfono-pc-i\/\",\"name\":\"Auriculares con Micr\u00f3fono PC I - Viacotone Argentina\",\"isPartOf\":{\"@id\":\"https:\/\/easywebmkt.com.ar\/cotone\/#website\"},\"primaryImageOfPage\":{\"@id\":\"https:\/\/easywebmkt.com.ar\/cotone\/productos\/auriculares-con-microfono-pc-i\/#primaryimage\"},\"image\":{\"@id\":\"https:\/\/easywebmkt.com.ar\/cotone\/productos\/auriculares-con-microfono-pc-i\/#primaryimage\"},\"thumbnailUrl\":\"https:\/\/easywebmkt.com.ar\/cotone\/wp-content\/uploads\/2020\/11\/Screenshot_15.jpg\",\"datePublished\":\"2020-11-17T18:17:51+00:00\",\"dateModified\":\"2021-09-21T12:29:38+00:00\",\"breadcrumb\":{\"@id\":\"https:\/\/easywebmkt.com.ar\/cotone\/productos\/auriculares-con-microfono-pc-i\/#breadcrumb\"},\"inLanguage\":\"es-AR\",\"potentialAction\":[{\"@type\":\"ReadAction\",\"target\":[\"https:\/\/easywebmkt.com.ar\/cotone\/productos\/auriculares-con-microfono-pc-i\/\"]}]},{\"@type\":\"ImageObject\",\"inLanguage\":\"es-AR\",\"@id\":\"https:\/\/easywebmkt.com.ar\/cotone\/productos\/auriculares-con-microfono-pc-i\/#primaryimage\",\"url\":\"https:\/\/easywebmkt.com.ar\/cotone\/wp-content\/uploads\/2020\/11\/Screenshot_15.jpg\",\"contentUrl\":\"https:\/\/easywebmkt.com.ar\/cotone\/wp-content\/uploads\/2020\/11\/Screenshot_15.jpg\",\"width\":328,\"height\":313},{\"@type\":\"BreadcrumbList\",\"@id\":\"https:\/\/easywebmkt.com.ar\/cotone\/productos\/auriculares-con-microfono-pc-i\/#breadcrumb\",\"itemListElement\":[{\"@type\":\"ListItem\",\"position\":1,\"name\":\"Inicio\",\"item\":\"https:\/\/easywebmkt.com.ar\/cotone\/\"},{\"@type\":\"ListItem\",\"position\":2,\"name\":\"Productos\",\"item\":\"https:\/\/easywebmkt.com.ar\/cotone\/productos\/\"},{\"@type\":\"ListItem\",\"position\":3,\"name\":\"Auriculares con Micr\u00f3fono PC I\"}]},{\"@type\":\"WebSite\",\"@id\":\"https:\/\/easywebmkt.com.ar\/cotone\/#website\",\"url\":\"https:\/\/easywebmkt.com.ar\/cotone\/\",\"name\":\"Viacotone Argentina\",\"description\":\"Merchandising Partners\",\"potentialAction\":[{\"@type\":\"SearchAction\",\"target\":{\"@type\":\"EntryPoint\",\"urlTemplate\":\"https:\/\/easywebmkt.com.ar\/cotone\/?s={search_term_string}\"},\"query-input\":{\"@type\":\"PropertyValueSpecification\",\"valueRequired\":true,\"valueName\":\"search_term_string\"}}],\"inLanguage\":\"es-AR\"}]}<\/script>\n<!-- \/ Yoast SEO plugin. -->","yoast_head_json":{"title":"Auriculares con Micr\u00f3fono PC I - Viacotone Argentina","robots":{"index":"index","follow":"follow","max-snippet":"max-snippet:-1","max-image-preview":"max-image-preview:large","max-video-preview":"max-video-preview:-1"},"canonical":"https:\/\/easywebmkt.com.ar\/cotone\/productos\/auriculares-con-microfono-pc-i\/","og_locale":"es_ES","og_type":"article","og_title":"Auriculares con Micr\u00f3fono PC I - Viacotone Argentina","og_description":"Para Videoconferencias, juegos online y escuchar m\u00fasica en la PC.   Micr\u00f3fono flexible. Control de volumen. Acolchados para mayor comodidad en largas horas de uso. Ajustable y Compacto.   - Potencia Maxima: 30mW - Microfono flexible - Control de Volumen - 2 Conectores miniplug 3.5 mm (Audio\/Mic) - Longitud del cable: 2,5 metros - Acolchados para mayor comodidad y mejor calidad de ac\u00fastica","og_url":"https:\/\/easywebmkt.com.ar\/cotone\/productos\/auriculares-con-microfono-pc-i\/","og_site_name":"Viacotone Argentina","article_modified_time":"2021-09-21T12:29:38+00:00","og_image":[{"width":328,"height":313,"url":"https:\/\/easywebmkt.com.ar\/cotone\/wp-content\/uploads\/2020\/11\/Screenshot_15.jpg","type":"image\/jpeg"}],"twitter_card":"summary_large_image","schema":{"@context":"https:\/\/schema.org","@graph":[{"@type":"WebPage","@id":"https:\/\/easywebmkt.com.ar\/cotone\/productos\/auriculares-con-microfono-pc-i\/","url":"https:\/\/easywebmkt.com.ar\/cotone\/productos\/auriculares-con-microfono-pc-i\/","name":"Auriculares con Micr\u00f3fono PC I - Viacotone Argentina","isPartOf":{"@id":"https:\/\/easywebmkt.com.ar\/cotone\/#website"},"primaryImageOfPage":{"@id":"https:\/\/easywebmkt.com.ar\/cotone\/productos\/auriculares-con-microfono-pc-i\/#primaryimage"},"image":{"@id":"https:\/\/easywebmkt.com.ar\/cotone\/productos\/auriculares-con-microfono-pc-i\/#primaryimage"},"thumbnailUrl":"https:\/\/easywebmkt.com.ar\/cotone\/wp-content\/uploads\/2020\/11\/Screenshot_15.jpg","datePublished":"2020-11-17T18:17:51+00:00","dateModified":"2021-09-21T12:29:38+00:00","breadcrumb":{"@id":"https:\/\/easywebmkt.com.ar\/cotone\/productos\/auriculares-con-microfono-pc-i\/#breadcrumb"},"inLanguage":"es-AR","potentialAction":[{"@type":"ReadAction","target":["https:\/\/easywebmkt.com.ar\/cotone\/productos\/auriculares-con-microfono-pc-i\/"]}]},{"@type":"ImageObject","inLanguage":"es-AR","@id":"https:\/\/easywebmkt.com.ar\/cotone\/productos\/auriculares-con-microfono-pc-i\/#primaryimage","url":"https:\/\/easywebmkt.com.ar\/cotone\/wp-content\/uploads\/2020\/11\/Screenshot_15.jpg","contentUrl":"https:\/\/easywebmkt.com.ar\/cotone\/wp-content\/uploads\/2020\/11\/Screenshot_15.jpg","width":328,"height":313},{"@type":"BreadcrumbList","@id":"https:\/\/easywebmkt.com.ar\/cotone\/productos\/auriculares-con-microfono-pc-i\/#breadcrumb","itemListElement":[{"@type":"ListItem","position":1,"name":"Inicio","item":"https:\/\/easywebmkt.com.ar\/cotone\/"},{"@type":"ListItem","position":2,"name":"Productos","item":"https:\/\/easywebmkt.com.ar\/cotone\/productos\/"},{"@type":"ListItem","position":3,"name":"Auriculares con Micr\u00f3fono PC I"}]},{"@type":"WebSite","@id":"https:\/\/easywebmkt.com.ar\/cotone\/#website","url":"https:\/\/easywebmkt.com.ar\/cotone\/","name":"Viacotone Argentina","description":"Merchandising Partners","potentialAction":[{"@type":"SearchAction","target":{"@type":"EntryPoint","urlTemplate":"https:\/\/easywebmkt.com.ar\/cotone\/?s={search_term_string}"},"query-input":{"@type":"PropertyValueSpecification","valueRequired":true,"valueName":"search_term_string"}}],"inLanguage":"es-AR"}]}},"_links":{"self":[{"href":"https:\/\/easywebmkt.com.ar\/cotone\/wp-json\/wp\/v2\/product\/10622","targetHints":{"allow":["GET"]}}],"collection":[{"href":"https:\/\/easywebmkt.com.ar\/cotone\/wp-json\/wp\/v2\/product"}],"about":[{"href":"https:\/\/easywebmkt.com.ar\/cotone\/wp-json\/wp\/v2\/types\/product"}],"replies":[{"embeddable":true,"href":"https:\/\/easywebmkt.com.ar\/cotone\/wp-json\/wp\/v2\/comments?post=10622"}],"wp:featuredmedia":[{"embeddable":true,"href":"https:\/\/easywebmkt.com.ar\/cotone\/wp-json\/wp\/v2\/media\/10623"}],"wp:attachment":[{"href":"https:\/\/easywebmkt.com.ar\/cotone\/wp-json\/wp\/v2\/media?parent=10622"}],"wp:term":[{"taxonomy":"product_brand","embeddable":true,"href":"https:\/\/easywebmkt.com.ar\/cotone\/wp-json\/wp\/v2\/product_brand?post=10622"},{"taxonomy":"product_cat","embeddable":true,"href":"https:\/\/easywebmkt.com.ar\/cotone\/wp-json\/wp\/v2\/product_cat?post=10622"},{"taxonomy":"product_tag","embeddable":true,"href":"https:\/\/easywebmkt.com.ar\/cotone\/wp-json\/wp\/v2\/product_tag?post=10622"}],"curies":[{"name":"wp","href":"https:\/\/api.w.org\/{rel}","templated":true}]}}