{"id":10636,"date":"2020-11-17T15:29:45","date_gmt":"2020-11-17T18:29:45","guid":{"rendered":"http:\/\/viacotone.local\/?post_type=product&#038;p=10636"},"modified":"2021-09-21T09:29:37","modified_gmt":"2021-09-21T12:29:37","slug":"auriculares-gamer-con-microfono-i","status":"publish","type":"product","link":"https:\/\/easywebmkt.com.ar\/cotone\/productos\/auriculares-gamer-con-microfono-i\/","title":{"rendered":"Auriculares Gamer con Micr\u00f3fono I"},"content":{"rendered":"","protected":false},"excerpt":{"rendered":"<p><strong>Auriculares con Sonido y Dise\u00f1o letales.<br \/>\n<\/strong><br \/>\nPoseen unas suaves almohadillas que te permitir\u00e1n disfrutar plenamente de tus juegos y tu m\u00fasica.<br \/>\nIncluye micr\u00f3fono de alta sensibilidad y con cancelaci\u00f3n de ruido.<\/p>\n<div>&#8211; Di\u00e1metro de Auricular: 4 cm.<\/div>\n<div>&#8211; Sonido de Alta Definici\u00f3n y Bajos Reforzados con sensaci\u00f3n &#8220;3D Sound&#8221;<\/div>\n<div>&#8211; Micr\u00f3fono rotable de Alta Sensibilidad y con cancelaci\u00f3n de ruido<\/div>\n<div>&#8211; Control de Volumen<\/div>\n<div>&#8211; Vincha ajustable<\/div>\n<div>&#8211; Acolchado suave y c\u00f3modo<\/div>\n<div>&#8211; 2 conectores miniplug 3.5 Stereo (Audio\/Mic.) para PC<\/div>\n<div>&#8211; Longitud del cable: 2 metros<\/div>\n","protected":false},"featured_media":11177,"comment_status":"closed","ping_status":"closed","template":"","meta":[],"product_brand":[],"product_cat":[68,408],"product_tag":[148,354,541,540,542,515,528,538,539],"class_list":{"0":"post-10636","1":"product","2":"type-product","3":"status-publish","4":"has-post-thumbnail","6":"product_cat-tecnologia","7":"product_cat-auriculares","8":"product_tag-audio","9":"product_tag-auriculares","10":"product_tag-game","11":"product_tag-gamer","12":"product_tag-juego-online","13":"product_tag-microfono","14":"product_tag-musica","15":"product_tag-pc","16":"product_tag-video-juegos","18":"first","19":"instock","20":"shipping-taxable","21":"purchasable","22":"product-type-simple"},"yoast_head":"<!-- This site is optimized with the Yoast SEO plugin v23.4 - https:\/\/yoast.com\/wordpress\/plugins\/seo\/ -->\n<title>Auriculares Gamer con Micr\u00f3fono I - Viacotone Argentina<\/title>\n<meta name=\"robots\" content=\"index, follow, max-snippet:-1, max-image-preview:large, max-video-preview:-1\" \/>\n<link rel=\"canonical\" href=\"https:\/\/easywebmkt.com.ar\/cotone\/productos\/auriculares-gamer-con-microfono-i\/\" \/>\n<meta property=\"og:locale\" content=\"es_ES\" \/>\n<meta property=\"og:type\" content=\"article\" \/>\n<meta property=\"og:title\" content=\"Auriculares Gamer con Micr\u00f3fono I - Viacotone Argentina\" \/>\n<meta property=\"og:description\" content=\"Auriculares con Sonido y Dise\u00f1o letales.  Poseen unas suaves almohadillas que te permitir\u00e1n disfrutar plenamente de tus juegos y tu m\u00fasica. Incluye micr\u00f3fono de alta sensibilidad y con cancelaci\u00f3n de ruido. - Di\u00e1metro de Auricular: 4 cm. - Sonido de Alta Definici\u00f3n y Bajos Reforzados con sensaci\u00f3n &quot;3D Sound&quot; - Micr\u00f3fono rotable de Alta Sensibilidad y con cancelaci\u00f3n de ruido - Control de Volumen - Vincha ajustable - Acolchado suave y c\u00f3modo - 2 conectores miniplug 3.5 Stereo (Audio\/Mic.) para PC - Longitud del cable: 2 metros\" \/>\n<meta property=\"og:url\" content=\"https:\/\/easywebmkt.com.ar\/cotone\/productos\/auriculares-gamer-con-microfono-i\/\" \/>\n<meta property=\"og:site_name\" content=\"Viacotone Argentina\" \/>\n<meta property=\"article:modified_time\" content=\"2021-09-21T12:29:37+00:00\" \/>\n<meta property=\"og:image\" content=\"https:\/\/easywebmkt.com.ar\/cotone\/wp-content\/uploads\/2020\/11\/1000_1300-ST-HIDE-ANGULO.jpg\" \/>\n\t<meta property=\"og:image:width\" content=\"750\" \/>\n\t<meta property=\"og:image:height\" content=\"750\" \/>\n\t<meta property=\"og:image:type\" content=\"image\/jpeg\" \/>\n<meta name=\"twitter:card\" content=\"summary_large_image\" \/>\n<script type=\"application\/ld+json\" class=\"yoast-schema-graph\">{\"@context\":\"https:\/\/schema.org\",\"@graph\":[{\"@type\":\"WebPage\",\"@id\":\"https:\/\/easywebmkt.com.ar\/cotone\/productos\/auriculares-gamer-con-microfono-i\/\",\"url\":\"https:\/\/easywebmkt.com.ar\/cotone\/productos\/auriculares-gamer-con-microfono-i\/\",\"name\":\"Auriculares Gamer con Micr\u00f3fono I - Viacotone Argentina\",\"isPartOf\":{\"@id\":\"https:\/\/easywebmkt.com.ar\/cotone\/#website\"},\"primaryImageOfPage\":{\"@id\":\"https:\/\/easywebmkt.com.ar\/cotone\/productos\/auriculares-gamer-con-microfono-i\/#primaryimage\"},\"image\":{\"@id\":\"https:\/\/easywebmkt.com.ar\/cotone\/productos\/auriculares-gamer-con-microfono-i\/#primaryimage\"},\"thumbnailUrl\":\"https:\/\/easywebmkt.com.ar\/cotone\/wp-content\/uploads\/2020\/11\/1000_1300-ST-HIDE-ANGULO.jpg\",\"datePublished\":\"2020-11-17T18:29:45+00:00\",\"dateModified\":\"2021-09-21T12:29:37+00:00\",\"breadcrumb\":{\"@id\":\"https:\/\/easywebmkt.com.ar\/cotone\/productos\/auriculares-gamer-con-microfono-i\/#breadcrumb\"},\"inLanguage\":\"es-AR\",\"potentialAction\":[{\"@type\":\"ReadAction\",\"target\":[\"https:\/\/easywebmkt.com.ar\/cotone\/productos\/auriculares-gamer-con-microfono-i\/\"]}]},{\"@type\":\"ImageObject\",\"inLanguage\":\"es-AR\",\"@id\":\"https:\/\/easywebmkt.com.ar\/cotone\/productos\/auriculares-gamer-con-microfono-i\/#primaryimage\",\"url\":\"https:\/\/easywebmkt.com.ar\/cotone\/wp-content\/uploads\/2020\/11\/1000_1300-ST-HIDE-ANGULO.jpg\",\"contentUrl\":\"https:\/\/easywebmkt.com.ar\/cotone\/wp-content\/uploads\/2020\/11\/1000_1300-ST-HIDE-ANGULO.jpg\",\"width\":750,\"height\":750},{\"@type\":\"BreadcrumbList\",\"@id\":\"https:\/\/easywebmkt.com.ar\/cotone\/productos\/auriculares-gamer-con-microfono-i\/#breadcrumb\",\"itemListElement\":[{\"@type\":\"ListItem\",\"position\":1,\"name\":\"Inicio\",\"item\":\"https:\/\/easywebmkt.com.ar\/cotone\/\"},{\"@type\":\"ListItem\",\"position\":2,\"name\":\"Productos\",\"item\":\"https:\/\/easywebmkt.com.ar\/cotone\/productos\/\"},{\"@type\":\"ListItem\",\"position\":3,\"name\":\"Auriculares Gamer con Micr\u00f3fono I\"}]},{\"@type\":\"WebSite\",\"@id\":\"https:\/\/easywebmkt.com.ar\/cotone\/#website\",\"url\":\"https:\/\/easywebmkt.com.ar\/cotone\/\",\"name\":\"Viacotone Argentina\",\"description\":\"Merchandising Partners\",\"potentialAction\":[{\"@type\":\"SearchAction\",\"target\":{\"@type\":\"EntryPoint\",\"urlTemplate\":\"https:\/\/easywebmkt.com.ar\/cotone\/?s={search_term_string}\"},\"query-input\":{\"@type\":\"PropertyValueSpecification\",\"valueRequired\":true,\"valueName\":\"search_term_string\"}}],\"inLanguage\":\"es-AR\"}]}<\/script>\n<!-- \/ Yoast SEO plugin. -->","yoast_head_json":{"title":"Auriculares Gamer con Micr\u00f3fono I - Viacotone Argentina","robots":{"index":"index","follow":"follow","max-snippet":"max-snippet:-1","max-image-preview":"max-image-preview:large","max-video-preview":"max-video-preview:-1"},"canonical":"https:\/\/easywebmkt.com.ar\/cotone\/productos\/auriculares-gamer-con-microfono-i\/","og_locale":"es_ES","og_type":"article","og_title":"Auriculares Gamer con Micr\u00f3fono I - Viacotone Argentina","og_description":"Auriculares con Sonido y Dise\u00f1o letales.  Poseen unas suaves almohadillas que te permitir\u00e1n disfrutar plenamente de tus juegos y tu m\u00fasica. Incluye micr\u00f3fono de alta sensibilidad y con cancelaci\u00f3n de ruido. - Di\u00e1metro de Auricular: 4 cm. - Sonido de Alta Definici\u00f3n y Bajos Reforzados con sensaci\u00f3n \"3D Sound\" - Micr\u00f3fono rotable de Alta Sensibilidad y con cancelaci\u00f3n de ruido - Control de Volumen - Vincha ajustable - Acolchado suave y c\u00f3modo - 2 conectores miniplug 3.5 Stereo (Audio\/Mic.) para PC - Longitud del cable: 2 metros","og_url":"https:\/\/easywebmkt.com.ar\/cotone\/productos\/auriculares-gamer-con-microfono-i\/","og_site_name":"Viacotone Argentina","article_modified_time":"2021-09-21T12:29:37+00:00","og_image":[{"width":750,"height":750,"url":"https:\/\/easywebmkt.com.ar\/cotone\/wp-content\/uploads\/2020\/11\/1000_1300-ST-HIDE-ANGULO.jpg","type":"image\/jpeg"}],"twitter_card":"summary_large_image","schema":{"@context":"https:\/\/schema.org","@graph":[{"@type":"WebPage","@id":"https:\/\/easywebmkt.com.ar\/cotone\/productos\/auriculares-gamer-con-microfono-i\/","url":"https:\/\/easywebmkt.com.ar\/cotone\/productos\/auriculares-gamer-con-microfono-i\/","name":"Auriculares Gamer con Micr\u00f3fono I - Viacotone Argentina","isPartOf":{"@id":"https:\/\/easywebmkt.com.ar\/cotone\/#website"},"primaryImageOfPage":{"@id":"https:\/\/easywebmkt.com.ar\/cotone\/productos\/auriculares-gamer-con-microfono-i\/#primaryimage"},"image":{"@id":"https:\/\/easywebmkt.com.ar\/cotone\/productos\/auriculares-gamer-con-microfono-i\/#primaryimage"},"thumbnailUrl":"https:\/\/easywebmkt.com.ar\/cotone\/wp-content\/uploads\/2020\/11\/1000_1300-ST-HIDE-ANGULO.jpg","datePublished":"2020-11-17T18:29:45+00:00","dateModified":"2021-09-21T12:29:37+00:00","breadcrumb":{"@id":"https:\/\/easywebmkt.com.ar\/cotone\/productos\/auriculares-gamer-con-microfono-i\/#breadcrumb"},"inLanguage":"es-AR","potentialAction":[{"@type":"ReadAction","target":["https:\/\/easywebmkt.com.ar\/cotone\/productos\/auriculares-gamer-con-microfono-i\/"]}]},{"@type":"ImageObject","inLanguage":"es-AR","@id":"https:\/\/easywebmkt.com.ar\/cotone\/productos\/auriculares-gamer-con-microfono-i\/#primaryimage","url":"https:\/\/easywebmkt.com.ar\/cotone\/wp-content\/uploads\/2020\/11\/1000_1300-ST-HIDE-ANGULO.jpg","contentUrl":"https:\/\/easywebmkt.com.ar\/cotone\/wp-content\/uploads\/2020\/11\/1000_1300-ST-HIDE-ANGULO.jpg","width":750,"height":750},{"@type":"BreadcrumbList","@id":"https:\/\/easywebmkt.com.ar\/cotone\/productos\/auriculares-gamer-con-microfono-i\/#breadcrumb","itemListElement":[{"@type":"ListItem","position":1,"name":"Inicio","item":"https:\/\/easywebmkt.com.ar\/cotone\/"},{"@type":"ListItem","position":2,"name":"Productos","item":"https:\/\/easywebmkt.com.ar\/cotone\/productos\/"},{"@type":"ListItem","position":3,"name":"Auriculares Gamer con Micr\u00f3fono I"}]},{"@type":"WebSite","@id":"https:\/\/easywebmkt.com.ar\/cotone\/#website","url":"https:\/\/easywebmkt.com.ar\/cotone\/","name":"Viacotone Argentina","description":"Merchandising Partners","potentialAction":[{"@type":"SearchAction","target":{"@type":"EntryPoint","urlTemplate":"https:\/\/easywebmkt.com.ar\/cotone\/?s={search_term_string}"},"query-input":{"@type":"PropertyValueSpecification","valueRequired":true,"valueName":"search_term_string"}}],"inLanguage":"es-AR"}]}},"_links":{"self":[{"href":"https:\/\/easywebmkt.com.ar\/cotone\/wp-json\/wp\/v2\/product\/10636","targetHints":{"allow":["GET"]}}],"collection":[{"href":"https:\/\/easywebmkt.com.ar\/cotone\/wp-json\/wp\/v2\/product"}],"about":[{"href":"https:\/\/easywebmkt.com.ar\/cotone\/wp-json\/wp\/v2\/types\/product"}],"replies":[{"embeddable":true,"href":"https:\/\/easywebmkt.com.ar\/cotone\/wp-json\/wp\/v2\/comments?post=10636"}],"wp:featuredmedia":[{"embeddable":true,"href":"https:\/\/easywebmkt.com.ar\/cotone\/wp-json\/wp\/v2\/media\/11177"}],"wp:attachment":[{"href":"https:\/\/easywebmkt.com.ar\/cotone\/wp-json\/wp\/v2\/media?parent=10636"}],"wp:term":[{"taxonomy":"product_brand","embeddable":true,"href":"https:\/\/easywebmkt.com.ar\/cotone\/wp-json\/wp\/v2\/product_brand?post=10636"},{"taxonomy":"product_cat","embeddable":true,"href":"https:\/\/easywebmkt.com.ar\/cotone\/wp-json\/wp\/v2\/product_cat?post=10636"},{"taxonomy":"product_tag","embeddable":true,"href":"https:\/\/easywebmkt.com.ar\/cotone\/wp-json\/wp\/v2\/product_tag?post=10636"}],"curies":[{"name":"wp","href":"https:\/\/api.w.org\/{rel}","templated":true}]}}