{"id":10642,"date":"2020-11-17T15:35:13","date_gmt":"2020-11-17T18:35:13","guid":{"rendered":"http:\/\/viacotone.local\/?post_type=product&#038;p=10642"},"modified":"2021-09-21T09:29:37","modified_gmt":"2021-09-21T12:29:37","slug":"auriculares-gamer-7-1-con-microfono","status":"publish","type":"product","link":"https:\/\/easywebmkt.com.ar\/cotone\/productos\/auriculares-gamer-7-1-con-microfono\/","title":{"rendered":"Auriculares Gamer 7.1 con Micr\u00f3fono"},"content":{"rendered":"","protected":false},"excerpt":{"rendered":"<div>\n<p><strong>Sistema de Sonido 7.1 Virtual Surround de Alta Performance.<\/strong><\/p>\n<p>&nbsp;<\/p>\n<\/div>\n<div>Estos Auriculares son perfectos para dominar en Juegos Multiplayer: la extraordinaria transparencia del Sonido 7.1 Virtual Surround te permitir\u00e1 escuchar y entender de donde provienen los ataques que puedas recibir.<\/div>\n<div>Posee conector USB \u00fanico compatible con PC y P4.<\/div>\n<div>Con su micr\u00f3fono omnidireccional podr\u00e1s comunicarte con tus compa\u00f1eros para lograr la estrategia de equipo que garantice la victoria.<\/div>\n<div>Y su dise\u00f1o gamer de avanzada en color camouflage ser\u00e1 parte de tu indumentaria y te pondr\u00e1 en sinton\u00eda para estar dentro de la escena.<\/div>\n<div><\/div>\n<div>\n<div>&#8211; Virtual 7.1 CH. Sonido envolvente sin distorsi\u00f3n<\/div>\n<div>&#8211; Drivers din\u00e1micos de 50 mm. y mayor potencia<\/div>\n<div>&#8211; Micr\u00f3fono omnidireccional articulado<\/div>\n<div>&#8211; LEDS laterales con 7 cambios de color ajustables<\/div>\n<div>&#8211; Control de Volumen en auricular izquierdo<\/div>\n<div>&#8211; Acolchado con reducci\u00f3n pasiva de ruidos<\/div>\n<div>&#8211; Conexi\u00f3n USB \u00fanica compatible con PC y P4<\/div>\n<div>&#8211; Cable con Filtro<\/div>\n<div>&#8211; Longitud del cable: 20 cm.<\/div>\n<div>&#8211; Dimensiones: 19 x 11 x 23 cm.<\/div>\n<\/div>\n","protected":false},"featured_media":11173,"comment_status":"closed","ping_status":"closed","template":"","meta":[],"product_brand":[],"product_cat":[68,408],"product_tag":[148,354,543,541,540,542,515,528,538,539],"class_list":{"0":"post-10642","1":"product","2":"type-product","3":"status-publish","4":"has-post-thumbnail","6":"product_cat-tecnologia","7":"product_cat-auriculares","8":"product_tag-audio","9":"product_tag-auriculares","10":"product_tag-combat","11":"product_tag-game","12":"product_tag-gamer","13":"product_tag-juego-online","14":"product_tag-microfono","15":"product_tag-musica","16":"product_tag-pc","17":"product_tag-video-juegos","19":"first","20":"instock","21":"shipping-taxable","22":"purchasable","23":"product-type-simple"},"yoast_head":"<!-- This site is optimized with the Yoast SEO plugin v23.4 - https:\/\/yoast.com\/wordpress\/plugins\/seo\/ -->\n<title>Auriculares Gamer 7.1 con Micr\u00f3fono - Viacotone Argentina<\/title>\n<meta name=\"robots\" content=\"index, follow, max-snippet:-1, max-image-preview:large, max-video-preview:-1\" \/>\n<link rel=\"canonical\" href=\"https:\/\/easywebmkt.com.ar\/cotone\/productos\/auriculares-gamer-7-1-con-microfono\/\" \/>\n<meta property=\"og:locale\" content=\"es_ES\" \/>\n<meta property=\"og:type\" content=\"article\" \/>\n<meta property=\"og:title\" content=\"Auriculares Gamer 7.1 con Micr\u00f3fono - Viacotone Argentina\" \/>\n<meta property=\"og:description\" content=\"Sistema de Sonido 7.1 Virtual Surround de Alta Performance.  &nbsp;   Estos Auriculares son perfectos para dominar en Juegos Multiplayer: la extraordinaria transparencia del Sonido 7.1 Virtual Surround te permitir\u00e1 escuchar y entender de donde provienen los ataques que puedas recibir. Posee conector USB \u00fanico compatible con PC y P4. Con su micr\u00f3fono omnidireccional podr\u00e1s comunicarte con tus compa\u00f1eros para lograr la estrategia de equipo que garantice la victoria. Y su dise\u00f1o gamer de avanzada en color camouflage ser\u00e1 parte de tu indumentaria y te pondr\u00e1 en sinton\u00eda para estar dentro de la escena.   - Virtual 7.1 CH. Sonido envolvente sin distorsi\u00f3n - Drivers din\u00e1micos de 50 mm. y mayor potencia - Micr\u00f3fono omnidireccional articulado - LEDS laterales con 7 cambios de color ajustables - Control de Volumen en auricular izquierdo - Acolchado con reducci\u00f3n pasiva de ruidos - Conexi\u00f3n USB \u00fanica compatible con PC y P4 - Cable con Filtro - Longitud del cable: 20 cm. - Dimensiones: 19 x 11 x 23 cm.\" \/>\n<meta property=\"og:url\" content=\"https:\/\/easywebmkt.com.ar\/cotone\/productos\/auriculares-gamer-7-1-con-microfono\/\" \/>\n<meta property=\"og:site_name\" content=\"Viacotone Argentina\" \/>\n<meta property=\"article:modified_time\" content=\"2021-09-21T12:29:37+00:00\" \/>\n<meta property=\"og:image\" content=\"https:\/\/easywebmkt.com.ar\/cotone\/wp-content\/uploads\/2020\/11\/600_750-ST-COMBAT-ANGULO.jpg\" \/>\n\t<meta property=\"og:image:width\" content=\"750\" \/>\n\t<meta property=\"og:image:height\" content=\"750\" \/>\n\t<meta property=\"og:image:type\" content=\"image\/jpeg\" \/>\n<meta name=\"twitter:card\" content=\"summary_large_image\" \/>\n<script type=\"application\/ld+json\" class=\"yoast-schema-graph\">{\"@context\":\"https:\/\/schema.org\",\"@graph\":[{\"@type\":\"WebPage\",\"@id\":\"https:\/\/easywebmkt.com.ar\/cotone\/productos\/auriculares-gamer-7-1-con-microfono\/\",\"url\":\"https:\/\/easywebmkt.com.ar\/cotone\/productos\/auriculares-gamer-7-1-con-microfono\/\",\"name\":\"Auriculares Gamer 7.1 con Micr\u00f3fono - Viacotone Argentina\",\"isPartOf\":{\"@id\":\"https:\/\/easywebmkt.com.ar\/cotone\/#website\"},\"primaryImageOfPage\":{\"@id\":\"https:\/\/easywebmkt.com.ar\/cotone\/productos\/auriculares-gamer-7-1-con-microfono\/#primaryimage\"},\"image\":{\"@id\":\"https:\/\/easywebmkt.com.ar\/cotone\/productos\/auriculares-gamer-7-1-con-microfono\/#primaryimage\"},\"thumbnailUrl\":\"https:\/\/easywebmkt.com.ar\/cotone\/wp-content\/uploads\/2020\/11\/600_750-ST-COMBAT-ANGULO.jpg\",\"datePublished\":\"2020-11-17T18:35:13+00:00\",\"dateModified\":\"2021-09-21T12:29:37+00:00\",\"breadcrumb\":{\"@id\":\"https:\/\/easywebmkt.com.ar\/cotone\/productos\/auriculares-gamer-7-1-con-microfono\/#breadcrumb\"},\"inLanguage\":\"es-AR\",\"potentialAction\":[{\"@type\":\"ReadAction\",\"target\":[\"https:\/\/easywebmkt.com.ar\/cotone\/productos\/auriculares-gamer-7-1-con-microfono\/\"]}]},{\"@type\":\"ImageObject\",\"inLanguage\":\"es-AR\",\"@id\":\"https:\/\/easywebmkt.com.ar\/cotone\/productos\/auriculares-gamer-7-1-con-microfono\/#primaryimage\",\"url\":\"https:\/\/easywebmkt.com.ar\/cotone\/wp-content\/uploads\/2020\/11\/600_750-ST-COMBAT-ANGULO.jpg\",\"contentUrl\":\"https:\/\/easywebmkt.com.ar\/cotone\/wp-content\/uploads\/2020\/11\/600_750-ST-COMBAT-ANGULO.jpg\",\"width\":750,\"height\":750},{\"@type\":\"BreadcrumbList\",\"@id\":\"https:\/\/easywebmkt.com.ar\/cotone\/productos\/auriculares-gamer-7-1-con-microfono\/#breadcrumb\",\"itemListElement\":[{\"@type\":\"ListItem\",\"position\":1,\"name\":\"Inicio\",\"item\":\"https:\/\/easywebmkt.com.ar\/cotone\/\"},{\"@type\":\"ListItem\",\"position\":2,\"name\":\"Productos\",\"item\":\"https:\/\/easywebmkt.com.ar\/cotone\/productos\/\"},{\"@type\":\"ListItem\",\"position\":3,\"name\":\"Auriculares Gamer 7.1 con Micr\u00f3fono\"}]},{\"@type\":\"WebSite\",\"@id\":\"https:\/\/easywebmkt.com.ar\/cotone\/#website\",\"url\":\"https:\/\/easywebmkt.com.ar\/cotone\/\",\"name\":\"Viacotone Argentina\",\"description\":\"Merchandising Partners\",\"potentialAction\":[{\"@type\":\"SearchAction\",\"target\":{\"@type\":\"EntryPoint\",\"urlTemplate\":\"https:\/\/easywebmkt.com.ar\/cotone\/?s={search_term_string}\"},\"query-input\":{\"@type\":\"PropertyValueSpecification\",\"valueRequired\":true,\"valueName\":\"search_term_string\"}}],\"inLanguage\":\"es-AR\"}]}<\/script>\n<!-- \/ Yoast SEO plugin. -->","yoast_head_json":{"title":"Auriculares Gamer 7.1 con Micr\u00f3fono - Viacotone Argentina","robots":{"index":"index","follow":"follow","max-snippet":"max-snippet:-1","max-image-preview":"max-image-preview:large","max-video-preview":"max-video-preview:-1"},"canonical":"https:\/\/easywebmkt.com.ar\/cotone\/productos\/auriculares-gamer-7-1-con-microfono\/","og_locale":"es_ES","og_type":"article","og_title":"Auriculares Gamer 7.1 con Micr\u00f3fono - Viacotone Argentina","og_description":"Sistema de Sonido 7.1 Virtual Surround de Alta Performance.  &nbsp;   Estos Auriculares son perfectos para dominar en Juegos Multiplayer: la extraordinaria transparencia del Sonido 7.1 Virtual Surround te permitir\u00e1 escuchar y entender de donde provienen los ataques que puedas recibir. Posee conector USB \u00fanico compatible con PC y P4. Con su micr\u00f3fono omnidireccional podr\u00e1s comunicarte con tus compa\u00f1eros para lograr la estrategia de equipo que garantice la victoria. Y su dise\u00f1o gamer de avanzada en color camouflage ser\u00e1 parte de tu indumentaria y te pondr\u00e1 en sinton\u00eda para estar dentro de la escena.   - Virtual 7.1 CH. Sonido envolvente sin distorsi\u00f3n - Drivers din\u00e1micos de 50 mm. y mayor potencia - Micr\u00f3fono omnidireccional articulado - LEDS laterales con 7 cambios de color ajustables - Control de Volumen en auricular izquierdo - Acolchado con reducci\u00f3n pasiva de ruidos - Conexi\u00f3n USB \u00fanica compatible con PC y P4 - Cable con Filtro - Longitud del cable: 20 cm. - Dimensiones: 19 x 11 x 23 cm.","og_url":"https:\/\/easywebmkt.com.ar\/cotone\/productos\/auriculares-gamer-7-1-con-microfono\/","og_site_name":"Viacotone Argentina","article_modified_time":"2021-09-21T12:29:37+00:00","og_image":[{"width":750,"height":750,"url":"https:\/\/easywebmkt.com.ar\/cotone\/wp-content\/uploads\/2020\/11\/600_750-ST-COMBAT-ANGULO.jpg","type":"image\/jpeg"}],"twitter_card":"summary_large_image","schema":{"@context":"https:\/\/schema.org","@graph":[{"@type":"WebPage","@id":"https:\/\/easywebmkt.com.ar\/cotone\/productos\/auriculares-gamer-7-1-con-microfono\/","url":"https:\/\/easywebmkt.com.ar\/cotone\/productos\/auriculares-gamer-7-1-con-microfono\/","name":"Auriculares Gamer 7.1 con Micr\u00f3fono - Viacotone Argentina","isPartOf":{"@id":"https:\/\/easywebmkt.com.ar\/cotone\/#website"},"primaryImageOfPage":{"@id":"https:\/\/easywebmkt.com.ar\/cotone\/productos\/auriculares-gamer-7-1-con-microfono\/#primaryimage"},"image":{"@id":"https:\/\/easywebmkt.com.ar\/cotone\/productos\/auriculares-gamer-7-1-con-microfono\/#primaryimage"},"thumbnailUrl":"https:\/\/easywebmkt.com.ar\/cotone\/wp-content\/uploads\/2020\/11\/600_750-ST-COMBAT-ANGULO.jpg","datePublished":"2020-11-17T18:35:13+00:00","dateModified":"2021-09-21T12:29:37+00:00","breadcrumb":{"@id":"https:\/\/easywebmkt.com.ar\/cotone\/productos\/auriculares-gamer-7-1-con-microfono\/#breadcrumb"},"inLanguage":"es-AR","potentialAction":[{"@type":"ReadAction","target":["https:\/\/easywebmkt.com.ar\/cotone\/productos\/auriculares-gamer-7-1-con-microfono\/"]}]},{"@type":"ImageObject","inLanguage":"es-AR","@id":"https:\/\/easywebmkt.com.ar\/cotone\/productos\/auriculares-gamer-7-1-con-microfono\/#primaryimage","url":"https:\/\/easywebmkt.com.ar\/cotone\/wp-content\/uploads\/2020\/11\/600_750-ST-COMBAT-ANGULO.jpg","contentUrl":"https:\/\/easywebmkt.com.ar\/cotone\/wp-content\/uploads\/2020\/11\/600_750-ST-COMBAT-ANGULO.jpg","width":750,"height":750},{"@type":"BreadcrumbList","@id":"https:\/\/easywebmkt.com.ar\/cotone\/productos\/auriculares-gamer-7-1-con-microfono\/#breadcrumb","itemListElement":[{"@type":"ListItem","position":1,"name":"Inicio","item":"https:\/\/easywebmkt.com.ar\/cotone\/"},{"@type":"ListItem","position":2,"name":"Productos","item":"https:\/\/easywebmkt.com.ar\/cotone\/productos\/"},{"@type":"ListItem","position":3,"name":"Auriculares Gamer 7.1 con Micr\u00f3fono"}]},{"@type":"WebSite","@id":"https:\/\/easywebmkt.com.ar\/cotone\/#website","url":"https:\/\/easywebmkt.com.ar\/cotone\/","name":"Viacotone Argentina","description":"Merchandising Partners","potentialAction":[{"@type":"SearchAction","target":{"@type":"EntryPoint","urlTemplate":"https:\/\/easywebmkt.com.ar\/cotone\/?s={search_term_string}"},"query-input":{"@type":"PropertyValueSpecification","valueRequired":true,"valueName":"search_term_string"}}],"inLanguage":"es-AR"}]}},"_links":{"self":[{"href":"https:\/\/easywebmkt.com.ar\/cotone\/wp-json\/wp\/v2\/product\/10642","targetHints":{"allow":["GET"]}}],"collection":[{"href":"https:\/\/easywebmkt.com.ar\/cotone\/wp-json\/wp\/v2\/product"}],"about":[{"href":"https:\/\/easywebmkt.com.ar\/cotone\/wp-json\/wp\/v2\/types\/product"}],"replies":[{"embeddable":true,"href":"https:\/\/easywebmkt.com.ar\/cotone\/wp-json\/wp\/v2\/comments?post=10642"}],"wp:featuredmedia":[{"embeddable":true,"href":"https:\/\/easywebmkt.com.ar\/cotone\/wp-json\/wp\/v2\/media\/11173"}],"wp:attachment":[{"href":"https:\/\/easywebmkt.com.ar\/cotone\/wp-json\/wp\/v2\/media?parent=10642"}],"wp:term":[{"taxonomy":"product_brand","embeddable":true,"href":"https:\/\/easywebmkt.com.ar\/cotone\/wp-json\/wp\/v2\/product_brand?post=10642"},{"taxonomy":"product_cat","embeddable":true,"href":"https:\/\/easywebmkt.com.ar\/cotone\/wp-json\/wp\/v2\/product_cat?post=10642"},{"taxonomy":"product_tag","embeddable":true,"href":"https:\/\/easywebmkt.com.ar\/cotone\/wp-json\/wp\/v2\/product_tag?post=10642"}],"curies":[{"name":"wp","href":"https:\/\/api.w.org\/{rel}","templated":true}]}}