{"id":10648,"date":"2020-11-17T15:44:01","date_gmt":"2020-11-17T18:44:01","guid":{"rendered":"http:\/\/viacotone.local\/?post_type=product&#038;p=10648"},"modified":"2021-09-21T09:29:36","modified_gmt":"2021-09-21T12:29:36","slug":"auriculares-inalambricos-base","status":"publish","type":"product","link":"https:\/\/easywebmkt.com.ar\/cotone\/productos\/auriculares-inalambricos-base\/","title":{"rendered":"Auriculares Inal\u00e1mbricos Base"},"content":{"rendered":"","protected":false},"excerpt":{"rendered":"<div class=\"row productarea article-detail\">\n<div class=\"col-sm-7 box-detail\">\n<div class=\"short_desc\">\n<div>\n<p><strong>M\u00fasica, pel\u00edculas y juegos a todo volumen sin que nadie escuche.<\/strong><\/p>\n<p>Permite moverse con total libertad.<\/p>\n<\/div>\n<div>Para sistemas de Audio, DVD, TV, Consolas de Videojuegos; etc.<\/div>\n<div>Adem\u00e1s puede ser utilizado para chatear en PC gracias al micr\u00f3fono que posee en la base.<\/div>\n<div>\n<p>Excelente se\u00f1al y sonido inclusive entre paredes.<\/p>\n<div>&#8211; Auriculares Inal\u00e1mbricos con base receptora que se conecta al equipo correspondiente a trav\u00e9s de cable RCA incorporado<\/div>\n<div>&#8211; Alcance 10 metros incluso entre paredes<\/div>\n<div>&#8211; Poseen Antena interna<\/div>\n<div>&#8211; Control de ON\/OFF y de Volumen (todo en 1 solo control)<\/div>\n<div>&#8211; Bot\u00f3n SCAN: busca frecuencia de audio<\/div>\n<div>&#8211; Bot\u00f3n RESET: restablece valores de f\u00e1brica<\/div>\n<div>&#8211; Entrada miniplug para usarlo con cable como un auricular convencional<\/div>\n<div>&#8211; Acolchados para un mayor confort<\/div>\n<div>&#8211; Vincha Ajustable<\/div>\n<div>&#8211; Ultra Liviano<\/div>\n<div>&#8211; Los Auriculares funcionan con 2 pilas AAA<\/div>\n<div>&#8211; La base posee un micr\u00f3fono interno, de esta forma podr\u00e1s chatear con total comodidad sin necesidad de usar cables<\/div>\n<div>&#8211; Adem\u00e1s ofrece la opci\u00f3n de conectar un micr\u00f3fono externo<\/div>\n<div>&#8211; La base funciona con 2 pilas AAA y tambi\u00e9n con Fuente de Alimentaci\u00f3n DC 5V<\/div>\n<\/div>\n<\/div>\n<\/div>\n<\/div>\n","protected":false},"featured_media":11219,"comment_status":"closed","ping_status":"closed","template":"","meta":[],"product_brand":[],"product_cat":[68,408],"product_tag":[148,354,515,528],"class_list":{"0":"post-10648","1":"product","2":"type-product","3":"status-publish","4":"has-post-thumbnail","6":"product_cat-tecnologia","7":"product_cat-auriculares","8":"product_tag-audio","9":"product_tag-auriculares","10":"product_tag-microfono","11":"product_tag-musica","13":"first","14":"instock","15":"shipping-taxable","16":"purchasable","17":"product-type-simple"},"yoast_head":"<!-- This site is optimized with the Yoast SEO plugin v23.4 - https:\/\/yoast.com\/wordpress\/plugins\/seo\/ -->\n<title>Auriculares Inal\u00e1mbricos Base - Viacotone Argentina<\/title>\n<meta name=\"robots\" content=\"index, follow, max-snippet:-1, max-image-preview:large, max-video-preview:-1\" \/>\n<link rel=\"canonical\" href=\"https:\/\/easywebmkt.com.ar\/cotone\/productos\/auriculares-inalambricos-base\/\" \/>\n<meta property=\"og:locale\" content=\"es_ES\" \/>\n<meta property=\"og:type\" content=\"article\" \/>\n<meta property=\"og:title\" content=\"Auriculares Inal\u00e1mbricos Base - Viacotone Argentina\" \/>\n<meta property=\"og:description\" content=\"M\u00fasica, pel\u00edculas y juegos a todo volumen sin que nadie escuche.  Permite moverse con total libertad.   Para sistemas de Audio, DVD, TV, Consolas de Videojuegos; etc. Adem\u00e1s puede ser utilizado para chatear en PC gracias al micr\u00f3fono que posee en la base.   Excelente se\u00f1al y sonido inclusive entre paredes. - Auriculares Inal\u00e1mbricos con base receptora que se conecta al equipo correspondiente a trav\u00e9s de cable RCA incorporado - Alcance 10 metros incluso entre paredes - Poseen Antena interna - Control de ON\/OFF y de Volumen (todo en 1 solo control) - Bot\u00f3n SCAN: busca frecuencia de audio - Bot\u00f3n RESET: restablece valores de f\u00e1brica - Entrada miniplug para usarlo con cable como un auricular convencional - Acolchados para un mayor confort - Vincha Ajustable - Ultra Liviano - Los Auriculares funcionan con 2 pilas AAA - La base posee un micr\u00f3fono interno, de esta forma podr\u00e1s chatear con total comodidad sin necesidad de usar cables - Adem\u00e1s ofrece la opci\u00f3n de conectar un micr\u00f3fono externo - La base funciona con 2 pilas AAA y tambi\u00e9n con Fuente de Alimentaci\u00f3n DC 5V\" \/>\n<meta property=\"og:url\" content=\"https:\/\/easywebmkt.com.ar\/cotone\/productos\/auriculares-inalambricos-base\/\" \/>\n<meta property=\"og:site_name\" content=\"Viacotone Argentina\" \/>\n<meta property=\"article:modified_time\" content=\"2021-09-21T12:29:36+00:00\" \/>\n<meta property=\"og:image\" content=\"https:\/\/easywebmkt.com.ar\/cotone\/wp-content\/uploads\/2020\/11\/600_750-NG-110_1-1.jpg\" \/>\n\t<meta property=\"og:image:width\" content=\"750\" \/>\n\t<meta property=\"og:image:height\" content=\"750\" \/>\n\t<meta property=\"og:image:type\" content=\"image\/jpeg\" \/>\n<meta name=\"twitter:card\" content=\"summary_large_image\" \/>\n<script type=\"application\/ld+json\" class=\"yoast-schema-graph\">{\"@context\":\"https:\/\/schema.org\",\"@graph\":[{\"@type\":\"WebPage\",\"@id\":\"https:\/\/easywebmkt.com.ar\/cotone\/productos\/auriculares-inalambricos-base\/\",\"url\":\"https:\/\/easywebmkt.com.ar\/cotone\/productos\/auriculares-inalambricos-base\/\",\"name\":\"Auriculares Inal\u00e1mbricos Base - Viacotone Argentina\",\"isPartOf\":{\"@id\":\"https:\/\/easywebmkt.com.ar\/cotone\/#website\"},\"primaryImageOfPage\":{\"@id\":\"https:\/\/easywebmkt.com.ar\/cotone\/productos\/auriculares-inalambricos-base\/#primaryimage\"},\"image\":{\"@id\":\"https:\/\/easywebmkt.com.ar\/cotone\/productos\/auriculares-inalambricos-base\/#primaryimage\"},\"thumbnailUrl\":\"https:\/\/easywebmkt.com.ar\/cotone\/wp-content\/uploads\/2020\/11\/600_750-NG-110_1-1.jpg\",\"datePublished\":\"2020-11-17T18:44:01+00:00\",\"dateModified\":\"2021-09-21T12:29:36+00:00\",\"breadcrumb\":{\"@id\":\"https:\/\/easywebmkt.com.ar\/cotone\/productos\/auriculares-inalambricos-base\/#breadcrumb\"},\"inLanguage\":\"es-AR\",\"potentialAction\":[{\"@type\":\"ReadAction\",\"target\":[\"https:\/\/easywebmkt.com.ar\/cotone\/productos\/auriculares-inalambricos-base\/\"]}]},{\"@type\":\"ImageObject\",\"inLanguage\":\"es-AR\",\"@id\":\"https:\/\/easywebmkt.com.ar\/cotone\/productos\/auriculares-inalambricos-base\/#primaryimage\",\"url\":\"https:\/\/easywebmkt.com.ar\/cotone\/wp-content\/uploads\/2020\/11\/600_750-NG-110_1-1.jpg\",\"contentUrl\":\"https:\/\/easywebmkt.com.ar\/cotone\/wp-content\/uploads\/2020\/11\/600_750-NG-110_1-1.jpg\",\"width\":750,\"height\":750},{\"@type\":\"BreadcrumbList\",\"@id\":\"https:\/\/easywebmkt.com.ar\/cotone\/productos\/auriculares-inalambricos-base\/#breadcrumb\",\"itemListElement\":[{\"@type\":\"ListItem\",\"position\":1,\"name\":\"Inicio\",\"item\":\"https:\/\/easywebmkt.com.ar\/cotone\/\"},{\"@type\":\"ListItem\",\"position\":2,\"name\":\"Productos\",\"item\":\"https:\/\/easywebmkt.com.ar\/cotone\/productos\/\"},{\"@type\":\"ListItem\",\"position\":3,\"name\":\"Auriculares Inal\u00e1mbricos Base\"}]},{\"@type\":\"WebSite\",\"@id\":\"https:\/\/easywebmkt.com.ar\/cotone\/#website\",\"url\":\"https:\/\/easywebmkt.com.ar\/cotone\/\",\"name\":\"Viacotone Argentina\",\"description\":\"Merchandising Partners\",\"potentialAction\":[{\"@type\":\"SearchAction\",\"target\":{\"@type\":\"EntryPoint\",\"urlTemplate\":\"https:\/\/easywebmkt.com.ar\/cotone\/?s={search_term_string}\"},\"query-input\":{\"@type\":\"PropertyValueSpecification\",\"valueRequired\":true,\"valueName\":\"search_term_string\"}}],\"inLanguage\":\"es-AR\"}]}<\/script>\n<!-- \/ Yoast SEO plugin. -->","yoast_head_json":{"title":"Auriculares Inal\u00e1mbricos Base - Viacotone Argentina","robots":{"index":"index","follow":"follow","max-snippet":"max-snippet:-1","max-image-preview":"max-image-preview:large","max-video-preview":"max-video-preview:-1"},"canonical":"https:\/\/easywebmkt.com.ar\/cotone\/productos\/auriculares-inalambricos-base\/","og_locale":"es_ES","og_type":"article","og_title":"Auriculares Inal\u00e1mbricos Base - Viacotone Argentina","og_description":"M\u00fasica, pel\u00edculas y juegos a todo volumen sin que nadie escuche.  Permite moverse con total libertad.   Para sistemas de Audio, DVD, TV, Consolas de Videojuegos; etc. Adem\u00e1s puede ser utilizado para chatear en PC gracias al micr\u00f3fono que posee en la base.   Excelente se\u00f1al y sonido inclusive entre paredes. - Auriculares Inal\u00e1mbricos con base receptora que se conecta al equipo correspondiente a trav\u00e9s de cable RCA incorporado - Alcance 10 metros incluso entre paredes - Poseen Antena interna - Control de ON\/OFF y de Volumen (todo en 1 solo control) - Bot\u00f3n SCAN: busca frecuencia de audio - Bot\u00f3n RESET: restablece valores de f\u00e1brica - Entrada miniplug para usarlo con cable como un auricular convencional - Acolchados para un mayor confort - Vincha Ajustable - Ultra Liviano - Los Auriculares funcionan con 2 pilas AAA - La base posee un micr\u00f3fono interno, de esta forma podr\u00e1s chatear con total comodidad sin necesidad de usar cables - Adem\u00e1s ofrece la opci\u00f3n de conectar un micr\u00f3fono externo - La base funciona con 2 pilas AAA y tambi\u00e9n con Fuente de Alimentaci\u00f3n DC 5V","og_url":"https:\/\/easywebmkt.com.ar\/cotone\/productos\/auriculares-inalambricos-base\/","og_site_name":"Viacotone Argentina","article_modified_time":"2021-09-21T12:29:36+00:00","og_image":[{"width":750,"height":750,"url":"https:\/\/easywebmkt.com.ar\/cotone\/wp-content\/uploads\/2020\/11\/600_750-NG-110_1-1.jpg","type":"image\/jpeg"}],"twitter_card":"summary_large_image","schema":{"@context":"https:\/\/schema.org","@graph":[{"@type":"WebPage","@id":"https:\/\/easywebmkt.com.ar\/cotone\/productos\/auriculares-inalambricos-base\/","url":"https:\/\/easywebmkt.com.ar\/cotone\/productos\/auriculares-inalambricos-base\/","name":"Auriculares Inal\u00e1mbricos Base - Viacotone Argentina","isPartOf":{"@id":"https:\/\/easywebmkt.com.ar\/cotone\/#website"},"primaryImageOfPage":{"@id":"https:\/\/easywebmkt.com.ar\/cotone\/productos\/auriculares-inalambricos-base\/#primaryimage"},"image":{"@id":"https:\/\/easywebmkt.com.ar\/cotone\/productos\/auriculares-inalambricos-base\/#primaryimage"},"thumbnailUrl":"https:\/\/easywebmkt.com.ar\/cotone\/wp-content\/uploads\/2020\/11\/600_750-NG-110_1-1.jpg","datePublished":"2020-11-17T18:44:01+00:00","dateModified":"2021-09-21T12:29:36+00:00","breadcrumb":{"@id":"https:\/\/easywebmkt.com.ar\/cotone\/productos\/auriculares-inalambricos-base\/#breadcrumb"},"inLanguage":"es-AR","potentialAction":[{"@type":"ReadAction","target":["https:\/\/easywebmkt.com.ar\/cotone\/productos\/auriculares-inalambricos-base\/"]}]},{"@type":"ImageObject","inLanguage":"es-AR","@id":"https:\/\/easywebmkt.com.ar\/cotone\/productos\/auriculares-inalambricos-base\/#primaryimage","url":"https:\/\/easywebmkt.com.ar\/cotone\/wp-content\/uploads\/2020\/11\/600_750-NG-110_1-1.jpg","contentUrl":"https:\/\/easywebmkt.com.ar\/cotone\/wp-content\/uploads\/2020\/11\/600_750-NG-110_1-1.jpg","width":750,"height":750},{"@type":"BreadcrumbList","@id":"https:\/\/easywebmkt.com.ar\/cotone\/productos\/auriculares-inalambricos-base\/#breadcrumb","itemListElement":[{"@type":"ListItem","position":1,"name":"Inicio","item":"https:\/\/easywebmkt.com.ar\/cotone\/"},{"@type":"ListItem","position":2,"name":"Productos","item":"https:\/\/easywebmkt.com.ar\/cotone\/productos\/"},{"@type":"ListItem","position":3,"name":"Auriculares Inal\u00e1mbricos Base"}]},{"@type":"WebSite","@id":"https:\/\/easywebmkt.com.ar\/cotone\/#website","url":"https:\/\/easywebmkt.com.ar\/cotone\/","name":"Viacotone Argentina","description":"Merchandising Partners","potentialAction":[{"@type":"SearchAction","target":{"@type":"EntryPoint","urlTemplate":"https:\/\/easywebmkt.com.ar\/cotone\/?s={search_term_string}"},"query-input":{"@type":"PropertyValueSpecification","valueRequired":true,"valueName":"search_term_string"}}],"inLanguage":"es-AR"}]}},"_links":{"self":[{"href":"https:\/\/easywebmkt.com.ar\/cotone\/wp-json\/wp\/v2\/product\/10648","targetHints":{"allow":["GET"]}}],"collection":[{"href":"https:\/\/easywebmkt.com.ar\/cotone\/wp-json\/wp\/v2\/product"}],"about":[{"href":"https:\/\/easywebmkt.com.ar\/cotone\/wp-json\/wp\/v2\/types\/product"}],"replies":[{"embeddable":true,"href":"https:\/\/easywebmkt.com.ar\/cotone\/wp-json\/wp\/v2\/comments?post=10648"}],"wp:featuredmedia":[{"embeddable":true,"href":"https:\/\/easywebmkt.com.ar\/cotone\/wp-json\/wp\/v2\/media\/11219"}],"wp:attachment":[{"href":"https:\/\/easywebmkt.com.ar\/cotone\/wp-json\/wp\/v2\/media?parent=10648"}],"wp:term":[{"taxonomy":"product_brand","embeddable":true,"href":"https:\/\/easywebmkt.com.ar\/cotone\/wp-json\/wp\/v2\/product_brand?post=10648"},{"taxonomy":"product_cat","embeddable":true,"href":"https:\/\/easywebmkt.com.ar\/cotone\/wp-json\/wp\/v2\/product_cat?post=10648"},{"taxonomy":"product_tag","embeddable":true,"href":"https:\/\/easywebmkt.com.ar\/cotone\/wp-json\/wp\/v2\/product_tag?post=10648"}],"curies":[{"name":"wp","href":"https:\/\/api.w.org\/{rel}","templated":true}]}}