{"id":10654,"date":"2020-11-17T15:48:40","date_gmt":"2020-11-17T18:48:40","guid":{"rendered":"http:\/\/viacotone.local\/?post_type=product&#038;p=10654"},"modified":"2021-09-21T09:29:36","modified_gmt":"2021-09-21T12:29:36","slug":"auriculares-aris-bluetooth","status":"publish","type":"product","link":"https:\/\/easywebmkt.com.ar\/cotone\/productos\/auriculares-aris-bluetooth\/","title":{"rendered":"Auriculares Aris Bluetooth II"},"content":{"rendered":"","protected":false},"excerpt":{"rendered":"<div class=\"row productarea article-detail\">\n<div class=\"col-sm-7 box-detail\">\n<div class=\"short_desc\">\n<div class=\"row productarea article-detail\">\n<div class=\"col-sm-7 box-detail\">\n<div class=\"short_desc\">\n<div><strong>Auriculares Bluetooth con comodidad y elegancia.<\/strong><\/div>\n<div><\/div>\n<div>Presenta vincha ajustable.<\/div>\n<div>Posee Sistema de Manos Libres con Micr\u00f3fono incorporado para atender tus llamadas de tu celular.<\/div>\n<div>Pueden conectarse a Smartphone o Tablet por Tecnolog\u00eda BT o con cable miniplug 3.5 Stereo desmontable.<\/div>\n<div>\n<p>Disponible en 3 Colores: Rosa, Plateado y Negro.<\/p>\n<div>&#8211; Alto Nivel de Dise\u00f1o<\/div>\n<div>&#8211; Tecnolog\u00eda Bluetooth<\/div>\n<div>&#8211; Distancia de transmisi\u00f3n: hasta 10 metros<\/div>\n<div>&#8211; Controles: Power ON\/OFF\/Recepci\u00f3n de llamadas, Volumen-\/Anterior, Play &amp; Pause, Volumen+\/Siguiente<\/div>\n<div>&#8211; LED de Funcionamiento e Indicador de Carga<\/div>\n<div>&#8211; Sistema de Manos Libres con Micr\u00f3fono incorporado<\/div>\n<div>&#8211; Pueden conectarse a Smartphone o Tablet por Tecnolog\u00eda BT o con cable miniplug 3.5 Stereo desmontable (inclu\u00eddo)<\/div>\n<div>&#8211; Funciona con Bater\u00eda interna de 200mAH<\/div>\n<div>&#8211; Puerto micro USB para recarga de energ\u00eda (incluye cable micro USB\/USB)<\/div>\n<div>&#8211; Duraci\u00f3n de la Bater\u00eda: de 6 a 7 horas<\/div>\n<div>&#8211; Vincha ajustable<\/div>\n<div>&#8211; Incluye Manual de Instrucciones<\/div>\n<\/div>\n<\/div>\n<\/div>\n<\/div>\n<\/div>\n<\/div>\n<\/div>\n","protected":false},"featured_media":11124,"comment_status":"closed","ping_status":"closed","template":"","meta":[],"product_brand":[],"product_cat":[68,408],"product_tag":[148,354,149,515,528],"class_list":{"0":"post-10654","1":"product","2":"type-product","3":"status-publish","4":"has-post-thumbnail","6":"product_cat-tecnologia","7":"product_cat-auriculares","8":"product_tag-audio","9":"product_tag-auriculares","10":"product_tag-bluetooth","11":"product_tag-microfono","12":"product_tag-musica","14":"first","15":"instock","16":"shipping-taxable","17":"purchasable","18":"product-type-simple"},"yoast_head":"<!-- This site is optimized with the Yoast SEO plugin v23.4 - https:\/\/yoast.com\/wordpress\/plugins\/seo\/ -->\n<title>Auriculares Aris Bluetooth II - Viacotone Argentina<\/title>\n<meta name=\"robots\" content=\"index, follow, max-snippet:-1, max-image-preview:large, max-video-preview:-1\" \/>\n<link rel=\"canonical\" href=\"https:\/\/easywebmkt.com.ar\/cotone\/productos\/auriculares-aris-bluetooth\/\" \/>\n<meta property=\"og:locale\" content=\"es_ES\" \/>\n<meta property=\"og:type\" content=\"article\" \/>\n<meta property=\"og:title\" content=\"Auriculares Aris Bluetooth II - Viacotone Argentina\" \/>\n<meta property=\"og:description\" content=\"Auriculares Bluetooth con comodidad y elegancia.  Presenta vincha ajustable. Posee Sistema de Manos Libres con Micr\u00f3fono incorporado para atender tus llamadas de tu celular. Pueden conectarse a Smartphone o Tablet por Tecnolog\u00eda BT o con cable miniplug 3.5 Stereo desmontable.   Disponible en 3 Colores: Rosa, Plateado y Negro. - Alto Nivel de Dise\u00f1o - Tecnolog\u00eda Bluetooth - Distancia de transmisi\u00f3n: hasta 10 metros - Controles: Power ON\/OFF\/Recepci\u00f3n de llamadas, Volumen-\/Anterior, Play &amp; Pause, Volumen+\/Siguiente - LED de Funcionamiento e Indicador de Carga - Sistema de Manos Libres con Micr\u00f3fono incorporado - Pueden conectarse a Smartphone o Tablet por Tecnolog\u00eda BT o con cable miniplug 3.5 Stereo desmontable (inclu\u00eddo) - Funciona con Bater\u00eda interna de 200mAH - Puerto micro USB para recarga de energ\u00eda (incluye cable micro USB\/USB) - Duraci\u00f3n de la Bater\u00eda: de 6 a 7 horas - Vincha ajustable - Incluye Manual de Instrucciones\" \/>\n<meta property=\"og:url\" content=\"https:\/\/easywebmkt.com.ar\/cotone\/productos\/auriculares-aris-bluetooth\/\" \/>\n<meta property=\"og:site_name\" content=\"Viacotone Argentina\" \/>\n<meta property=\"article:modified_time\" content=\"2021-09-21T12:29:36+00:00\" \/>\n<meta property=\"og:image\" content=\"https:\/\/easywebmkt.com.ar\/cotone\/wp-content\/uploads\/2020\/11\/600_750-NG-918BT-RS-ANGULOFX.jpg\" \/>\n\t<meta property=\"og:image:width\" content=\"750\" \/>\n\t<meta property=\"og:image:height\" content=\"750\" \/>\n\t<meta property=\"og:image:type\" content=\"image\/jpeg\" \/>\n<meta name=\"twitter:card\" content=\"summary_large_image\" \/>\n<script type=\"application\/ld+json\" class=\"yoast-schema-graph\">{\"@context\":\"https:\/\/schema.org\",\"@graph\":[{\"@type\":\"WebPage\",\"@id\":\"https:\/\/easywebmkt.com.ar\/cotone\/productos\/auriculares-aris-bluetooth\/\",\"url\":\"https:\/\/easywebmkt.com.ar\/cotone\/productos\/auriculares-aris-bluetooth\/\",\"name\":\"Auriculares Aris Bluetooth II - Viacotone Argentina\",\"isPartOf\":{\"@id\":\"https:\/\/easywebmkt.com.ar\/cotone\/#website\"},\"primaryImageOfPage\":{\"@id\":\"https:\/\/easywebmkt.com.ar\/cotone\/productos\/auriculares-aris-bluetooth\/#primaryimage\"},\"image\":{\"@id\":\"https:\/\/easywebmkt.com.ar\/cotone\/productos\/auriculares-aris-bluetooth\/#primaryimage\"},\"thumbnailUrl\":\"https:\/\/easywebmkt.com.ar\/cotone\/wp-content\/uploads\/2020\/11\/600_750-NG-918BT-RS-ANGULOFX.jpg\",\"datePublished\":\"2020-11-17T18:48:40+00:00\",\"dateModified\":\"2021-09-21T12:29:36+00:00\",\"breadcrumb\":{\"@id\":\"https:\/\/easywebmkt.com.ar\/cotone\/productos\/auriculares-aris-bluetooth\/#breadcrumb\"},\"inLanguage\":\"es-AR\",\"potentialAction\":[{\"@type\":\"ReadAction\",\"target\":[\"https:\/\/easywebmkt.com.ar\/cotone\/productos\/auriculares-aris-bluetooth\/\"]}]},{\"@type\":\"ImageObject\",\"inLanguage\":\"es-AR\",\"@id\":\"https:\/\/easywebmkt.com.ar\/cotone\/productos\/auriculares-aris-bluetooth\/#primaryimage\",\"url\":\"https:\/\/easywebmkt.com.ar\/cotone\/wp-content\/uploads\/2020\/11\/600_750-NG-918BT-RS-ANGULOFX.jpg\",\"contentUrl\":\"https:\/\/easywebmkt.com.ar\/cotone\/wp-content\/uploads\/2020\/11\/600_750-NG-918BT-RS-ANGULOFX.jpg\",\"width\":750,\"height\":750},{\"@type\":\"BreadcrumbList\",\"@id\":\"https:\/\/easywebmkt.com.ar\/cotone\/productos\/auriculares-aris-bluetooth\/#breadcrumb\",\"itemListElement\":[{\"@type\":\"ListItem\",\"position\":1,\"name\":\"Inicio\",\"item\":\"https:\/\/easywebmkt.com.ar\/cotone\/\"},{\"@type\":\"ListItem\",\"position\":2,\"name\":\"Productos\",\"item\":\"https:\/\/easywebmkt.com.ar\/cotone\/productos\/\"},{\"@type\":\"ListItem\",\"position\":3,\"name\":\"Auriculares Aris Bluetooth II\"}]},{\"@type\":\"WebSite\",\"@id\":\"https:\/\/easywebmkt.com.ar\/cotone\/#website\",\"url\":\"https:\/\/easywebmkt.com.ar\/cotone\/\",\"name\":\"Viacotone Argentina\",\"description\":\"Merchandising Partners\",\"potentialAction\":[{\"@type\":\"SearchAction\",\"target\":{\"@type\":\"EntryPoint\",\"urlTemplate\":\"https:\/\/easywebmkt.com.ar\/cotone\/?s={search_term_string}\"},\"query-input\":{\"@type\":\"PropertyValueSpecification\",\"valueRequired\":true,\"valueName\":\"search_term_string\"}}],\"inLanguage\":\"es-AR\"}]}<\/script>\n<!-- \/ Yoast SEO plugin. -->","yoast_head_json":{"title":"Auriculares Aris Bluetooth II - Viacotone Argentina","robots":{"index":"index","follow":"follow","max-snippet":"max-snippet:-1","max-image-preview":"max-image-preview:large","max-video-preview":"max-video-preview:-1"},"canonical":"https:\/\/easywebmkt.com.ar\/cotone\/productos\/auriculares-aris-bluetooth\/","og_locale":"es_ES","og_type":"article","og_title":"Auriculares Aris Bluetooth II - Viacotone Argentina","og_description":"Auriculares Bluetooth con comodidad y elegancia.  Presenta vincha ajustable. Posee Sistema de Manos Libres con Micr\u00f3fono incorporado para atender tus llamadas de tu celular. Pueden conectarse a Smartphone o Tablet por Tecnolog\u00eda BT o con cable miniplug 3.5 Stereo desmontable.   Disponible en 3 Colores: Rosa, Plateado y Negro. - Alto Nivel de Dise\u00f1o - Tecnolog\u00eda Bluetooth - Distancia de transmisi\u00f3n: hasta 10 metros - Controles: Power ON\/OFF\/Recepci\u00f3n de llamadas, Volumen-\/Anterior, Play &amp; Pause, Volumen+\/Siguiente - LED de Funcionamiento e Indicador de Carga - Sistema de Manos Libres con Micr\u00f3fono incorporado - Pueden conectarse a Smartphone o Tablet por Tecnolog\u00eda BT o con cable miniplug 3.5 Stereo desmontable (inclu\u00eddo) - Funciona con Bater\u00eda interna de 200mAH - Puerto micro USB para recarga de energ\u00eda (incluye cable micro USB\/USB) - Duraci\u00f3n de la Bater\u00eda: de 6 a 7 horas - Vincha ajustable - Incluye Manual de Instrucciones","og_url":"https:\/\/easywebmkt.com.ar\/cotone\/productos\/auriculares-aris-bluetooth\/","og_site_name":"Viacotone Argentina","article_modified_time":"2021-09-21T12:29:36+00:00","og_image":[{"width":750,"height":750,"url":"https:\/\/easywebmkt.com.ar\/cotone\/wp-content\/uploads\/2020\/11\/600_750-NG-918BT-RS-ANGULOFX.jpg","type":"image\/jpeg"}],"twitter_card":"summary_large_image","schema":{"@context":"https:\/\/schema.org","@graph":[{"@type":"WebPage","@id":"https:\/\/easywebmkt.com.ar\/cotone\/productos\/auriculares-aris-bluetooth\/","url":"https:\/\/easywebmkt.com.ar\/cotone\/productos\/auriculares-aris-bluetooth\/","name":"Auriculares Aris Bluetooth II - Viacotone Argentina","isPartOf":{"@id":"https:\/\/easywebmkt.com.ar\/cotone\/#website"},"primaryImageOfPage":{"@id":"https:\/\/easywebmkt.com.ar\/cotone\/productos\/auriculares-aris-bluetooth\/#primaryimage"},"image":{"@id":"https:\/\/easywebmkt.com.ar\/cotone\/productos\/auriculares-aris-bluetooth\/#primaryimage"},"thumbnailUrl":"https:\/\/easywebmkt.com.ar\/cotone\/wp-content\/uploads\/2020\/11\/600_750-NG-918BT-RS-ANGULOFX.jpg","datePublished":"2020-11-17T18:48:40+00:00","dateModified":"2021-09-21T12:29:36+00:00","breadcrumb":{"@id":"https:\/\/easywebmkt.com.ar\/cotone\/productos\/auriculares-aris-bluetooth\/#breadcrumb"},"inLanguage":"es-AR","potentialAction":[{"@type":"ReadAction","target":["https:\/\/easywebmkt.com.ar\/cotone\/productos\/auriculares-aris-bluetooth\/"]}]},{"@type":"ImageObject","inLanguage":"es-AR","@id":"https:\/\/easywebmkt.com.ar\/cotone\/productos\/auriculares-aris-bluetooth\/#primaryimage","url":"https:\/\/easywebmkt.com.ar\/cotone\/wp-content\/uploads\/2020\/11\/600_750-NG-918BT-RS-ANGULOFX.jpg","contentUrl":"https:\/\/easywebmkt.com.ar\/cotone\/wp-content\/uploads\/2020\/11\/600_750-NG-918BT-RS-ANGULOFX.jpg","width":750,"height":750},{"@type":"BreadcrumbList","@id":"https:\/\/easywebmkt.com.ar\/cotone\/productos\/auriculares-aris-bluetooth\/#breadcrumb","itemListElement":[{"@type":"ListItem","position":1,"name":"Inicio","item":"https:\/\/easywebmkt.com.ar\/cotone\/"},{"@type":"ListItem","position":2,"name":"Productos","item":"https:\/\/easywebmkt.com.ar\/cotone\/productos\/"},{"@type":"ListItem","position":3,"name":"Auriculares Aris Bluetooth II"}]},{"@type":"WebSite","@id":"https:\/\/easywebmkt.com.ar\/cotone\/#website","url":"https:\/\/easywebmkt.com.ar\/cotone\/","name":"Viacotone Argentina","description":"Merchandising Partners","potentialAction":[{"@type":"SearchAction","target":{"@type":"EntryPoint","urlTemplate":"https:\/\/easywebmkt.com.ar\/cotone\/?s={search_term_string}"},"query-input":{"@type":"PropertyValueSpecification","valueRequired":true,"valueName":"search_term_string"}}],"inLanguage":"es-AR"}]}},"_links":{"self":[{"href":"https:\/\/easywebmkt.com.ar\/cotone\/wp-json\/wp\/v2\/product\/10654","targetHints":{"allow":["GET"]}}],"collection":[{"href":"https:\/\/easywebmkt.com.ar\/cotone\/wp-json\/wp\/v2\/product"}],"about":[{"href":"https:\/\/easywebmkt.com.ar\/cotone\/wp-json\/wp\/v2\/types\/product"}],"replies":[{"embeddable":true,"href":"https:\/\/easywebmkt.com.ar\/cotone\/wp-json\/wp\/v2\/comments?post=10654"}],"wp:featuredmedia":[{"embeddable":true,"href":"https:\/\/easywebmkt.com.ar\/cotone\/wp-json\/wp\/v2\/media\/11124"}],"wp:attachment":[{"href":"https:\/\/easywebmkt.com.ar\/cotone\/wp-json\/wp\/v2\/media?parent=10654"}],"wp:term":[{"taxonomy":"product_brand","embeddable":true,"href":"https:\/\/easywebmkt.com.ar\/cotone\/wp-json\/wp\/v2\/product_brand?post=10654"},{"taxonomy":"product_cat","embeddable":true,"href":"https:\/\/easywebmkt.com.ar\/cotone\/wp-json\/wp\/v2\/product_cat?post=10654"},{"taxonomy":"product_tag","embeddable":true,"href":"https:\/\/easywebmkt.com.ar\/cotone\/wp-json\/wp\/v2\/product_tag?post=10654"}],"curies":[{"name":"wp","href":"https:\/\/api.w.org\/{rel}","templated":true}]}}