{"id":10665,"date":"2020-11-17T16:11:14","date_gmt":"2020-11-17T19:11:14","guid":{"rendered":"http:\/\/viacotone.local\/?post_type=product&#038;p=10665"},"modified":"2021-09-21T09:28:49","modified_gmt":"2021-09-21T12:28:49","slug":"auriculares-sport-light","status":"publish","type":"product","link":"https:\/\/easywebmkt.com.ar\/cotone\/productos\/auriculares-sport-light\/","title":{"rendered":"Auriculares Sport Light"},"content":{"rendered":"","protected":false},"excerpt":{"rendered":"<div><strong>Ideales para utilizarlos mientras corres.<\/strong><\/div>\n<div><\/div>\n<div>Perfectos para hacer ejercicio dado que su dise\u00f1o con ganchos de sujeci\u00f3n para la oreja te aseguran un agarre y una ergonom\u00eda perfectos.<\/div>\n<div>\n<p>Posee Speakers recubiertos en silicona, y junto con su tecnolog\u00eda Inal\u00e1mbrica te libera de ataduras al sincronizalos con tu Smartphone u otros dispositivos.<\/p>\n<\/div>\n<div>\n<div>&#8211; Auriculares In Ear<\/div>\n<div>&#8211; Tecnolog\u00eda Inal\u00e1mbrica BT<\/div>\n<div>&#8211; Alcance hasta 10 metros<\/div>\n<div>&#8211; Sistema de Manos Libres con Micr\u00f3fono incorporado para recepci\u00f3n de llamadas<\/div>\n<div>&#8211; Controles de Volumen\/Anterior\/Siguiente y ON\/OFF\/Phone en cable<\/div>\n<div>&#8211; Cable Flat Rubber Finish<\/div>\n<div>&#8211; Funciona con Bater\u00eda de Litio recargable de 55mAH<\/div>\n<div>&#8211; Recarga de Bater\u00eda por Micro USB (incluye cable)<\/div>\n<div>&#8211; Tiempo de carga: 2 horas<\/div>\n<div>&#8211; Dise\u00f1o ergon\u00f3mico con ganchos de sujeci\u00f3n para la oreja<\/div>\n<\/div>\n","protected":false},"featured_media":11147,"comment_status":"closed","ping_status":"closed","template":"","meta":[],"product_brand":[],"product_cat":[68,408],"product_tag":[148,354,149,331,515,528,544,325],"class_list":{"0":"post-10665","1":"product","2":"type-product","3":"status-publish","4":"has-post-thumbnail","6":"product_cat-tecnologia","7":"product_cat-auriculares","8":"product_tag-audio","9":"product_tag-auriculares","10":"product_tag-bluetooth","11":"product_tag-deporte","12":"product_tag-microfono","13":"product_tag-musica","14":"product_tag-run","15":"product_tag-sport","17":"first","18":"instock","19":"shipping-taxable","20":"purchasable","21":"product-type-simple"},"yoast_head":"<!-- This site is optimized with the Yoast SEO plugin v23.4 - https:\/\/yoast.com\/wordpress\/plugins\/seo\/ -->\n<title>Auriculares Sport Light - Viacotone Argentina<\/title>\n<meta name=\"robots\" content=\"index, follow, max-snippet:-1, max-image-preview:large, max-video-preview:-1\" \/>\n<link rel=\"canonical\" href=\"https:\/\/easywebmkt.com.ar\/cotone\/productos\/auriculares-sport-light\/\" \/>\n<meta property=\"og:locale\" content=\"es_ES\" \/>\n<meta property=\"og:type\" content=\"article\" \/>\n<meta property=\"og:title\" content=\"Auriculares Sport Light - Viacotone Argentina\" \/>\n<meta property=\"og:description\" content=\"Ideales para utilizarlos mientras corres.  Perfectos para hacer ejercicio dado que su dise\u00f1o con ganchos de sujeci\u00f3n para la oreja te aseguran un agarre y una ergonom\u00eda perfectos.   Posee Speakers recubiertos en silicona, y junto con su tecnolog\u00eda Inal\u00e1mbrica te libera de ataduras al sincronizalos con tu Smartphone u otros dispositivos.    - Auriculares In Ear - Tecnolog\u00eda Inal\u00e1mbrica BT - Alcance hasta 10 metros - Sistema de Manos Libres con Micr\u00f3fono incorporado para recepci\u00f3n de llamadas - Controles de Volumen\/Anterior\/Siguiente y ON\/OFF\/Phone en cable - Cable Flat Rubber Finish - Funciona con Bater\u00eda de Litio recargable de 55mAH - Recarga de Bater\u00eda por Micro USB (incluye cable) - Tiempo de carga: 2 horas - Dise\u00f1o ergon\u00f3mico con ganchos de sujeci\u00f3n para la oreja\" \/>\n<meta property=\"og:url\" content=\"https:\/\/easywebmkt.com.ar\/cotone\/productos\/auriculares-sport-light\/\" \/>\n<meta property=\"og:site_name\" content=\"Viacotone Argentina\" \/>\n<meta property=\"article:modified_time\" content=\"2021-09-21T12:28:49+00:00\" \/>\n<meta property=\"og:image\" content=\"https:\/\/easywebmkt.com.ar\/cotone\/wp-content\/uploads\/2020\/11\/600_750-NG-BT300-FULL.jpg\" \/>\n\t<meta property=\"og:image:width\" content=\"750\" \/>\n\t<meta property=\"og:image:height\" content=\"750\" \/>\n\t<meta property=\"og:image:type\" content=\"image\/jpeg\" \/>\n<meta name=\"twitter:card\" content=\"summary_large_image\" \/>\n<script type=\"application\/ld+json\" class=\"yoast-schema-graph\">{\"@context\":\"https:\/\/schema.org\",\"@graph\":[{\"@type\":\"WebPage\",\"@id\":\"https:\/\/easywebmkt.com.ar\/cotone\/productos\/auriculares-sport-light\/\",\"url\":\"https:\/\/easywebmkt.com.ar\/cotone\/productos\/auriculares-sport-light\/\",\"name\":\"Auriculares Sport Light - Viacotone Argentina\",\"isPartOf\":{\"@id\":\"https:\/\/easywebmkt.com.ar\/cotone\/#website\"},\"primaryImageOfPage\":{\"@id\":\"https:\/\/easywebmkt.com.ar\/cotone\/productos\/auriculares-sport-light\/#primaryimage\"},\"image\":{\"@id\":\"https:\/\/easywebmkt.com.ar\/cotone\/productos\/auriculares-sport-light\/#primaryimage\"},\"thumbnailUrl\":\"https:\/\/easywebmkt.com.ar\/cotone\/wp-content\/uploads\/2020\/11\/600_750-NG-BT300-FULL.jpg\",\"datePublished\":\"2020-11-17T19:11:14+00:00\",\"dateModified\":\"2021-09-21T12:28:49+00:00\",\"breadcrumb\":{\"@id\":\"https:\/\/easywebmkt.com.ar\/cotone\/productos\/auriculares-sport-light\/#breadcrumb\"},\"inLanguage\":\"es-AR\",\"potentialAction\":[{\"@type\":\"ReadAction\",\"target\":[\"https:\/\/easywebmkt.com.ar\/cotone\/productos\/auriculares-sport-light\/\"]}]},{\"@type\":\"ImageObject\",\"inLanguage\":\"es-AR\",\"@id\":\"https:\/\/easywebmkt.com.ar\/cotone\/productos\/auriculares-sport-light\/#primaryimage\",\"url\":\"https:\/\/easywebmkt.com.ar\/cotone\/wp-content\/uploads\/2020\/11\/600_750-NG-BT300-FULL.jpg\",\"contentUrl\":\"https:\/\/easywebmkt.com.ar\/cotone\/wp-content\/uploads\/2020\/11\/600_750-NG-BT300-FULL.jpg\",\"width\":750,\"height\":750},{\"@type\":\"BreadcrumbList\",\"@id\":\"https:\/\/easywebmkt.com.ar\/cotone\/productos\/auriculares-sport-light\/#breadcrumb\",\"itemListElement\":[{\"@type\":\"ListItem\",\"position\":1,\"name\":\"Inicio\",\"item\":\"https:\/\/easywebmkt.com.ar\/cotone\/\"},{\"@type\":\"ListItem\",\"position\":2,\"name\":\"Productos\",\"item\":\"https:\/\/easywebmkt.com.ar\/cotone\/productos\/\"},{\"@type\":\"ListItem\",\"position\":3,\"name\":\"Auriculares Sport Light\"}]},{\"@type\":\"WebSite\",\"@id\":\"https:\/\/easywebmkt.com.ar\/cotone\/#website\",\"url\":\"https:\/\/easywebmkt.com.ar\/cotone\/\",\"name\":\"Viacotone Argentina\",\"description\":\"Merchandising Partners\",\"potentialAction\":[{\"@type\":\"SearchAction\",\"target\":{\"@type\":\"EntryPoint\",\"urlTemplate\":\"https:\/\/easywebmkt.com.ar\/cotone\/?s={search_term_string}\"},\"query-input\":{\"@type\":\"PropertyValueSpecification\",\"valueRequired\":true,\"valueName\":\"search_term_string\"}}],\"inLanguage\":\"es-AR\"}]}<\/script>\n<!-- \/ Yoast SEO plugin. -->","yoast_head_json":{"title":"Auriculares Sport Light - Viacotone Argentina","robots":{"index":"index","follow":"follow","max-snippet":"max-snippet:-1","max-image-preview":"max-image-preview:large","max-video-preview":"max-video-preview:-1"},"canonical":"https:\/\/easywebmkt.com.ar\/cotone\/productos\/auriculares-sport-light\/","og_locale":"es_ES","og_type":"article","og_title":"Auriculares Sport Light - Viacotone Argentina","og_description":"Ideales para utilizarlos mientras corres.  Perfectos para hacer ejercicio dado que su dise\u00f1o con ganchos de sujeci\u00f3n para la oreja te aseguran un agarre y una ergonom\u00eda perfectos.   Posee Speakers recubiertos en silicona, y junto con su tecnolog\u00eda Inal\u00e1mbrica te libera de ataduras al sincronizalos con tu Smartphone u otros dispositivos.    - Auriculares In Ear - Tecnolog\u00eda Inal\u00e1mbrica BT - Alcance hasta 10 metros - Sistema de Manos Libres con Micr\u00f3fono incorporado para recepci\u00f3n de llamadas - Controles de Volumen\/Anterior\/Siguiente y ON\/OFF\/Phone en cable - Cable Flat Rubber Finish - Funciona con Bater\u00eda de Litio recargable de 55mAH - Recarga de Bater\u00eda por Micro USB (incluye cable) - Tiempo de carga: 2 horas - Dise\u00f1o ergon\u00f3mico con ganchos de sujeci\u00f3n para la oreja","og_url":"https:\/\/easywebmkt.com.ar\/cotone\/productos\/auriculares-sport-light\/","og_site_name":"Viacotone Argentina","article_modified_time":"2021-09-21T12:28:49+00:00","og_image":[{"width":750,"height":750,"url":"https:\/\/easywebmkt.com.ar\/cotone\/wp-content\/uploads\/2020\/11\/600_750-NG-BT300-FULL.jpg","type":"image\/jpeg"}],"twitter_card":"summary_large_image","schema":{"@context":"https:\/\/schema.org","@graph":[{"@type":"WebPage","@id":"https:\/\/easywebmkt.com.ar\/cotone\/productos\/auriculares-sport-light\/","url":"https:\/\/easywebmkt.com.ar\/cotone\/productos\/auriculares-sport-light\/","name":"Auriculares Sport Light - Viacotone Argentina","isPartOf":{"@id":"https:\/\/easywebmkt.com.ar\/cotone\/#website"},"primaryImageOfPage":{"@id":"https:\/\/easywebmkt.com.ar\/cotone\/productos\/auriculares-sport-light\/#primaryimage"},"image":{"@id":"https:\/\/easywebmkt.com.ar\/cotone\/productos\/auriculares-sport-light\/#primaryimage"},"thumbnailUrl":"https:\/\/easywebmkt.com.ar\/cotone\/wp-content\/uploads\/2020\/11\/600_750-NG-BT300-FULL.jpg","datePublished":"2020-11-17T19:11:14+00:00","dateModified":"2021-09-21T12:28:49+00:00","breadcrumb":{"@id":"https:\/\/easywebmkt.com.ar\/cotone\/productos\/auriculares-sport-light\/#breadcrumb"},"inLanguage":"es-AR","potentialAction":[{"@type":"ReadAction","target":["https:\/\/easywebmkt.com.ar\/cotone\/productos\/auriculares-sport-light\/"]}]},{"@type":"ImageObject","inLanguage":"es-AR","@id":"https:\/\/easywebmkt.com.ar\/cotone\/productos\/auriculares-sport-light\/#primaryimage","url":"https:\/\/easywebmkt.com.ar\/cotone\/wp-content\/uploads\/2020\/11\/600_750-NG-BT300-FULL.jpg","contentUrl":"https:\/\/easywebmkt.com.ar\/cotone\/wp-content\/uploads\/2020\/11\/600_750-NG-BT300-FULL.jpg","width":750,"height":750},{"@type":"BreadcrumbList","@id":"https:\/\/easywebmkt.com.ar\/cotone\/productos\/auriculares-sport-light\/#breadcrumb","itemListElement":[{"@type":"ListItem","position":1,"name":"Inicio","item":"https:\/\/easywebmkt.com.ar\/cotone\/"},{"@type":"ListItem","position":2,"name":"Productos","item":"https:\/\/easywebmkt.com.ar\/cotone\/productos\/"},{"@type":"ListItem","position":3,"name":"Auriculares Sport Light"}]},{"@type":"WebSite","@id":"https:\/\/easywebmkt.com.ar\/cotone\/#website","url":"https:\/\/easywebmkt.com.ar\/cotone\/","name":"Viacotone Argentina","description":"Merchandising Partners","potentialAction":[{"@type":"SearchAction","target":{"@type":"EntryPoint","urlTemplate":"https:\/\/easywebmkt.com.ar\/cotone\/?s={search_term_string}"},"query-input":{"@type":"PropertyValueSpecification","valueRequired":true,"valueName":"search_term_string"}}],"inLanguage":"es-AR"}]}},"_links":{"self":[{"href":"https:\/\/easywebmkt.com.ar\/cotone\/wp-json\/wp\/v2\/product\/10665","targetHints":{"allow":["GET"]}}],"collection":[{"href":"https:\/\/easywebmkt.com.ar\/cotone\/wp-json\/wp\/v2\/product"}],"about":[{"href":"https:\/\/easywebmkt.com.ar\/cotone\/wp-json\/wp\/v2\/types\/product"}],"replies":[{"embeddable":true,"href":"https:\/\/easywebmkt.com.ar\/cotone\/wp-json\/wp\/v2\/comments?post=10665"}],"wp:featuredmedia":[{"embeddable":true,"href":"https:\/\/easywebmkt.com.ar\/cotone\/wp-json\/wp\/v2\/media\/11147"}],"wp:attachment":[{"href":"https:\/\/easywebmkt.com.ar\/cotone\/wp-json\/wp\/v2\/media?parent=10665"}],"wp:term":[{"taxonomy":"product_brand","embeddable":true,"href":"https:\/\/easywebmkt.com.ar\/cotone\/wp-json\/wp\/v2\/product_brand?post=10665"},{"taxonomy":"product_cat","embeddable":true,"href":"https:\/\/easywebmkt.com.ar\/cotone\/wp-json\/wp\/v2\/product_cat?post=10665"},{"taxonomy":"product_tag","embeddable":true,"href":"https:\/\/easywebmkt.com.ar\/cotone\/wp-json\/wp\/v2\/product_tag?post=10665"}],"curies":[{"name":"wp","href":"https:\/\/api.w.org\/{rel}","templated":true}]}}