{"id":11898,"date":"2021-01-13T00:22:59","date_gmt":"2021-01-13T03:22:59","guid":{"rendered":"http:\/\/viacotone.local\/?post_type=product&#038;p=11898"},"modified":"2022-03-21T15:32:08","modified_gmt":"2022-03-21T18:32:08","slug":"paraguas-automatic","status":"publish","type":"product","link":"https:\/\/easywebmkt.com.ar\/cotone\/productos\/paraguas-automatic\/","title":{"rendered":"Paraguas Automatic"},"content":{"rendered":"","protected":false},"excerpt":{"rendered":"<p>Paraguas confeccionado en Pongee 190T de alta resistencia.<\/p>\n<p>Impermeabilidad y calidad.<br \/>\nPosee un robusto marco de 8 varillas de apertura y cierre autom\u00e1tico, realizado con un material exclusivo que combina fibra de vidrio y pl\u00e1stico super ligero que le brinda durabilidad y no atrae rayos. Mango de pl\u00e1stico cubierto con una goma, de dise\u00f1o anat\u00f3mico para un agarre c\u00f3modo y no deslizante en condiciones de h\u00famedad. Incluye funda. Medidas Abierto: Longitud 65 cm.; Di\u00e1metro 105 cm. Medida cerrado: Longitud 36 cm.<\/p>\n<p>Marca: Wagner.<\/p>\n","protected":false},"featured_media":11900,"comment_status":"closed","ping_status":"closed","template":"","meta":[],"product_brand":[],"product_cat":[72,111,119],"product_tag":[364,723,588],"class_list":{"0":"post-11898","1":"product","2":"type-product","3":"status-publish","4":"has-post-thumbnail","6":"product_cat-promocionales","7":"product_cat-paraguas","8":"product_cat-outdoor","9":"product_tag-paraguas","10":"product_tag-vc-smart","11":"product_tag-wagner","13":"first","14":"instock","15":"shipping-taxable","16":"purchasable","17":"product-type-simple"},"yoast_head":"<!-- This site is optimized with the Yoast SEO plugin v23.4 - https:\/\/yoast.com\/wordpress\/plugins\/seo\/ -->\n<title>Paraguas Automatic - Viacotone Argentina<\/title>\n<meta name=\"robots\" content=\"index, follow, max-snippet:-1, max-image-preview:large, max-video-preview:-1\" \/>\n<link rel=\"canonical\" href=\"https:\/\/easywebmkt.com.ar\/cotone\/productos\/paraguas-automatic\/\" \/>\n<meta property=\"og:locale\" content=\"es_ES\" \/>\n<meta property=\"og:type\" content=\"article\" \/>\n<meta property=\"og:title\" content=\"Paraguas Automatic - Viacotone Argentina\" \/>\n<meta property=\"og:description\" content=\"Paraguas confeccionado en Pongee 190T de alta resistencia.  Impermeabilidad y calidad. Posee un robusto marco de 8 varillas de apertura y cierre autom\u00e1tico, realizado con un material exclusivo que combina fibra de vidrio y pl\u00e1stico super ligero que le brinda durabilidad y no atrae rayos. Mango de pl\u00e1stico cubierto con una goma, de dise\u00f1o anat\u00f3mico para un agarre c\u00f3modo y no deslizante en condiciones de h\u00famedad. Incluye funda. Medidas Abierto: Longitud 65 cm.; Di\u00e1metro 105 cm. Medida cerrado: Longitud 36 cm.  Marca: Wagner.\" \/>\n<meta property=\"og:url\" content=\"https:\/\/easywebmkt.com.ar\/cotone\/productos\/paraguas-automatic\/\" \/>\n<meta property=\"og:site_name\" content=\"Viacotone Argentina\" \/>\n<meta property=\"article:modified_time\" content=\"2022-03-21T18:32:08+00:00\" \/>\n<meta property=\"og:image\" content=\"https:\/\/easywebmkt.com.ar\/cotone\/wp-content\/uploads\/2021\/01\/Paraguas-Klein-Wagner-presentadojpg-1580941861.jpg\" \/>\n\t<meta property=\"og:image:width\" content=\"1200\" \/>\n\t<meta property=\"og:image:height\" content=\"1200\" \/>\n\t<meta property=\"og:image:type\" content=\"image\/jpeg\" \/>\n<meta name=\"twitter:card\" content=\"summary_large_image\" \/>\n<script type=\"application\/ld+json\" class=\"yoast-schema-graph\">{\"@context\":\"https:\/\/schema.org\",\"@graph\":[{\"@type\":\"WebPage\",\"@id\":\"https:\/\/easywebmkt.com.ar\/cotone\/productos\/paraguas-automatic\/\",\"url\":\"https:\/\/easywebmkt.com.ar\/cotone\/productos\/paraguas-automatic\/\",\"name\":\"Paraguas Automatic - Viacotone Argentina\",\"isPartOf\":{\"@id\":\"https:\/\/easywebmkt.com.ar\/cotone\/#website\"},\"primaryImageOfPage\":{\"@id\":\"https:\/\/easywebmkt.com.ar\/cotone\/productos\/paraguas-automatic\/#primaryimage\"},\"image\":{\"@id\":\"https:\/\/easywebmkt.com.ar\/cotone\/productos\/paraguas-automatic\/#primaryimage\"},\"thumbnailUrl\":\"https:\/\/easywebmkt.com.ar\/cotone\/wp-content\/uploads\/2021\/01\/Paraguas-Klein-Wagner-presentadojpg-1580941861.jpg\",\"datePublished\":\"2021-01-13T03:22:59+00:00\",\"dateModified\":\"2022-03-21T18:32:08+00:00\",\"breadcrumb\":{\"@id\":\"https:\/\/easywebmkt.com.ar\/cotone\/productos\/paraguas-automatic\/#breadcrumb\"},\"inLanguage\":\"es-AR\",\"potentialAction\":[{\"@type\":\"ReadAction\",\"target\":[\"https:\/\/easywebmkt.com.ar\/cotone\/productos\/paraguas-automatic\/\"]}]},{\"@type\":\"ImageObject\",\"inLanguage\":\"es-AR\",\"@id\":\"https:\/\/easywebmkt.com.ar\/cotone\/productos\/paraguas-automatic\/#primaryimage\",\"url\":\"https:\/\/easywebmkt.com.ar\/cotone\/wp-content\/uploads\/2021\/01\/Paraguas-Klein-Wagner-presentadojpg-1580941861.jpg\",\"contentUrl\":\"https:\/\/easywebmkt.com.ar\/cotone\/wp-content\/uploads\/2021\/01\/Paraguas-Klein-Wagner-presentadojpg-1580941861.jpg\",\"width\":1200,\"height\":1200},{\"@type\":\"BreadcrumbList\",\"@id\":\"https:\/\/easywebmkt.com.ar\/cotone\/productos\/paraguas-automatic\/#breadcrumb\",\"itemListElement\":[{\"@type\":\"ListItem\",\"position\":1,\"name\":\"Inicio\",\"item\":\"https:\/\/easywebmkt.com.ar\/cotone\/\"},{\"@type\":\"ListItem\",\"position\":2,\"name\":\"Productos\",\"item\":\"https:\/\/easywebmkt.com.ar\/cotone\/productos\/\"},{\"@type\":\"ListItem\",\"position\":3,\"name\":\"Paraguas Automatic\"}]},{\"@type\":\"WebSite\",\"@id\":\"https:\/\/easywebmkt.com.ar\/cotone\/#website\",\"url\":\"https:\/\/easywebmkt.com.ar\/cotone\/\",\"name\":\"Viacotone Argentina\",\"description\":\"Merchandising Partners\",\"potentialAction\":[{\"@type\":\"SearchAction\",\"target\":{\"@type\":\"EntryPoint\",\"urlTemplate\":\"https:\/\/easywebmkt.com.ar\/cotone\/?s={search_term_string}\"},\"query-input\":{\"@type\":\"PropertyValueSpecification\",\"valueRequired\":true,\"valueName\":\"search_term_string\"}}],\"inLanguage\":\"es-AR\"}]}<\/script>\n<!-- \/ Yoast SEO plugin. -->","yoast_head_json":{"title":"Paraguas Automatic - Viacotone Argentina","robots":{"index":"index","follow":"follow","max-snippet":"max-snippet:-1","max-image-preview":"max-image-preview:large","max-video-preview":"max-video-preview:-1"},"canonical":"https:\/\/easywebmkt.com.ar\/cotone\/productos\/paraguas-automatic\/","og_locale":"es_ES","og_type":"article","og_title":"Paraguas Automatic - Viacotone Argentina","og_description":"Paraguas confeccionado en Pongee 190T de alta resistencia.  Impermeabilidad y calidad. Posee un robusto marco de 8 varillas de apertura y cierre autom\u00e1tico, realizado con un material exclusivo que combina fibra de vidrio y pl\u00e1stico super ligero que le brinda durabilidad y no atrae rayos. Mango de pl\u00e1stico cubierto con una goma, de dise\u00f1o anat\u00f3mico para un agarre c\u00f3modo y no deslizante en condiciones de h\u00famedad. Incluye funda. Medidas Abierto: Longitud 65 cm.; Di\u00e1metro 105 cm. Medida cerrado: Longitud 36 cm.  Marca: Wagner.","og_url":"https:\/\/easywebmkt.com.ar\/cotone\/productos\/paraguas-automatic\/","og_site_name":"Viacotone Argentina","article_modified_time":"2022-03-21T18:32:08+00:00","og_image":[{"width":1200,"height":1200,"url":"https:\/\/easywebmkt.com.ar\/cotone\/wp-content\/uploads\/2021\/01\/Paraguas-Klein-Wagner-presentadojpg-1580941861.jpg","type":"image\/jpeg"}],"twitter_card":"summary_large_image","schema":{"@context":"https:\/\/schema.org","@graph":[{"@type":"WebPage","@id":"https:\/\/easywebmkt.com.ar\/cotone\/productos\/paraguas-automatic\/","url":"https:\/\/easywebmkt.com.ar\/cotone\/productos\/paraguas-automatic\/","name":"Paraguas Automatic - Viacotone Argentina","isPartOf":{"@id":"https:\/\/easywebmkt.com.ar\/cotone\/#website"},"primaryImageOfPage":{"@id":"https:\/\/easywebmkt.com.ar\/cotone\/productos\/paraguas-automatic\/#primaryimage"},"image":{"@id":"https:\/\/easywebmkt.com.ar\/cotone\/productos\/paraguas-automatic\/#primaryimage"},"thumbnailUrl":"https:\/\/easywebmkt.com.ar\/cotone\/wp-content\/uploads\/2021\/01\/Paraguas-Klein-Wagner-presentadojpg-1580941861.jpg","datePublished":"2021-01-13T03:22:59+00:00","dateModified":"2022-03-21T18:32:08+00:00","breadcrumb":{"@id":"https:\/\/easywebmkt.com.ar\/cotone\/productos\/paraguas-automatic\/#breadcrumb"},"inLanguage":"es-AR","potentialAction":[{"@type":"ReadAction","target":["https:\/\/easywebmkt.com.ar\/cotone\/productos\/paraguas-automatic\/"]}]},{"@type":"ImageObject","inLanguage":"es-AR","@id":"https:\/\/easywebmkt.com.ar\/cotone\/productos\/paraguas-automatic\/#primaryimage","url":"https:\/\/easywebmkt.com.ar\/cotone\/wp-content\/uploads\/2021\/01\/Paraguas-Klein-Wagner-presentadojpg-1580941861.jpg","contentUrl":"https:\/\/easywebmkt.com.ar\/cotone\/wp-content\/uploads\/2021\/01\/Paraguas-Klein-Wagner-presentadojpg-1580941861.jpg","width":1200,"height":1200},{"@type":"BreadcrumbList","@id":"https:\/\/easywebmkt.com.ar\/cotone\/productos\/paraguas-automatic\/#breadcrumb","itemListElement":[{"@type":"ListItem","position":1,"name":"Inicio","item":"https:\/\/easywebmkt.com.ar\/cotone\/"},{"@type":"ListItem","position":2,"name":"Productos","item":"https:\/\/easywebmkt.com.ar\/cotone\/productos\/"},{"@type":"ListItem","position":3,"name":"Paraguas Automatic"}]},{"@type":"WebSite","@id":"https:\/\/easywebmkt.com.ar\/cotone\/#website","url":"https:\/\/easywebmkt.com.ar\/cotone\/","name":"Viacotone Argentina","description":"Merchandising Partners","potentialAction":[{"@type":"SearchAction","target":{"@type":"EntryPoint","urlTemplate":"https:\/\/easywebmkt.com.ar\/cotone\/?s={search_term_string}"},"query-input":{"@type":"PropertyValueSpecification","valueRequired":true,"valueName":"search_term_string"}}],"inLanguage":"es-AR"}]}},"_links":{"self":[{"href":"https:\/\/easywebmkt.com.ar\/cotone\/wp-json\/wp\/v2\/product\/11898","targetHints":{"allow":["GET"]}}],"collection":[{"href":"https:\/\/easywebmkt.com.ar\/cotone\/wp-json\/wp\/v2\/product"}],"about":[{"href":"https:\/\/easywebmkt.com.ar\/cotone\/wp-json\/wp\/v2\/types\/product"}],"replies":[{"embeddable":true,"href":"https:\/\/easywebmkt.com.ar\/cotone\/wp-json\/wp\/v2\/comments?post=11898"}],"wp:featuredmedia":[{"embeddable":true,"href":"https:\/\/easywebmkt.com.ar\/cotone\/wp-json\/wp\/v2\/media\/11900"}],"wp:attachment":[{"href":"https:\/\/easywebmkt.com.ar\/cotone\/wp-json\/wp\/v2\/media?parent=11898"}],"wp:term":[{"taxonomy":"product_brand","embeddable":true,"href":"https:\/\/easywebmkt.com.ar\/cotone\/wp-json\/wp\/v2\/product_brand?post=11898"},{"taxonomy":"product_cat","embeddable":true,"href":"https:\/\/easywebmkt.com.ar\/cotone\/wp-json\/wp\/v2\/product_cat?post=11898"},{"taxonomy":"product_tag","embeddable":true,"href":"https:\/\/easywebmkt.com.ar\/cotone\/wp-json\/wp\/v2\/product_tag?post=11898"}],"curies":[{"name":"wp","href":"https:\/\/api.w.org\/{rel}","templated":true}]}}