{"id":11902,"date":"2021-01-13T00:26:41","date_gmt":"2021-01-13T03:26:41","guid":{"rendered":"http:\/\/viacotone.local\/?post_type=product&#038;p=11902"},"modified":"2022-03-21T15:30:12","modified_gmt":"2022-03-21T18:30:12","slug":"paraguas-swissbags","status":"publish","type":"product","link":"https:\/\/easywebmkt.com.ar\/cotone\/productos\/paraguas-swissbags\/","title":{"rendered":"Paraguas Swissbags"},"content":{"rendered":"","protected":false},"excerpt":{"rendered":"<p class=\"text-small cod-gray m-bottom-2\" data-v-3689dc88=\"\">Paraguas de 8 gajos con protecci\u00f3n UV.<\/p>\n<p>Apertura autom\u00e1tica y sistema Wind Proof, el cual permite mayor resistencia al viento y lluvia. Estructura met\u00e1lica forrada en pl\u00e1stico de color (Ribs de nylon), mango de pl\u00e1stico ABS curvo y puntera de goma con funci\u00f3n de para rayos. Incluye funda. Medidas: Largo 100 cm; Di\u00e1metro: 89,5 cm.<\/p>\n<p class=\"text-small cod-gray m-bottom-2\" data-v-3689dc88=\"\">Medidas: 26 x 90 cm.<br \/>\nMarca: Swissbags.<\/p>\n","protected":false},"featured_media":11905,"comment_status":"closed","ping_status":"closed","template":"","meta":[],"product_brand":[],"product_cat":[72,111,119],"product_tag":[364,589,723],"class_list":{"0":"post-11902","1":"product","2":"type-product","3":"status-publish","4":"has-post-thumbnail","6":"product_cat-promocionales","7":"product_cat-paraguas","8":"product_cat-outdoor","9":"product_tag-paraguas","10":"product_tag-swissbags","11":"product_tag-vc-smart","13":"first","14":"instock","15":"shipping-taxable","16":"purchasable","17":"product-type-simple"},"yoast_head":"<!-- This site is optimized with the Yoast SEO plugin v23.4 - https:\/\/yoast.com\/wordpress\/plugins\/seo\/ -->\n<title>Paraguas Swissbags - Viacotone Argentina<\/title>\n<meta name=\"robots\" content=\"index, follow, max-snippet:-1, max-image-preview:large, max-video-preview:-1\" \/>\n<link rel=\"canonical\" href=\"https:\/\/easywebmkt.com.ar\/cotone\/productos\/paraguas-swissbags\/\" \/>\n<meta property=\"og:locale\" content=\"es_ES\" \/>\n<meta property=\"og:type\" content=\"article\" \/>\n<meta property=\"og:title\" content=\"Paraguas Swissbags - Viacotone Argentina\" \/>\n<meta property=\"og:description\" content=\"Paraguas de 8 gajos con protecci\u00f3n UV.  Apertura autom\u00e1tica y sistema Wind Proof, el cual permite mayor resistencia al viento y lluvia. Estructura met\u00e1lica forrada en pl\u00e1stico de color (Ribs de nylon), mango de pl\u00e1stico ABS curvo y puntera de goma con funci\u00f3n de para rayos. Incluye funda. Medidas: Largo 100 cm; Di\u00e1metro: 89,5 cm. Medidas: 26 x 90 cm. Marca: Swissbags.\" \/>\n<meta property=\"og:url\" content=\"https:\/\/easywebmkt.com.ar\/cotone\/productos\/paraguas-swissbags\/\" \/>\n<meta property=\"og:site_name\" content=\"Viacotone Argentina\" \/>\n<meta property=\"article:modified_time\" content=\"2022-03-21T18:30:12+00:00\" \/>\n<meta property=\"og:image\" content=\"https:\/\/easywebmkt.com.ar\/cotone\/wp-content\/uploads\/2021\/01\/otreiba-ojor-ognam-noc-orgeN-sgabssiwS-saugaraP-1580433838.jpg\" \/>\n\t<meta property=\"og:image:width\" content=\"1024\" \/>\n\t<meta property=\"og:image:height\" content=\"1024\" \/>\n\t<meta property=\"og:image:type\" content=\"image\/jpeg\" \/>\n<meta name=\"twitter:card\" content=\"summary_large_image\" \/>\n<script type=\"application\/ld+json\" class=\"yoast-schema-graph\">{\"@context\":\"https:\/\/schema.org\",\"@graph\":[{\"@type\":\"WebPage\",\"@id\":\"https:\/\/easywebmkt.com.ar\/cotone\/productos\/paraguas-swissbags\/\",\"url\":\"https:\/\/easywebmkt.com.ar\/cotone\/productos\/paraguas-swissbags\/\",\"name\":\"Paraguas Swissbags - Viacotone Argentina\",\"isPartOf\":{\"@id\":\"https:\/\/easywebmkt.com.ar\/cotone\/#website\"},\"primaryImageOfPage\":{\"@id\":\"https:\/\/easywebmkt.com.ar\/cotone\/productos\/paraguas-swissbags\/#primaryimage\"},\"image\":{\"@id\":\"https:\/\/easywebmkt.com.ar\/cotone\/productos\/paraguas-swissbags\/#primaryimage\"},\"thumbnailUrl\":\"https:\/\/easywebmkt.com.ar\/cotone\/wp-content\/uploads\/2021\/01\/otreiba-ojor-ognam-noc-orgeN-sgabssiwS-saugaraP-1580433838.jpg\",\"datePublished\":\"2021-01-13T03:26:41+00:00\",\"dateModified\":\"2022-03-21T18:30:12+00:00\",\"breadcrumb\":{\"@id\":\"https:\/\/easywebmkt.com.ar\/cotone\/productos\/paraguas-swissbags\/#breadcrumb\"},\"inLanguage\":\"es-AR\",\"potentialAction\":[{\"@type\":\"ReadAction\",\"target\":[\"https:\/\/easywebmkt.com.ar\/cotone\/productos\/paraguas-swissbags\/\"]}]},{\"@type\":\"ImageObject\",\"inLanguage\":\"es-AR\",\"@id\":\"https:\/\/easywebmkt.com.ar\/cotone\/productos\/paraguas-swissbags\/#primaryimage\",\"url\":\"https:\/\/easywebmkt.com.ar\/cotone\/wp-content\/uploads\/2021\/01\/otreiba-ojor-ognam-noc-orgeN-sgabssiwS-saugaraP-1580433838.jpg\",\"contentUrl\":\"https:\/\/easywebmkt.com.ar\/cotone\/wp-content\/uploads\/2021\/01\/otreiba-ojor-ognam-noc-orgeN-sgabssiwS-saugaraP-1580433838.jpg\",\"width\":1024,\"height\":1024},{\"@type\":\"BreadcrumbList\",\"@id\":\"https:\/\/easywebmkt.com.ar\/cotone\/productos\/paraguas-swissbags\/#breadcrumb\",\"itemListElement\":[{\"@type\":\"ListItem\",\"position\":1,\"name\":\"Inicio\",\"item\":\"https:\/\/easywebmkt.com.ar\/cotone\/\"},{\"@type\":\"ListItem\",\"position\":2,\"name\":\"Productos\",\"item\":\"https:\/\/easywebmkt.com.ar\/cotone\/productos\/\"},{\"@type\":\"ListItem\",\"position\":3,\"name\":\"Paraguas Swissbags\"}]},{\"@type\":\"WebSite\",\"@id\":\"https:\/\/easywebmkt.com.ar\/cotone\/#website\",\"url\":\"https:\/\/easywebmkt.com.ar\/cotone\/\",\"name\":\"Viacotone Argentina\",\"description\":\"Merchandising Partners\",\"potentialAction\":[{\"@type\":\"SearchAction\",\"target\":{\"@type\":\"EntryPoint\",\"urlTemplate\":\"https:\/\/easywebmkt.com.ar\/cotone\/?s={search_term_string}\"},\"query-input\":{\"@type\":\"PropertyValueSpecification\",\"valueRequired\":true,\"valueName\":\"search_term_string\"}}],\"inLanguage\":\"es-AR\"}]}<\/script>\n<!-- \/ Yoast SEO plugin. -->","yoast_head_json":{"title":"Paraguas Swissbags - Viacotone Argentina","robots":{"index":"index","follow":"follow","max-snippet":"max-snippet:-1","max-image-preview":"max-image-preview:large","max-video-preview":"max-video-preview:-1"},"canonical":"https:\/\/easywebmkt.com.ar\/cotone\/productos\/paraguas-swissbags\/","og_locale":"es_ES","og_type":"article","og_title":"Paraguas Swissbags - Viacotone Argentina","og_description":"Paraguas de 8 gajos con protecci\u00f3n UV.  Apertura autom\u00e1tica y sistema Wind Proof, el cual permite mayor resistencia al viento y lluvia. Estructura met\u00e1lica forrada en pl\u00e1stico de color (Ribs de nylon), mango de pl\u00e1stico ABS curvo y puntera de goma con funci\u00f3n de para rayos. Incluye funda. Medidas: Largo 100 cm; Di\u00e1metro: 89,5 cm. Medidas: 26 x 90 cm. Marca: Swissbags.","og_url":"https:\/\/easywebmkt.com.ar\/cotone\/productos\/paraguas-swissbags\/","og_site_name":"Viacotone Argentina","article_modified_time":"2022-03-21T18:30:12+00:00","og_image":[{"width":1024,"height":1024,"url":"https:\/\/easywebmkt.com.ar\/cotone\/wp-content\/uploads\/2021\/01\/otreiba-ojor-ognam-noc-orgeN-sgabssiwS-saugaraP-1580433838.jpg","type":"image\/jpeg"}],"twitter_card":"summary_large_image","schema":{"@context":"https:\/\/schema.org","@graph":[{"@type":"WebPage","@id":"https:\/\/easywebmkt.com.ar\/cotone\/productos\/paraguas-swissbags\/","url":"https:\/\/easywebmkt.com.ar\/cotone\/productos\/paraguas-swissbags\/","name":"Paraguas Swissbags - Viacotone Argentina","isPartOf":{"@id":"https:\/\/easywebmkt.com.ar\/cotone\/#website"},"primaryImageOfPage":{"@id":"https:\/\/easywebmkt.com.ar\/cotone\/productos\/paraguas-swissbags\/#primaryimage"},"image":{"@id":"https:\/\/easywebmkt.com.ar\/cotone\/productos\/paraguas-swissbags\/#primaryimage"},"thumbnailUrl":"https:\/\/easywebmkt.com.ar\/cotone\/wp-content\/uploads\/2021\/01\/otreiba-ojor-ognam-noc-orgeN-sgabssiwS-saugaraP-1580433838.jpg","datePublished":"2021-01-13T03:26:41+00:00","dateModified":"2022-03-21T18:30:12+00:00","breadcrumb":{"@id":"https:\/\/easywebmkt.com.ar\/cotone\/productos\/paraguas-swissbags\/#breadcrumb"},"inLanguage":"es-AR","potentialAction":[{"@type":"ReadAction","target":["https:\/\/easywebmkt.com.ar\/cotone\/productos\/paraguas-swissbags\/"]}]},{"@type":"ImageObject","inLanguage":"es-AR","@id":"https:\/\/easywebmkt.com.ar\/cotone\/productos\/paraguas-swissbags\/#primaryimage","url":"https:\/\/easywebmkt.com.ar\/cotone\/wp-content\/uploads\/2021\/01\/otreiba-ojor-ognam-noc-orgeN-sgabssiwS-saugaraP-1580433838.jpg","contentUrl":"https:\/\/easywebmkt.com.ar\/cotone\/wp-content\/uploads\/2021\/01\/otreiba-ojor-ognam-noc-orgeN-sgabssiwS-saugaraP-1580433838.jpg","width":1024,"height":1024},{"@type":"BreadcrumbList","@id":"https:\/\/easywebmkt.com.ar\/cotone\/productos\/paraguas-swissbags\/#breadcrumb","itemListElement":[{"@type":"ListItem","position":1,"name":"Inicio","item":"https:\/\/easywebmkt.com.ar\/cotone\/"},{"@type":"ListItem","position":2,"name":"Productos","item":"https:\/\/easywebmkt.com.ar\/cotone\/productos\/"},{"@type":"ListItem","position":3,"name":"Paraguas Swissbags"}]},{"@type":"WebSite","@id":"https:\/\/easywebmkt.com.ar\/cotone\/#website","url":"https:\/\/easywebmkt.com.ar\/cotone\/","name":"Viacotone Argentina","description":"Merchandising Partners","potentialAction":[{"@type":"SearchAction","target":{"@type":"EntryPoint","urlTemplate":"https:\/\/easywebmkt.com.ar\/cotone\/?s={search_term_string}"},"query-input":{"@type":"PropertyValueSpecification","valueRequired":true,"valueName":"search_term_string"}}],"inLanguage":"es-AR"}]}},"_links":{"self":[{"href":"https:\/\/easywebmkt.com.ar\/cotone\/wp-json\/wp\/v2\/product\/11902","targetHints":{"allow":["GET"]}}],"collection":[{"href":"https:\/\/easywebmkt.com.ar\/cotone\/wp-json\/wp\/v2\/product"}],"about":[{"href":"https:\/\/easywebmkt.com.ar\/cotone\/wp-json\/wp\/v2\/types\/product"}],"replies":[{"embeddable":true,"href":"https:\/\/easywebmkt.com.ar\/cotone\/wp-json\/wp\/v2\/comments?post=11902"}],"wp:featuredmedia":[{"embeddable":true,"href":"https:\/\/easywebmkt.com.ar\/cotone\/wp-json\/wp\/v2\/media\/11905"}],"wp:attachment":[{"href":"https:\/\/easywebmkt.com.ar\/cotone\/wp-json\/wp\/v2\/media?parent=11902"}],"wp:term":[{"taxonomy":"product_brand","embeddable":true,"href":"https:\/\/easywebmkt.com.ar\/cotone\/wp-json\/wp\/v2\/product_brand?post=11902"},{"taxonomy":"product_cat","embeddable":true,"href":"https:\/\/easywebmkt.com.ar\/cotone\/wp-json\/wp\/v2\/product_cat?post=11902"},{"taxonomy":"product_tag","embeddable":true,"href":"https:\/\/easywebmkt.com.ar\/cotone\/wp-json\/wp\/v2\/product_tag?post=11902"}],"curies":[{"name":"wp","href":"https:\/\/api.w.org\/{rel}","templated":true}]}}