{"id":11944,"date":"2021-01-13T00:46:17","date_gmt":"2021-01-13T03:46:17","guid":{"rendered":"http:\/\/viacotone.local\/?post_type=product&#038;p=11944"},"modified":"2021-09-21T09:25:52","modified_gmt":"2021-09-21T12:25:52","slug":"paraguas-tiger","status":"publish","type":"product","link":"https:\/\/easywebmkt.com.ar\/cotone\/productos\/paraguas-tiger\/","title":{"rendered":"Paraguas Tiger"},"content":{"rendered":"","protected":false},"excerpt":{"rendered":"<p class=\"text-small cod-gray m-bottom-2\" data-v-3689dc88=\"\"><strong>Paraguas de golf estructura en fibra.<br \/>\n<\/strong><br \/>\nEmpu\u00f1adura pl\u00e1stica ergon\u00f3mica.<br \/>\nTela poliester. 8 gajos cierre velcro.<br \/>\nSistema anti viento.<\/p>\n<p>Colores: Azul, Azul Francia, Blanco \u2013 Azul, Blanco \u2013 Rojo, Blanco Azul Francia, Negro, Verde ingl\u00e9s \u2013 Blanco \u2013 Verde ingl\u00e9s<\/p>\n","protected":false},"featured_media":11946,"comment_status":"closed","ping_status":"closed","template":"","meta":[],"product_brand":[],"product_cat":[72,111,119],"product_tag":[591,364],"class_list":{"0":"post-11944","1":"product","2":"type-product","3":"status-publish","4":"has-post-thumbnail","6":"product_cat-promocionales","7":"product_cat-paraguas","8":"product_cat-outdoor","9":"product_tag-golf","10":"product_tag-paraguas","12":"first","13":"instock","14":"shipping-taxable","15":"purchasable","16":"product-type-simple"},"yoast_head":"<!-- This site is optimized with the Yoast SEO plugin v23.4 - https:\/\/yoast.com\/wordpress\/plugins\/seo\/ -->\n<title>Paraguas Tiger - Viacotone Argentina<\/title>\n<meta name=\"robots\" content=\"index, follow, max-snippet:-1, max-image-preview:large, max-video-preview:-1\" \/>\n<link rel=\"canonical\" href=\"https:\/\/easywebmkt.com.ar\/cotone\/productos\/paraguas-tiger\/\" \/>\n<meta property=\"og:locale\" content=\"es_ES\" \/>\n<meta property=\"og:type\" content=\"article\" \/>\n<meta property=\"og:title\" content=\"Paraguas Tiger - Viacotone Argentina\" \/>\n<meta property=\"og:description\" content=\"Paraguas de golf estructura en fibra.  Empu\u00f1adura pl\u00e1stica ergon\u00f3mica. Tela poliester. 8 gajos cierre velcro. Sistema anti viento.  Colores: Azul, Azul Francia, Blanco \u2013 Azul, Blanco \u2013 Rojo, Blanco Azul Francia, Negro, Verde ingl\u00e9s \u2013 Blanco \u2013 Verde ingl\u00e9s\" \/>\n<meta property=\"og:url\" content=\"https:\/\/easywebmkt.com.ar\/cotone\/productos\/paraguas-tiger\/\" \/>\n<meta property=\"og:site_name\" content=\"Viacotone Argentina\" \/>\n<meta property=\"article:modified_time\" content=\"2021-09-21T12:25:52+00:00\" \/>\n<meta property=\"og:image\" content=\"https:\/\/easywebmkt.com.ar\/cotone\/wp-content\/uploads\/2021\/01\/M402-BR-600x737-1.jpg\" \/>\n\t<meta property=\"og:image:width\" content=\"600\" \/>\n\t<meta property=\"og:image:height\" content=\"737\" \/>\n\t<meta property=\"og:image:type\" content=\"image\/jpeg\" \/>\n<meta name=\"twitter:card\" content=\"summary_large_image\" \/>\n<script type=\"application\/ld+json\" class=\"yoast-schema-graph\">{\"@context\":\"https:\/\/schema.org\",\"@graph\":[{\"@type\":\"WebPage\",\"@id\":\"https:\/\/easywebmkt.com.ar\/cotone\/productos\/paraguas-tiger\/\",\"url\":\"https:\/\/easywebmkt.com.ar\/cotone\/productos\/paraguas-tiger\/\",\"name\":\"Paraguas Tiger - Viacotone Argentina\",\"isPartOf\":{\"@id\":\"https:\/\/easywebmkt.com.ar\/cotone\/#website\"},\"primaryImageOfPage\":{\"@id\":\"https:\/\/easywebmkt.com.ar\/cotone\/productos\/paraguas-tiger\/#primaryimage\"},\"image\":{\"@id\":\"https:\/\/easywebmkt.com.ar\/cotone\/productos\/paraguas-tiger\/#primaryimage\"},\"thumbnailUrl\":\"https:\/\/easywebmkt.com.ar\/cotone\/wp-content\/uploads\/2021\/01\/M402-BR-600x737-1.jpg\",\"datePublished\":\"2021-01-13T03:46:17+00:00\",\"dateModified\":\"2021-09-21T12:25:52+00:00\",\"breadcrumb\":{\"@id\":\"https:\/\/easywebmkt.com.ar\/cotone\/productos\/paraguas-tiger\/#breadcrumb\"},\"inLanguage\":\"es-AR\",\"potentialAction\":[{\"@type\":\"ReadAction\",\"target\":[\"https:\/\/easywebmkt.com.ar\/cotone\/productos\/paraguas-tiger\/\"]}]},{\"@type\":\"ImageObject\",\"inLanguage\":\"es-AR\",\"@id\":\"https:\/\/easywebmkt.com.ar\/cotone\/productos\/paraguas-tiger\/#primaryimage\",\"url\":\"https:\/\/easywebmkt.com.ar\/cotone\/wp-content\/uploads\/2021\/01\/M402-BR-600x737-1.jpg\",\"contentUrl\":\"https:\/\/easywebmkt.com.ar\/cotone\/wp-content\/uploads\/2021\/01\/M402-BR-600x737-1.jpg\",\"width\":600,\"height\":737},{\"@type\":\"BreadcrumbList\",\"@id\":\"https:\/\/easywebmkt.com.ar\/cotone\/productos\/paraguas-tiger\/#breadcrumb\",\"itemListElement\":[{\"@type\":\"ListItem\",\"position\":1,\"name\":\"Inicio\",\"item\":\"https:\/\/easywebmkt.com.ar\/cotone\/\"},{\"@type\":\"ListItem\",\"position\":2,\"name\":\"Productos\",\"item\":\"https:\/\/easywebmkt.com.ar\/cotone\/productos\/\"},{\"@type\":\"ListItem\",\"position\":3,\"name\":\"Paraguas Tiger\"}]},{\"@type\":\"WebSite\",\"@id\":\"https:\/\/easywebmkt.com.ar\/cotone\/#website\",\"url\":\"https:\/\/easywebmkt.com.ar\/cotone\/\",\"name\":\"Viacotone Argentina\",\"description\":\"Merchandising Partners\",\"potentialAction\":[{\"@type\":\"SearchAction\",\"target\":{\"@type\":\"EntryPoint\",\"urlTemplate\":\"https:\/\/easywebmkt.com.ar\/cotone\/?s={search_term_string}\"},\"query-input\":{\"@type\":\"PropertyValueSpecification\",\"valueRequired\":true,\"valueName\":\"search_term_string\"}}],\"inLanguage\":\"es-AR\"}]}<\/script>\n<!-- \/ Yoast SEO plugin. -->","yoast_head_json":{"title":"Paraguas Tiger - Viacotone Argentina","robots":{"index":"index","follow":"follow","max-snippet":"max-snippet:-1","max-image-preview":"max-image-preview:large","max-video-preview":"max-video-preview:-1"},"canonical":"https:\/\/easywebmkt.com.ar\/cotone\/productos\/paraguas-tiger\/","og_locale":"es_ES","og_type":"article","og_title":"Paraguas Tiger - Viacotone Argentina","og_description":"Paraguas de golf estructura en fibra.  Empu\u00f1adura pl\u00e1stica ergon\u00f3mica. Tela poliester. 8 gajos cierre velcro. Sistema anti viento.  Colores: Azul, Azul Francia, Blanco \u2013 Azul, Blanco \u2013 Rojo, Blanco Azul Francia, Negro, Verde ingl\u00e9s \u2013 Blanco \u2013 Verde ingl\u00e9s","og_url":"https:\/\/easywebmkt.com.ar\/cotone\/productos\/paraguas-tiger\/","og_site_name":"Viacotone Argentina","article_modified_time":"2021-09-21T12:25:52+00:00","og_image":[{"width":600,"height":737,"url":"https:\/\/easywebmkt.com.ar\/cotone\/wp-content\/uploads\/2021\/01\/M402-BR-600x737-1.jpg","type":"image\/jpeg"}],"twitter_card":"summary_large_image","schema":{"@context":"https:\/\/schema.org","@graph":[{"@type":"WebPage","@id":"https:\/\/easywebmkt.com.ar\/cotone\/productos\/paraguas-tiger\/","url":"https:\/\/easywebmkt.com.ar\/cotone\/productos\/paraguas-tiger\/","name":"Paraguas Tiger - Viacotone Argentina","isPartOf":{"@id":"https:\/\/easywebmkt.com.ar\/cotone\/#website"},"primaryImageOfPage":{"@id":"https:\/\/easywebmkt.com.ar\/cotone\/productos\/paraguas-tiger\/#primaryimage"},"image":{"@id":"https:\/\/easywebmkt.com.ar\/cotone\/productos\/paraguas-tiger\/#primaryimage"},"thumbnailUrl":"https:\/\/easywebmkt.com.ar\/cotone\/wp-content\/uploads\/2021\/01\/M402-BR-600x737-1.jpg","datePublished":"2021-01-13T03:46:17+00:00","dateModified":"2021-09-21T12:25:52+00:00","breadcrumb":{"@id":"https:\/\/easywebmkt.com.ar\/cotone\/productos\/paraguas-tiger\/#breadcrumb"},"inLanguage":"es-AR","potentialAction":[{"@type":"ReadAction","target":["https:\/\/easywebmkt.com.ar\/cotone\/productos\/paraguas-tiger\/"]}]},{"@type":"ImageObject","inLanguage":"es-AR","@id":"https:\/\/easywebmkt.com.ar\/cotone\/productos\/paraguas-tiger\/#primaryimage","url":"https:\/\/easywebmkt.com.ar\/cotone\/wp-content\/uploads\/2021\/01\/M402-BR-600x737-1.jpg","contentUrl":"https:\/\/easywebmkt.com.ar\/cotone\/wp-content\/uploads\/2021\/01\/M402-BR-600x737-1.jpg","width":600,"height":737},{"@type":"BreadcrumbList","@id":"https:\/\/easywebmkt.com.ar\/cotone\/productos\/paraguas-tiger\/#breadcrumb","itemListElement":[{"@type":"ListItem","position":1,"name":"Inicio","item":"https:\/\/easywebmkt.com.ar\/cotone\/"},{"@type":"ListItem","position":2,"name":"Productos","item":"https:\/\/easywebmkt.com.ar\/cotone\/productos\/"},{"@type":"ListItem","position":3,"name":"Paraguas Tiger"}]},{"@type":"WebSite","@id":"https:\/\/easywebmkt.com.ar\/cotone\/#website","url":"https:\/\/easywebmkt.com.ar\/cotone\/","name":"Viacotone Argentina","description":"Merchandising Partners","potentialAction":[{"@type":"SearchAction","target":{"@type":"EntryPoint","urlTemplate":"https:\/\/easywebmkt.com.ar\/cotone\/?s={search_term_string}"},"query-input":{"@type":"PropertyValueSpecification","valueRequired":true,"valueName":"search_term_string"}}],"inLanguage":"es-AR"}]}},"_links":{"self":[{"href":"https:\/\/easywebmkt.com.ar\/cotone\/wp-json\/wp\/v2\/product\/11944","targetHints":{"allow":["GET"]}}],"collection":[{"href":"https:\/\/easywebmkt.com.ar\/cotone\/wp-json\/wp\/v2\/product"}],"about":[{"href":"https:\/\/easywebmkt.com.ar\/cotone\/wp-json\/wp\/v2\/types\/product"}],"replies":[{"embeddable":true,"href":"https:\/\/easywebmkt.com.ar\/cotone\/wp-json\/wp\/v2\/comments?post=11944"}],"wp:featuredmedia":[{"embeddable":true,"href":"https:\/\/easywebmkt.com.ar\/cotone\/wp-json\/wp\/v2\/media\/11946"}],"wp:attachment":[{"href":"https:\/\/easywebmkt.com.ar\/cotone\/wp-json\/wp\/v2\/media?parent=11944"}],"wp:term":[{"taxonomy":"product_brand","embeddable":true,"href":"https:\/\/easywebmkt.com.ar\/cotone\/wp-json\/wp\/v2\/product_brand?post=11944"},{"taxonomy":"product_cat","embeddable":true,"href":"https:\/\/easywebmkt.com.ar\/cotone\/wp-json\/wp\/v2\/product_cat?post=11944"},{"taxonomy":"product_tag","embeddable":true,"href":"https:\/\/easywebmkt.com.ar\/cotone\/wp-json\/wp\/v2\/product_tag?post=11944"}],"curies":[{"name":"wp","href":"https:\/\/api.w.org\/{rel}","templated":true}]}}