{"id":12033,"date":"2021-01-13T08:39:18","date_gmt":"2021-01-13T11:39:18","guid":{"rendered":"http:\/\/viacotone.local\/?post_type=product&#038;p=12033"},"modified":"2021-09-21T09:25:50","modified_gmt":"2021-09-21T12:25:50","slug":"paraguas-invertido","status":"publish","type":"product","link":"https:\/\/easywebmkt.com.ar\/cotone\/productos\/paraguas-invertido\/","title":{"rendered":"Paraguas Invertido"},"content":{"rendered":"","protected":false},"excerpt":{"rendered":"<p class=\"text-small cod-gray m-bottom-2\" data-v-3689dc88=\"\"><strong>Tiene particularidad de que se abre al rev\u00e9s facilitando la apertura.<\/strong><\/p>\n<p>Adem\u00e1s, al cerrarlo mojado queda dentro del mismo evitando mojarse.<br \/>\nGracias al mango manos libres, pod\u00e9s apoyar el paraguas en tu mu\u00f1eca, liberando la mano para usarla para otras aplicaciones.<\/p>\n","protected":false},"featured_media":12034,"comment_status":"closed","ping_status":"closed","template":"","meta":[],"product_brand":[],"product_cat":[72,111,119],"product_tag":[597,364],"class_list":{"0":"post-12033","1":"product","2":"type-product","3":"status-publish","4":"has-post-thumbnail","6":"product_cat-promocionales","7":"product_cat-paraguas","8":"product_cat-outdoor","9":"product_tag-invertido","10":"product_tag-paraguas","12":"first","13":"instock","14":"shipping-taxable","15":"purchasable","16":"product-type-simple"},"yoast_head":"<!-- This site is optimized with the Yoast SEO plugin v23.4 - https:\/\/yoast.com\/wordpress\/plugins\/seo\/ -->\n<title>Paraguas Invertido - Viacotone Argentina<\/title>\n<meta name=\"robots\" content=\"index, follow, max-snippet:-1, max-image-preview:large, max-video-preview:-1\" \/>\n<link rel=\"canonical\" href=\"https:\/\/easywebmkt.com.ar\/cotone\/productos\/paraguas-invertido\/\" \/>\n<meta property=\"og:locale\" content=\"es_ES\" \/>\n<meta property=\"og:type\" content=\"article\" \/>\n<meta property=\"og:title\" content=\"Paraguas Invertido - Viacotone Argentina\" \/>\n<meta property=\"og:description\" content=\"Tiene particularidad de que se abre al rev\u00e9s facilitando la apertura.  Adem\u00e1s, al cerrarlo mojado queda dentro del mismo evitando mojarse. Gracias al mango manos libres, pod\u00e9s apoyar el paraguas en tu mu\u00f1eca, liberando la mano para usarla para otras aplicaciones.\" \/>\n<meta property=\"og:url\" content=\"https:\/\/easywebmkt.com.ar\/cotone\/productos\/paraguas-invertido\/\" \/>\n<meta property=\"og:site_name\" content=\"Viacotone Argentina\" \/>\n<meta property=\"article:modified_time\" content=\"2021-09-21T12:25:50+00:00\" \/>\n<meta property=\"og:image\" content=\"https:\/\/easywebmkt.com.ar\/cotone\/wp-content\/uploads\/2021\/01\/paraguas1-scaled.jpg\" \/>\n\t<meta property=\"og:image:width\" content=\"2560\" \/>\n\t<meta property=\"og:image:height\" content=\"2560\" \/>\n\t<meta property=\"og:image:type\" content=\"image\/jpeg\" \/>\n<meta name=\"twitter:card\" content=\"summary_large_image\" \/>\n<script type=\"application\/ld+json\" class=\"yoast-schema-graph\">{\"@context\":\"https:\/\/schema.org\",\"@graph\":[{\"@type\":\"WebPage\",\"@id\":\"https:\/\/easywebmkt.com.ar\/cotone\/productos\/paraguas-invertido\/\",\"url\":\"https:\/\/easywebmkt.com.ar\/cotone\/productos\/paraguas-invertido\/\",\"name\":\"Paraguas Invertido - Viacotone Argentina\",\"isPartOf\":{\"@id\":\"https:\/\/easywebmkt.com.ar\/cotone\/#website\"},\"primaryImageOfPage\":{\"@id\":\"https:\/\/easywebmkt.com.ar\/cotone\/productos\/paraguas-invertido\/#primaryimage\"},\"image\":{\"@id\":\"https:\/\/easywebmkt.com.ar\/cotone\/productos\/paraguas-invertido\/#primaryimage\"},\"thumbnailUrl\":\"https:\/\/easywebmkt.com.ar\/cotone\/wp-content\/uploads\/2021\/01\/paraguas1-scaled.jpg\",\"datePublished\":\"2021-01-13T11:39:18+00:00\",\"dateModified\":\"2021-09-21T12:25:50+00:00\",\"breadcrumb\":{\"@id\":\"https:\/\/easywebmkt.com.ar\/cotone\/productos\/paraguas-invertido\/#breadcrumb\"},\"inLanguage\":\"es-AR\",\"potentialAction\":[{\"@type\":\"ReadAction\",\"target\":[\"https:\/\/easywebmkt.com.ar\/cotone\/productos\/paraguas-invertido\/\"]}]},{\"@type\":\"ImageObject\",\"inLanguage\":\"es-AR\",\"@id\":\"https:\/\/easywebmkt.com.ar\/cotone\/productos\/paraguas-invertido\/#primaryimage\",\"url\":\"https:\/\/easywebmkt.com.ar\/cotone\/wp-content\/uploads\/2021\/01\/paraguas1-scaled.jpg\",\"contentUrl\":\"https:\/\/easywebmkt.com.ar\/cotone\/wp-content\/uploads\/2021\/01\/paraguas1-scaled.jpg\",\"width\":2560,\"height\":2560},{\"@type\":\"BreadcrumbList\",\"@id\":\"https:\/\/easywebmkt.com.ar\/cotone\/productos\/paraguas-invertido\/#breadcrumb\",\"itemListElement\":[{\"@type\":\"ListItem\",\"position\":1,\"name\":\"Inicio\",\"item\":\"https:\/\/easywebmkt.com.ar\/cotone\/\"},{\"@type\":\"ListItem\",\"position\":2,\"name\":\"Productos\",\"item\":\"https:\/\/easywebmkt.com.ar\/cotone\/productos\/\"},{\"@type\":\"ListItem\",\"position\":3,\"name\":\"Paraguas Invertido\"}]},{\"@type\":\"WebSite\",\"@id\":\"https:\/\/easywebmkt.com.ar\/cotone\/#website\",\"url\":\"https:\/\/easywebmkt.com.ar\/cotone\/\",\"name\":\"Viacotone Argentina\",\"description\":\"Merchandising Partners\",\"potentialAction\":[{\"@type\":\"SearchAction\",\"target\":{\"@type\":\"EntryPoint\",\"urlTemplate\":\"https:\/\/easywebmkt.com.ar\/cotone\/?s={search_term_string}\"},\"query-input\":{\"@type\":\"PropertyValueSpecification\",\"valueRequired\":true,\"valueName\":\"search_term_string\"}}],\"inLanguage\":\"es-AR\"}]}<\/script>\n<!-- \/ Yoast SEO plugin. -->","yoast_head_json":{"title":"Paraguas Invertido - Viacotone Argentina","robots":{"index":"index","follow":"follow","max-snippet":"max-snippet:-1","max-image-preview":"max-image-preview:large","max-video-preview":"max-video-preview:-1"},"canonical":"https:\/\/easywebmkt.com.ar\/cotone\/productos\/paraguas-invertido\/","og_locale":"es_ES","og_type":"article","og_title":"Paraguas Invertido - Viacotone Argentina","og_description":"Tiene particularidad de que se abre al rev\u00e9s facilitando la apertura.  Adem\u00e1s, al cerrarlo mojado queda dentro del mismo evitando mojarse. Gracias al mango manos libres, pod\u00e9s apoyar el paraguas en tu mu\u00f1eca, liberando la mano para usarla para otras aplicaciones.","og_url":"https:\/\/easywebmkt.com.ar\/cotone\/productos\/paraguas-invertido\/","og_site_name":"Viacotone Argentina","article_modified_time":"2021-09-21T12:25:50+00:00","og_image":[{"width":2560,"height":2560,"url":"https:\/\/easywebmkt.com.ar\/cotone\/wp-content\/uploads\/2021\/01\/paraguas1-scaled.jpg","type":"image\/jpeg"}],"twitter_card":"summary_large_image","schema":{"@context":"https:\/\/schema.org","@graph":[{"@type":"WebPage","@id":"https:\/\/easywebmkt.com.ar\/cotone\/productos\/paraguas-invertido\/","url":"https:\/\/easywebmkt.com.ar\/cotone\/productos\/paraguas-invertido\/","name":"Paraguas Invertido - Viacotone Argentina","isPartOf":{"@id":"https:\/\/easywebmkt.com.ar\/cotone\/#website"},"primaryImageOfPage":{"@id":"https:\/\/easywebmkt.com.ar\/cotone\/productos\/paraguas-invertido\/#primaryimage"},"image":{"@id":"https:\/\/easywebmkt.com.ar\/cotone\/productos\/paraguas-invertido\/#primaryimage"},"thumbnailUrl":"https:\/\/easywebmkt.com.ar\/cotone\/wp-content\/uploads\/2021\/01\/paraguas1-scaled.jpg","datePublished":"2021-01-13T11:39:18+00:00","dateModified":"2021-09-21T12:25:50+00:00","breadcrumb":{"@id":"https:\/\/easywebmkt.com.ar\/cotone\/productos\/paraguas-invertido\/#breadcrumb"},"inLanguage":"es-AR","potentialAction":[{"@type":"ReadAction","target":["https:\/\/easywebmkt.com.ar\/cotone\/productos\/paraguas-invertido\/"]}]},{"@type":"ImageObject","inLanguage":"es-AR","@id":"https:\/\/easywebmkt.com.ar\/cotone\/productos\/paraguas-invertido\/#primaryimage","url":"https:\/\/easywebmkt.com.ar\/cotone\/wp-content\/uploads\/2021\/01\/paraguas1-scaled.jpg","contentUrl":"https:\/\/easywebmkt.com.ar\/cotone\/wp-content\/uploads\/2021\/01\/paraguas1-scaled.jpg","width":2560,"height":2560},{"@type":"BreadcrumbList","@id":"https:\/\/easywebmkt.com.ar\/cotone\/productos\/paraguas-invertido\/#breadcrumb","itemListElement":[{"@type":"ListItem","position":1,"name":"Inicio","item":"https:\/\/easywebmkt.com.ar\/cotone\/"},{"@type":"ListItem","position":2,"name":"Productos","item":"https:\/\/easywebmkt.com.ar\/cotone\/productos\/"},{"@type":"ListItem","position":3,"name":"Paraguas Invertido"}]},{"@type":"WebSite","@id":"https:\/\/easywebmkt.com.ar\/cotone\/#website","url":"https:\/\/easywebmkt.com.ar\/cotone\/","name":"Viacotone Argentina","description":"Merchandising Partners","potentialAction":[{"@type":"SearchAction","target":{"@type":"EntryPoint","urlTemplate":"https:\/\/easywebmkt.com.ar\/cotone\/?s={search_term_string}"},"query-input":{"@type":"PropertyValueSpecification","valueRequired":true,"valueName":"search_term_string"}}],"inLanguage":"es-AR"}]}},"_links":{"self":[{"href":"https:\/\/easywebmkt.com.ar\/cotone\/wp-json\/wp\/v2\/product\/12033","targetHints":{"allow":["GET"]}}],"collection":[{"href":"https:\/\/easywebmkt.com.ar\/cotone\/wp-json\/wp\/v2\/product"}],"about":[{"href":"https:\/\/easywebmkt.com.ar\/cotone\/wp-json\/wp\/v2\/types\/product"}],"replies":[{"embeddable":true,"href":"https:\/\/easywebmkt.com.ar\/cotone\/wp-json\/wp\/v2\/comments?post=12033"}],"wp:featuredmedia":[{"embeddable":true,"href":"https:\/\/easywebmkt.com.ar\/cotone\/wp-json\/wp\/v2\/media\/12034"}],"wp:attachment":[{"href":"https:\/\/easywebmkt.com.ar\/cotone\/wp-json\/wp\/v2\/media?parent=12033"}],"wp:term":[{"taxonomy":"product_brand","embeddable":true,"href":"https:\/\/easywebmkt.com.ar\/cotone\/wp-json\/wp\/v2\/product_brand?post=12033"},{"taxonomy":"product_cat","embeddable":true,"href":"https:\/\/easywebmkt.com.ar\/cotone\/wp-json\/wp\/v2\/product_cat?post=12033"},{"taxonomy":"product_tag","embeddable":true,"href":"https:\/\/easywebmkt.com.ar\/cotone\/wp-json\/wp\/v2\/product_tag?post=12033"}],"curies":[{"name":"wp","href":"https:\/\/api.w.org\/{rel}","templated":true}]}}