{"id":12904,"date":"2021-05-20T16:25:22","date_gmt":"2021-05-20T19:25:22","guid":{"rendered":"http:\/\/viacotone.local\/?post_type=product&#038;p=12904"},"modified":"2025-01-15T17:26:40","modified_gmt":"2025-01-15T20:26:40","slug":"cajon-beer","status":"publish","type":"product","link":"https:\/\/easywebmkt.com.ar\/cotone\/productos\/cajon-beer\/","title":{"rendered":"Caj\u00f3n Beer"},"content":{"rendered":"<p>Incluye:<\/p>\n<p>1) Cerveza artesanal HONEY BEER BEEPURE. Botella serigrafiada x500ml<br \/>\n2) Cerveza artesanal rubia BLONDE ALE BEEPURE. Botella serigrafiada x500ml<br \/>\n3) Mix Salado BEEPURE Goods. Frasco serigrafiado x110g<br \/>\n4) Mix Cl\u00e1sico. BEEPURE Goods. Frasco serigrafiado x110g<\/p>\n<p>Caj\u00f3n artesanal de madera de pino, con tapa desmontable, manijas de soga de algod\u00f3n y grabado de logo<br \/>\ncon l\u00e1ser. Relleno de viruta de madera en el interior.<\/p>\n<p>DIMENSIONES<br \/>\n19cm ancho<br \/>\n35cm largo<br \/>\n12cm alto<\/p>\n","protected":false},"excerpt":{"rendered":"<p>Incluye:<\/p>\n<p>1) Cerveza artesanal HONEY BEER BEEPURE. Botella serigrafiada x500ml<br \/>\n2) Cerveza artesanal rubia BLONDE ALE BEEPURE. Botella serigrafiada x500ml<br \/>\n3) Mix Salado BEEPURE Goods. Frasco serigrafiado x110g<br \/>\n4) Mix Cl\u00e1sico. BEEPURE Goods. Frasco serigrafiado x110g<\/p>\n<p>Caj\u00f3n artesanal de madera de pino, con tapa desmontable, manijas de soga de algod\u00f3n y grabado de logo<br \/>\ncon l\u00e1ser. Relleno de viruta de madera en el interior.<\/p>\n<p>DIMENSIONES<br \/>\n19cm ancho<br \/>\n35cm largo<br \/>\n12cm alto<\/p>\n","protected":false},"featured_media":12772,"comment_status":"closed","ping_status":"closed","template":"","meta":[],"product_brand":[],"product_cat":[684,785,479],"product_tag":[633,638,441,639,484,621],"class_list":{"0":"post-12904","1":"product","2":"type-product","3":"status-publish","4":"has-post-thumbnail","6":"product_cat-dia-del-padre-fechas-especiales","7":"product_cat-dia-del-trabajador","8":"product_cat-gourmet","9":"product_tag-beepure","10":"product_tag-beer","11":"product_tag-box","12":"product_tag-cerveza","13":"product_tag-gourmet","14":"product_tag-vc-gourmet","16":"first","17":"instock","18":"shipping-taxable","19":"purchasable","20":"product-type-simple"},"yoast_head":"<!-- This site is optimized with the Yoast SEO plugin v23.4 - https:\/\/yoast.com\/wordpress\/plugins\/seo\/ -->\n<title>Caj\u00f3n Beer - Viacotone Argentina<\/title>\n<meta name=\"robots\" content=\"index, follow, max-snippet:-1, max-image-preview:large, max-video-preview:-1\" \/>\n<link rel=\"canonical\" href=\"https:\/\/easywebmkt.com.ar\/cotone\/productos\/cajon-beer\/\" \/>\n<meta property=\"og:locale\" content=\"es_ES\" \/>\n<meta property=\"og:type\" content=\"article\" \/>\n<meta property=\"og:title\" content=\"Caj\u00f3n Beer - Viacotone Argentina\" \/>\n<meta property=\"og:description\" content=\"Incluye:  1) Cerveza artesanal HONEY BEER BEEPURE. Botella serigrafiada x500ml 2) Cerveza artesanal rubia BLONDE ALE BEEPURE. Botella serigrafiada x500ml 3) Mix Salado BEEPURE Goods. Frasco serigrafiado x110g 4) Mix Cl\u00e1sico. BEEPURE Goods. Frasco serigrafiado x110g  Caj\u00f3n artesanal de madera de pino, con tapa desmontable, manijas de soga de algod\u00f3n y grabado de logo con l\u00e1ser. Relleno de viruta de madera en el interior.  DIMENSIONES 19cm ancho 35cm largo 12cm alto\" \/>\n<meta property=\"og:url\" content=\"https:\/\/easywebmkt.com.ar\/cotone\/productos\/cajon-beer\/\" \/>\n<meta property=\"og:site_name\" content=\"Viacotone Argentina\" \/>\n<meta property=\"article:modified_time\" content=\"2025-01-15T20:26:40+00:00\" \/>\n<meta property=\"og:image\" content=\"https:\/\/easywebmkt.com.ar\/cotone\/wp-content\/uploads\/2021\/05\/IMGS-BEEP-23.jpg\" \/>\n\t<meta property=\"og:image:width\" content=\"1188\" \/>\n\t<meta property=\"og:image:height\" content=\"1188\" \/>\n\t<meta property=\"og:image:type\" content=\"image\/jpeg\" \/>\n<meta name=\"twitter:card\" content=\"summary_large_image\" \/>\n<meta name=\"twitter:label1\" content=\"Tiempo de lectura\" \/>\n\t<meta name=\"twitter:data1\" content=\"1 minuto\" \/>\n<script type=\"application\/ld+json\" class=\"yoast-schema-graph\">{\"@context\":\"https:\/\/schema.org\",\"@graph\":[{\"@type\":\"WebPage\",\"@id\":\"https:\/\/easywebmkt.com.ar\/cotone\/productos\/cajon-beer\/\",\"url\":\"https:\/\/easywebmkt.com.ar\/cotone\/productos\/cajon-beer\/\",\"name\":\"Caj\u00f3n Beer - Viacotone Argentina\",\"isPartOf\":{\"@id\":\"https:\/\/easywebmkt.com.ar\/cotone\/#website\"},\"primaryImageOfPage\":{\"@id\":\"https:\/\/easywebmkt.com.ar\/cotone\/productos\/cajon-beer\/#primaryimage\"},\"image\":{\"@id\":\"https:\/\/easywebmkt.com.ar\/cotone\/productos\/cajon-beer\/#primaryimage\"},\"thumbnailUrl\":\"https:\/\/easywebmkt.com.ar\/cotone\/wp-content\/uploads\/2021\/05\/IMGS-BEEP-23.jpg\",\"datePublished\":\"2021-05-20T19:25:22+00:00\",\"dateModified\":\"2025-01-15T20:26:40+00:00\",\"breadcrumb\":{\"@id\":\"https:\/\/easywebmkt.com.ar\/cotone\/productos\/cajon-beer\/#breadcrumb\"},\"inLanguage\":\"es-AR\",\"potentialAction\":[{\"@type\":\"ReadAction\",\"target\":[\"https:\/\/easywebmkt.com.ar\/cotone\/productos\/cajon-beer\/\"]}]},{\"@type\":\"ImageObject\",\"inLanguage\":\"es-AR\",\"@id\":\"https:\/\/easywebmkt.com.ar\/cotone\/productos\/cajon-beer\/#primaryimage\",\"url\":\"https:\/\/easywebmkt.com.ar\/cotone\/wp-content\/uploads\/2021\/05\/IMGS-BEEP-23.jpg\",\"contentUrl\":\"https:\/\/easywebmkt.com.ar\/cotone\/wp-content\/uploads\/2021\/05\/IMGS-BEEP-23.jpg\",\"width\":1188,\"height\":1188},{\"@type\":\"BreadcrumbList\",\"@id\":\"https:\/\/easywebmkt.com.ar\/cotone\/productos\/cajon-beer\/#breadcrumb\",\"itemListElement\":[{\"@type\":\"ListItem\",\"position\":1,\"name\":\"Inicio\",\"item\":\"https:\/\/easywebmkt.com.ar\/cotone\/\"},{\"@type\":\"ListItem\",\"position\":2,\"name\":\"Productos\",\"item\":\"https:\/\/easywebmkt.com.ar\/cotone\/productos\/\"},{\"@type\":\"ListItem\",\"position\":3,\"name\":\"Caj\u00f3n Beer\"}]},{\"@type\":\"WebSite\",\"@id\":\"https:\/\/easywebmkt.com.ar\/cotone\/#website\",\"url\":\"https:\/\/easywebmkt.com.ar\/cotone\/\",\"name\":\"Viacotone Argentina\",\"description\":\"Merchandising Partners\",\"potentialAction\":[{\"@type\":\"SearchAction\",\"target\":{\"@type\":\"EntryPoint\",\"urlTemplate\":\"https:\/\/easywebmkt.com.ar\/cotone\/?s={search_term_string}\"},\"query-input\":{\"@type\":\"PropertyValueSpecification\",\"valueRequired\":true,\"valueName\":\"search_term_string\"}}],\"inLanguage\":\"es-AR\"}]}<\/script>\n<!-- \/ Yoast SEO plugin. -->","yoast_head_json":{"title":"Caj\u00f3n Beer - Viacotone Argentina","robots":{"index":"index","follow":"follow","max-snippet":"max-snippet:-1","max-image-preview":"max-image-preview:large","max-video-preview":"max-video-preview:-1"},"canonical":"https:\/\/easywebmkt.com.ar\/cotone\/productos\/cajon-beer\/","og_locale":"es_ES","og_type":"article","og_title":"Caj\u00f3n Beer - Viacotone Argentina","og_description":"Incluye:  1) Cerveza artesanal HONEY BEER BEEPURE. Botella serigrafiada x500ml 2) Cerveza artesanal rubia BLONDE ALE BEEPURE. Botella serigrafiada x500ml 3) Mix Salado BEEPURE Goods. Frasco serigrafiado x110g 4) Mix Cl\u00e1sico. BEEPURE Goods. Frasco serigrafiado x110g  Caj\u00f3n artesanal de madera de pino, con tapa desmontable, manijas de soga de algod\u00f3n y grabado de logo con l\u00e1ser. Relleno de viruta de madera en el interior.  DIMENSIONES 19cm ancho 35cm largo 12cm alto","og_url":"https:\/\/easywebmkt.com.ar\/cotone\/productos\/cajon-beer\/","og_site_name":"Viacotone Argentina","article_modified_time":"2025-01-15T20:26:40+00:00","og_image":[{"width":1188,"height":1188,"url":"https:\/\/easywebmkt.com.ar\/cotone\/wp-content\/uploads\/2021\/05\/IMGS-BEEP-23.jpg","type":"image\/jpeg"}],"twitter_card":"summary_large_image","twitter_misc":{"Tiempo de lectura":"1 minuto"},"schema":{"@context":"https:\/\/schema.org","@graph":[{"@type":"WebPage","@id":"https:\/\/easywebmkt.com.ar\/cotone\/productos\/cajon-beer\/","url":"https:\/\/easywebmkt.com.ar\/cotone\/productos\/cajon-beer\/","name":"Caj\u00f3n Beer - Viacotone Argentina","isPartOf":{"@id":"https:\/\/easywebmkt.com.ar\/cotone\/#website"},"primaryImageOfPage":{"@id":"https:\/\/easywebmkt.com.ar\/cotone\/productos\/cajon-beer\/#primaryimage"},"image":{"@id":"https:\/\/easywebmkt.com.ar\/cotone\/productos\/cajon-beer\/#primaryimage"},"thumbnailUrl":"https:\/\/easywebmkt.com.ar\/cotone\/wp-content\/uploads\/2021\/05\/IMGS-BEEP-23.jpg","datePublished":"2021-05-20T19:25:22+00:00","dateModified":"2025-01-15T20:26:40+00:00","breadcrumb":{"@id":"https:\/\/easywebmkt.com.ar\/cotone\/productos\/cajon-beer\/#breadcrumb"},"inLanguage":"es-AR","potentialAction":[{"@type":"ReadAction","target":["https:\/\/easywebmkt.com.ar\/cotone\/productos\/cajon-beer\/"]}]},{"@type":"ImageObject","inLanguage":"es-AR","@id":"https:\/\/easywebmkt.com.ar\/cotone\/productos\/cajon-beer\/#primaryimage","url":"https:\/\/easywebmkt.com.ar\/cotone\/wp-content\/uploads\/2021\/05\/IMGS-BEEP-23.jpg","contentUrl":"https:\/\/easywebmkt.com.ar\/cotone\/wp-content\/uploads\/2021\/05\/IMGS-BEEP-23.jpg","width":1188,"height":1188},{"@type":"BreadcrumbList","@id":"https:\/\/easywebmkt.com.ar\/cotone\/productos\/cajon-beer\/#breadcrumb","itemListElement":[{"@type":"ListItem","position":1,"name":"Inicio","item":"https:\/\/easywebmkt.com.ar\/cotone\/"},{"@type":"ListItem","position":2,"name":"Productos","item":"https:\/\/easywebmkt.com.ar\/cotone\/productos\/"},{"@type":"ListItem","position":3,"name":"Caj\u00f3n Beer"}]},{"@type":"WebSite","@id":"https:\/\/easywebmkt.com.ar\/cotone\/#website","url":"https:\/\/easywebmkt.com.ar\/cotone\/","name":"Viacotone Argentina","description":"Merchandising Partners","potentialAction":[{"@type":"SearchAction","target":{"@type":"EntryPoint","urlTemplate":"https:\/\/easywebmkt.com.ar\/cotone\/?s={search_term_string}"},"query-input":{"@type":"PropertyValueSpecification","valueRequired":true,"valueName":"search_term_string"}}],"inLanguage":"es-AR"}]}},"_links":{"self":[{"href":"https:\/\/easywebmkt.com.ar\/cotone\/wp-json\/wp\/v2\/product\/12904","targetHints":{"allow":["GET"]}}],"collection":[{"href":"https:\/\/easywebmkt.com.ar\/cotone\/wp-json\/wp\/v2\/product"}],"about":[{"href":"https:\/\/easywebmkt.com.ar\/cotone\/wp-json\/wp\/v2\/types\/product"}],"replies":[{"embeddable":true,"href":"https:\/\/easywebmkt.com.ar\/cotone\/wp-json\/wp\/v2\/comments?post=12904"}],"wp:featuredmedia":[{"embeddable":true,"href":"https:\/\/easywebmkt.com.ar\/cotone\/wp-json\/wp\/v2\/media\/12772"}],"wp:attachment":[{"href":"https:\/\/easywebmkt.com.ar\/cotone\/wp-json\/wp\/v2\/media?parent=12904"}],"wp:term":[{"taxonomy":"product_brand","embeddable":true,"href":"https:\/\/easywebmkt.com.ar\/cotone\/wp-json\/wp\/v2\/product_brand?post=12904"},{"taxonomy":"product_cat","embeddable":true,"href":"https:\/\/easywebmkt.com.ar\/cotone\/wp-json\/wp\/v2\/product_cat?post=12904"},{"taxonomy":"product_tag","embeddable":true,"href":"https:\/\/easywebmkt.com.ar\/cotone\/wp-json\/wp\/v2\/product_tag?post=12904"}],"curies":[{"name":"wp","href":"https:\/\/api.w.org\/{rel}","templated":true}]}}