{"id":13170,"date":"2021-07-27T12:58:20","date_gmt":"2021-07-27T15:58:20","guid":{"rendered":"http:\/\/viacotone.local\/?post_type=product&#038;p=13170"},"modified":"2021-09-20T17:51:36","modified_gmt":"2021-09-20T20:51:36","slug":"kit-de-bienvenida-it","status":"publish","type":"product","link":"https:\/\/easywebmkt.com.ar\/cotone\/productos\/kit-de-bienvenida-it\/","title":{"rendered":"Kit de Bienvenida IT"},"content":{"rendered":"<p style=\"font-weight: 400;\"><strong>Los mejores KITS de tecnolog\u00eda para tu Equipo.<\/strong><\/p>\n<p style=\"font-weight: 400;\"><strong>Eleg\u00ed el que se amolda a tu equipo o te ayudamos a armar el tuyo a medida!<\/strong><\/p>\n<p style=\"font-weight: 400;\"><strong>\u00a0<\/strong><strong>KIT IT N\u00ba1<br \/>\n<\/strong><br \/>\n<u>INCLUYE<\/u><\/p>\n<p>-Soporte notebook\u00a0de madera<\/p>\n<p>-Jarro\u00a0t\u00e9rmico\u00a0Contigo<\/p>\n<p>-Pop\u00a0it<\/p>\n<p>-Auriculares Logitech H151<\/p>\n<p>-Mouse inal\u00e1mbrico Phillips<\/p>\n<p>-Cuaderno inteligente Rocketbook<\/p>\n<p>-Mochila porta notebook Samsonite<\/p>\n<p style=\"font-weight: 400;\"><strong>KIT\u00a0IT\u00a0N\u00ba2<\/strong><\/p>\n<p style=\"font-weight: 400;\"><u>INCLUYE<\/u><\/p>\n<p style=\"font-weight: 400;\">-Soporte notebook de encastre<\/p>\n<p style=\"font-weight: 400;\">-Respaldo lumbar para sillas<\/p>\n<p style=\"font-weight: 400;\">-Auricular xiaomi MI True Wireless<\/p>\n<p style=\"font-weight: 400;\">-Termo Coleman<\/p>\n<p style=\"font-weight: 400;\">-Mate Coleman<\/p>\n<p style=\"font-weight: 400;\">-Cuaderno Moleskine<\/p>\n<p style=\"font-weight: 400;\">-Bol\u00edgrafo Met\u00e1lico<\/p>\n<p>&nbsp;<\/p>\n<p style=\"font-weight: 400;\"><strong>KIT\u00a0IT\u00a0N\u00ba3<\/strong><\/p>\n<p style=\"font-weight: 400;\"><u>INCLUYE<\/u><\/p>\n<p style=\"font-weight: 400;\">-Mochila Wagner\u00a0porta notebook<\/p>\n<p style=\"font-weight: 400;\">-Soporte de madera<\/p>\n<p style=\"font-weight: 400;\">-Jarro mug met\u00e1lico<\/p>\n<p style=\"font-weight: 400;\">-Cuaderno anillado<\/p>\n<p style=\"font-weight: 400;\">-Bol\u00edgrafo met\u00e1lico<\/p>\n<p style=\"font-weight: 400;\">-Mouse inal\u00e1mbrico Genius ECO-8100 WIRELES<\/p>\n","protected":false},"excerpt":{"rendered":"<p style=\"font-weight: 400;\"><strong>Los mejores KITS de tecnolog\u00eda para tu Equipo.<\/strong><\/p>\n<p style=\"font-weight: 400;\"><strong>Eleg\u00ed el que se amolda a tu equipo o te ayudamos a armar el tuyo a medida!<\/strong><\/p>\n<p style=\"font-weight: 400;\"><strong>\u00a0<\/strong><strong>KIT IT N\u00ba1<br \/>\n<\/strong><br \/>\n<u>INCLUYE<\/u><\/p>\n<p>-Soporte notebook\u00a0de madera<\/p>\n<p>-Jarro\u00a0t\u00e9rmico\u00a0Contigo<\/p>\n<p>-Pop\u00a0it<\/p>\n<p>-Auriculares Logitech H151<\/p>\n<p>-Mouse inal\u00e1mbrico Phillips<\/p>\n<p>-Cuaderno inteligente Rocketbook<\/p>\n<p>-Mochila porta notebook Samsonite<\/p>\n<p style=\"font-weight: 400;\"><strong>KIT\u00a0IT\u00a0N\u00ba2<\/strong><\/p>\n<p style=\"font-weight: 400;\"><u>INCLUYE<\/u><\/p>\n<p style=\"font-weight: 400;\">-Soporte notebook de encastre<\/p>\n<p style=\"font-weight: 400;\">-Respaldo lumbar para sillas<\/p>\n<p style=\"font-weight: 400;\">-Auricular xiaomi MI True Wireless<\/p>\n<p style=\"font-weight: 400;\">-Termo Coleman<\/p>\n<p style=\"font-weight: 400;\">-Mate Coleman<\/p>\n<p style=\"font-weight: 400;\">-Cuaderno Moleskine<\/p>\n<p style=\"font-weight: 400;\">-Bol\u00edgrafo Met\u00e1lico<\/p>\n<p>&nbsp;<\/p>\n<p style=\"font-weight: 400;\"><strong>KIT\u00a0IT\u00a0N\u00ba3<\/strong><\/p>\n<p style=\"font-weight: 400;\"><u>INCLUYE<\/u><\/p>\n<p style=\"font-weight: 400;\">-Mochila Wagner\u00a0porta notebook<\/p>\n<p style=\"font-weight: 400;\">-Soporte de madera<\/p>\n<p style=\"font-weight: 400;\">-Jarro mug met\u00e1lico<\/p>\n<p style=\"font-weight: 400;\">-Cuaderno anillado<\/p>\n<p style=\"font-weight: 400;\">-Bol\u00edgrafo met\u00e1lico<\/p>\n<p style=\"font-weight: 400;\">-Mouse inal\u00e1mbrico Genius ECO-8100 WIRELES<\/p>\n","protected":false},"featured_media":13185,"comment_status":"closed","ping_status":"closed","template":"","meta":[],"product_brand":[],"product_cat":[244,246],"product_tag":[648,649,257,647,650,512],"class_list":{"0":"post-13170","1":"product","2":"type-product","3":"status-publish","4":"has-post-thumbnail","6":"product_cat-kits","7":"product_cat-kits-bienvenida","8":"product_tag-bienvenida","9":"product_tag-it","10":"product_tag-kit","11":"product_tag-kit-de-bienvenida","12":"product_tag-kit-de-bienvenida-it","13":"product_tag-tecnologia","15":"first","16":"instock","17":"shipping-taxable","18":"purchasable","19":"product-type-simple"},"yoast_head":"<!-- This site is optimized with the Yoast SEO plugin v23.4 - https:\/\/yoast.com\/wordpress\/plugins\/seo\/ -->\n<title>Kit de Bienvenida IT - Viacotone Argentina<\/title>\n<meta name=\"robots\" content=\"index, follow, max-snippet:-1, max-image-preview:large, max-video-preview:-1\" \/>\n<link rel=\"canonical\" href=\"https:\/\/easywebmkt.com.ar\/cotone\/productos\/kit-de-bienvenida-it\/\" \/>\n<meta property=\"og:locale\" content=\"es_ES\" \/>\n<meta property=\"og:type\" content=\"article\" \/>\n<meta property=\"og:title\" content=\"Kit de Bienvenida IT - Viacotone Argentina\" \/>\n<meta property=\"og:description\" content=\"Los mejores KITS de tecnolog\u00eda para tu Equipo. Eleg\u00ed el que se amolda a tu equipo o te ayudamos a armar el tuyo a medida! \u00a0KIT IT N\u00ba1  INCLUYE -Soporte notebook\u00a0de madera  -Jarro\u00a0t\u00e9rmico\u00a0Contigo  -Pop\u00a0it  -Auriculares Logitech H151  -Mouse inal\u00e1mbrico Phillips  -Cuaderno inteligente Rocketbook  -Mochila porta notebook Samsonite KIT\u00a0IT\u00a0N\u00ba2 INCLUYE -Soporte notebook de encastre -Respaldo lumbar para sillas -Auricular xiaomi MI True Wireless -Termo Coleman -Mate Coleman -Cuaderno Moleskine -Bol\u00edgrafo Met\u00e1lico &nbsp; KIT\u00a0IT\u00a0N\u00ba3 INCLUYE -Mochila Wagner\u00a0porta notebook -Soporte de madera -Jarro mug met\u00e1lico -Cuaderno anillado -Bol\u00edgrafo met\u00e1lico -Mouse inal\u00e1mbrico Genius ECO-8100 WIRELES\" \/>\n<meta property=\"og:url\" content=\"https:\/\/easywebmkt.com.ar\/cotone\/productos\/kit-de-bienvenida-it\/\" \/>\n<meta property=\"og:site_name\" content=\"Viacotone Argentina\" \/>\n<meta property=\"article:modified_time\" content=\"2021-09-20T20:51:36+00:00\" \/>\n<meta property=\"og:image\" content=\"https:\/\/easywebmkt.com.ar\/cotone\/wp-content\/uploads\/2021\/07\/15.jpg\" \/>\n\t<meta property=\"og:image:width\" content=\"800\" \/>\n\t<meta property=\"og:image:height\" content=\"800\" \/>\n\t<meta property=\"og:image:type\" content=\"image\/jpeg\" \/>\n<meta name=\"twitter:card\" content=\"summary_large_image\" \/>\n<meta name=\"twitter:label1\" content=\"Tiempo de lectura\" \/>\n\t<meta name=\"twitter:data1\" content=\"1 minuto\" \/>\n<script type=\"application\/ld+json\" class=\"yoast-schema-graph\">{\"@context\":\"https:\/\/schema.org\",\"@graph\":[{\"@type\":\"WebPage\",\"@id\":\"https:\/\/easywebmkt.com.ar\/cotone\/productos\/kit-de-bienvenida-it\/\",\"url\":\"https:\/\/easywebmkt.com.ar\/cotone\/productos\/kit-de-bienvenida-it\/\",\"name\":\"Kit de Bienvenida IT - Viacotone Argentina\",\"isPartOf\":{\"@id\":\"https:\/\/easywebmkt.com.ar\/cotone\/#website\"},\"primaryImageOfPage\":{\"@id\":\"https:\/\/easywebmkt.com.ar\/cotone\/productos\/kit-de-bienvenida-it\/#primaryimage\"},\"image\":{\"@id\":\"https:\/\/easywebmkt.com.ar\/cotone\/productos\/kit-de-bienvenida-it\/#primaryimage\"},\"thumbnailUrl\":\"https:\/\/easywebmkt.com.ar\/cotone\/wp-content\/uploads\/2021\/07\/15.jpg\",\"datePublished\":\"2021-07-27T15:58:20+00:00\",\"dateModified\":\"2021-09-20T20:51:36+00:00\",\"breadcrumb\":{\"@id\":\"https:\/\/easywebmkt.com.ar\/cotone\/productos\/kit-de-bienvenida-it\/#breadcrumb\"},\"inLanguage\":\"es-AR\",\"potentialAction\":[{\"@type\":\"ReadAction\",\"target\":[\"https:\/\/easywebmkt.com.ar\/cotone\/productos\/kit-de-bienvenida-it\/\"]}]},{\"@type\":\"ImageObject\",\"inLanguage\":\"es-AR\",\"@id\":\"https:\/\/easywebmkt.com.ar\/cotone\/productos\/kit-de-bienvenida-it\/#primaryimage\",\"url\":\"https:\/\/easywebmkt.com.ar\/cotone\/wp-content\/uploads\/2021\/07\/15.jpg\",\"contentUrl\":\"https:\/\/easywebmkt.com.ar\/cotone\/wp-content\/uploads\/2021\/07\/15.jpg\",\"width\":800,\"height\":800},{\"@type\":\"BreadcrumbList\",\"@id\":\"https:\/\/easywebmkt.com.ar\/cotone\/productos\/kit-de-bienvenida-it\/#breadcrumb\",\"itemListElement\":[{\"@type\":\"ListItem\",\"position\":1,\"name\":\"Inicio\",\"item\":\"https:\/\/easywebmkt.com.ar\/cotone\/\"},{\"@type\":\"ListItem\",\"position\":2,\"name\":\"Productos\",\"item\":\"https:\/\/easywebmkt.com.ar\/cotone\/productos\/\"},{\"@type\":\"ListItem\",\"position\":3,\"name\":\"Kit de Bienvenida IT\"}]},{\"@type\":\"WebSite\",\"@id\":\"https:\/\/easywebmkt.com.ar\/cotone\/#website\",\"url\":\"https:\/\/easywebmkt.com.ar\/cotone\/\",\"name\":\"Viacotone Argentina\",\"description\":\"Merchandising Partners\",\"potentialAction\":[{\"@type\":\"SearchAction\",\"target\":{\"@type\":\"EntryPoint\",\"urlTemplate\":\"https:\/\/easywebmkt.com.ar\/cotone\/?s={search_term_string}\"},\"query-input\":{\"@type\":\"PropertyValueSpecification\",\"valueRequired\":true,\"valueName\":\"search_term_string\"}}],\"inLanguage\":\"es-AR\"}]}<\/script>\n<!-- \/ Yoast SEO plugin. -->","yoast_head_json":{"title":"Kit de Bienvenida IT - Viacotone Argentina","robots":{"index":"index","follow":"follow","max-snippet":"max-snippet:-1","max-image-preview":"max-image-preview:large","max-video-preview":"max-video-preview:-1"},"canonical":"https:\/\/easywebmkt.com.ar\/cotone\/productos\/kit-de-bienvenida-it\/","og_locale":"es_ES","og_type":"article","og_title":"Kit de Bienvenida IT - Viacotone Argentina","og_description":"Los mejores KITS de tecnolog\u00eda para tu Equipo. Eleg\u00ed el que se amolda a tu equipo o te ayudamos a armar el tuyo a medida! \u00a0KIT IT N\u00ba1  INCLUYE -Soporte notebook\u00a0de madera  -Jarro\u00a0t\u00e9rmico\u00a0Contigo  -Pop\u00a0it  -Auriculares Logitech H151  -Mouse inal\u00e1mbrico Phillips  -Cuaderno inteligente Rocketbook  -Mochila porta notebook Samsonite KIT\u00a0IT\u00a0N\u00ba2 INCLUYE -Soporte notebook de encastre -Respaldo lumbar para sillas -Auricular xiaomi MI True Wireless -Termo Coleman -Mate Coleman -Cuaderno Moleskine -Bol\u00edgrafo Met\u00e1lico &nbsp; KIT\u00a0IT\u00a0N\u00ba3 INCLUYE -Mochila Wagner\u00a0porta notebook -Soporte de madera -Jarro mug met\u00e1lico -Cuaderno anillado -Bol\u00edgrafo met\u00e1lico -Mouse inal\u00e1mbrico Genius ECO-8100 WIRELES","og_url":"https:\/\/easywebmkt.com.ar\/cotone\/productos\/kit-de-bienvenida-it\/","og_site_name":"Viacotone Argentina","article_modified_time":"2021-09-20T20:51:36+00:00","og_image":[{"width":800,"height":800,"url":"https:\/\/easywebmkt.com.ar\/cotone\/wp-content\/uploads\/2021\/07\/15.jpg","type":"image\/jpeg"}],"twitter_card":"summary_large_image","twitter_misc":{"Tiempo de lectura":"1 minuto"},"schema":{"@context":"https:\/\/schema.org","@graph":[{"@type":"WebPage","@id":"https:\/\/easywebmkt.com.ar\/cotone\/productos\/kit-de-bienvenida-it\/","url":"https:\/\/easywebmkt.com.ar\/cotone\/productos\/kit-de-bienvenida-it\/","name":"Kit de Bienvenida IT - Viacotone Argentina","isPartOf":{"@id":"https:\/\/easywebmkt.com.ar\/cotone\/#website"},"primaryImageOfPage":{"@id":"https:\/\/easywebmkt.com.ar\/cotone\/productos\/kit-de-bienvenida-it\/#primaryimage"},"image":{"@id":"https:\/\/easywebmkt.com.ar\/cotone\/productos\/kit-de-bienvenida-it\/#primaryimage"},"thumbnailUrl":"https:\/\/easywebmkt.com.ar\/cotone\/wp-content\/uploads\/2021\/07\/15.jpg","datePublished":"2021-07-27T15:58:20+00:00","dateModified":"2021-09-20T20:51:36+00:00","breadcrumb":{"@id":"https:\/\/easywebmkt.com.ar\/cotone\/productos\/kit-de-bienvenida-it\/#breadcrumb"},"inLanguage":"es-AR","potentialAction":[{"@type":"ReadAction","target":["https:\/\/easywebmkt.com.ar\/cotone\/productos\/kit-de-bienvenida-it\/"]}]},{"@type":"ImageObject","inLanguage":"es-AR","@id":"https:\/\/easywebmkt.com.ar\/cotone\/productos\/kit-de-bienvenida-it\/#primaryimage","url":"https:\/\/easywebmkt.com.ar\/cotone\/wp-content\/uploads\/2021\/07\/15.jpg","contentUrl":"https:\/\/easywebmkt.com.ar\/cotone\/wp-content\/uploads\/2021\/07\/15.jpg","width":800,"height":800},{"@type":"BreadcrumbList","@id":"https:\/\/easywebmkt.com.ar\/cotone\/productos\/kit-de-bienvenida-it\/#breadcrumb","itemListElement":[{"@type":"ListItem","position":1,"name":"Inicio","item":"https:\/\/easywebmkt.com.ar\/cotone\/"},{"@type":"ListItem","position":2,"name":"Productos","item":"https:\/\/easywebmkt.com.ar\/cotone\/productos\/"},{"@type":"ListItem","position":3,"name":"Kit de Bienvenida IT"}]},{"@type":"WebSite","@id":"https:\/\/easywebmkt.com.ar\/cotone\/#website","url":"https:\/\/easywebmkt.com.ar\/cotone\/","name":"Viacotone Argentina","description":"Merchandising Partners","potentialAction":[{"@type":"SearchAction","target":{"@type":"EntryPoint","urlTemplate":"https:\/\/easywebmkt.com.ar\/cotone\/?s={search_term_string}"},"query-input":{"@type":"PropertyValueSpecification","valueRequired":true,"valueName":"search_term_string"}}],"inLanguage":"es-AR"}]}},"_links":{"self":[{"href":"https:\/\/easywebmkt.com.ar\/cotone\/wp-json\/wp\/v2\/product\/13170","targetHints":{"allow":["GET"]}}],"collection":[{"href":"https:\/\/easywebmkt.com.ar\/cotone\/wp-json\/wp\/v2\/product"}],"about":[{"href":"https:\/\/easywebmkt.com.ar\/cotone\/wp-json\/wp\/v2\/types\/product"}],"replies":[{"embeddable":true,"href":"https:\/\/easywebmkt.com.ar\/cotone\/wp-json\/wp\/v2\/comments?post=13170"}],"wp:featuredmedia":[{"embeddable":true,"href":"https:\/\/easywebmkt.com.ar\/cotone\/wp-json\/wp\/v2\/media\/13185"}],"wp:attachment":[{"href":"https:\/\/easywebmkt.com.ar\/cotone\/wp-json\/wp\/v2\/media?parent=13170"}],"wp:term":[{"taxonomy":"product_brand","embeddable":true,"href":"https:\/\/easywebmkt.com.ar\/cotone\/wp-json\/wp\/v2\/product_brand?post=13170"},{"taxonomy":"product_cat","embeddable":true,"href":"https:\/\/easywebmkt.com.ar\/cotone\/wp-json\/wp\/v2\/product_cat?post=13170"},{"taxonomy":"product_tag","embeddable":true,"href":"https:\/\/easywebmkt.com.ar\/cotone\/wp-json\/wp\/v2\/product_tag?post=13170"}],"curies":[{"name":"wp","href":"https:\/\/api.w.org\/{rel}","templated":true}]}}