{"id":14267,"date":"2021-08-25T13:39:42","date_gmt":"2021-08-25T16:39:42","guid":{"rendered":"http:\/\/viacotone.local\/?post_type=product&#038;p=14267"},"modified":"2023-12-18T17:46:30","modified_gmt":"2023-12-18T20:46:30","slug":"band-deportivo","status":"publish","type":"product","link":"https:\/\/easywebmkt.com.ar\/cotone\/productos\/band-deportivo\/","title":{"rendered":"Band deportivo"},"content":{"rendered":"","protected":false},"excerpt":{"rendered":"<p>Reloj Band con Funda pasante personalizada<\/p>\n<div>Noga Band es un dispositivo de mu\u00f1eca (Smart Band) de \u00faltima generaci\u00f3n.<\/div>\n<div>Descargando la App a tu Celular podr\u00e1s sincronizar tu Noga Smart Band a trav\u00e9s de Tecnolog\u00eda Bluetooth y recibir las notificaciones de tu Celular o Tablet, y tambi\u00e9n poder detectar, registrar y evaluar tu rendimiento corporal.<\/div>\n<div>Gracias a su sensor de mu\u00f1eca, Noga Smart Band te permite monitorear tu actividad f\u00edsica: informa valores de tu ritmo card\u00edaco, temperatura corporal, calor\u00edas, cantidad de pasos, distancia recorrida, e incluye monitoreo del sue\u00f1o en tu momento de descanso.<\/div>\n<div>Adem\u00e1s con Noga Smart Band podr\u00e1s chequear las notificaciones de tu Celular o Tablet (mensajes de WhatsApp; etc.). Tambi\u00e9n te brindar\u00e1 la hora, alarma por sonido o vibraci\u00f3n, y hasta pod\u00e9s tomar una foto en Modo Selfie.<\/div>\n<div>Su dise\u00f1o es un elegante y moderno reloj de mu\u00f1eca ultra-liviano.<\/div>\n<div>Noga Smart Band con Control Saludable. Control y confort.<\/div>\n","protected":false},"featured_media":14268,"comment_status":"closed","ping_status":"closed","template":"","meta":[],"product_brand":[],"product_cat":[93,822],"product_tag":[182],"class_list":{"0":"post-14267","1":"product","2":"type-product","3":"status-publish","4":"has-post-thumbnail","6":"product_cat-desarrollos-personalizados","7":"product_cat-otras-acciones","8":"product_tag-reloj","10":"first","11":"instock","12":"shipping-taxable","13":"purchasable","14":"product-type-simple"},"yoast_head":"<!-- This site is optimized with the Yoast SEO plugin v23.4 - https:\/\/yoast.com\/wordpress\/plugins\/seo\/ -->\n<title>Band deportivo - Viacotone Argentina<\/title>\n<meta name=\"robots\" content=\"index, follow, max-snippet:-1, max-image-preview:large, max-video-preview:-1\" \/>\n<link rel=\"canonical\" href=\"https:\/\/easywebmkt.com.ar\/cotone\/productos\/band-deportivo\/\" \/>\n<meta property=\"og:locale\" content=\"es_ES\" \/>\n<meta property=\"og:type\" content=\"article\" \/>\n<meta property=\"og:title\" content=\"Band deportivo - Viacotone Argentina\" \/>\n<meta property=\"og:description\" content=\"Reloj Band con Funda pasante personalizada Noga Band es un dispositivo de mu\u00f1eca (Smart Band) de \u00faltima generaci\u00f3n. Descargando la App a tu Celular podr\u00e1s sincronizar tu Noga Smart Band a trav\u00e9s de Tecnolog\u00eda Bluetooth y recibir las notificaciones de tu Celular o Tablet, y tambi\u00e9n poder detectar, registrar y evaluar tu rendimiento corporal. Gracias a su sensor de mu\u00f1eca, Noga Smart Band te permite monitorear tu actividad f\u00edsica: informa valores de tu ritmo card\u00edaco, temperatura corporal, calor\u00edas, cantidad de pasos, distancia recorrida, e incluye monitoreo del sue\u00f1o en tu momento de descanso. Adem\u00e1s con Noga Smart Band podr\u00e1s chequear las notificaciones de tu Celular o Tablet (mensajes de WhatsApp; etc.). Tambi\u00e9n te brindar\u00e1 la hora, alarma por sonido o vibraci\u00f3n, y hasta pod\u00e9s tomar una foto en Modo Selfie. Su dise\u00f1o es un elegante y moderno reloj de mu\u00f1eca ultra-liviano. Noga Smart Band con Control Saludable. Control y confort.\" \/>\n<meta property=\"og:url\" content=\"https:\/\/easywebmkt.com.ar\/cotone\/productos\/band-deportivo\/\" \/>\n<meta property=\"og:site_name\" content=\"Viacotone Argentina\" \/>\n<meta property=\"article:modified_time\" content=\"2023-12-18T20:46:30+00:00\" \/>\n<meta property=\"og:image\" content=\"https:\/\/easywebmkt.com.ar\/cotone\/wp-content\/uploads\/2021\/08\/DESARROLLOSshell-29.03.21-2.jpg\" \/>\n\t<meta property=\"og:image:width\" content=\"800\" \/>\n\t<meta property=\"og:image:height\" content=\"797\" \/>\n\t<meta property=\"og:image:type\" content=\"image\/jpeg\" \/>\n<meta name=\"twitter:card\" content=\"summary_large_image\" \/>\n<script type=\"application\/ld+json\" class=\"yoast-schema-graph\">{\"@context\":\"https:\/\/schema.org\",\"@graph\":[{\"@type\":\"WebPage\",\"@id\":\"https:\/\/easywebmkt.com.ar\/cotone\/productos\/band-deportivo\/\",\"url\":\"https:\/\/easywebmkt.com.ar\/cotone\/productos\/band-deportivo\/\",\"name\":\"Band deportivo - Viacotone Argentina\",\"isPartOf\":{\"@id\":\"https:\/\/easywebmkt.com.ar\/cotone\/#website\"},\"primaryImageOfPage\":{\"@id\":\"https:\/\/easywebmkt.com.ar\/cotone\/productos\/band-deportivo\/#primaryimage\"},\"image\":{\"@id\":\"https:\/\/easywebmkt.com.ar\/cotone\/productos\/band-deportivo\/#primaryimage\"},\"thumbnailUrl\":\"https:\/\/easywebmkt.com.ar\/cotone\/wp-content\/uploads\/2021\/08\/DESARROLLOSshell-29.03.21-2.jpg\",\"datePublished\":\"2021-08-25T16:39:42+00:00\",\"dateModified\":\"2023-12-18T20:46:30+00:00\",\"breadcrumb\":{\"@id\":\"https:\/\/easywebmkt.com.ar\/cotone\/productos\/band-deportivo\/#breadcrumb\"},\"inLanguage\":\"es-AR\",\"potentialAction\":[{\"@type\":\"ReadAction\",\"target\":[\"https:\/\/easywebmkt.com.ar\/cotone\/productos\/band-deportivo\/\"]}]},{\"@type\":\"ImageObject\",\"inLanguage\":\"es-AR\",\"@id\":\"https:\/\/easywebmkt.com.ar\/cotone\/productos\/band-deportivo\/#primaryimage\",\"url\":\"https:\/\/easywebmkt.com.ar\/cotone\/wp-content\/uploads\/2021\/08\/DESARROLLOSshell-29.03.21-2.jpg\",\"contentUrl\":\"https:\/\/easywebmkt.com.ar\/cotone\/wp-content\/uploads\/2021\/08\/DESARROLLOSshell-29.03.21-2.jpg\",\"width\":800,\"height\":797},{\"@type\":\"BreadcrumbList\",\"@id\":\"https:\/\/easywebmkt.com.ar\/cotone\/productos\/band-deportivo\/#breadcrumb\",\"itemListElement\":[{\"@type\":\"ListItem\",\"position\":1,\"name\":\"Inicio\",\"item\":\"https:\/\/easywebmkt.com.ar\/cotone\/\"},{\"@type\":\"ListItem\",\"position\":2,\"name\":\"Productos\",\"item\":\"https:\/\/easywebmkt.com.ar\/cotone\/productos\/\"},{\"@type\":\"ListItem\",\"position\":3,\"name\":\"Band deportivo\"}]},{\"@type\":\"WebSite\",\"@id\":\"https:\/\/easywebmkt.com.ar\/cotone\/#website\",\"url\":\"https:\/\/easywebmkt.com.ar\/cotone\/\",\"name\":\"Viacotone Argentina\",\"description\":\"Merchandising Partners\",\"potentialAction\":[{\"@type\":\"SearchAction\",\"target\":{\"@type\":\"EntryPoint\",\"urlTemplate\":\"https:\/\/easywebmkt.com.ar\/cotone\/?s={search_term_string}\"},\"query-input\":{\"@type\":\"PropertyValueSpecification\",\"valueRequired\":true,\"valueName\":\"search_term_string\"}}],\"inLanguage\":\"es-AR\"}]}<\/script>\n<!-- \/ Yoast SEO plugin. -->","yoast_head_json":{"title":"Band deportivo - Viacotone Argentina","robots":{"index":"index","follow":"follow","max-snippet":"max-snippet:-1","max-image-preview":"max-image-preview:large","max-video-preview":"max-video-preview:-1"},"canonical":"https:\/\/easywebmkt.com.ar\/cotone\/productos\/band-deportivo\/","og_locale":"es_ES","og_type":"article","og_title":"Band deportivo - Viacotone Argentina","og_description":"Reloj Band con Funda pasante personalizada Noga Band es un dispositivo de mu\u00f1eca (Smart Band) de \u00faltima generaci\u00f3n. Descargando la App a tu Celular podr\u00e1s sincronizar tu Noga Smart Band a trav\u00e9s de Tecnolog\u00eda Bluetooth y recibir las notificaciones de tu Celular o Tablet, y tambi\u00e9n poder detectar, registrar y evaluar tu rendimiento corporal. Gracias a su sensor de mu\u00f1eca, Noga Smart Band te permite monitorear tu actividad f\u00edsica: informa valores de tu ritmo card\u00edaco, temperatura corporal, calor\u00edas, cantidad de pasos, distancia recorrida, e incluye monitoreo del sue\u00f1o en tu momento de descanso. Adem\u00e1s con Noga Smart Band podr\u00e1s chequear las notificaciones de tu Celular o Tablet (mensajes de WhatsApp; etc.). Tambi\u00e9n te brindar\u00e1 la hora, alarma por sonido o vibraci\u00f3n, y hasta pod\u00e9s tomar una foto en Modo Selfie. Su dise\u00f1o es un elegante y moderno reloj de mu\u00f1eca ultra-liviano. Noga Smart Band con Control Saludable. Control y confort.","og_url":"https:\/\/easywebmkt.com.ar\/cotone\/productos\/band-deportivo\/","og_site_name":"Viacotone Argentina","article_modified_time":"2023-12-18T20:46:30+00:00","og_image":[{"width":800,"height":797,"url":"https:\/\/easywebmkt.com.ar\/cotone\/wp-content\/uploads\/2021\/08\/DESARROLLOSshell-29.03.21-2.jpg","type":"image\/jpeg"}],"twitter_card":"summary_large_image","schema":{"@context":"https:\/\/schema.org","@graph":[{"@type":"WebPage","@id":"https:\/\/easywebmkt.com.ar\/cotone\/productos\/band-deportivo\/","url":"https:\/\/easywebmkt.com.ar\/cotone\/productos\/band-deportivo\/","name":"Band deportivo - Viacotone Argentina","isPartOf":{"@id":"https:\/\/easywebmkt.com.ar\/cotone\/#website"},"primaryImageOfPage":{"@id":"https:\/\/easywebmkt.com.ar\/cotone\/productos\/band-deportivo\/#primaryimage"},"image":{"@id":"https:\/\/easywebmkt.com.ar\/cotone\/productos\/band-deportivo\/#primaryimage"},"thumbnailUrl":"https:\/\/easywebmkt.com.ar\/cotone\/wp-content\/uploads\/2021\/08\/DESARROLLOSshell-29.03.21-2.jpg","datePublished":"2021-08-25T16:39:42+00:00","dateModified":"2023-12-18T20:46:30+00:00","breadcrumb":{"@id":"https:\/\/easywebmkt.com.ar\/cotone\/productos\/band-deportivo\/#breadcrumb"},"inLanguage":"es-AR","potentialAction":[{"@type":"ReadAction","target":["https:\/\/easywebmkt.com.ar\/cotone\/productos\/band-deportivo\/"]}]},{"@type":"ImageObject","inLanguage":"es-AR","@id":"https:\/\/easywebmkt.com.ar\/cotone\/productos\/band-deportivo\/#primaryimage","url":"https:\/\/easywebmkt.com.ar\/cotone\/wp-content\/uploads\/2021\/08\/DESARROLLOSshell-29.03.21-2.jpg","contentUrl":"https:\/\/easywebmkt.com.ar\/cotone\/wp-content\/uploads\/2021\/08\/DESARROLLOSshell-29.03.21-2.jpg","width":800,"height":797},{"@type":"BreadcrumbList","@id":"https:\/\/easywebmkt.com.ar\/cotone\/productos\/band-deportivo\/#breadcrumb","itemListElement":[{"@type":"ListItem","position":1,"name":"Inicio","item":"https:\/\/easywebmkt.com.ar\/cotone\/"},{"@type":"ListItem","position":2,"name":"Productos","item":"https:\/\/easywebmkt.com.ar\/cotone\/productos\/"},{"@type":"ListItem","position":3,"name":"Band deportivo"}]},{"@type":"WebSite","@id":"https:\/\/easywebmkt.com.ar\/cotone\/#website","url":"https:\/\/easywebmkt.com.ar\/cotone\/","name":"Viacotone Argentina","description":"Merchandising Partners","potentialAction":[{"@type":"SearchAction","target":{"@type":"EntryPoint","urlTemplate":"https:\/\/easywebmkt.com.ar\/cotone\/?s={search_term_string}"},"query-input":{"@type":"PropertyValueSpecification","valueRequired":true,"valueName":"search_term_string"}}],"inLanguage":"es-AR"}]}},"_links":{"self":[{"href":"https:\/\/easywebmkt.com.ar\/cotone\/wp-json\/wp\/v2\/product\/14267","targetHints":{"allow":["GET"]}}],"collection":[{"href":"https:\/\/easywebmkt.com.ar\/cotone\/wp-json\/wp\/v2\/product"}],"about":[{"href":"https:\/\/easywebmkt.com.ar\/cotone\/wp-json\/wp\/v2\/types\/product"}],"replies":[{"embeddable":true,"href":"https:\/\/easywebmkt.com.ar\/cotone\/wp-json\/wp\/v2\/comments?post=14267"}],"wp:featuredmedia":[{"embeddable":true,"href":"https:\/\/easywebmkt.com.ar\/cotone\/wp-json\/wp\/v2\/media\/14268"}],"wp:attachment":[{"href":"https:\/\/easywebmkt.com.ar\/cotone\/wp-json\/wp\/v2\/media?parent=14267"}],"wp:term":[{"taxonomy":"product_brand","embeddable":true,"href":"https:\/\/easywebmkt.com.ar\/cotone\/wp-json\/wp\/v2\/product_brand?post=14267"},{"taxonomy":"product_cat","embeddable":true,"href":"https:\/\/easywebmkt.com.ar\/cotone\/wp-json\/wp\/v2\/product_cat?post=14267"},{"taxonomy":"product_tag","embeddable":true,"href":"https:\/\/easywebmkt.com.ar\/cotone\/wp-json\/wp\/v2\/product_tag?post=14267"}],"curies":[{"name":"wp","href":"https:\/\/api.w.org\/{rel}","templated":true}]}}