{"id":14897,"date":"2021-10-08T17:02:09","date_gmt":"2021-10-08T20:02:09","guid":{"rendered":"https:\/\/easywebmkt.com.ar\/cotone\/?post_type=product&#038;p=14897"},"modified":"2022-03-21T16:17:44","modified_gmt":"2022-03-21T19:17:44","slug":"reloj-ga-700-1b-g-shock","status":"publish","type":"product","link":"https:\/\/easywebmkt.com.ar\/cotone\/productos\/reloj-ga-700-1b-g-shock\/","title":{"rendered":"Reloj GA-700-1B G-shock"},"content":{"rendered":"<p>Reloj resistente a impactos. Resistente al agua 200m. Iluminaci\u00f3n por LED- Super Illuminator. Hora mundial (48 ciudades). Cron\u00f3metro de 1\/100 segundos. Temporizador. 5 alarmas diarias (1 alarma con funci\u00f3n de despertador). Calendario autom\u00e1tico completo (hasta el a\u00f1o 2099).G-Shock. Garant\u00eda por 2 a\u00f1os. Casio .<\/p>\n","protected":false},"excerpt":{"rendered":"<p>Reloj resistente a impactos. Resistente al agua 200m. Iluminaci\u00f3n por LED- Super Illuminator. Hora mundial (48 ciudades). Cron\u00f3metro de 1\/100 segundos. Temporizador. 5 alarmas diarias (1 alarma con funci\u00f3n de despertador). Calendario autom\u00e1tico completo (hasta el a\u00f1o 2099).G-Shock. Garant\u00eda por 2 a\u00f1os. Casio .<\/p>\n","protected":false},"featured_media":14875,"comment_status":"closed","ping_status":"closed","template":"","meta":[],"product_brand":[],"product_cat":[68,160],"product_tag":[712,182,713,723],"class_list":{"0":"post-14897","1":"product","2":"type-product","3":"status-publish","4":"has-post-thumbnail","6":"product_cat-tecnologia","7":"product_cat-accesorios-tecnologia","8":"product_tag-casio","9":"product_tag-reloj","10":"product_tag-smarthwatch","11":"product_tag-vc-smart","13":"first","14":"instock","15":"shipping-taxable","16":"purchasable","17":"product-type-simple"},"yoast_head":"<!-- This site is optimized with the Yoast SEO plugin v23.4 - https:\/\/yoast.com\/wordpress\/plugins\/seo\/ -->\n<title>Reloj GA-700-1B G-shock - Viacotone Argentina<\/title>\n<meta name=\"robots\" content=\"index, follow, max-snippet:-1, max-image-preview:large, max-video-preview:-1\" \/>\n<link rel=\"canonical\" href=\"https:\/\/easywebmkt.com.ar\/cotone\/productos\/reloj-ga-700-1b-g-shock\/\" \/>\n<meta property=\"og:locale\" content=\"es_ES\" \/>\n<meta property=\"og:type\" content=\"article\" \/>\n<meta property=\"og:title\" content=\"Reloj GA-700-1B G-shock - Viacotone Argentina\" \/>\n<meta property=\"og:description\" content=\"Reloj resistente a impactos. Resistente al agua 200m. Iluminaci\u00f3n por LED- Super Illuminator. Hora mundial (48 ciudades). Cron\u00f3metro de 1\/100 segundos. Temporizador. 5 alarmas diarias (1 alarma con funci\u00f3n de despertador). Calendario autom\u00e1tico completo (hasta el a\u00f1o 2099).G-Shock. Garant\u00eda por 2 a\u00f1os. Casio .\" \/>\n<meta property=\"og:url\" content=\"https:\/\/easywebmkt.com.ar\/cotone\/productos\/reloj-ga-700-1b-g-shock\/\" \/>\n<meta property=\"og:site_name\" content=\"Viacotone Argentina\" \/>\n<meta property=\"article:modified_time\" content=\"2022-03-21T19:17:44+00:00\" \/>\n<meta property=\"og:image\" content=\"https:\/\/easywebmkt.com.ar\/cotone\/wp-content\/uploads\/2021\/10\/Shock-Casio-ga-700.jpg\" \/>\n\t<meta property=\"og:image:width\" content=\"800\" \/>\n\t<meta property=\"og:image:height\" content=\"800\" \/>\n\t<meta property=\"og:image:type\" content=\"image\/jpeg\" \/>\n<meta name=\"twitter:card\" content=\"summary_large_image\" \/>\n<script type=\"application\/ld+json\" class=\"yoast-schema-graph\">{\"@context\":\"https:\/\/schema.org\",\"@graph\":[{\"@type\":\"WebPage\",\"@id\":\"https:\/\/easywebmkt.com.ar\/cotone\/productos\/reloj-ga-700-1b-g-shock\/\",\"url\":\"https:\/\/easywebmkt.com.ar\/cotone\/productos\/reloj-ga-700-1b-g-shock\/\",\"name\":\"Reloj GA-700-1B G-shock - Viacotone Argentina\",\"isPartOf\":{\"@id\":\"https:\/\/easywebmkt.com.ar\/cotone\/#website\"},\"primaryImageOfPage\":{\"@id\":\"https:\/\/easywebmkt.com.ar\/cotone\/productos\/reloj-ga-700-1b-g-shock\/#primaryimage\"},\"image\":{\"@id\":\"https:\/\/easywebmkt.com.ar\/cotone\/productos\/reloj-ga-700-1b-g-shock\/#primaryimage\"},\"thumbnailUrl\":\"https:\/\/easywebmkt.com.ar\/cotone\/wp-content\/uploads\/2021\/10\/Shock-Casio-ga-700.jpg\",\"datePublished\":\"2021-10-08T20:02:09+00:00\",\"dateModified\":\"2022-03-21T19:17:44+00:00\",\"breadcrumb\":{\"@id\":\"https:\/\/easywebmkt.com.ar\/cotone\/productos\/reloj-ga-700-1b-g-shock\/#breadcrumb\"},\"inLanguage\":\"es-AR\",\"potentialAction\":[{\"@type\":\"ReadAction\",\"target\":[\"https:\/\/easywebmkt.com.ar\/cotone\/productos\/reloj-ga-700-1b-g-shock\/\"]}]},{\"@type\":\"ImageObject\",\"inLanguage\":\"es-AR\",\"@id\":\"https:\/\/easywebmkt.com.ar\/cotone\/productos\/reloj-ga-700-1b-g-shock\/#primaryimage\",\"url\":\"https:\/\/easywebmkt.com.ar\/cotone\/wp-content\/uploads\/2021\/10\/Shock-Casio-ga-700.jpg\",\"contentUrl\":\"https:\/\/easywebmkt.com.ar\/cotone\/wp-content\/uploads\/2021\/10\/Shock-Casio-ga-700.jpg\",\"width\":800,\"height\":800},{\"@type\":\"BreadcrumbList\",\"@id\":\"https:\/\/easywebmkt.com.ar\/cotone\/productos\/reloj-ga-700-1b-g-shock\/#breadcrumb\",\"itemListElement\":[{\"@type\":\"ListItem\",\"position\":1,\"name\":\"Inicio\",\"item\":\"https:\/\/easywebmkt.com.ar\/cotone\/\"},{\"@type\":\"ListItem\",\"position\":2,\"name\":\"Productos\",\"item\":\"https:\/\/easywebmkt.com.ar\/cotone\/productos\/\"},{\"@type\":\"ListItem\",\"position\":3,\"name\":\"Reloj GA-700-1B G-shock\"}]},{\"@type\":\"WebSite\",\"@id\":\"https:\/\/easywebmkt.com.ar\/cotone\/#website\",\"url\":\"https:\/\/easywebmkt.com.ar\/cotone\/\",\"name\":\"Viacotone Argentina\",\"description\":\"Merchandising Partners\",\"potentialAction\":[{\"@type\":\"SearchAction\",\"target\":{\"@type\":\"EntryPoint\",\"urlTemplate\":\"https:\/\/easywebmkt.com.ar\/cotone\/?s={search_term_string}\"},\"query-input\":{\"@type\":\"PropertyValueSpecification\",\"valueRequired\":true,\"valueName\":\"search_term_string\"}}],\"inLanguage\":\"es-AR\"}]}<\/script>\n<!-- \/ Yoast SEO plugin. -->","yoast_head_json":{"title":"Reloj GA-700-1B G-shock - Viacotone Argentina","robots":{"index":"index","follow":"follow","max-snippet":"max-snippet:-1","max-image-preview":"max-image-preview:large","max-video-preview":"max-video-preview:-1"},"canonical":"https:\/\/easywebmkt.com.ar\/cotone\/productos\/reloj-ga-700-1b-g-shock\/","og_locale":"es_ES","og_type":"article","og_title":"Reloj GA-700-1B G-shock - Viacotone Argentina","og_description":"Reloj resistente a impactos. Resistente al agua 200m. Iluminaci\u00f3n por LED- Super Illuminator. Hora mundial (48 ciudades). Cron\u00f3metro de 1\/100 segundos. Temporizador. 5 alarmas diarias (1 alarma con funci\u00f3n de despertador). Calendario autom\u00e1tico completo (hasta el a\u00f1o 2099).G-Shock. Garant\u00eda por 2 a\u00f1os. Casio .","og_url":"https:\/\/easywebmkt.com.ar\/cotone\/productos\/reloj-ga-700-1b-g-shock\/","og_site_name":"Viacotone Argentina","article_modified_time":"2022-03-21T19:17:44+00:00","og_image":[{"width":800,"height":800,"url":"https:\/\/easywebmkt.com.ar\/cotone\/wp-content\/uploads\/2021\/10\/Shock-Casio-ga-700.jpg","type":"image\/jpeg"}],"twitter_card":"summary_large_image","schema":{"@context":"https:\/\/schema.org","@graph":[{"@type":"WebPage","@id":"https:\/\/easywebmkt.com.ar\/cotone\/productos\/reloj-ga-700-1b-g-shock\/","url":"https:\/\/easywebmkt.com.ar\/cotone\/productos\/reloj-ga-700-1b-g-shock\/","name":"Reloj GA-700-1B G-shock - Viacotone Argentina","isPartOf":{"@id":"https:\/\/easywebmkt.com.ar\/cotone\/#website"},"primaryImageOfPage":{"@id":"https:\/\/easywebmkt.com.ar\/cotone\/productos\/reloj-ga-700-1b-g-shock\/#primaryimage"},"image":{"@id":"https:\/\/easywebmkt.com.ar\/cotone\/productos\/reloj-ga-700-1b-g-shock\/#primaryimage"},"thumbnailUrl":"https:\/\/easywebmkt.com.ar\/cotone\/wp-content\/uploads\/2021\/10\/Shock-Casio-ga-700.jpg","datePublished":"2021-10-08T20:02:09+00:00","dateModified":"2022-03-21T19:17:44+00:00","breadcrumb":{"@id":"https:\/\/easywebmkt.com.ar\/cotone\/productos\/reloj-ga-700-1b-g-shock\/#breadcrumb"},"inLanguage":"es-AR","potentialAction":[{"@type":"ReadAction","target":["https:\/\/easywebmkt.com.ar\/cotone\/productos\/reloj-ga-700-1b-g-shock\/"]}]},{"@type":"ImageObject","inLanguage":"es-AR","@id":"https:\/\/easywebmkt.com.ar\/cotone\/productos\/reloj-ga-700-1b-g-shock\/#primaryimage","url":"https:\/\/easywebmkt.com.ar\/cotone\/wp-content\/uploads\/2021\/10\/Shock-Casio-ga-700.jpg","contentUrl":"https:\/\/easywebmkt.com.ar\/cotone\/wp-content\/uploads\/2021\/10\/Shock-Casio-ga-700.jpg","width":800,"height":800},{"@type":"BreadcrumbList","@id":"https:\/\/easywebmkt.com.ar\/cotone\/productos\/reloj-ga-700-1b-g-shock\/#breadcrumb","itemListElement":[{"@type":"ListItem","position":1,"name":"Inicio","item":"https:\/\/easywebmkt.com.ar\/cotone\/"},{"@type":"ListItem","position":2,"name":"Productos","item":"https:\/\/easywebmkt.com.ar\/cotone\/productos\/"},{"@type":"ListItem","position":3,"name":"Reloj GA-700-1B G-shock"}]},{"@type":"WebSite","@id":"https:\/\/easywebmkt.com.ar\/cotone\/#website","url":"https:\/\/easywebmkt.com.ar\/cotone\/","name":"Viacotone Argentina","description":"Merchandising Partners","potentialAction":[{"@type":"SearchAction","target":{"@type":"EntryPoint","urlTemplate":"https:\/\/easywebmkt.com.ar\/cotone\/?s={search_term_string}"},"query-input":{"@type":"PropertyValueSpecification","valueRequired":true,"valueName":"search_term_string"}}],"inLanguage":"es-AR"}]}},"_links":{"self":[{"href":"https:\/\/easywebmkt.com.ar\/cotone\/wp-json\/wp\/v2\/product\/14897","targetHints":{"allow":["GET"]}}],"collection":[{"href":"https:\/\/easywebmkt.com.ar\/cotone\/wp-json\/wp\/v2\/product"}],"about":[{"href":"https:\/\/easywebmkt.com.ar\/cotone\/wp-json\/wp\/v2\/types\/product"}],"replies":[{"embeddable":true,"href":"https:\/\/easywebmkt.com.ar\/cotone\/wp-json\/wp\/v2\/comments?post=14897"}],"wp:featuredmedia":[{"embeddable":true,"href":"https:\/\/easywebmkt.com.ar\/cotone\/wp-json\/wp\/v2\/media\/14875"}],"wp:attachment":[{"href":"https:\/\/easywebmkt.com.ar\/cotone\/wp-json\/wp\/v2\/media?parent=14897"}],"wp:term":[{"taxonomy":"product_brand","embeddable":true,"href":"https:\/\/easywebmkt.com.ar\/cotone\/wp-json\/wp\/v2\/product_brand?post=14897"},{"taxonomy":"product_cat","embeddable":true,"href":"https:\/\/easywebmkt.com.ar\/cotone\/wp-json\/wp\/v2\/product_cat?post=14897"},{"taxonomy":"product_tag","embeddable":true,"href":"https:\/\/easywebmkt.com.ar\/cotone\/wp-json\/wp\/v2\/product_tag?post=14897"}],"curies":[{"name":"wp","href":"https:\/\/api.w.org\/{rel}","templated":true}]}}