{"id":15123,"date":"2021-10-11T13:25:24","date_gmt":"2021-10-11T16:25:24","guid":{"rendered":"https:\/\/easywebmkt.com.ar\/cotone\/?post_type=product&#038;p=15123"},"modified":"2022-03-21T16:18:08","modified_gmt":"2022-03-21T19:18:08","slug":"smartwatch-go-on","status":"publish","type":"product","link":"https:\/\/easywebmkt.com.ar\/cotone\/productos\/smartwatch-go-on\/","title":{"rendered":"Smartwatch Go On"},"content":{"rendered":"<p>Sicronizalo con tu dispositivo ANDROID o IOS.<\/p>\n<p>Pantalla Din\u00e1mica y personalizable.<\/p>\n<p>Monitorea el sue\u00f1o.<\/p>\n<p>Funci\u00f3n de pod\u00f3metro, kilometraje y calor\u00edas.<\/p>\n<p>Calcula la presi\u00f3n sangu\u00ednea.<\/p>\n<p>Mide ritmo cardiaco.<\/p>\n<p>Mide saturaci\u00f3n de ox\u00edgeno.<\/p>\n","protected":false},"excerpt":{"rendered":"<p>Sicronizalo con tu dispositivo ANDROID o IOS.<\/p>\n<p>Pantalla Din\u00e1mica y personalizable.<\/p>\n<p>Monitorea el sue\u00f1o.<\/p>\n<p>Funci\u00f3n de pod\u00f3metro, kilometraje y calor\u00edas.<\/p>\n<p>Calcula la presi\u00f3n sangu\u00ednea.<\/p>\n<p>Mide ritmo cardiaco.<\/p>\n<p>Mide saturaci\u00f3n de ox\u00edgeno.<\/p>\n","protected":false},"featured_media":15124,"comment_status":"closed","ping_status":"closed","template":"","meta":[],"product_brand":[],"product_cat":[68,160],"product_tag":[723],"class_list":{"0":"post-15123","1":"product","2":"type-product","3":"status-publish","4":"has-post-thumbnail","6":"product_cat-tecnologia","7":"product_cat-accesorios-tecnologia","8":"product_tag-vc-smart","10":"first","11":"instock","12":"shipping-taxable","13":"purchasable","14":"product-type-simple"},"yoast_head":"<!-- This site is optimized with the Yoast SEO plugin v23.4 - https:\/\/yoast.com\/wordpress\/plugins\/seo\/ -->\n<title>Smartwatch Go On - Viacotone Argentina<\/title>\n<meta name=\"robots\" content=\"index, follow, max-snippet:-1, max-image-preview:large, max-video-preview:-1\" \/>\n<link rel=\"canonical\" href=\"https:\/\/easywebmkt.com.ar\/cotone\/productos\/smartwatch-go-on\/\" \/>\n<meta property=\"og:locale\" content=\"es_ES\" \/>\n<meta property=\"og:type\" content=\"article\" \/>\n<meta property=\"og:title\" content=\"Smartwatch Go On - Viacotone Argentina\" \/>\n<meta property=\"og:description\" content=\"Sicronizalo con tu dispositivo ANDROID o IOS.  Pantalla Din\u00e1mica y personalizable.  Monitorea el sue\u00f1o.  Funci\u00f3n de pod\u00f3metro, kilometraje y calor\u00edas.  Calcula la presi\u00f3n sangu\u00ednea.  Mide ritmo cardiaco.  Mide saturaci\u00f3n de ox\u00edgeno.\" \/>\n<meta property=\"og:url\" content=\"https:\/\/easywebmkt.com.ar\/cotone\/productos\/smartwatch-go-on\/\" \/>\n<meta property=\"og:site_name\" content=\"Viacotone Argentina\" \/>\n<meta property=\"article:modified_time\" content=\"2022-03-21T19:18:08+00:00\" \/>\n<meta property=\"og:image\" content=\"https:\/\/easywebmkt.com.ar\/cotone\/wp-content\/uploads\/2021\/10\/09101053_M150.jpg\" \/>\n\t<meta property=\"og:image:width\" content=\"1200\" \/>\n\t<meta property=\"og:image:height\" content=\"1200\" \/>\n\t<meta property=\"og:image:type\" content=\"image\/jpeg\" \/>\n<meta name=\"twitter:card\" content=\"summary_large_image\" \/>\n<script type=\"application\/ld+json\" class=\"yoast-schema-graph\">{\"@context\":\"https:\/\/schema.org\",\"@graph\":[{\"@type\":\"WebPage\",\"@id\":\"https:\/\/easywebmkt.com.ar\/cotone\/productos\/smartwatch-go-on\/\",\"url\":\"https:\/\/easywebmkt.com.ar\/cotone\/productos\/smartwatch-go-on\/\",\"name\":\"Smartwatch Go On - Viacotone Argentina\",\"isPartOf\":{\"@id\":\"https:\/\/easywebmkt.com.ar\/cotone\/#website\"},\"primaryImageOfPage\":{\"@id\":\"https:\/\/easywebmkt.com.ar\/cotone\/productos\/smartwatch-go-on\/#primaryimage\"},\"image\":{\"@id\":\"https:\/\/easywebmkt.com.ar\/cotone\/productos\/smartwatch-go-on\/#primaryimage\"},\"thumbnailUrl\":\"https:\/\/easywebmkt.com.ar\/cotone\/wp-content\/uploads\/2021\/10\/09101053_M150.jpg\",\"datePublished\":\"2021-10-11T16:25:24+00:00\",\"dateModified\":\"2022-03-21T19:18:08+00:00\",\"breadcrumb\":{\"@id\":\"https:\/\/easywebmkt.com.ar\/cotone\/productos\/smartwatch-go-on\/#breadcrumb\"},\"inLanguage\":\"es-AR\",\"potentialAction\":[{\"@type\":\"ReadAction\",\"target\":[\"https:\/\/easywebmkt.com.ar\/cotone\/productos\/smartwatch-go-on\/\"]}]},{\"@type\":\"ImageObject\",\"inLanguage\":\"es-AR\",\"@id\":\"https:\/\/easywebmkt.com.ar\/cotone\/productos\/smartwatch-go-on\/#primaryimage\",\"url\":\"https:\/\/easywebmkt.com.ar\/cotone\/wp-content\/uploads\/2021\/10\/09101053_M150.jpg\",\"contentUrl\":\"https:\/\/easywebmkt.com.ar\/cotone\/wp-content\/uploads\/2021\/10\/09101053_M150.jpg\",\"width\":1200,\"height\":1200},{\"@type\":\"BreadcrumbList\",\"@id\":\"https:\/\/easywebmkt.com.ar\/cotone\/productos\/smartwatch-go-on\/#breadcrumb\",\"itemListElement\":[{\"@type\":\"ListItem\",\"position\":1,\"name\":\"Inicio\",\"item\":\"https:\/\/easywebmkt.com.ar\/cotone\/\"},{\"@type\":\"ListItem\",\"position\":2,\"name\":\"Productos\",\"item\":\"https:\/\/easywebmkt.com.ar\/cotone\/productos\/\"},{\"@type\":\"ListItem\",\"position\":3,\"name\":\"Smartwatch Go On\"}]},{\"@type\":\"WebSite\",\"@id\":\"https:\/\/easywebmkt.com.ar\/cotone\/#website\",\"url\":\"https:\/\/easywebmkt.com.ar\/cotone\/\",\"name\":\"Viacotone Argentina\",\"description\":\"Merchandising Partners\",\"potentialAction\":[{\"@type\":\"SearchAction\",\"target\":{\"@type\":\"EntryPoint\",\"urlTemplate\":\"https:\/\/easywebmkt.com.ar\/cotone\/?s={search_term_string}\"},\"query-input\":{\"@type\":\"PropertyValueSpecification\",\"valueRequired\":true,\"valueName\":\"search_term_string\"}}],\"inLanguage\":\"es-AR\"}]}<\/script>\n<!-- \/ Yoast SEO plugin. -->","yoast_head_json":{"title":"Smartwatch Go On - Viacotone Argentina","robots":{"index":"index","follow":"follow","max-snippet":"max-snippet:-1","max-image-preview":"max-image-preview:large","max-video-preview":"max-video-preview:-1"},"canonical":"https:\/\/easywebmkt.com.ar\/cotone\/productos\/smartwatch-go-on\/","og_locale":"es_ES","og_type":"article","og_title":"Smartwatch Go On - Viacotone Argentina","og_description":"Sicronizalo con tu dispositivo ANDROID o IOS.  Pantalla Din\u00e1mica y personalizable.  Monitorea el sue\u00f1o.  Funci\u00f3n de pod\u00f3metro, kilometraje y calor\u00edas.  Calcula la presi\u00f3n sangu\u00ednea.  Mide ritmo cardiaco.  Mide saturaci\u00f3n de ox\u00edgeno.","og_url":"https:\/\/easywebmkt.com.ar\/cotone\/productos\/smartwatch-go-on\/","og_site_name":"Viacotone Argentina","article_modified_time":"2022-03-21T19:18:08+00:00","og_image":[{"width":1200,"height":1200,"url":"https:\/\/easywebmkt.com.ar\/cotone\/wp-content\/uploads\/2021\/10\/09101053_M150.jpg","type":"image\/jpeg"}],"twitter_card":"summary_large_image","schema":{"@context":"https:\/\/schema.org","@graph":[{"@type":"WebPage","@id":"https:\/\/easywebmkt.com.ar\/cotone\/productos\/smartwatch-go-on\/","url":"https:\/\/easywebmkt.com.ar\/cotone\/productos\/smartwatch-go-on\/","name":"Smartwatch Go On - Viacotone Argentina","isPartOf":{"@id":"https:\/\/easywebmkt.com.ar\/cotone\/#website"},"primaryImageOfPage":{"@id":"https:\/\/easywebmkt.com.ar\/cotone\/productos\/smartwatch-go-on\/#primaryimage"},"image":{"@id":"https:\/\/easywebmkt.com.ar\/cotone\/productos\/smartwatch-go-on\/#primaryimage"},"thumbnailUrl":"https:\/\/easywebmkt.com.ar\/cotone\/wp-content\/uploads\/2021\/10\/09101053_M150.jpg","datePublished":"2021-10-11T16:25:24+00:00","dateModified":"2022-03-21T19:18:08+00:00","breadcrumb":{"@id":"https:\/\/easywebmkt.com.ar\/cotone\/productos\/smartwatch-go-on\/#breadcrumb"},"inLanguage":"es-AR","potentialAction":[{"@type":"ReadAction","target":["https:\/\/easywebmkt.com.ar\/cotone\/productos\/smartwatch-go-on\/"]}]},{"@type":"ImageObject","inLanguage":"es-AR","@id":"https:\/\/easywebmkt.com.ar\/cotone\/productos\/smartwatch-go-on\/#primaryimage","url":"https:\/\/easywebmkt.com.ar\/cotone\/wp-content\/uploads\/2021\/10\/09101053_M150.jpg","contentUrl":"https:\/\/easywebmkt.com.ar\/cotone\/wp-content\/uploads\/2021\/10\/09101053_M150.jpg","width":1200,"height":1200},{"@type":"BreadcrumbList","@id":"https:\/\/easywebmkt.com.ar\/cotone\/productos\/smartwatch-go-on\/#breadcrumb","itemListElement":[{"@type":"ListItem","position":1,"name":"Inicio","item":"https:\/\/easywebmkt.com.ar\/cotone\/"},{"@type":"ListItem","position":2,"name":"Productos","item":"https:\/\/easywebmkt.com.ar\/cotone\/productos\/"},{"@type":"ListItem","position":3,"name":"Smartwatch Go On"}]},{"@type":"WebSite","@id":"https:\/\/easywebmkt.com.ar\/cotone\/#website","url":"https:\/\/easywebmkt.com.ar\/cotone\/","name":"Viacotone Argentina","description":"Merchandising Partners","potentialAction":[{"@type":"SearchAction","target":{"@type":"EntryPoint","urlTemplate":"https:\/\/easywebmkt.com.ar\/cotone\/?s={search_term_string}"},"query-input":{"@type":"PropertyValueSpecification","valueRequired":true,"valueName":"search_term_string"}}],"inLanguage":"es-AR"}]}},"_links":{"self":[{"href":"https:\/\/easywebmkt.com.ar\/cotone\/wp-json\/wp\/v2\/product\/15123","targetHints":{"allow":["GET"]}}],"collection":[{"href":"https:\/\/easywebmkt.com.ar\/cotone\/wp-json\/wp\/v2\/product"}],"about":[{"href":"https:\/\/easywebmkt.com.ar\/cotone\/wp-json\/wp\/v2\/types\/product"}],"replies":[{"embeddable":true,"href":"https:\/\/easywebmkt.com.ar\/cotone\/wp-json\/wp\/v2\/comments?post=15123"}],"wp:featuredmedia":[{"embeddable":true,"href":"https:\/\/easywebmkt.com.ar\/cotone\/wp-json\/wp\/v2\/media\/15124"}],"wp:attachment":[{"href":"https:\/\/easywebmkt.com.ar\/cotone\/wp-json\/wp\/v2\/media?parent=15123"}],"wp:term":[{"taxonomy":"product_brand","embeddable":true,"href":"https:\/\/easywebmkt.com.ar\/cotone\/wp-json\/wp\/v2\/product_brand?post=15123"},{"taxonomy":"product_cat","embeddable":true,"href":"https:\/\/easywebmkt.com.ar\/cotone\/wp-json\/wp\/v2\/product_cat?post=15123"},{"taxonomy":"product_tag","embeddable":true,"href":"https:\/\/easywebmkt.com.ar\/cotone\/wp-json\/wp\/v2\/product_tag?post=15123"}],"curies":[{"name":"wp","href":"https:\/\/api.w.org\/{rel}","templated":true}]}}