{"id":15224,"date":"2021-10-12T01:26:55","date_gmt":"2021-10-12T04:26:55","guid":{"rendered":"https:\/\/easywebmkt.com.ar\/cotone\/?post_type=product&#038;p=15224"},"modified":"2024-10-29T16:43:23","modified_gmt":"2024-10-29T19:43:23","slug":"vincha-makeup","status":"publish","type":"product","link":"https:\/\/easywebmkt.com.ar\/cotone\/productos\/vincha-makeup\/","title":{"rendered":"Vincha MakeUp"},"content":{"rendered":"<p>L\u00ednea Beauty VC<\/p>\n<p>Arm\u00e1 tu KIT con nuestro amplio cat\u00e1logo de productos.<\/p>\n","protected":false},"excerpt":{"rendered":"<p>L\u00ednea Beauty VC<\/p>\n<p>Arm\u00e1 tu KIT con nuestro amplio cat\u00e1logo de productos.<\/p>\n","protected":false},"featured_media":15227,"comment_status":"closed","ping_status":"closed","template":"","meta":[],"product_brand":[],"product_cat":[681,560],"product_tag":[],"class_list":{"0":"post-15224","1":"product","2":"type-product","3":"status-publish","4":"has-post-thumbnail","6":"product_cat-dia-de-la-madre","7":"product_cat-dia-de-la-mujer","9":"first","10":"instock","11":"shipping-taxable","12":"product-type-simple"},"yoast_head":"<!-- This site is optimized with the Yoast SEO plugin v23.4 - https:\/\/yoast.com\/wordpress\/plugins\/seo\/ -->\n<title>Vincha MakeUp - Viacotone Argentina<\/title>\n<meta name=\"robots\" content=\"index, follow, max-snippet:-1, max-image-preview:large, max-video-preview:-1\" \/>\n<link rel=\"canonical\" href=\"https:\/\/easywebmkt.com.ar\/cotone\/productos\/vincha-makeup\/\" \/>\n<meta property=\"og:locale\" content=\"es_ES\" \/>\n<meta property=\"og:type\" content=\"article\" \/>\n<meta property=\"og:title\" content=\"Vincha MakeUp - Viacotone Argentina\" \/>\n<meta property=\"og:description\" content=\"L\u00ednea Beauty VC  Arm\u00e1 tu KIT con nuestro amplio cat\u00e1logo de productos.\" \/>\n<meta property=\"og:url\" content=\"https:\/\/easywebmkt.com.ar\/cotone\/productos\/vincha-makeup\/\" \/>\n<meta property=\"og:site_name\" content=\"Viacotone Argentina\" \/>\n<meta property=\"article:modified_time\" content=\"2024-10-29T19:43:23+00:00\" \/>\n<meta property=\"og:image\" content=\"https:\/\/easywebmkt.com.ar\/cotone\/wp-content\/uploads\/2021\/10\/01-7.jpg\" \/>\n\t<meta property=\"og:image:width\" content=\"525\" \/>\n\t<meta property=\"og:image:height\" content=\"520\" \/>\n\t<meta property=\"og:image:type\" content=\"image\/jpeg\" \/>\n<meta name=\"twitter:card\" content=\"summary_large_image\" \/>\n<script type=\"application\/ld+json\" class=\"yoast-schema-graph\">{\"@context\":\"https:\/\/schema.org\",\"@graph\":[{\"@type\":\"WebPage\",\"@id\":\"https:\/\/easywebmkt.com.ar\/cotone\/productos\/vincha-makeup\/\",\"url\":\"https:\/\/easywebmkt.com.ar\/cotone\/productos\/vincha-makeup\/\",\"name\":\"Vincha MakeUp - Viacotone Argentina\",\"isPartOf\":{\"@id\":\"https:\/\/easywebmkt.com.ar\/cotone\/#website\"},\"primaryImageOfPage\":{\"@id\":\"https:\/\/easywebmkt.com.ar\/cotone\/productos\/vincha-makeup\/#primaryimage\"},\"image\":{\"@id\":\"https:\/\/easywebmkt.com.ar\/cotone\/productos\/vincha-makeup\/#primaryimage\"},\"thumbnailUrl\":\"https:\/\/easywebmkt.com.ar\/cotone\/wp-content\/uploads\/2021\/10\/01-7.jpg\",\"datePublished\":\"2021-10-12T04:26:55+00:00\",\"dateModified\":\"2024-10-29T19:43:23+00:00\",\"breadcrumb\":{\"@id\":\"https:\/\/easywebmkt.com.ar\/cotone\/productos\/vincha-makeup\/#breadcrumb\"},\"inLanguage\":\"es-AR\",\"potentialAction\":[{\"@type\":\"ReadAction\",\"target\":[\"https:\/\/easywebmkt.com.ar\/cotone\/productos\/vincha-makeup\/\"]}]},{\"@type\":\"ImageObject\",\"inLanguage\":\"es-AR\",\"@id\":\"https:\/\/easywebmkt.com.ar\/cotone\/productos\/vincha-makeup\/#primaryimage\",\"url\":\"https:\/\/easywebmkt.com.ar\/cotone\/wp-content\/uploads\/2021\/10\/01-7.jpg\",\"contentUrl\":\"https:\/\/easywebmkt.com.ar\/cotone\/wp-content\/uploads\/2021\/10\/01-7.jpg\",\"width\":525,\"height\":520},{\"@type\":\"BreadcrumbList\",\"@id\":\"https:\/\/easywebmkt.com.ar\/cotone\/productos\/vincha-makeup\/#breadcrumb\",\"itemListElement\":[{\"@type\":\"ListItem\",\"position\":1,\"name\":\"Inicio\",\"item\":\"https:\/\/easywebmkt.com.ar\/cotone\/\"},{\"@type\":\"ListItem\",\"position\":2,\"name\":\"Productos\",\"item\":\"https:\/\/easywebmkt.com.ar\/cotone\/productos\/\"},{\"@type\":\"ListItem\",\"position\":3,\"name\":\"Vincha MakeUp\"}]},{\"@type\":\"WebSite\",\"@id\":\"https:\/\/easywebmkt.com.ar\/cotone\/#website\",\"url\":\"https:\/\/easywebmkt.com.ar\/cotone\/\",\"name\":\"Viacotone Argentina\",\"description\":\"Merchandising Partners\",\"potentialAction\":[{\"@type\":\"SearchAction\",\"target\":{\"@type\":\"EntryPoint\",\"urlTemplate\":\"https:\/\/easywebmkt.com.ar\/cotone\/?s={search_term_string}\"},\"query-input\":{\"@type\":\"PropertyValueSpecification\",\"valueRequired\":true,\"valueName\":\"search_term_string\"}}],\"inLanguage\":\"es-AR\"}]}<\/script>\n<!-- \/ Yoast SEO plugin. -->","yoast_head_json":{"title":"Vincha MakeUp - Viacotone Argentina","robots":{"index":"index","follow":"follow","max-snippet":"max-snippet:-1","max-image-preview":"max-image-preview:large","max-video-preview":"max-video-preview:-1"},"canonical":"https:\/\/easywebmkt.com.ar\/cotone\/productos\/vincha-makeup\/","og_locale":"es_ES","og_type":"article","og_title":"Vincha MakeUp - Viacotone Argentina","og_description":"L\u00ednea Beauty VC  Arm\u00e1 tu KIT con nuestro amplio cat\u00e1logo de productos.","og_url":"https:\/\/easywebmkt.com.ar\/cotone\/productos\/vincha-makeup\/","og_site_name":"Viacotone Argentina","article_modified_time":"2024-10-29T19:43:23+00:00","og_image":[{"width":525,"height":520,"url":"https:\/\/easywebmkt.com.ar\/cotone\/wp-content\/uploads\/2021\/10\/01-7.jpg","type":"image\/jpeg"}],"twitter_card":"summary_large_image","schema":{"@context":"https:\/\/schema.org","@graph":[{"@type":"WebPage","@id":"https:\/\/easywebmkt.com.ar\/cotone\/productos\/vincha-makeup\/","url":"https:\/\/easywebmkt.com.ar\/cotone\/productos\/vincha-makeup\/","name":"Vincha MakeUp - Viacotone Argentina","isPartOf":{"@id":"https:\/\/easywebmkt.com.ar\/cotone\/#website"},"primaryImageOfPage":{"@id":"https:\/\/easywebmkt.com.ar\/cotone\/productos\/vincha-makeup\/#primaryimage"},"image":{"@id":"https:\/\/easywebmkt.com.ar\/cotone\/productos\/vincha-makeup\/#primaryimage"},"thumbnailUrl":"https:\/\/easywebmkt.com.ar\/cotone\/wp-content\/uploads\/2021\/10\/01-7.jpg","datePublished":"2021-10-12T04:26:55+00:00","dateModified":"2024-10-29T19:43:23+00:00","breadcrumb":{"@id":"https:\/\/easywebmkt.com.ar\/cotone\/productos\/vincha-makeup\/#breadcrumb"},"inLanguage":"es-AR","potentialAction":[{"@type":"ReadAction","target":["https:\/\/easywebmkt.com.ar\/cotone\/productos\/vincha-makeup\/"]}]},{"@type":"ImageObject","inLanguage":"es-AR","@id":"https:\/\/easywebmkt.com.ar\/cotone\/productos\/vincha-makeup\/#primaryimage","url":"https:\/\/easywebmkt.com.ar\/cotone\/wp-content\/uploads\/2021\/10\/01-7.jpg","contentUrl":"https:\/\/easywebmkt.com.ar\/cotone\/wp-content\/uploads\/2021\/10\/01-7.jpg","width":525,"height":520},{"@type":"BreadcrumbList","@id":"https:\/\/easywebmkt.com.ar\/cotone\/productos\/vincha-makeup\/#breadcrumb","itemListElement":[{"@type":"ListItem","position":1,"name":"Inicio","item":"https:\/\/easywebmkt.com.ar\/cotone\/"},{"@type":"ListItem","position":2,"name":"Productos","item":"https:\/\/easywebmkt.com.ar\/cotone\/productos\/"},{"@type":"ListItem","position":3,"name":"Vincha MakeUp"}]},{"@type":"WebSite","@id":"https:\/\/easywebmkt.com.ar\/cotone\/#website","url":"https:\/\/easywebmkt.com.ar\/cotone\/","name":"Viacotone Argentina","description":"Merchandising Partners","potentialAction":[{"@type":"SearchAction","target":{"@type":"EntryPoint","urlTemplate":"https:\/\/easywebmkt.com.ar\/cotone\/?s={search_term_string}"},"query-input":{"@type":"PropertyValueSpecification","valueRequired":true,"valueName":"search_term_string"}}],"inLanguage":"es-AR"}]}},"_links":{"self":[{"href":"https:\/\/easywebmkt.com.ar\/cotone\/wp-json\/wp\/v2\/product\/15224","targetHints":{"allow":["GET"]}}],"collection":[{"href":"https:\/\/easywebmkt.com.ar\/cotone\/wp-json\/wp\/v2\/product"}],"about":[{"href":"https:\/\/easywebmkt.com.ar\/cotone\/wp-json\/wp\/v2\/types\/product"}],"replies":[{"embeddable":true,"href":"https:\/\/easywebmkt.com.ar\/cotone\/wp-json\/wp\/v2\/comments?post=15224"}],"wp:featuredmedia":[{"embeddable":true,"href":"https:\/\/easywebmkt.com.ar\/cotone\/wp-json\/wp\/v2\/media\/15227"}],"wp:attachment":[{"href":"https:\/\/easywebmkt.com.ar\/cotone\/wp-json\/wp\/v2\/media?parent=15224"}],"wp:term":[{"taxonomy":"product_brand","embeddable":true,"href":"https:\/\/easywebmkt.com.ar\/cotone\/wp-json\/wp\/v2\/product_brand?post=15224"},{"taxonomy":"product_cat","embeddable":true,"href":"https:\/\/easywebmkt.com.ar\/cotone\/wp-json\/wp\/v2\/product_cat?post=15224"},{"taxonomy":"product_tag","embeddable":true,"href":"https:\/\/easywebmkt.com.ar\/cotone\/wp-json\/wp\/v2\/product_tag?post=15224"}],"curies":[{"name":"wp","href":"https:\/\/api.w.org\/{rel}","templated":true}]}}