{"id":15739,"date":"2021-10-28T09:43:38","date_gmt":"2021-10-28T12:43:38","guid":{"rendered":"https:\/\/easywebmkt.com.ar\/cotone\/?post_type=product&#038;p=15739"},"modified":"2022-03-25T12:25:36","modified_gmt":"2022-03-25T15:25:36","slug":"set-de-naipes-poker-y-espanolas-c-anotador","status":"publish","type":"product","link":"https:\/\/easywebmkt.com.ar\/cotone\/productos\/set-de-naipes-poker-y-espanolas-c-anotador\/","title":{"rendered":"Set de Naipes Poker y Espa\u00f1olas c\/anotador"},"content":{"rendered":"<p>Set de naipes realizado en cuero ecol\u00f3gico.<\/p>\n<p>Incluye un mazo de 50 cartas espa\u00f1olas y un mazo de 54 cartas de poker ingl\u00e9s.<\/p>\n<p>Anotador de hojas lisas.<\/p>\n","protected":false},"excerpt":{"rendered":"<p>Set de naipes realizado en cuero ecol\u00f3gico.<\/p>\n<p>Incluye un mazo de 50 cartas espa\u00f1olas y un mazo de 54 cartas de poker ingl\u00e9s.<\/p>\n<p>Anotador de hojas lisas.<\/p>\n","protected":false},"featured_media":15740,"comment_status":"closed","ping_status":"closed","template":"","meta":[],"product_brand":[],"product_cat":[117,119],"product_tag":[723],"class_list":{"0":"post-15739","1":"product","2":"type-product","3":"status-publish","4":"has-post-thumbnail","6":"product_cat-hogar-tiempo-libre","7":"product_cat-outdoor","8":"product_tag-vc-smart","10":"first","11":"instock","12":"shipping-taxable","13":"purchasable","14":"product-type-simple"},"yoast_head":"<!-- This site is optimized with the Yoast SEO plugin v23.4 - https:\/\/yoast.com\/wordpress\/plugins\/seo\/ -->\n<title>Set de Naipes Poker y Espa\u00f1olas c\/anotador - Viacotone Argentina<\/title>\n<meta name=\"description\" content=\"Set de naipes realizado en cuero ecol\u00f3gico.Incluye un mazo de 50 cartas espa\u00f1olas y un mazo de 54 cartas de poker ingl\u00e9s.Anotador de hojas lisas.\" \/>\n<meta name=\"robots\" content=\"index, follow, max-snippet:-1, max-image-preview:large, max-video-preview:-1\" \/>\n<link rel=\"canonical\" href=\"https:\/\/easywebmkt.com.ar\/cotone\/productos\/set-de-naipes-poker-y-espanolas-c-anotador\/\" \/>\n<meta property=\"og:locale\" content=\"es_ES\" \/>\n<meta property=\"og:type\" content=\"article\" \/>\n<meta property=\"og:title\" content=\"Set de Naipes Poker y Espa\u00f1olas c\/anotador - Viacotone Argentina\" \/>\n<meta property=\"og:description\" content=\"Set de naipes realizado en cuero ecol\u00f3gico.Incluye un mazo de 50 cartas espa\u00f1olas y un mazo de 54 cartas de poker ingl\u00e9s.Anotador de hojas lisas.\" \/>\n<meta property=\"og:url\" content=\"https:\/\/easywebmkt.com.ar\/cotone\/productos\/set-de-naipes-poker-y-espanolas-c-anotador\/\" \/>\n<meta property=\"og:site_name\" content=\"Viacotone Argentina\" \/>\n<meta property=\"article:modified_time\" content=\"2022-03-25T15:25:36+00:00\" \/>\n<meta property=\"og:image\" content=\"https:\/\/i0.wp.com\/viacotone.com\/wp-content\/uploads\/2021\/10\/3-3.jpg?fit=800%2C800&ssl=1\" \/>\n\t<meta property=\"og:image:width\" content=\"800\" \/>\n\t<meta property=\"og:image:height\" content=\"800\" \/>\n\t<meta property=\"og:image:type\" content=\"image\/jpeg\" \/>\n<meta name=\"twitter:card\" content=\"summary_large_image\" \/>\n<script type=\"application\/ld+json\" class=\"yoast-schema-graph\">{\"@context\":\"https:\/\/schema.org\",\"@graph\":[{\"@type\":\"WebPage\",\"@id\":\"https:\/\/easywebmkt.com.ar\/cotone\/productos\/set-de-naipes-poker-y-espanolas-c-anotador\/\",\"url\":\"https:\/\/easywebmkt.com.ar\/cotone\/productos\/set-de-naipes-poker-y-espanolas-c-anotador\/\",\"name\":\"Set de Naipes Poker y Espa\u00f1olas c\/anotador - Viacotone Argentina\",\"isPartOf\":{\"@id\":\"https:\/\/easywebmkt.com.ar\/cotone\/#website\"},\"primaryImageOfPage\":{\"@id\":\"https:\/\/easywebmkt.com.ar\/cotone\/productos\/set-de-naipes-poker-y-espanolas-c-anotador\/#primaryimage\"},\"image\":{\"@id\":\"https:\/\/easywebmkt.com.ar\/cotone\/productos\/set-de-naipes-poker-y-espanolas-c-anotador\/#primaryimage\"},\"thumbnailUrl\":\"https:\/\/easywebmkt.com.ar\/cotone\/wp-content\/uploads\/2021\/10\/3-3.jpg\",\"datePublished\":\"2021-10-28T12:43:38+00:00\",\"dateModified\":\"2022-03-25T15:25:36+00:00\",\"description\":\"Set de naipes realizado en cuero ecol\u00f3gico.Incluye un mazo de 50 cartas espa\u00f1olas y un mazo de 54 cartas de poker ingl\u00e9s.Anotador de hojas lisas.\",\"breadcrumb\":{\"@id\":\"https:\/\/easywebmkt.com.ar\/cotone\/productos\/set-de-naipes-poker-y-espanolas-c-anotador\/#breadcrumb\"},\"inLanguage\":\"es-AR\",\"potentialAction\":[{\"@type\":\"ReadAction\",\"target\":[\"https:\/\/easywebmkt.com.ar\/cotone\/productos\/set-de-naipes-poker-y-espanolas-c-anotador\/\"]}]},{\"@type\":\"ImageObject\",\"inLanguage\":\"es-AR\",\"@id\":\"https:\/\/easywebmkt.com.ar\/cotone\/productos\/set-de-naipes-poker-y-espanolas-c-anotador\/#primaryimage\",\"url\":\"https:\/\/easywebmkt.com.ar\/cotone\/wp-content\/uploads\/2021\/10\/3-3.jpg\",\"contentUrl\":\"https:\/\/easywebmkt.com.ar\/cotone\/wp-content\/uploads\/2021\/10\/3-3.jpg\",\"width\":800,\"height\":800,\"caption\":\"Set de Naipes Poker y Espa\u00f1olas c\/anotador\"},{\"@type\":\"BreadcrumbList\",\"@id\":\"https:\/\/easywebmkt.com.ar\/cotone\/productos\/set-de-naipes-poker-y-espanolas-c-anotador\/#breadcrumb\",\"itemListElement\":[{\"@type\":\"ListItem\",\"position\":1,\"name\":\"Inicio\",\"item\":\"https:\/\/easywebmkt.com.ar\/cotone\/\"},{\"@type\":\"ListItem\",\"position\":2,\"name\":\"Productos\",\"item\":\"https:\/\/easywebmkt.com.ar\/cotone\/productos\/\"},{\"@type\":\"ListItem\",\"position\":3,\"name\":\"Set de Naipes Poker y Espa\u00f1olas c\/anotador\"}]},{\"@type\":\"WebSite\",\"@id\":\"https:\/\/easywebmkt.com.ar\/cotone\/#website\",\"url\":\"https:\/\/easywebmkt.com.ar\/cotone\/\",\"name\":\"Viacotone Argentina\",\"description\":\"Merchandising Partners\",\"potentialAction\":[{\"@type\":\"SearchAction\",\"target\":{\"@type\":\"EntryPoint\",\"urlTemplate\":\"https:\/\/easywebmkt.com.ar\/cotone\/?s={search_term_string}\"},\"query-input\":{\"@type\":\"PropertyValueSpecification\",\"valueRequired\":true,\"valueName\":\"search_term_string\"}}],\"inLanguage\":\"es-AR\"}]}<\/script>\n<!-- \/ Yoast SEO plugin. -->","yoast_head_json":{"title":"Set de Naipes Poker y Espa\u00f1olas c\/anotador - Viacotone Argentina","description":"Set de naipes realizado en cuero ecol\u00f3gico.Incluye un mazo de 50 cartas espa\u00f1olas y un mazo de 54 cartas de poker ingl\u00e9s.Anotador de hojas lisas.","robots":{"index":"index","follow":"follow","max-snippet":"max-snippet:-1","max-image-preview":"max-image-preview:large","max-video-preview":"max-video-preview:-1"},"canonical":"https:\/\/easywebmkt.com.ar\/cotone\/productos\/set-de-naipes-poker-y-espanolas-c-anotador\/","og_locale":"es_ES","og_type":"article","og_title":"Set de Naipes Poker y Espa\u00f1olas c\/anotador - Viacotone Argentina","og_description":"Set de naipes realizado en cuero ecol\u00f3gico.Incluye un mazo de 50 cartas espa\u00f1olas y un mazo de 54 cartas de poker ingl\u00e9s.Anotador de hojas lisas.","og_url":"https:\/\/easywebmkt.com.ar\/cotone\/productos\/set-de-naipes-poker-y-espanolas-c-anotador\/","og_site_name":"Viacotone Argentina","article_modified_time":"2022-03-25T15:25:36+00:00","og_image":[{"width":800,"height":800,"url":"https:\/\/i0.wp.com\/viacotone.com\/wp-content\/uploads\/2021\/10\/3-3.jpg?fit=800%2C800&ssl=1","type":"image\/jpeg"}],"twitter_card":"summary_large_image","schema":{"@context":"https:\/\/schema.org","@graph":[{"@type":"WebPage","@id":"https:\/\/easywebmkt.com.ar\/cotone\/productos\/set-de-naipes-poker-y-espanolas-c-anotador\/","url":"https:\/\/easywebmkt.com.ar\/cotone\/productos\/set-de-naipes-poker-y-espanolas-c-anotador\/","name":"Set de Naipes Poker y Espa\u00f1olas c\/anotador - Viacotone Argentina","isPartOf":{"@id":"https:\/\/easywebmkt.com.ar\/cotone\/#website"},"primaryImageOfPage":{"@id":"https:\/\/easywebmkt.com.ar\/cotone\/productos\/set-de-naipes-poker-y-espanolas-c-anotador\/#primaryimage"},"image":{"@id":"https:\/\/easywebmkt.com.ar\/cotone\/productos\/set-de-naipes-poker-y-espanolas-c-anotador\/#primaryimage"},"thumbnailUrl":"https:\/\/easywebmkt.com.ar\/cotone\/wp-content\/uploads\/2021\/10\/3-3.jpg","datePublished":"2021-10-28T12:43:38+00:00","dateModified":"2022-03-25T15:25:36+00:00","description":"Set de naipes realizado en cuero ecol\u00f3gico.Incluye un mazo de 50 cartas espa\u00f1olas y un mazo de 54 cartas de poker ingl\u00e9s.Anotador de hojas lisas.","breadcrumb":{"@id":"https:\/\/easywebmkt.com.ar\/cotone\/productos\/set-de-naipes-poker-y-espanolas-c-anotador\/#breadcrumb"},"inLanguage":"es-AR","potentialAction":[{"@type":"ReadAction","target":["https:\/\/easywebmkt.com.ar\/cotone\/productos\/set-de-naipes-poker-y-espanolas-c-anotador\/"]}]},{"@type":"ImageObject","inLanguage":"es-AR","@id":"https:\/\/easywebmkt.com.ar\/cotone\/productos\/set-de-naipes-poker-y-espanolas-c-anotador\/#primaryimage","url":"https:\/\/easywebmkt.com.ar\/cotone\/wp-content\/uploads\/2021\/10\/3-3.jpg","contentUrl":"https:\/\/easywebmkt.com.ar\/cotone\/wp-content\/uploads\/2021\/10\/3-3.jpg","width":800,"height":800,"caption":"Set de Naipes Poker y Espa\u00f1olas c\/anotador"},{"@type":"BreadcrumbList","@id":"https:\/\/easywebmkt.com.ar\/cotone\/productos\/set-de-naipes-poker-y-espanolas-c-anotador\/#breadcrumb","itemListElement":[{"@type":"ListItem","position":1,"name":"Inicio","item":"https:\/\/easywebmkt.com.ar\/cotone\/"},{"@type":"ListItem","position":2,"name":"Productos","item":"https:\/\/easywebmkt.com.ar\/cotone\/productos\/"},{"@type":"ListItem","position":3,"name":"Set de Naipes Poker y Espa\u00f1olas c\/anotador"}]},{"@type":"WebSite","@id":"https:\/\/easywebmkt.com.ar\/cotone\/#website","url":"https:\/\/easywebmkt.com.ar\/cotone\/","name":"Viacotone Argentina","description":"Merchandising Partners","potentialAction":[{"@type":"SearchAction","target":{"@type":"EntryPoint","urlTemplate":"https:\/\/easywebmkt.com.ar\/cotone\/?s={search_term_string}"},"query-input":{"@type":"PropertyValueSpecification","valueRequired":true,"valueName":"search_term_string"}}],"inLanguage":"es-AR"}]}},"_links":{"self":[{"href":"https:\/\/easywebmkt.com.ar\/cotone\/wp-json\/wp\/v2\/product\/15739","targetHints":{"allow":["GET"]}}],"collection":[{"href":"https:\/\/easywebmkt.com.ar\/cotone\/wp-json\/wp\/v2\/product"}],"about":[{"href":"https:\/\/easywebmkt.com.ar\/cotone\/wp-json\/wp\/v2\/types\/product"}],"replies":[{"embeddable":true,"href":"https:\/\/easywebmkt.com.ar\/cotone\/wp-json\/wp\/v2\/comments?post=15739"}],"wp:featuredmedia":[{"embeddable":true,"href":"https:\/\/easywebmkt.com.ar\/cotone\/wp-json\/wp\/v2\/media\/15740"}],"wp:attachment":[{"href":"https:\/\/easywebmkt.com.ar\/cotone\/wp-json\/wp\/v2\/media?parent=15739"}],"wp:term":[{"taxonomy":"product_brand","embeddable":true,"href":"https:\/\/easywebmkt.com.ar\/cotone\/wp-json\/wp\/v2\/product_brand?post=15739"},{"taxonomy":"product_cat","embeddable":true,"href":"https:\/\/easywebmkt.com.ar\/cotone\/wp-json\/wp\/v2\/product_cat?post=15739"},{"taxonomy":"product_tag","embeddable":true,"href":"https:\/\/easywebmkt.com.ar\/cotone\/wp-json\/wp\/v2\/product_tag?post=15739"}],"curies":[{"name":"wp","href":"https:\/\/api.w.org\/{rel}","templated":true}]}}