{"id":18242,"date":"2022-06-27T09:32:29","date_gmt":"2022-06-27T12:32:29","guid":{"rendered":"https:\/\/easywebmkt.com.ar\/cotone\/?post_type=product&#038;p=18242"},"modified":"2024-04-18T16:07:29","modified_gmt":"2024-04-18T19:07:29","slug":"replica-pelota-qatar-2022-adidas","status":"publish","type":"product","link":"https:\/\/easywebmkt.com.ar\/cotone\/productos\/replica-pelota-qatar-2022-adidas\/","title":{"rendered":"REPLICA PELOTA QATAR 2022 ADIDAS"},"content":{"rendered":"","protected":false},"excerpt":{"rendered":"<p>REPLICA PELOTA QATAR 2022 ADIDAS<\/p>\n<p>Con gr\u00e1ficos inspirados en el bal\u00f3n oficial de la copa mundial de la FIFA\u2122, este bal\u00f3n ADIDAS Al Rihla League es perfecto para partidos y sesiones de entrenamiento.<br \/>\nSu construcci\u00f3n TSBE sin costuras agrega seguridad a los toques y una vejiga de butilo significa m\u00e1s juego, menos bombeo.<br \/>\nLa caja lo convierte en un regalo ideal.<br \/>\nSu vejiga de butilo asegura que esta pelota se mantenga inflada por m\u00e1s tiempo.<br \/>\nSuper\u00f3 las pruebas de la FIFA sobre circunferencia, peso, rebote y absorci\u00f3n de agua.<br \/>\nTama\u00f1o N\u00famero \u00ba5.<br \/>\nIMPORTANTE El bal\u00f3n debe ser inflado con la presi\u00f3n que indica en el panel cercano a la v\u00e1lvula.<\/p>\n","protected":false},"featured_media":18243,"comment_status":"closed","ping_status":"closed","template":"","meta":[],"product_brand":[],"product_cat":[845],"product_tag":[651],"class_list":{"0":"post-18242","1":"product","2":"type-product","3":"status-publish","4":"has-post-thumbnail","6":"product_cat-mundial-2026","7":"product_tag-pelota","9":"first","10":"instock","11":"shipping-taxable","12":"purchasable","13":"product-type-simple"},"yoast_head":"<!-- This site is optimized with the Yoast SEO plugin v23.4 - https:\/\/yoast.com\/wordpress\/plugins\/seo\/ -->\n<title>REPLICA PELOTA QATAR 2022 ADIDAS - Viacotone Argentina<\/title>\n<meta name=\"robots\" content=\"index, follow, max-snippet:-1, max-image-preview:large, max-video-preview:-1\" \/>\n<link rel=\"canonical\" href=\"https:\/\/easywebmkt.com.ar\/cotone\/productos\/replica-pelota-qatar-2022-adidas\/\" \/>\n<meta property=\"og:locale\" content=\"es_ES\" \/>\n<meta property=\"og:type\" content=\"article\" \/>\n<meta property=\"og:title\" content=\"REPLICA PELOTA QATAR 2022 ADIDAS - Viacotone Argentina\" \/>\n<meta property=\"og:description\" content=\"REPLICA PELOTA QATAR 2022 ADIDAS  Con gr\u00e1ficos inspirados en el bal\u00f3n oficial de la copa mundial de la FIFA\u2122, este bal\u00f3n ADIDAS Al Rihla League es perfecto para partidos y sesiones de entrenamiento. Su construcci\u00f3n TSBE sin costuras agrega seguridad a los toques y una vejiga de butilo significa m\u00e1s juego, menos bombeo. La caja lo convierte en un regalo ideal. Su vejiga de butilo asegura que esta pelota se mantenga inflada por m\u00e1s tiempo. Super\u00f3 las pruebas de la FIFA sobre circunferencia, peso, rebote y absorci\u00f3n de agua. Tama\u00f1o N\u00famero \u00ba5. IMPORTANTE El bal\u00f3n debe ser inflado con la presi\u00f3n que indica en el panel cercano a la v\u00e1lvula.\" \/>\n<meta property=\"og:url\" content=\"https:\/\/easywebmkt.com.ar\/cotone\/productos\/replica-pelota-qatar-2022-adidas\/\" \/>\n<meta property=\"og:site_name\" content=\"Viacotone Argentina\" \/>\n<meta property=\"article:modified_time\" content=\"2024-04-18T19:07:29+00:00\" \/>\n<meta property=\"og:image\" content=\"https:\/\/easywebmkt.com.ar\/cotone\/wp-content\/uploads\/2022\/06\/replica-pelota-persentacion-caja.jpg\" \/>\n\t<meta property=\"og:image:width\" content=\"1200\" \/>\n\t<meta property=\"og:image:height\" content=\"1200\" \/>\n\t<meta property=\"og:image:type\" content=\"image\/jpeg\" \/>\n<meta name=\"twitter:card\" content=\"summary_large_image\" \/>\n<script type=\"application\/ld+json\" class=\"yoast-schema-graph\">{\"@context\":\"https:\/\/schema.org\",\"@graph\":[{\"@type\":\"WebPage\",\"@id\":\"https:\/\/easywebmkt.com.ar\/cotone\/productos\/replica-pelota-qatar-2022-adidas\/\",\"url\":\"https:\/\/easywebmkt.com.ar\/cotone\/productos\/replica-pelota-qatar-2022-adidas\/\",\"name\":\"REPLICA PELOTA QATAR 2022 ADIDAS - Viacotone Argentina\",\"isPartOf\":{\"@id\":\"https:\/\/easywebmkt.com.ar\/cotone\/#website\"},\"primaryImageOfPage\":{\"@id\":\"https:\/\/easywebmkt.com.ar\/cotone\/productos\/replica-pelota-qatar-2022-adidas\/#primaryimage\"},\"image\":{\"@id\":\"https:\/\/easywebmkt.com.ar\/cotone\/productos\/replica-pelota-qatar-2022-adidas\/#primaryimage\"},\"thumbnailUrl\":\"https:\/\/easywebmkt.com.ar\/cotone\/wp-content\/uploads\/2022\/06\/replica-pelota-persentacion-caja.jpg\",\"datePublished\":\"2022-06-27T12:32:29+00:00\",\"dateModified\":\"2024-04-18T19:07:29+00:00\",\"breadcrumb\":{\"@id\":\"https:\/\/easywebmkt.com.ar\/cotone\/productos\/replica-pelota-qatar-2022-adidas\/#breadcrumb\"},\"inLanguage\":\"es-AR\",\"potentialAction\":[{\"@type\":\"ReadAction\",\"target\":[\"https:\/\/easywebmkt.com.ar\/cotone\/productos\/replica-pelota-qatar-2022-adidas\/\"]}]},{\"@type\":\"ImageObject\",\"inLanguage\":\"es-AR\",\"@id\":\"https:\/\/easywebmkt.com.ar\/cotone\/productos\/replica-pelota-qatar-2022-adidas\/#primaryimage\",\"url\":\"https:\/\/easywebmkt.com.ar\/cotone\/wp-content\/uploads\/2022\/06\/replica-pelota-persentacion-caja.jpg\",\"contentUrl\":\"https:\/\/easywebmkt.com.ar\/cotone\/wp-content\/uploads\/2022\/06\/replica-pelota-persentacion-caja.jpg\",\"width\":1200,\"height\":1200},{\"@type\":\"BreadcrumbList\",\"@id\":\"https:\/\/easywebmkt.com.ar\/cotone\/productos\/replica-pelota-qatar-2022-adidas\/#breadcrumb\",\"itemListElement\":[{\"@type\":\"ListItem\",\"position\":1,\"name\":\"Inicio\",\"item\":\"https:\/\/easywebmkt.com.ar\/cotone\/\"},{\"@type\":\"ListItem\",\"position\":2,\"name\":\"Productos\",\"item\":\"https:\/\/easywebmkt.com.ar\/cotone\/productos\/\"},{\"@type\":\"ListItem\",\"position\":3,\"name\":\"REPLICA PELOTA QATAR 2022 ADIDAS\"}]},{\"@type\":\"WebSite\",\"@id\":\"https:\/\/easywebmkt.com.ar\/cotone\/#website\",\"url\":\"https:\/\/easywebmkt.com.ar\/cotone\/\",\"name\":\"Viacotone Argentina\",\"description\":\"Merchandising Partners\",\"potentialAction\":[{\"@type\":\"SearchAction\",\"target\":{\"@type\":\"EntryPoint\",\"urlTemplate\":\"https:\/\/easywebmkt.com.ar\/cotone\/?s={search_term_string}\"},\"query-input\":{\"@type\":\"PropertyValueSpecification\",\"valueRequired\":true,\"valueName\":\"search_term_string\"}}],\"inLanguage\":\"es-AR\"}]}<\/script>\n<!-- \/ Yoast SEO plugin. -->","yoast_head_json":{"title":"REPLICA PELOTA QATAR 2022 ADIDAS - Viacotone Argentina","robots":{"index":"index","follow":"follow","max-snippet":"max-snippet:-1","max-image-preview":"max-image-preview:large","max-video-preview":"max-video-preview:-1"},"canonical":"https:\/\/easywebmkt.com.ar\/cotone\/productos\/replica-pelota-qatar-2022-adidas\/","og_locale":"es_ES","og_type":"article","og_title":"REPLICA PELOTA QATAR 2022 ADIDAS - Viacotone Argentina","og_description":"REPLICA PELOTA QATAR 2022 ADIDAS  Con gr\u00e1ficos inspirados en el bal\u00f3n oficial de la copa mundial de la FIFA\u2122, este bal\u00f3n ADIDAS Al Rihla League es perfecto para partidos y sesiones de entrenamiento. Su construcci\u00f3n TSBE sin costuras agrega seguridad a los toques y una vejiga de butilo significa m\u00e1s juego, menos bombeo. La caja lo convierte en un regalo ideal. Su vejiga de butilo asegura que esta pelota se mantenga inflada por m\u00e1s tiempo. Super\u00f3 las pruebas de la FIFA sobre circunferencia, peso, rebote y absorci\u00f3n de agua. Tama\u00f1o N\u00famero \u00ba5. IMPORTANTE El bal\u00f3n debe ser inflado con la presi\u00f3n que indica en el panel cercano a la v\u00e1lvula.","og_url":"https:\/\/easywebmkt.com.ar\/cotone\/productos\/replica-pelota-qatar-2022-adidas\/","og_site_name":"Viacotone Argentina","article_modified_time":"2024-04-18T19:07:29+00:00","og_image":[{"width":1200,"height":1200,"url":"https:\/\/easywebmkt.com.ar\/cotone\/wp-content\/uploads\/2022\/06\/replica-pelota-persentacion-caja.jpg","type":"image\/jpeg"}],"twitter_card":"summary_large_image","schema":{"@context":"https:\/\/schema.org","@graph":[{"@type":"WebPage","@id":"https:\/\/easywebmkt.com.ar\/cotone\/productos\/replica-pelota-qatar-2022-adidas\/","url":"https:\/\/easywebmkt.com.ar\/cotone\/productos\/replica-pelota-qatar-2022-adidas\/","name":"REPLICA PELOTA QATAR 2022 ADIDAS - Viacotone Argentina","isPartOf":{"@id":"https:\/\/easywebmkt.com.ar\/cotone\/#website"},"primaryImageOfPage":{"@id":"https:\/\/easywebmkt.com.ar\/cotone\/productos\/replica-pelota-qatar-2022-adidas\/#primaryimage"},"image":{"@id":"https:\/\/easywebmkt.com.ar\/cotone\/productos\/replica-pelota-qatar-2022-adidas\/#primaryimage"},"thumbnailUrl":"https:\/\/easywebmkt.com.ar\/cotone\/wp-content\/uploads\/2022\/06\/replica-pelota-persentacion-caja.jpg","datePublished":"2022-06-27T12:32:29+00:00","dateModified":"2024-04-18T19:07:29+00:00","breadcrumb":{"@id":"https:\/\/easywebmkt.com.ar\/cotone\/productos\/replica-pelota-qatar-2022-adidas\/#breadcrumb"},"inLanguage":"es-AR","potentialAction":[{"@type":"ReadAction","target":["https:\/\/easywebmkt.com.ar\/cotone\/productos\/replica-pelota-qatar-2022-adidas\/"]}]},{"@type":"ImageObject","inLanguage":"es-AR","@id":"https:\/\/easywebmkt.com.ar\/cotone\/productos\/replica-pelota-qatar-2022-adidas\/#primaryimage","url":"https:\/\/easywebmkt.com.ar\/cotone\/wp-content\/uploads\/2022\/06\/replica-pelota-persentacion-caja.jpg","contentUrl":"https:\/\/easywebmkt.com.ar\/cotone\/wp-content\/uploads\/2022\/06\/replica-pelota-persentacion-caja.jpg","width":1200,"height":1200},{"@type":"BreadcrumbList","@id":"https:\/\/easywebmkt.com.ar\/cotone\/productos\/replica-pelota-qatar-2022-adidas\/#breadcrumb","itemListElement":[{"@type":"ListItem","position":1,"name":"Inicio","item":"https:\/\/easywebmkt.com.ar\/cotone\/"},{"@type":"ListItem","position":2,"name":"Productos","item":"https:\/\/easywebmkt.com.ar\/cotone\/productos\/"},{"@type":"ListItem","position":3,"name":"REPLICA PELOTA QATAR 2022 ADIDAS"}]},{"@type":"WebSite","@id":"https:\/\/easywebmkt.com.ar\/cotone\/#website","url":"https:\/\/easywebmkt.com.ar\/cotone\/","name":"Viacotone Argentina","description":"Merchandising Partners","potentialAction":[{"@type":"SearchAction","target":{"@type":"EntryPoint","urlTemplate":"https:\/\/easywebmkt.com.ar\/cotone\/?s={search_term_string}"},"query-input":{"@type":"PropertyValueSpecification","valueRequired":true,"valueName":"search_term_string"}}],"inLanguage":"es-AR"}]}},"_links":{"self":[{"href":"https:\/\/easywebmkt.com.ar\/cotone\/wp-json\/wp\/v2\/product\/18242","targetHints":{"allow":["GET"]}}],"collection":[{"href":"https:\/\/easywebmkt.com.ar\/cotone\/wp-json\/wp\/v2\/product"}],"about":[{"href":"https:\/\/easywebmkt.com.ar\/cotone\/wp-json\/wp\/v2\/types\/product"}],"replies":[{"embeddable":true,"href":"https:\/\/easywebmkt.com.ar\/cotone\/wp-json\/wp\/v2\/comments?post=18242"}],"wp:featuredmedia":[{"embeddable":true,"href":"https:\/\/easywebmkt.com.ar\/cotone\/wp-json\/wp\/v2\/media\/18243"}],"wp:attachment":[{"href":"https:\/\/easywebmkt.com.ar\/cotone\/wp-json\/wp\/v2\/media?parent=18242"}],"wp:term":[{"taxonomy":"product_brand","embeddable":true,"href":"https:\/\/easywebmkt.com.ar\/cotone\/wp-json\/wp\/v2\/product_brand?post=18242"},{"taxonomy":"product_cat","embeddable":true,"href":"https:\/\/easywebmkt.com.ar\/cotone\/wp-json\/wp\/v2\/product_cat?post=18242"},{"taxonomy":"product_tag","embeddable":true,"href":"https:\/\/easywebmkt.com.ar\/cotone\/wp-json\/wp\/v2\/product_tag?post=18242"}],"curies":[{"name":"wp","href":"https:\/\/api.w.org\/{rel}","templated":true}]}}