{"id":18300,"date":"2022-06-30T12:57:29","date_gmt":"2022-06-30T15:57:29","guid":{"rendered":"https:\/\/easywebmkt.com.ar\/cotone\/?post_type=product&#038;p=18300"},"modified":"2022-06-30T12:57:32","modified_gmt":"2022-06-30T15:57:32","slug":"te-conozco","status":"publish","type":"product","link":"https:\/\/easywebmkt.com.ar\/cotone\/productos\/te-conozco\/","title":{"rendered":"\u00bfTe Conozco?"},"content":{"rendered":"","protected":false},"excerpt":{"rendered":"<p>\u00bfTe Conozco?<\/p>\n<p>\u00bfSer\u00edas capaz de imitar una gallina \u201cponedora\u201d s\u00f3lo para avanzar algunas casillas? Si fueras un \u00e1rbol, \u00bfqu\u00e9 \u00e1rbol ser\u00edas?. Si fueras invisible\u2026 \u00bfqu\u00e9 har\u00edas? \u201cTe conozco?\u201d es una forma divertida de conocer nuestros verdaderos colores.<\/p>\n<p>\u00a1Una divertida forma de conocernos!<\/p>\n<p>Tiempo de aprendizaje: 5 minutos.<br \/>\nTiempo de juego: 45 a 80 minutos.<\/p>\n<h5 class=\"text-uppercase\"><strong>CONTENIDO<\/strong><\/h5>\n<p>270 tarjetas con 900 situaciones y fichas, 25 \u201cvotos\u201d e instrucciones.<\/p>\n","protected":false},"featured_media":18301,"comment_status":"closed","ping_status":"closed","template":"","meta":[],"product_brand":[],"product_cat":[688],"product_tag":[736],"class_list":{"0":"post-18300","1":"product","2":"type-product","3":"status-publish","4":"has-post-thumbnail","6":"product_cat-dia-del-nino","7":"product_tag-juego","9":"first","10":"instock","11":"shipping-taxable","12":"purchasable","13":"product-type-simple"},"yoast_head":"<!-- This site is optimized with the Yoast SEO plugin v23.4 - https:\/\/yoast.com\/wordpress\/plugins\/seo\/ -->\n<title>\u00bfTe Conozco? - Viacotone Argentina<\/title>\n<meta name=\"robots\" content=\"index, follow, max-snippet:-1, max-image-preview:large, max-video-preview:-1\" \/>\n<link rel=\"canonical\" href=\"https:\/\/easywebmkt.com.ar\/cotone\/productos\/te-conozco\/\" \/>\n<meta property=\"og:locale\" content=\"es_ES\" \/>\n<meta property=\"og:type\" content=\"article\" \/>\n<meta property=\"og:title\" content=\"\u00bfTe Conozco? - Viacotone Argentina\" \/>\n<meta property=\"og:description\" content=\"\u00bfTe Conozco?  \u00bfSer\u00edas capaz de imitar una gallina \u201cponedora\u201d s\u00f3lo para avanzar algunas casillas? Si fueras un \u00e1rbol, \u00bfqu\u00e9 \u00e1rbol ser\u00edas?. Si fueras invisible\u2026 \u00bfqu\u00e9 har\u00edas? \u201cTe conozco?\u201d es una forma divertida de conocer nuestros verdaderos colores.  \u00a1Una divertida forma de conocernos!  Tiempo de aprendizaje: 5 minutos. Tiempo de juego: 45 a 80 minutos. CONTENIDO 270 tarjetas con 900 situaciones y fichas, 25 \u201cvotos\u201d e instrucciones.\" \/>\n<meta property=\"og:url\" content=\"https:\/\/easywebmkt.com.ar\/cotone\/productos\/te-conozco\/\" \/>\n<meta property=\"og:site_name\" content=\"Viacotone Argentina\" \/>\n<meta property=\"article:modified_time\" content=\"2022-06-30T15:57:32+00:00\" \/>\n<meta property=\"og:image\" content=\"https:\/\/easywebmkt.com.ar\/cotone\/wp-content\/uploads\/2022\/06\/te-conozco.jpg\" \/>\n\t<meta property=\"og:image:width\" content=\"800\" \/>\n\t<meta property=\"og:image:height\" content=\"800\" \/>\n\t<meta property=\"og:image:type\" content=\"image\/jpeg\" \/>\n<meta name=\"twitter:card\" content=\"summary_large_image\" \/>\n<script type=\"application\/ld+json\" class=\"yoast-schema-graph\">{\"@context\":\"https:\/\/schema.org\",\"@graph\":[{\"@type\":\"WebPage\",\"@id\":\"https:\/\/easywebmkt.com.ar\/cotone\/productos\/te-conozco\/\",\"url\":\"https:\/\/easywebmkt.com.ar\/cotone\/productos\/te-conozco\/\",\"name\":\"\u00bfTe Conozco? - Viacotone Argentina\",\"isPartOf\":{\"@id\":\"https:\/\/easywebmkt.com.ar\/cotone\/#website\"},\"primaryImageOfPage\":{\"@id\":\"https:\/\/easywebmkt.com.ar\/cotone\/productos\/te-conozco\/#primaryimage\"},\"image\":{\"@id\":\"https:\/\/easywebmkt.com.ar\/cotone\/productos\/te-conozco\/#primaryimage\"},\"thumbnailUrl\":\"https:\/\/easywebmkt.com.ar\/cotone\/wp-content\/uploads\/2022\/06\/te-conozco.jpg\",\"datePublished\":\"2022-06-30T15:57:29+00:00\",\"dateModified\":\"2022-06-30T15:57:32+00:00\",\"breadcrumb\":{\"@id\":\"https:\/\/easywebmkt.com.ar\/cotone\/productos\/te-conozco\/#breadcrumb\"},\"inLanguage\":\"es-AR\",\"potentialAction\":[{\"@type\":\"ReadAction\",\"target\":[\"https:\/\/easywebmkt.com.ar\/cotone\/productos\/te-conozco\/\"]}]},{\"@type\":\"ImageObject\",\"inLanguage\":\"es-AR\",\"@id\":\"https:\/\/easywebmkt.com.ar\/cotone\/productos\/te-conozco\/#primaryimage\",\"url\":\"https:\/\/easywebmkt.com.ar\/cotone\/wp-content\/uploads\/2022\/06\/te-conozco.jpg\",\"contentUrl\":\"https:\/\/easywebmkt.com.ar\/cotone\/wp-content\/uploads\/2022\/06\/te-conozco.jpg\",\"width\":800,\"height\":800},{\"@type\":\"BreadcrumbList\",\"@id\":\"https:\/\/easywebmkt.com.ar\/cotone\/productos\/te-conozco\/#breadcrumb\",\"itemListElement\":[{\"@type\":\"ListItem\",\"position\":1,\"name\":\"Inicio\",\"item\":\"https:\/\/easywebmkt.com.ar\/cotone\/\"},{\"@type\":\"ListItem\",\"position\":2,\"name\":\"Productos\",\"item\":\"https:\/\/easywebmkt.com.ar\/cotone\/productos\/\"},{\"@type\":\"ListItem\",\"position\":3,\"name\":\"\u00bfTe Conozco?\"}]},{\"@type\":\"WebSite\",\"@id\":\"https:\/\/easywebmkt.com.ar\/cotone\/#website\",\"url\":\"https:\/\/easywebmkt.com.ar\/cotone\/\",\"name\":\"Viacotone Argentina\",\"description\":\"Merchandising Partners\",\"potentialAction\":[{\"@type\":\"SearchAction\",\"target\":{\"@type\":\"EntryPoint\",\"urlTemplate\":\"https:\/\/easywebmkt.com.ar\/cotone\/?s={search_term_string}\"},\"query-input\":{\"@type\":\"PropertyValueSpecification\",\"valueRequired\":true,\"valueName\":\"search_term_string\"}}],\"inLanguage\":\"es-AR\"}]}<\/script>\n<!-- \/ Yoast SEO plugin. -->","yoast_head_json":{"title":"\u00bfTe Conozco? - Viacotone Argentina","robots":{"index":"index","follow":"follow","max-snippet":"max-snippet:-1","max-image-preview":"max-image-preview:large","max-video-preview":"max-video-preview:-1"},"canonical":"https:\/\/easywebmkt.com.ar\/cotone\/productos\/te-conozco\/","og_locale":"es_ES","og_type":"article","og_title":"\u00bfTe Conozco? - Viacotone Argentina","og_description":"\u00bfTe Conozco?  \u00bfSer\u00edas capaz de imitar una gallina \u201cponedora\u201d s\u00f3lo para avanzar algunas casillas? Si fueras un \u00e1rbol, \u00bfqu\u00e9 \u00e1rbol ser\u00edas?. Si fueras invisible\u2026 \u00bfqu\u00e9 har\u00edas? \u201cTe conozco?\u201d es una forma divertida de conocer nuestros verdaderos colores.  \u00a1Una divertida forma de conocernos!  Tiempo de aprendizaje: 5 minutos. Tiempo de juego: 45 a 80 minutos. CONTENIDO 270 tarjetas con 900 situaciones y fichas, 25 \u201cvotos\u201d e instrucciones.","og_url":"https:\/\/easywebmkt.com.ar\/cotone\/productos\/te-conozco\/","og_site_name":"Viacotone Argentina","article_modified_time":"2022-06-30T15:57:32+00:00","og_image":[{"width":800,"height":800,"url":"https:\/\/easywebmkt.com.ar\/cotone\/wp-content\/uploads\/2022\/06\/te-conozco.jpg","type":"image\/jpeg"}],"twitter_card":"summary_large_image","schema":{"@context":"https:\/\/schema.org","@graph":[{"@type":"WebPage","@id":"https:\/\/easywebmkt.com.ar\/cotone\/productos\/te-conozco\/","url":"https:\/\/easywebmkt.com.ar\/cotone\/productos\/te-conozco\/","name":"\u00bfTe Conozco? - Viacotone Argentina","isPartOf":{"@id":"https:\/\/easywebmkt.com.ar\/cotone\/#website"},"primaryImageOfPage":{"@id":"https:\/\/easywebmkt.com.ar\/cotone\/productos\/te-conozco\/#primaryimage"},"image":{"@id":"https:\/\/easywebmkt.com.ar\/cotone\/productos\/te-conozco\/#primaryimage"},"thumbnailUrl":"https:\/\/easywebmkt.com.ar\/cotone\/wp-content\/uploads\/2022\/06\/te-conozco.jpg","datePublished":"2022-06-30T15:57:29+00:00","dateModified":"2022-06-30T15:57:32+00:00","breadcrumb":{"@id":"https:\/\/easywebmkt.com.ar\/cotone\/productos\/te-conozco\/#breadcrumb"},"inLanguage":"es-AR","potentialAction":[{"@type":"ReadAction","target":["https:\/\/easywebmkt.com.ar\/cotone\/productos\/te-conozco\/"]}]},{"@type":"ImageObject","inLanguage":"es-AR","@id":"https:\/\/easywebmkt.com.ar\/cotone\/productos\/te-conozco\/#primaryimage","url":"https:\/\/easywebmkt.com.ar\/cotone\/wp-content\/uploads\/2022\/06\/te-conozco.jpg","contentUrl":"https:\/\/easywebmkt.com.ar\/cotone\/wp-content\/uploads\/2022\/06\/te-conozco.jpg","width":800,"height":800},{"@type":"BreadcrumbList","@id":"https:\/\/easywebmkt.com.ar\/cotone\/productos\/te-conozco\/#breadcrumb","itemListElement":[{"@type":"ListItem","position":1,"name":"Inicio","item":"https:\/\/easywebmkt.com.ar\/cotone\/"},{"@type":"ListItem","position":2,"name":"Productos","item":"https:\/\/easywebmkt.com.ar\/cotone\/productos\/"},{"@type":"ListItem","position":3,"name":"\u00bfTe Conozco?"}]},{"@type":"WebSite","@id":"https:\/\/easywebmkt.com.ar\/cotone\/#website","url":"https:\/\/easywebmkt.com.ar\/cotone\/","name":"Viacotone Argentina","description":"Merchandising Partners","potentialAction":[{"@type":"SearchAction","target":{"@type":"EntryPoint","urlTemplate":"https:\/\/easywebmkt.com.ar\/cotone\/?s={search_term_string}"},"query-input":{"@type":"PropertyValueSpecification","valueRequired":true,"valueName":"search_term_string"}}],"inLanguage":"es-AR"}]}},"_links":{"self":[{"href":"https:\/\/easywebmkt.com.ar\/cotone\/wp-json\/wp\/v2\/product\/18300","targetHints":{"allow":["GET"]}}],"collection":[{"href":"https:\/\/easywebmkt.com.ar\/cotone\/wp-json\/wp\/v2\/product"}],"about":[{"href":"https:\/\/easywebmkt.com.ar\/cotone\/wp-json\/wp\/v2\/types\/product"}],"replies":[{"embeddable":true,"href":"https:\/\/easywebmkt.com.ar\/cotone\/wp-json\/wp\/v2\/comments?post=18300"}],"wp:featuredmedia":[{"embeddable":true,"href":"https:\/\/easywebmkt.com.ar\/cotone\/wp-json\/wp\/v2\/media\/18301"}],"wp:attachment":[{"href":"https:\/\/easywebmkt.com.ar\/cotone\/wp-json\/wp\/v2\/media?parent=18300"}],"wp:term":[{"taxonomy":"product_brand","embeddable":true,"href":"https:\/\/easywebmkt.com.ar\/cotone\/wp-json\/wp\/v2\/product_brand?post=18300"},{"taxonomy":"product_cat","embeddable":true,"href":"https:\/\/easywebmkt.com.ar\/cotone\/wp-json\/wp\/v2\/product_cat?post=18300"},{"taxonomy":"product_tag","embeddable":true,"href":"https:\/\/easywebmkt.com.ar\/cotone\/wp-json\/wp\/v2\/product_tag?post=18300"}],"curies":[{"name":"wp","href":"https:\/\/api.w.org\/{rel}","templated":true}]}}