{"id":18466,"date":"2022-07-13T10:11:24","date_gmt":"2022-07-13T13:11:24","guid":{"rendered":"https:\/\/easywebmkt.com.ar\/cotone\/?post_type=product&#038;p=18466"},"modified":"2022-07-13T10:11:26","modified_gmt":"2022-07-13T13:11:26","slug":"dr-eureka","status":"publish","type":"product","link":"https:\/\/easywebmkt.com.ar\/cotone\/productos\/dr-eureka\/","title":{"rendered":"Dr. Eureka"},"content":{"rendered":"","protected":false},"excerpt":{"rendered":"<header>\n<h1 class=\"title single-title\">Dr. Eureka<\/h1>\n<\/header>\n<div class=\"post-single-content box mark-links\">\n<p>En Dr. Eureka, cada jugador es un cient\u00edfico que deber\u00e1 poner a prueba sus destrezas en busca de la f\u00f3rmula secreta. Para ello deber\u00e1 manipular las mol\u00e9culas a trav\u00e9s de los tubos de ensayo y conseguir la dosis justa de rapidez y concentraci\u00f3n.<\/p>\n<div class=\"ficha\">\n<div class=\"f-1\">JUGADORES: 2 a 4<\/div>\n<\/div>\n<div class=\"ficha\">\n<div class=\"f-1\">EDAD: + 6<\/div>\n<\/div>\n<div class=\"ficha\">\n<div class=\"f-1\">MEDIDAS: 265 x 265 x 50 mm.<\/div>\n<\/div>\n<div class=\"ficha\">\n<div class=\"f-1\">CONTENIDO: 12 tubos de ensayo, 24 bolas de colores, 54 tarjetas, 1 reglamento.<\/div>\n<\/div>\n<\/div>\n","protected":false},"featured_media":18467,"comment_status":"closed","ping_status":"closed","template":"","meta":[],"product_brand":[],"product_cat":[688],"product_tag":[736],"class_list":{"0":"post-18466","1":"product","2":"type-product","3":"status-publish","4":"has-post-thumbnail","6":"product_cat-dia-del-nino","7":"product_tag-juego","9":"first","10":"instock","11":"shipping-taxable","12":"purchasable","13":"product-type-simple"},"yoast_head":"<!-- This site is optimized with the Yoast SEO plugin v23.4 - https:\/\/yoast.com\/wordpress\/plugins\/seo\/ -->\n<title>Dr. Eureka - Viacotone Argentina<\/title>\n<meta name=\"robots\" content=\"index, follow, max-snippet:-1, max-image-preview:large, max-video-preview:-1\" \/>\n<link rel=\"canonical\" href=\"https:\/\/easywebmkt.com.ar\/cotone\/productos\/dr-eureka\/\" \/>\n<meta property=\"og:locale\" content=\"es_ES\" \/>\n<meta property=\"og:type\" content=\"article\" \/>\n<meta property=\"og:title\" content=\"Dr. Eureka - Viacotone Argentina\" \/>\n<meta property=\"og:description\" content=\"Dr. Eureka    En Dr. Eureka, cada jugador es un cient\u00edfico que deber\u00e1 poner a prueba sus destrezas en busca de la f\u00f3rmula secreta. Para ello deber\u00e1 manipular las mol\u00e9culas a trav\u00e9s de los tubos de ensayo y conseguir la dosis justa de rapidez y concentraci\u00f3n.  JUGADORES: 2 a 4   EDAD: + 6   MEDIDAS: 265 x 265 x 50 mm.   CONTENIDO: 12 tubos de ensayo, 24 bolas de colores, 54 tarjetas, 1 reglamento.\" \/>\n<meta property=\"og:url\" content=\"https:\/\/easywebmkt.com.ar\/cotone\/productos\/dr-eureka\/\" \/>\n<meta property=\"og:site_name\" content=\"Viacotone Argentina\" \/>\n<meta property=\"article:modified_time\" content=\"2022-07-13T13:11:26+00:00\" \/>\n<meta property=\"og:image\" content=\"https:\/\/easywebmkt.com.ar\/cotone\/wp-content\/uploads\/2022\/07\/dr_eurek1-002.jpg\" \/>\n\t<meta property=\"og:image:width\" content=\"650\" \/>\n\t<meta property=\"og:image:height\" content=\"650\" \/>\n\t<meta property=\"og:image:type\" content=\"image\/jpeg\" \/>\n<meta name=\"twitter:card\" content=\"summary_large_image\" \/>\n<script type=\"application\/ld+json\" class=\"yoast-schema-graph\">{\"@context\":\"https:\/\/schema.org\",\"@graph\":[{\"@type\":\"WebPage\",\"@id\":\"https:\/\/easywebmkt.com.ar\/cotone\/productos\/dr-eureka\/\",\"url\":\"https:\/\/easywebmkt.com.ar\/cotone\/productos\/dr-eureka\/\",\"name\":\"Dr. Eureka - Viacotone Argentina\",\"isPartOf\":{\"@id\":\"https:\/\/easywebmkt.com.ar\/cotone\/#website\"},\"primaryImageOfPage\":{\"@id\":\"https:\/\/easywebmkt.com.ar\/cotone\/productos\/dr-eureka\/#primaryimage\"},\"image\":{\"@id\":\"https:\/\/easywebmkt.com.ar\/cotone\/productos\/dr-eureka\/#primaryimage\"},\"thumbnailUrl\":\"https:\/\/easywebmkt.com.ar\/cotone\/wp-content\/uploads\/2022\/07\/dr_eurek1-002.jpg\",\"datePublished\":\"2022-07-13T13:11:24+00:00\",\"dateModified\":\"2022-07-13T13:11:26+00:00\",\"breadcrumb\":{\"@id\":\"https:\/\/easywebmkt.com.ar\/cotone\/productos\/dr-eureka\/#breadcrumb\"},\"inLanguage\":\"es-AR\",\"potentialAction\":[{\"@type\":\"ReadAction\",\"target\":[\"https:\/\/easywebmkt.com.ar\/cotone\/productos\/dr-eureka\/\"]}]},{\"@type\":\"ImageObject\",\"inLanguage\":\"es-AR\",\"@id\":\"https:\/\/easywebmkt.com.ar\/cotone\/productos\/dr-eureka\/#primaryimage\",\"url\":\"https:\/\/easywebmkt.com.ar\/cotone\/wp-content\/uploads\/2022\/07\/dr_eurek1-002.jpg\",\"contentUrl\":\"https:\/\/easywebmkt.com.ar\/cotone\/wp-content\/uploads\/2022\/07\/dr_eurek1-002.jpg\",\"width\":650,\"height\":650},{\"@type\":\"BreadcrumbList\",\"@id\":\"https:\/\/easywebmkt.com.ar\/cotone\/productos\/dr-eureka\/#breadcrumb\",\"itemListElement\":[{\"@type\":\"ListItem\",\"position\":1,\"name\":\"Inicio\",\"item\":\"https:\/\/easywebmkt.com.ar\/cotone\/\"},{\"@type\":\"ListItem\",\"position\":2,\"name\":\"Productos\",\"item\":\"https:\/\/easywebmkt.com.ar\/cotone\/productos\/\"},{\"@type\":\"ListItem\",\"position\":3,\"name\":\"Dr. Eureka\"}]},{\"@type\":\"WebSite\",\"@id\":\"https:\/\/easywebmkt.com.ar\/cotone\/#website\",\"url\":\"https:\/\/easywebmkt.com.ar\/cotone\/\",\"name\":\"Viacotone Argentina\",\"description\":\"Merchandising Partners\",\"potentialAction\":[{\"@type\":\"SearchAction\",\"target\":{\"@type\":\"EntryPoint\",\"urlTemplate\":\"https:\/\/easywebmkt.com.ar\/cotone\/?s={search_term_string}\"},\"query-input\":{\"@type\":\"PropertyValueSpecification\",\"valueRequired\":true,\"valueName\":\"search_term_string\"}}],\"inLanguage\":\"es-AR\"}]}<\/script>\n<!-- \/ Yoast SEO plugin. -->","yoast_head_json":{"title":"Dr. Eureka - Viacotone Argentina","robots":{"index":"index","follow":"follow","max-snippet":"max-snippet:-1","max-image-preview":"max-image-preview:large","max-video-preview":"max-video-preview:-1"},"canonical":"https:\/\/easywebmkt.com.ar\/cotone\/productos\/dr-eureka\/","og_locale":"es_ES","og_type":"article","og_title":"Dr. Eureka - Viacotone Argentina","og_description":"Dr. Eureka    En Dr. Eureka, cada jugador es un cient\u00edfico que deber\u00e1 poner a prueba sus destrezas en busca de la f\u00f3rmula secreta. Para ello deber\u00e1 manipular las mol\u00e9culas a trav\u00e9s de los tubos de ensayo y conseguir la dosis justa de rapidez y concentraci\u00f3n.  JUGADORES: 2 a 4   EDAD: + 6   MEDIDAS: 265 x 265 x 50 mm.   CONTENIDO: 12 tubos de ensayo, 24 bolas de colores, 54 tarjetas, 1 reglamento.","og_url":"https:\/\/easywebmkt.com.ar\/cotone\/productos\/dr-eureka\/","og_site_name":"Viacotone Argentina","article_modified_time":"2022-07-13T13:11:26+00:00","og_image":[{"width":650,"height":650,"url":"https:\/\/easywebmkt.com.ar\/cotone\/wp-content\/uploads\/2022\/07\/dr_eurek1-002.jpg","type":"image\/jpeg"}],"twitter_card":"summary_large_image","schema":{"@context":"https:\/\/schema.org","@graph":[{"@type":"WebPage","@id":"https:\/\/easywebmkt.com.ar\/cotone\/productos\/dr-eureka\/","url":"https:\/\/easywebmkt.com.ar\/cotone\/productos\/dr-eureka\/","name":"Dr. Eureka - Viacotone Argentina","isPartOf":{"@id":"https:\/\/easywebmkt.com.ar\/cotone\/#website"},"primaryImageOfPage":{"@id":"https:\/\/easywebmkt.com.ar\/cotone\/productos\/dr-eureka\/#primaryimage"},"image":{"@id":"https:\/\/easywebmkt.com.ar\/cotone\/productos\/dr-eureka\/#primaryimage"},"thumbnailUrl":"https:\/\/easywebmkt.com.ar\/cotone\/wp-content\/uploads\/2022\/07\/dr_eurek1-002.jpg","datePublished":"2022-07-13T13:11:24+00:00","dateModified":"2022-07-13T13:11:26+00:00","breadcrumb":{"@id":"https:\/\/easywebmkt.com.ar\/cotone\/productos\/dr-eureka\/#breadcrumb"},"inLanguage":"es-AR","potentialAction":[{"@type":"ReadAction","target":["https:\/\/easywebmkt.com.ar\/cotone\/productos\/dr-eureka\/"]}]},{"@type":"ImageObject","inLanguage":"es-AR","@id":"https:\/\/easywebmkt.com.ar\/cotone\/productos\/dr-eureka\/#primaryimage","url":"https:\/\/easywebmkt.com.ar\/cotone\/wp-content\/uploads\/2022\/07\/dr_eurek1-002.jpg","contentUrl":"https:\/\/easywebmkt.com.ar\/cotone\/wp-content\/uploads\/2022\/07\/dr_eurek1-002.jpg","width":650,"height":650},{"@type":"BreadcrumbList","@id":"https:\/\/easywebmkt.com.ar\/cotone\/productos\/dr-eureka\/#breadcrumb","itemListElement":[{"@type":"ListItem","position":1,"name":"Inicio","item":"https:\/\/easywebmkt.com.ar\/cotone\/"},{"@type":"ListItem","position":2,"name":"Productos","item":"https:\/\/easywebmkt.com.ar\/cotone\/productos\/"},{"@type":"ListItem","position":3,"name":"Dr. Eureka"}]},{"@type":"WebSite","@id":"https:\/\/easywebmkt.com.ar\/cotone\/#website","url":"https:\/\/easywebmkt.com.ar\/cotone\/","name":"Viacotone Argentina","description":"Merchandising Partners","potentialAction":[{"@type":"SearchAction","target":{"@type":"EntryPoint","urlTemplate":"https:\/\/easywebmkt.com.ar\/cotone\/?s={search_term_string}"},"query-input":{"@type":"PropertyValueSpecification","valueRequired":true,"valueName":"search_term_string"}}],"inLanguage":"es-AR"}]}},"_links":{"self":[{"href":"https:\/\/easywebmkt.com.ar\/cotone\/wp-json\/wp\/v2\/product\/18466","targetHints":{"allow":["GET"]}}],"collection":[{"href":"https:\/\/easywebmkt.com.ar\/cotone\/wp-json\/wp\/v2\/product"}],"about":[{"href":"https:\/\/easywebmkt.com.ar\/cotone\/wp-json\/wp\/v2\/types\/product"}],"replies":[{"embeddable":true,"href":"https:\/\/easywebmkt.com.ar\/cotone\/wp-json\/wp\/v2\/comments?post=18466"}],"wp:featuredmedia":[{"embeddable":true,"href":"https:\/\/easywebmkt.com.ar\/cotone\/wp-json\/wp\/v2\/media\/18467"}],"wp:attachment":[{"href":"https:\/\/easywebmkt.com.ar\/cotone\/wp-json\/wp\/v2\/media?parent=18466"}],"wp:term":[{"taxonomy":"product_brand","embeddable":true,"href":"https:\/\/easywebmkt.com.ar\/cotone\/wp-json\/wp\/v2\/product_brand?post=18466"},{"taxonomy":"product_cat","embeddable":true,"href":"https:\/\/easywebmkt.com.ar\/cotone\/wp-json\/wp\/v2\/product_cat?post=18466"},{"taxonomy":"product_tag","embeddable":true,"href":"https:\/\/easywebmkt.com.ar\/cotone\/wp-json\/wp\/v2\/product_tag?post=18466"}],"curies":[{"name":"wp","href":"https:\/\/api.w.org\/{rel}","templated":true}]}}