{"id":18669,"date":"2022-08-04T09:58:03","date_gmt":"2022-08-04T12:58:03","guid":{"rendered":"https:\/\/easywebmkt.com.ar\/cotone\/?post_type=product&#038;p=18669"},"modified":"2024-10-29T15:42:40","modified_gmt":"2024-10-29T18:42:40","slug":"set-jabon-liquido-aromatizante-bolsita-lienzo","status":"publish","type":"product","link":"https:\/\/easywebmkt.com.ar\/cotone\/productos\/set-jabon-liquido-aromatizante-bolsita-lienzo\/","title":{"rendered":"SET JAB\u00d3N L\u00cdQUIDO + AROMATIZANTE + BOLSITA LIENZO"},"content":{"rendered":"","protected":false},"excerpt":{"rendered":"<p><b>INCREIBLE SET DE BA\u00d1O X2!<\/b><br \/>\n<b>AROMATIZANTE DE AMBIENTE + JAB\u00d3N L\u00cdQUIDO<\/b><\/p>\n<p>Ideal para llevar de viaje y a todos lados con su bolsita de lienzo estampada..<br \/>\nContenido: 350 ml.<\/p>\n","protected":false},"featured_media":18658,"comment_status":"closed","ping_status":"closed","template":"","meta":[],"product_brand":[],"product_cat":[681,560],"product_tag":[257],"class_list":{"0":"post-18669","1":"product","2":"type-product","3":"status-publish","4":"has-post-thumbnail","6":"product_cat-dia-de-la-madre","7":"product_cat-dia-de-la-mujer","8":"product_tag-kit","10":"first","11":"instock","12":"shipping-taxable","13":"purchasable","14":"product-type-simple"},"yoast_head":"<!-- This site is optimized with the Yoast SEO plugin v23.4 - https:\/\/yoast.com\/wordpress\/plugins\/seo\/ -->\n<title>SET JAB\u00d3N L\u00cdQUIDO + AROMATIZANTE + BOLSITA LIENZO - Viacotone Argentina<\/title>\n<meta name=\"robots\" content=\"index, follow, max-snippet:-1, max-image-preview:large, max-video-preview:-1\" \/>\n<link rel=\"canonical\" href=\"https:\/\/easywebmkt.com.ar\/cotone\/productos\/set-jabon-liquido-aromatizante-bolsita-lienzo\/\" \/>\n<meta property=\"og:locale\" content=\"es_ES\" \/>\n<meta property=\"og:type\" content=\"article\" \/>\n<meta property=\"og:title\" content=\"SET JAB\u00d3N L\u00cdQUIDO + AROMATIZANTE + BOLSITA LIENZO - Viacotone Argentina\" \/>\n<meta property=\"og:description\" content=\"INCREIBLE SET DE BA\u00d1O X2! AROMATIZANTE DE AMBIENTE + JAB\u00d3N L\u00cdQUIDO  Ideal para llevar de viaje y a todos lados con su bolsita de lienzo estampada.. Contenido: 350 ml.\" \/>\n<meta property=\"og:url\" content=\"https:\/\/easywebmkt.com.ar\/cotone\/productos\/set-jabon-liquido-aromatizante-bolsita-lienzo\/\" \/>\n<meta property=\"og:site_name\" content=\"Viacotone Argentina\" \/>\n<meta property=\"article:modified_time\" content=\"2024-10-29T18:42:40+00:00\" \/>\n<meta property=\"og:image\" content=\"https:\/\/easywebmkt.com.ar\/cotone\/wp-content\/uploads\/2022\/08\/IMG_9828-RELAJACION-002.jpg\" \/>\n\t<meta property=\"og:image:width\" content=\"1500\" \/>\n\t<meta property=\"og:image:height\" content=\"1500\" \/>\n\t<meta property=\"og:image:type\" content=\"image\/jpeg\" \/>\n<meta name=\"twitter:card\" content=\"summary_large_image\" \/>\n<script type=\"application\/ld+json\" class=\"yoast-schema-graph\">{\"@context\":\"https:\/\/schema.org\",\"@graph\":[{\"@type\":\"WebPage\",\"@id\":\"https:\/\/easywebmkt.com.ar\/cotone\/productos\/set-jabon-liquido-aromatizante-bolsita-lienzo\/\",\"url\":\"https:\/\/easywebmkt.com.ar\/cotone\/productos\/set-jabon-liquido-aromatizante-bolsita-lienzo\/\",\"name\":\"SET JAB\u00d3N L\u00cdQUIDO + AROMATIZANTE + BOLSITA LIENZO - Viacotone Argentina\",\"isPartOf\":{\"@id\":\"https:\/\/easywebmkt.com.ar\/cotone\/#website\"},\"primaryImageOfPage\":{\"@id\":\"https:\/\/easywebmkt.com.ar\/cotone\/productos\/set-jabon-liquido-aromatizante-bolsita-lienzo\/#primaryimage\"},\"image\":{\"@id\":\"https:\/\/easywebmkt.com.ar\/cotone\/productos\/set-jabon-liquido-aromatizante-bolsita-lienzo\/#primaryimage\"},\"thumbnailUrl\":\"https:\/\/easywebmkt.com.ar\/cotone\/wp-content\/uploads\/2022\/08\/IMG_9828-RELAJACION-002.jpg\",\"datePublished\":\"2022-08-04T12:58:03+00:00\",\"dateModified\":\"2024-10-29T18:42:40+00:00\",\"breadcrumb\":{\"@id\":\"https:\/\/easywebmkt.com.ar\/cotone\/productos\/set-jabon-liquido-aromatizante-bolsita-lienzo\/#breadcrumb\"},\"inLanguage\":\"es-AR\",\"potentialAction\":[{\"@type\":\"ReadAction\",\"target\":[\"https:\/\/easywebmkt.com.ar\/cotone\/productos\/set-jabon-liquido-aromatizante-bolsita-lienzo\/\"]}]},{\"@type\":\"ImageObject\",\"inLanguage\":\"es-AR\",\"@id\":\"https:\/\/easywebmkt.com.ar\/cotone\/productos\/set-jabon-liquido-aromatizante-bolsita-lienzo\/#primaryimage\",\"url\":\"https:\/\/easywebmkt.com.ar\/cotone\/wp-content\/uploads\/2022\/08\/IMG_9828-RELAJACION-002.jpg\",\"contentUrl\":\"https:\/\/easywebmkt.com.ar\/cotone\/wp-content\/uploads\/2022\/08\/IMG_9828-RELAJACION-002.jpg\",\"width\":1500,\"height\":1500},{\"@type\":\"BreadcrumbList\",\"@id\":\"https:\/\/easywebmkt.com.ar\/cotone\/productos\/set-jabon-liquido-aromatizante-bolsita-lienzo\/#breadcrumb\",\"itemListElement\":[{\"@type\":\"ListItem\",\"position\":1,\"name\":\"Inicio\",\"item\":\"https:\/\/easywebmkt.com.ar\/cotone\/\"},{\"@type\":\"ListItem\",\"position\":2,\"name\":\"Productos\",\"item\":\"https:\/\/easywebmkt.com.ar\/cotone\/productos\/\"},{\"@type\":\"ListItem\",\"position\":3,\"name\":\"SET JAB\u00d3N L\u00cdQUIDO + AROMATIZANTE + BOLSITA LIENZO\"}]},{\"@type\":\"WebSite\",\"@id\":\"https:\/\/easywebmkt.com.ar\/cotone\/#website\",\"url\":\"https:\/\/easywebmkt.com.ar\/cotone\/\",\"name\":\"Viacotone Argentina\",\"description\":\"Merchandising Partners\",\"potentialAction\":[{\"@type\":\"SearchAction\",\"target\":{\"@type\":\"EntryPoint\",\"urlTemplate\":\"https:\/\/easywebmkt.com.ar\/cotone\/?s={search_term_string}\"},\"query-input\":{\"@type\":\"PropertyValueSpecification\",\"valueRequired\":true,\"valueName\":\"search_term_string\"}}],\"inLanguage\":\"es-AR\"}]}<\/script>\n<!-- \/ Yoast SEO plugin. -->","yoast_head_json":{"title":"SET JAB\u00d3N L\u00cdQUIDO + AROMATIZANTE + BOLSITA LIENZO - Viacotone Argentina","robots":{"index":"index","follow":"follow","max-snippet":"max-snippet:-1","max-image-preview":"max-image-preview:large","max-video-preview":"max-video-preview:-1"},"canonical":"https:\/\/easywebmkt.com.ar\/cotone\/productos\/set-jabon-liquido-aromatizante-bolsita-lienzo\/","og_locale":"es_ES","og_type":"article","og_title":"SET JAB\u00d3N L\u00cdQUIDO + AROMATIZANTE + BOLSITA LIENZO - Viacotone Argentina","og_description":"INCREIBLE SET DE BA\u00d1O X2! AROMATIZANTE DE AMBIENTE + JAB\u00d3N L\u00cdQUIDO  Ideal para llevar de viaje y a todos lados con su bolsita de lienzo estampada.. Contenido: 350 ml.","og_url":"https:\/\/easywebmkt.com.ar\/cotone\/productos\/set-jabon-liquido-aromatizante-bolsita-lienzo\/","og_site_name":"Viacotone Argentina","article_modified_time":"2024-10-29T18:42:40+00:00","og_image":[{"width":1500,"height":1500,"url":"https:\/\/easywebmkt.com.ar\/cotone\/wp-content\/uploads\/2022\/08\/IMG_9828-RELAJACION-002.jpg","type":"image\/jpeg"}],"twitter_card":"summary_large_image","schema":{"@context":"https:\/\/schema.org","@graph":[{"@type":"WebPage","@id":"https:\/\/easywebmkt.com.ar\/cotone\/productos\/set-jabon-liquido-aromatizante-bolsita-lienzo\/","url":"https:\/\/easywebmkt.com.ar\/cotone\/productos\/set-jabon-liquido-aromatizante-bolsita-lienzo\/","name":"SET JAB\u00d3N L\u00cdQUIDO + AROMATIZANTE + BOLSITA LIENZO - Viacotone Argentina","isPartOf":{"@id":"https:\/\/easywebmkt.com.ar\/cotone\/#website"},"primaryImageOfPage":{"@id":"https:\/\/easywebmkt.com.ar\/cotone\/productos\/set-jabon-liquido-aromatizante-bolsita-lienzo\/#primaryimage"},"image":{"@id":"https:\/\/easywebmkt.com.ar\/cotone\/productos\/set-jabon-liquido-aromatizante-bolsita-lienzo\/#primaryimage"},"thumbnailUrl":"https:\/\/easywebmkt.com.ar\/cotone\/wp-content\/uploads\/2022\/08\/IMG_9828-RELAJACION-002.jpg","datePublished":"2022-08-04T12:58:03+00:00","dateModified":"2024-10-29T18:42:40+00:00","breadcrumb":{"@id":"https:\/\/easywebmkt.com.ar\/cotone\/productos\/set-jabon-liquido-aromatizante-bolsita-lienzo\/#breadcrumb"},"inLanguage":"es-AR","potentialAction":[{"@type":"ReadAction","target":["https:\/\/easywebmkt.com.ar\/cotone\/productos\/set-jabon-liquido-aromatizante-bolsita-lienzo\/"]}]},{"@type":"ImageObject","inLanguage":"es-AR","@id":"https:\/\/easywebmkt.com.ar\/cotone\/productos\/set-jabon-liquido-aromatizante-bolsita-lienzo\/#primaryimage","url":"https:\/\/easywebmkt.com.ar\/cotone\/wp-content\/uploads\/2022\/08\/IMG_9828-RELAJACION-002.jpg","contentUrl":"https:\/\/easywebmkt.com.ar\/cotone\/wp-content\/uploads\/2022\/08\/IMG_9828-RELAJACION-002.jpg","width":1500,"height":1500},{"@type":"BreadcrumbList","@id":"https:\/\/easywebmkt.com.ar\/cotone\/productos\/set-jabon-liquido-aromatizante-bolsita-lienzo\/#breadcrumb","itemListElement":[{"@type":"ListItem","position":1,"name":"Inicio","item":"https:\/\/easywebmkt.com.ar\/cotone\/"},{"@type":"ListItem","position":2,"name":"Productos","item":"https:\/\/easywebmkt.com.ar\/cotone\/productos\/"},{"@type":"ListItem","position":3,"name":"SET JAB\u00d3N L\u00cdQUIDO + AROMATIZANTE + BOLSITA LIENZO"}]},{"@type":"WebSite","@id":"https:\/\/easywebmkt.com.ar\/cotone\/#website","url":"https:\/\/easywebmkt.com.ar\/cotone\/","name":"Viacotone Argentina","description":"Merchandising Partners","potentialAction":[{"@type":"SearchAction","target":{"@type":"EntryPoint","urlTemplate":"https:\/\/easywebmkt.com.ar\/cotone\/?s={search_term_string}"},"query-input":{"@type":"PropertyValueSpecification","valueRequired":true,"valueName":"search_term_string"}}],"inLanguage":"es-AR"}]}},"_links":{"self":[{"href":"https:\/\/easywebmkt.com.ar\/cotone\/wp-json\/wp\/v2\/product\/18669","targetHints":{"allow":["GET"]}}],"collection":[{"href":"https:\/\/easywebmkt.com.ar\/cotone\/wp-json\/wp\/v2\/product"}],"about":[{"href":"https:\/\/easywebmkt.com.ar\/cotone\/wp-json\/wp\/v2\/types\/product"}],"replies":[{"embeddable":true,"href":"https:\/\/easywebmkt.com.ar\/cotone\/wp-json\/wp\/v2\/comments?post=18669"}],"wp:featuredmedia":[{"embeddable":true,"href":"https:\/\/easywebmkt.com.ar\/cotone\/wp-json\/wp\/v2\/media\/18658"}],"wp:attachment":[{"href":"https:\/\/easywebmkt.com.ar\/cotone\/wp-json\/wp\/v2\/media?parent=18669"}],"wp:term":[{"taxonomy":"product_brand","embeddable":true,"href":"https:\/\/easywebmkt.com.ar\/cotone\/wp-json\/wp\/v2\/product_brand?post=18669"},{"taxonomy":"product_cat","embeddable":true,"href":"https:\/\/easywebmkt.com.ar\/cotone\/wp-json\/wp\/v2\/product_cat?post=18669"},{"taxonomy":"product_tag","embeddable":true,"href":"https:\/\/easywebmkt.com.ar\/cotone\/wp-json\/wp\/v2\/product_tag?post=18669"}],"curies":[{"name":"wp","href":"https:\/\/api.w.org\/{rel}","templated":true}]}}