{"id":23436,"date":"2024-02-07T11:54:00","date_gmt":"2024-02-07T14:54:00","guid":{"rendered":"https:\/\/easywebmkt.com.ar\/cotone\/?post_type=product&#038;p=23436"},"modified":"2025-01-21T12:40:53","modified_gmt":"2025-01-21T15:40:53","slug":"kit-escolar-4oa-6o-deluxe","status":"publish","type":"product","link":"https:\/\/easywebmkt.com.ar\/cotone\/productos\/kit-escolar-4oa-6o-deluxe\/","title":{"rendered":"Kit Escolar 4\u00baa 6\u00ba Deluxe"},"content":{"rendered":"","protected":false},"excerpt":{"rendered":"<p>Incluye: 30 productos<\/p>\n<p>Adhesivo Vin\u00edlico Tintoreto\/Sta color 30grs<br \/>\nAdhesivo Voligoma 30cc<br \/>\nAros para carpeta<br \/>\nBlock dibujo \u00c9xito No5 Blanco<br \/>\nCarpeta N\u00b05 RQ estampada infantil unisex<br \/>\nCartuchera plana estampada infantil<br \/>\nCrayones Oil Pastel x12u.<br \/>\nCuaderno \u00c9xito T\/D 48hjs rayado forrado<br \/>\nCuaderno Gloria T\/F 48hjs rayado<br \/>\nEtiquetas Autoadhesivas Ori-Tec<br \/>\nGoma de borrar l\u00e1piz RQ<br \/>\nLapices de color Maped x12u. largos<br \/>\nL\u00e1piz negro Maped HB Black Peps<br \/>\nMarcador Super Color Premium en caja x10u.<br \/>\nPapel glac\u00e9 Fl\u00fao 10cm X 5 hjs.<br \/>\nPapel glac\u00e9 Lustre 10cm X 10 hjs.<br \/>\nPapel glac\u00e9 Metalizado 10cm X 10 hjs.<br \/>\nPincel cabo de madera N\u00b06<br \/>\nPincel cabo de madera N\u00b03\/4<br \/>\nPlastilina Alba Magic surtido x6u.<br \/>\nRepuesto dibujo \u00c9xito No5 color<br \/>\nSacapuntas pl\u00e1stico cuadrado RQ<br \/>\nT\u00e9mpera escolar Alba Magic x10u. Caja<br \/>\nTijera 12cm Pop RQ Bicolor tipo Maped<\/p>\n<p>&nbsp;<\/p>\n","protected":false},"featured_media":23437,"comment_status":"closed","ping_status":"closed","template":"","meta":[],"product_brand":[],"product_cat":[114,693],"product_tag":[],"class_list":{"0":"post-23436","1":"product","2":"type-product","3":"status-publish","4":"has-post-thumbnail","6":"product_cat-fechas-especiales","7":"product_cat-backtoschool","9":"first","10":"instock","11":"shipping-taxable","12":"purchasable","13":"product-type-simple"},"yoast_head":"<!-- This site is optimized with the Yoast SEO plugin v23.4 - https:\/\/yoast.com\/wordpress\/plugins\/seo\/ -->\n<title>Kit Escolar 4\u00baa 6\u00ba Deluxe - Viacotone Argentina<\/title>\n<meta name=\"robots\" content=\"index, follow, max-snippet:-1, max-image-preview:large, max-video-preview:-1\" \/>\n<link rel=\"canonical\" href=\"https:\/\/easywebmkt.com.ar\/cotone\/productos\/kit-escolar-4oa-6o-deluxe\/\" \/>\n<meta property=\"og:locale\" content=\"es_ES\" \/>\n<meta property=\"og:type\" content=\"article\" \/>\n<meta property=\"og:title\" content=\"Kit Escolar 4\u00baa 6\u00ba Deluxe - Viacotone Argentina\" \/>\n<meta property=\"og:description\" content=\"Incluye: 30 productos  Adhesivo Vin\u00edlico Tintoreto\/Sta color 30grs Adhesivo Voligoma 30cc Aros para carpeta Block dibujo \u00c9xito No5 Blanco Carpeta N\u00b05 RQ estampada infantil unisex Cartuchera plana estampada infantil Crayones Oil Pastel x12u. Cuaderno \u00c9xito T\/D 48hjs rayado forrado Cuaderno Gloria T\/F 48hjs rayado Etiquetas Autoadhesivas Ori-Tec Goma de borrar l\u00e1piz RQ Lapices de color Maped x12u. largos L\u00e1piz negro Maped HB Black Peps Marcador Super Color Premium en caja x10u. Papel glac\u00e9 Fl\u00fao 10cm X 5 hjs. Papel glac\u00e9 Lustre 10cm X 10 hjs. Papel glac\u00e9 Metalizado 10cm X 10 hjs. Pincel cabo de madera N\u00b06 Pincel cabo de madera N\u00b03\/4 Plastilina Alba Magic surtido x6u. Repuesto dibujo \u00c9xito No5 color Sacapuntas pl\u00e1stico cuadrado RQ T\u00e9mpera escolar Alba Magic x10u. Caja Tijera 12cm Pop RQ Bicolor tipo Maped  &nbsp;\" \/>\n<meta property=\"og:url\" content=\"https:\/\/easywebmkt.com.ar\/cotone\/productos\/kit-escolar-4oa-6o-deluxe\/\" \/>\n<meta property=\"og:site_name\" content=\"Viacotone Argentina\" \/>\n<meta property=\"article:modified_time\" content=\"2025-01-21T15:40:53+00:00\" \/>\n<meta property=\"og:image\" content=\"https:\/\/easywebmkt.com.ar\/cotone\/wp-content\/uploads\/2024\/02\/kit-4-a-6-grado-deluxe.jpg\" \/>\n\t<meta property=\"og:image:width\" content=\"800\" \/>\n\t<meta property=\"og:image:height\" content=\"800\" \/>\n\t<meta property=\"og:image:type\" content=\"image\/jpeg\" \/>\n<meta name=\"twitter:card\" content=\"summary_large_image\" \/>\n<script type=\"application\/ld+json\" class=\"yoast-schema-graph\">{\"@context\":\"https:\/\/schema.org\",\"@graph\":[{\"@type\":\"WebPage\",\"@id\":\"https:\/\/easywebmkt.com.ar\/cotone\/productos\/kit-escolar-4oa-6o-deluxe\/\",\"url\":\"https:\/\/easywebmkt.com.ar\/cotone\/productos\/kit-escolar-4oa-6o-deluxe\/\",\"name\":\"Kit Escolar 4\u00baa 6\u00ba Deluxe - Viacotone Argentina\",\"isPartOf\":{\"@id\":\"https:\/\/easywebmkt.com.ar\/cotone\/#website\"},\"primaryImageOfPage\":{\"@id\":\"https:\/\/easywebmkt.com.ar\/cotone\/productos\/kit-escolar-4oa-6o-deluxe\/#primaryimage\"},\"image\":{\"@id\":\"https:\/\/easywebmkt.com.ar\/cotone\/productos\/kit-escolar-4oa-6o-deluxe\/#primaryimage\"},\"thumbnailUrl\":\"https:\/\/easywebmkt.com.ar\/cotone\/wp-content\/uploads\/2024\/02\/kit-4-a-6-grado-deluxe.jpg\",\"datePublished\":\"2024-02-07T14:54:00+00:00\",\"dateModified\":\"2025-01-21T15:40:53+00:00\",\"breadcrumb\":{\"@id\":\"https:\/\/easywebmkt.com.ar\/cotone\/productos\/kit-escolar-4oa-6o-deluxe\/#breadcrumb\"},\"inLanguage\":\"es-AR\",\"potentialAction\":[{\"@type\":\"ReadAction\",\"target\":[\"https:\/\/easywebmkt.com.ar\/cotone\/productos\/kit-escolar-4oa-6o-deluxe\/\"]}]},{\"@type\":\"ImageObject\",\"inLanguage\":\"es-AR\",\"@id\":\"https:\/\/easywebmkt.com.ar\/cotone\/productos\/kit-escolar-4oa-6o-deluxe\/#primaryimage\",\"url\":\"https:\/\/easywebmkt.com.ar\/cotone\/wp-content\/uploads\/2024\/02\/kit-4-a-6-grado-deluxe.jpg\",\"contentUrl\":\"https:\/\/easywebmkt.com.ar\/cotone\/wp-content\/uploads\/2024\/02\/kit-4-a-6-grado-deluxe.jpg\",\"width\":800,\"height\":800},{\"@type\":\"BreadcrumbList\",\"@id\":\"https:\/\/easywebmkt.com.ar\/cotone\/productos\/kit-escolar-4oa-6o-deluxe\/#breadcrumb\",\"itemListElement\":[{\"@type\":\"ListItem\",\"position\":1,\"name\":\"Inicio\",\"item\":\"https:\/\/easywebmkt.com.ar\/cotone\/\"},{\"@type\":\"ListItem\",\"position\":2,\"name\":\"Productos\",\"item\":\"https:\/\/easywebmkt.com.ar\/cotone\/productos\/\"},{\"@type\":\"ListItem\",\"position\":3,\"name\":\"Kit Escolar 4\u00baa 6\u00ba Deluxe\"}]},{\"@type\":\"WebSite\",\"@id\":\"https:\/\/easywebmkt.com.ar\/cotone\/#website\",\"url\":\"https:\/\/easywebmkt.com.ar\/cotone\/\",\"name\":\"Viacotone Argentina\",\"description\":\"Merchandising Partners\",\"potentialAction\":[{\"@type\":\"SearchAction\",\"target\":{\"@type\":\"EntryPoint\",\"urlTemplate\":\"https:\/\/easywebmkt.com.ar\/cotone\/?s={search_term_string}\"},\"query-input\":{\"@type\":\"PropertyValueSpecification\",\"valueRequired\":true,\"valueName\":\"search_term_string\"}}],\"inLanguage\":\"es-AR\"}]}<\/script>\n<!-- \/ Yoast SEO plugin. -->","yoast_head_json":{"title":"Kit Escolar 4\u00baa 6\u00ba Deluxe - Viacotone Argentina","robots":{"index":"index","follow":"follow","max-snippet":"max-snippet:-1","max-image-preview":"max-image-preview:large","max-video-preview":"max-video-preview:-1"},"canonical":"https:\/\/easywebmkt.com.ar\/cotone\/productos\/kit-escolar-4oa-6o-deluxe\/","og_locale":"es_ES","og_type":"article","og_title":"Kit Escolar 4\u00baa 6\u00ba Deluxe - Viacotone Argentina","og_description":"Incluye: 30 productos  Adhesivo Vin\u00edlico Tintoreto\/Sta color 30grs Adhesivo Voligoma 30cc Aros para carpeta Block dibujo \u00c9xito No5 Blanco Carpeta N\u00b05 RQ estampada infantil unisex Cartuchera plana estampada infantil Crayones Oil Pastel x12u. Cuaderno \u00c9xito T\/D 48hjs rayado forrado Cuaderno Gloria T\/F 48hjs rayado Etiquetas Autoadhesivas Ori-Tec Goma de borrar l\u00e1piz RQ Lapices de color Maped x12u. largos L\u00e1piz negro Maped HB Black Peps Marcador Super Color Premium en caja x10u. Papel glac\u00e9 Fl\u00fao 10cm X 5 hjs. Papel glac\u00e9 Lustre 10cm X 10 hjs. Papel glac\u00e9 Metalizado 10cm X 10 hjs. Pincel cabo de madera N\u00b06 Pincel cabo de madera N\u00b03\/4 Plastilina Alba Magic surtido x6u. Repuesto dibujo \u00c9xito No5 color Sacapuntas pl\u00e1stico cuadrado RQ T\u00e9mpera escolar Alba Magic x10u. Caja Tijera 12cm Pop RQ Bicolor tipo Maped  &nbsp;","og_url":"https:\/\/easywebmkt.com.ar\/cotone\/productos\/kit-escolar-4oa-6o-deluxe\/","og_site_name":"Viacotone Argentina","article_modified_time":"2025-01-21T15:40:53+00:00","og_image":[{"width":800,"height":800,"url":"https:\/\/easywebmkt.com.ar\/cotone\/wp-content\/uploads\/2024\/02\/kit-4-a-6-grado-deluxe.jpg","type":"image\/jpeg"}],"twitter_card":"summary_large_image","schema":{"@context":"https:\/\/schema.org","@graph":[{"@type":"WebPage","@id":"https:\/\/easywebmkt.com.ar\/cotone\/productos\/kit-escolar-4oa-6o-deluxe\/","url":"https:\/\/easywebmkt.com.ar\/cotone\/productos\/kit-escolar-4oa-6o-deluxe\/","name":"Kit Escolar 4\u00baa 6\u00ba Deluxe - Viacotone Argentina","isPartOf":{"@id":"https:\/\/easywebmkt.com.ar\/cotone\/#website"},"primaryImageOfPage":{"@id":"https:\/\/easywebmkt.com.ar\/cotone\/productos\/kit-escolar-4oa-6o-deluxe\/#primaryimage"},"image":{"@id":"https:\/\/easywebmkt.com.ar\/cotone\/productos\/kit-escolar-4oa-6o-deluxe\/#primaryimage"},"thumbnailUrl":"https:\/\/easywebmkt.com.ar\/cotone\/wp-content\/uploads\/2024\/02\/kit-4-a-6-grado-deluxe.jpg","datePublished":"2024-02-07T14:54:00+00:00","dateModified":"2025-01-21T15:40:53+00:00","breadcrumb":{"@id":"https:\/\/easywebmkt.com.ar\/cotone\/productos\/kit-escolar-4oa-6o-deluxe\/#breadcrumb"},"inLanguage":"es-AR","potentialAction":[{"@type":"ReadAction","target":["https:\/\/easywebmkt.com.ar\/cotone\/productos\/kit-escolar-4oa-6o-deluxe\/"]}]},{"@type":"ImageObject","inLanguage":"es-AR","@id":"https:\/\/easywebmkt.com.ar\/cotone\/productos\/kit-escolar-4oa-6o-deluxe\/#primaryimage","url":"https:\/\/easywebmkt.com.ar\/cotone\/wp-content\/uploads\/2024\/02\/kit-4-a-6-grado-deluxe.jpg","contentUrl":"https:\/\/easywebmkt.com.ar\/cotone\/wp-content\/uploads\/2024\/02\/kit-4-a-6-grado-deluxe.jpg","width":800,"height":800},{"@type":"BreadcrumbList","@id":"https:\/\/easywebmkt.com.ar\/cotone\/productos\/kit-escolar-4oa-6o-deluxe\/#breadcrumb","itemListElement":[{"@type":"ListItem","position":1,"name":"Inicio","item":"https:\/\/easywebmkt.com.ar\/cotone\/"},{"@type":"ListItem","position":2,"name":"Productos","item":"https:\/\/easywebmkt.com.ar\/cotone\/productos\/"},{"@type":"ListItem","position":3,"name":"Kit Escolar 4\u00baa 6\u00ba Deluxe"}]},{"@type":"WebSite","@id":"https:\/\/easywebmkt.com.ar\/cotone\/#website","url":"https:\/\/easywebmkt.com.ar\/cotone\/","name":"Viacotone Argentina","description":"Merchandising Partners","potentialAction":[{"@type":"SearchAction","target":{"@type":"EntryPoint","urlTemplate":"https:\/\/easywebmkt.com.ar\/cotone\/?s={search_term_string}"},"query-input":{"@type":"PropertyValueSpecification","valueRequired":true,"valueName":"search_term_string"}}],"inLanguage":"es-AR"}]}},"_links":{"self":[{"href":"https:\/\/easywebmkt.com.ar\/cotone\/wp-json\/wp\/v2\/product\/23436","targetHints":{"allow":["GET"]}}],"collection":[{"href":"https:\/\/easywebmkt.com.ar\/cotone\/wp-json\/wp\/v2\/product"}],"about":[{"href":"https:\/\/easywebmkt.com.ar\/cotone\/wp-json\/wp\/v2\/types\/product"}],"replies":[{"embeddable":true,"href":"https:\/\/easywebmkt.com.ar\/cotone\/wp-json\/wp\/v2\/comments?post=23436"}],"wp:featuredmedia":[{"embeddable":true,"href":"https:\/\/easywebmkt.com.ar\/cotone\/wp-json\/wp\/v2\/media\/23437"}],"wp:attachment":[{"href":"https:\/\/easywebmkt.com.ar\/cotone\/wp-json\/wp\/v2\/media?parent=23436"}],"wp:term":[{"taxonomy":"product_brand","embeddable":true,"href":"https:\/\/easywebmkt.com.ar\/cotone\/wp-json\/wp\/v2\/product_brand?post=23436"},{"taxonomy":"product_cat","embeddable":true,"href":"https:\/\/easywebmkt.com.ar\/cotone\/wp-json\/wp\/v2\/product_cat?post=23436"},{"taxonomy":"product_tag","embeddable":true,"href":"https:\/\/easywebmkt.com.ar\/cotone\/wp-json\/wp\/v2\/product_tag?post=23436"}],"curies":[{"name":"wp","href":"https:\/\/api.w.org\/{rel}","templated":true}]}}