{"id":23438,"date":"2024-02-07T12:03:06","date_gmt":"2024-02-07T15:03:06","guid":{"rendered":"https:\/\/easywebmkt.com.ar\/cotone\/?post_type=product&#038;p=23438"},"modified":"2025-01-21T12:44:10","modified_gmt":"2025-01-21T15:44:10","slug":"kit-escolar-secundaria-premium","status":"publish","type":"product","link":"https:\/\/easywebmkt.com.ar\/cotone\/productos\/kit-escolar-secundaria-premium\/","title":{"rendered":"Kit Escolar Secundaria Premium"},"content":{"rendered":"","protected":false},"excerpt":{"rendered":"<p>Incluye: 25 productos<\/p>\n<p>Adhesivo en barra Glue Stick \/ Ezco 9gr<br \/>\nBol\u00edgrafo colorgel glitter<br \/>\nBol\u00edgrafo Filgo stick azul<br \/>\nBol\u00edgrafo Filgo stick negro<br \/>\nBol\u00edgrafo Filgo stick rojo<br \/>\nBol\u00edgrafo Super Roller Tech Grip azul<br \/>\nBol\u00edgrafo Super Roller Tech Grip negro<br \/>\nCarpeta N\u00b03 Polipropileno Relieve RQ CUBIC 3 ganchos<br \/>\nCartuchera tubo lisa colores surtidos<br \/>\nComp\u00e1s RQ en estuche<br \/>\nCorrector l\u00e1piz Filgo 7mm<br \/>\nCuaderno universitario Avon 80 hjs. rayado<br \/>\nFolios escolares x10u.<br \/>\nGoma de borrar Gris-Blanca RQ<br \/>\nLapices de color Filgo x12u. largos<br \/>\nMinas 0.5 HB RQ<br \/>\nOjalillos Ori-Tec<br \/>\nPortamina Super Tech 0.5mm<br \/>\nRepuesto dibujo \u00c9xito No3 Asignatura<br \/>\nRepuesto escolar \u00c9xito x96 hjs. cuadriculado<br \/>\nRepuesto escolar \u00c9xito x96 hjs. rayado<br \/>\nResaltador Filgo fino fl\u00fao<br \/>\nResaltador Filgo fino metalizado<br \/>\nSet de geometr\u00eda transl\u00facido 3pzs. RQ<\/p>\n","protected":false},"featured_media":23439,"comment_status":"closed","ping_status":"closed","template":"","meta":[],"product_brand":[],"product_cat":[114,693],"product_tag":[],"class_list":{"0":"post-23438","1":"product","2":"type-product","3":"status-publish","4":"has-post-thumbnail","6":"product_cat-fechas-especiales","7":"product_cat-backtoschool","9":"first","10":"instock","11":"shipping-taxable","12":"purchasable","13":"product-type-simple"},"yoast_head":"<!-- This site is optimized with the Yoast SEO plugin v23.4 - https:\/\/yoast.com\/wordpress\/plugins\/seo\/ -->\n<title>Kit Escolar Secundaria Premium - Viacotone Argentina<\/title>\n<meta name=\"robots\" content=\"index, follow, max-snippet:-1, max-image-preview:large, max-video-preview:-1\" \/>\n<link rel=\"canonical\" href=\"https:\/\/easywebmkt.com.ar\/cotone\/productos\/kit-escolar-secundaria-premium\/\" \/>\n<meta property=\"og:locale\" content=\"es_ES\" \/>\n<meta property=\"og:type\" content=\"article\" \/>\n<meta property=\"og:title\" content=\"Kit Escolar Secundaria Premium - Viacotone Argentina\" \/>\n<meta property=\"og:description\" content=\"Incluye: 25 productos  Adhesivo en barra Glue Stick \/ Ezco 9gr Bol\u00edgrafo colorgel glitter Bol\u00edgrafo Filgo stick azul Bol\u00edgrafo Filgo stick negro Bol\u00edgrafo Filgo stick rojo Bol\u00edgrafo Super Roller Tech Grip azul Bol\u00edgrafo Super Roller Tech Grip negro Carpeta N\u00b03 Polipropileno Relieve RQ CUBIC 3 ganchos Cartuchera tubo lisa colores surtidos Comp\u00e1s RQ en estuche Corrector l\u00e1piz Filgo 7mm Cuaderno universitario Avon 80 hjs. rayado Folios escolares x10u. Goma de borrar Gris-Blanca RQ Lapices de color Filgo x12u. largos Minas 0.5 HB RQ Ojalillos Ori-Tec Portamina Super Tech 0.5mm Repuesto dibujo \u00c9xito No3 Asignatura Repuesto escolar \u00c9xito x96 hjs. cuadriculado Repuesto escolar \u00c9xito x96 hjs. rayado Resaltador Filgo fino fl\u00fao Resaltador Filgo fino metalizado Set de geometr\u00eda transl\u00facido 3pzs. RQ\" \/>\n<meta property=\"og:url\" content=\"https:\/\/easywebmkt.com.ar\/cotone\/productos\/kit-escolar-secundaria-premium\/\" \/>\n<meta property=\"og:site_name\" content=\"Viacotone Argentina\" \/>\n<meta property=\"article:modified_time\" content=\"2025-01-21T15:44:10+00:00\" \/>\n<meta property=\"og:image\" content=\"https:\/\/easywebmkt.com.ar\/cotone\/wp-content\/uploads\/2024\/02\/secundario-premiun.jpg\" \/>\n\t<meta property=\"og:image:width\" content=\"827\" \/>\n\t<meta property=\"og:image:height\" content=\"827\" \/>\n\t<meta property=\"og:image:type\" content=\"image\/jpeg\" \/>\n<meta name=\"twitter:card\" content=\"summary_large_image\" \/>\n<script type=\"application\/ld+json\" class=\"yoast-schema-graph\">{\"@context\":\"https:\/\/schema.org\",\"@graph\":[{\"@type\":\"WebPage\",\"@id\":\"https:\/\/easywebmkt.com.ar\/cotone\/productos\/kit-escolar-secundaria-premium\/\",\"url\":\"https:\/\/easywebmkt.com.ar\/cotone\/productos\/kit-escolar-secundaria-premium\/\",\"name\":\"Kit Escolar Secundaria Premium - Viacotone Argentina\",\"isPartOf\":{\"@id\":\"https:\/\/easywebmkt.com.ar\/cotone\/#website\"},\"primaryImageOfPage\":{\"@id\":\"https:\/\/easywebmkt.com.ar\/cotone\/productos\/kit-escolar-secundaria-premium\/#primaryimage\"},\"image\":{\"@id\":\"https:\/\/easywebmkt.com.ar\/cotone\/productos\/kit-escolar-secundaria-premium\/#primaryimage\"},\"thumbnailUrl\":\"https:\/\/easywebmkt.com.ar\/cotone\/wp-content\/uploads\/2024\/02\/secundario-premiun.jpg\",\"datePublished\":\"2024-02-07T15:03:06+00:00\",\"dateModified\":\"2025-01-21T15:44:10+00:00\",\"breadcrumb\":{\"@id\":\"https:\/\/easywebmkt.com.ar\/cotone\/productos\/kit-escolar-secundaria-premium\/#breadcrumb\"},\"inLanguage\":\"es-AR\",\"potentialAction\":[{\"@type\":\"ReadAction\",\"target\":[\"https:\/\/easywebmkt.com.ar\/cotone\/productos\/kit-escolar-secundaria-premium\/\"]}]},{\"@type\":\"ImageObject\",\"inLanguage\":\"es-AR\",\"@id\":\"https:\/\/easywebmkt.com.ar\/cotone\/productos\/kit-escolar-secundaria-premium\/#primaryimage\",\"url\":\"https:\/\/easywebmkt.com.ar\/cotone\/wp-content\/uploads\/2024\/02\/secundario-premiun.jpg\",\"contentUrl\":\"https:\/\/easywebmkt.com.ar\/cotone\/wp-content\/uploads\/2024\/02\/secundario-premiun.jpg\",\"width\":827,\"height\":827},{\"@type\":\"BreadcrumbList\",\"@id\":\"https:\/\/easywebmkt.com.ar\/cotone\/productos\/kit-escolar-secundaria-premium\/#breadcrumb\",\"itemListElement\":[{\"@type\":\"ListItem\",\"position\":1,\"name\":\"Inicio\",\"item\":\"https:\/\/easywebmkt.com.ar\/cotone\/\"},{\"@type\":\"ListItem\",\"position\":2,\"name\":\"Productos\",\"item\":\"https:\/\/easywebmkt.com.ar\/cotone\/productos\/\"},{\"@type\":\"ListItem\",\"position\":3,\"name\":\"Kit Escolar Secundaria Premium\"}]},{\"@type\":\"WebSite\",\"@id\":\"https:\/\/easywebmkt.com.ar\/cotone\/#website\",\"url\":\"https:\/\/easywebmkt.com.ar\/cotone\/\",\"name\":\"Viacotone Argentina\",\"description\":\"Merchandising Partners\",\"potentialAction\":[{\"@type\":\"SearchAction\",\"target\":{\"@type\":\"EntryPoint\",\"urlTemplate\":\"https:\/\/easywebmkt.com.ar\/cotone\/?s={search_term_string}\"},\"query-input\":{\"@type\":\"PropertyValueSpecification\",\"valueRequired\":true,\"valueName\":\"search_term_string\"}}],\"inLanguage\":\"es-AR\"}]}<\/script>\n<!-- \/ Yoast SEO plugin. -->","yoast_head_json":{"title":"Kit Escolar Secundaria Premium - Viacotone Argentina","robots":{"index":"index","follow":"follow","max-snippet":"max-snippet:-1","max-image-preview":"max-image-preview:large","max-video-preview":"max-video-preview:-1"},"canonical":"https:\/\/easywebmkt.com.ar\/cotone\/productos\/kit-escolar-secundaria-premium\/","og_locale":"es_ES","og_type":"article","og_title":"Kit Escolar Secundaria Premium - Viacotone Argentina","og_description":"Incluye: 25 productos  Adhesivo en barra Glue Stick \/ Ezco 9gr Bol\u00edgrafo colorgel glitter Bol\u00edgrafo Filgo stick azul Bol\u00edgrafo Filgo stick negro Bol\u00edgrafo Filgo stick rojo Bol\u00edgrafo Super Roller Tech Grip azul Bol\u00edgrafo Super Roller Tech Grip negro Carpeta N\u00b03 Polipropileno Relieve RQ CUBIC 3 ganchos Cartuchera tubo lisa colores surtidos Comp\u00e1s RQ en estuche Corrector l\u00e1piz Filgo 7mm Cuaderno universitario Avon 80 hjs. rayado Folios escolares x10u. Goma de borrar Gris-Blanca RQ Lapices de color Filgo x12u. largos Minas 0.5 HB RQ Ojalillos Ori-Tec Portamina Super Tech 0.5mm Repuesto dibujo \u00c9xito No3 Asignatura Repuesto escolar \u00c9xito x96 hjs. cuadriculado Repuesto escolar \u00c9xito x96 hjs. rayado Resaltador Filgo fino fl\u00fao Resaltador Filgo fino metalizado Set de geometr\u00eda transl\u00facido 3pzs. RQ","og_url":"https:\/\/easywebmkt.com.ar\/cotone\/productos\/kit-escolar-secundaria-premium\/","og_site_name":"Viacotone Argentina","article_modified_time":"2025-01-21T15:44:10+00:00","og_image":[{"width":827,"height":827,"url":"https:\/\/easywebmkt.com.ar\/cotone\/wp-content\/uploads\/2024\/02\/secundario-premiun.jpg","type":"image\/jpeg"}],"twitter_card":"summary_large_image","schema":{"@context":"https:\/\/schema.org","@graph":[{"@type":"WebPage","@id":"https:\/\/easywebmkt.com.ar\/cotone\/productos\/kit-escolar-secundaria-premium\/","url":"https:\/\/easywebmkt.com.ar\/cotone\/productos\/kit-escolar-secundaria-premium\/","name":"Kit Escolar Secundaria Premium - Viacotone Argentina","isPartOf":{"@id":"https:\/\/easywebmkt.com.ar\/cotone\/#website"},"primaryImageOfPage":{"@id":"https:\/\/easywebmkt.com.ar\/cotone\/productos\/kit-escolar-secundaria-premium\/#primaryimage"},"image":{"@id":"https:\/\/easywebmkt.com.ar\/cotone\/productos\/kit-escolar-secundaria-premium\/#primaryimage"},"thumbnailUrl":"https:\/\/easywebmkt.com.ar\/cotone\/wp-content\/uploads\/2024\/02\/secundario-premiun.jpg","datePublished":"2024-02-07T15:03:06+00:00","dateModified":"2025-01-21T15:44:10+00:00","breadcrumb":{"@id":"https:\/\/easywebmkt.com.ar\/cotone\/productos\/kit-escolar-secundaria-premium\/#breadcrumb"},"inLanguage":"es-AR","potentialAction":[{"@type":"ReadAction","target":["https:\/\/easywebmkt.com.ar\/cotone\/productos\/kit-escolar-secundaria-premium\/"]}]},{"@type":"ImageObject","inLanguage":"es-AR","@id":"https:\/\/easywebmkt.com.ar\/cotone\/productos\/kit-escolar-secundaria-premium\/#primaryimage","url":"https:\/\/easywebmkt.com.ar\/cotone\/wp-content\/uploads\/2024\/02\/secundario-premiun.jpg","contentUrl":"https:\/\/easywebmkt.com.ar\/cotone\/wp-content\/uploads\/2024\/02\/secundario-premiun.jpg","width":827,"height":827},{"@type":"BreadcrumbList","@id":"https:\/\/easywebmkt.com.ar\/cotone\/productos\/kit-escolar-secundaria-premium\/#breadcrumb","itemListElement":[{"@type":"ListItem","position":1,"name":"Inicio","item":"https:\/\/easywebmkt.com.ar\/cotone\/"},{"@type":"ListItem","position":2,"name":"Productos","item":"https:\/\/easywebmkt.com.ar\/cotone\/productos\/"},{"@type":"ListItem","position":3,"name":"Kit Escolar Secundaria Premium"}]},{"@type":"WebSite","@id":"https:\/\/easywebmkt.com.ar\/cotone\/#website","url":"https:\/\/easywebmkt.com.ar\/cotone\/","name":"Viacotone Argentina","description":"Merchandising Partners","potentialAction":[{"@type":"SearchAction","target":{"@type":"EntryPoint","urlTemplate":"https:\/\/easywebmkt.com.ar\/cotone\/?s={search_term_string}"},"query-input":{"@type":"PropertyValueSpecification","valueRequired":true,"valueName":"search_term_string"}}],"inLanguage":"es-AR"}]}},"_links":{"self":[{"href":"https:\/\/easywebmkt.com.ar\/cotone\/wp-json\/wp\/v2\/product\/23438","targetHints":{"allow":["GET"]}}],"collection":[{"href":"https:\/\/easywebmkt.com.ar\/cotone\/wp-json\/wp\/v2\/product"}],"about":[{"href":"https:\/\/easywebmkt.com.ar\/cotone\/wp-json\/wp\/v2\/types\/product"}],"replies":[{"embeddable":true,"href":"https:\/\/easywebmkt.com.ar\/cotone\/wp-json\/wp\/v2\/comments?post=23438"}],"wp:featuredmedia":[{"embeddable":true,"href":"https:\/\/easywebmkt.com.ar\/cotone\/wp-json\/wp\/v2\/media\/23439"}],"wp:attachment":[{"href":"https:\/\/easywebmkt.com.ar\/cotone\/wp-json\/wp\/v2\/media?parent=23438"}],"wp:term":[{"taxonomy":"product_brand","embeddable":true,"href":"https:\/\/easywebmkt.com.ar\/cotone\/wp-json\/wp\/v2\/product_brand?post=23438"},{"taxonomy":"product_cat","embeddable":true,"href":"https:\/\/easywebmkt.com.ar\/cotone\/wp-json\/wp\/v2\/product_cat?post=23438"},{"taxonomy":"product_tag","embeddable":true,"href":"https:\/\/easywebmkt.com.ar\/cotone\/wp-json\/wp\/v2\/product_tag?post=23438"}],"curies":[{"name":"wp","href":"https:\/\/api.w.org\/{rel}","templated":true}]}}