{"id":30707,"date":"2025-07-14T15:41:39","date_gmt":"2025-07-14T18:41:39","guid":{"rendered":"https:\/\/easywebmkt.com.ar\/cotone\/?post_type=product&#038;p=30707"},"modified":"2026-01-22T16:37:45","modified_gmt":"2026-01-22T19:37:45","slug":"set-travel","status":"publish","type":"product","link":"https:\/\/easywebmkt.com.ar\/cotone\/productos\/set-travel\/","title":{"rendered":"Set travel"},"content":{"rendered":"","protected":false},"excerpt":{"rendered":"<p>Incluye:<br \/>\n<span data-sheets-root=\"1\">&#8211; Mochila carry on<br \/>\nSe adapta f\u00e1cilmente a las diferentes necesidades que puede presentar cualquier tipo de viaje, ya que puede utilizarse tanto como mochila como carry on. Adem\u00e1s, ofrece durabilidad y un dise\u00f1o ergon\u00f3mico. <\/span><span data-sheets-root=\"1\">Con superficie engomada Waterproof, \u00a0se convierte f\u00e1cilmente en mochila o carrito, para mayor practicidad seg\u00fan la necesidad. Apertura de 90\u00b0 y cierres sellados anti-filtraci\u00f3n. Porta notebook de hasta 17\u201d. Capacidad: 30 litros. <\/span><label>Medidas:<\/label>\u00a0<span class=\"info-deta\">33 x 48 x 18cm<br \/>\n&#8211; Travel tagg baggage<br \/>\n<\/span>Identificador de equipaje para colgar, con forma de valija. Ideal para viajes. Con etiqueta para datos personales. <label>Medidas:<\/label>\u00a0<span class=\"info-deta\">5,5 x 7,4 x 0,3 cm<\/span><\/p>\n<p><span class=\"info-deta\">\u00a0<\/span><\/p>\n","protected":false},"featured_media":30708,"comment_status":"closed","ping_status":"closed","template":"","meta":[],"product_brand":[],"product_cat":[114,684,785,117,411],"product_tag":[],"class_list":{"0":"post-30707","1":"product","2":"type-product","3":"status-publish","4":"has-post-thumbnail","6":"product_cat-fechas-especiales","7":"product_cat-dia-del-padre-fechas-especiales","8":"product_cat-dia-del-trabajador","9":"product_cat-hogar-tiempo-libre","10":"product_cat-viajes-tiempo-libre","12":"first","13":"instock","14":"shipping-taxable","15":"purchasable","16":"product-type-simple"},"yoast_head":"<!-- This site is optimized with the Yoast SEO plugin v23.4 - https:\/\/yoast.com\/wordpress\/plugins\/seo\/ -->\n<title>Set travel - Viacotone Argentina<\/title>\n<meta name=\"robots\" content=\"index, follow, max-snippet:-1, max-image-preview:large, max-video-preview:-1\" \/>\n<link rel=\"canonical\" href=\"https:\/\/easywebmkt.com.ar\/cotone\/productos\/set-travel\/\" \/>\n<meta property=\"og:locale\" content=\"es_ES\" \/>\n<meta property=\"og:type\" content=\"article\" \/>\n<meta property=\"og:title\" content=\"Set travel - Viacotone Argentina\" \/>\n<meta property=\"og:description\" content=\"Incluye: - Mochila carry on Se adapta f\u00e1cilmente a las diferentes necesidades que puede presentar cualquier tipo de viaje, ya que puede utilizarse tanto como mochila como carry on. Adem\u00e1s, ofrece durabilidad y un dise\u00f1o ergon\u00f3mico. Con superficie engomada Waterproof, \u00a0se convierte f\u00e1cilmente en mochila o carrito, para mayor practicidad seg\u00fan la necesidad. Apertura de 90\u00b0 y cierres sellados anti-filtraci\u00f3n. Porta notebook de hasta 17\u201d. Capacidad: 30 litros. Medidas:\u00a033 x 48 x 18cm - Travel tagg baggage Identificador de equipaje para colgar, con forma de valija. Ideal para viajes. Con etiqueta para datos personales. Medidas:\u00a05,5 x 7,4 x 0,3 cm  \u00a0\" \/>\n<meta property=\"og:url\" content=\"https:\/\/easywebmkt.com.ar\/cotone\/productos\/set-travel\/\" \/>\n<meta property=\"og:site_name\" content=\"Viacotone Argentina\" \/>\n<meta property=\"article:modified_time\" content=\"2026-01-22T19:37:45+00:00\" \/>\n<meta property=\"og:image\" content=\"https:\/\/easywebmkt.com.ar\/cotone\/wp-content\/uploads\/2025\/07\/Mochila-carry-on-identificador.jpg\" \/>\n\t<meta property=\"og:image:width\" content=\"800\" \/>\n\t<meta property=\"og:image:height\" content=\"800\" \/>\n\t<meta property=\"og:image:type\" content=\"image\/jpeg\" \/>\n<meta name=\"twitter:card\" content=\"summary_large_image\" \/>\n<meta name=\"twitter:label1\" content=\"Tiempo de lectura\" \/>\n\t<meta name=\"twitter:data1\" content=\"1 minuto\" \/>\n<script type=\"application\/ld+json\" class=\"yoast-schema-graph\">{\"@context\":\"https:\/\/schema.org\",\"@graph\":[{\"@type\":\"WebPage\",\"@id\":\"https:\/\/easywebmkt.com.ar\/cotone\/productos\/set-travel\/\",\"url\":\"https:\/\/easywebmkt.com.ar\/cotone\/productos\/set-travel\/\",\"name\":\"Set travel - Viacotone Argentina\",\"isPartOf\":{\"@id\":\"https:\/\/easywebmkt.com.ar\/cotone\/#website\"},\"primaryImageOfPage\":{\"@id\":\"https:\/\/easywebmkt.com.ar\/cotone\/productos\/set-travel\/#primaryimage\"},\"image\":{\"@id\":\"https:\/\/easywebmkt.com.ar\/cotone\/productos\/set-travel\/#primaryimage\"},\"thumbnailUrl\":\"https:\/\/easywebmkt.com.ar\/cotone\/wp-content\/uploads\/2025\/07\/Mochila-carry-on-identificador.jpg\",\"datePublished\":\"2025-07-14T18:41:39+00:00\",\"dateModified\":\"2026-01-22T19:37:45+00:00\",\"breadcrumb\":{\"@id\":\"https:\/\/easywebmkt.com.ar\/cotone\/productos\/set-travel\/#breadcrumb\"},\"inLanguage\":\"es-AR\",\"potentialAction\":[{\"@type\":\"ReadAction\",\"target\":[\"https:\/\/easywebmkt.com.ar\/cotone\/productos\/set-travel\/\"]}]},{\"@type\":\"ImageObject\",\"inLanguage\":\"es-AR\",\"@id\":\"https:\/\/easywebmkt.com.ar\/cotone\/productos\/set-travel\/#primaryimage\",\"url\":\"https:\/\/easywebmkt.com.ar\/cotone\/wp-content\/uploads\/2025\/07\/Mochila-carry-on-identificador.jpg\",\"contentUrl\":\"https:\/\/easywebmkt.com.ar\/cotone\/wp-content\/uploads\/2025\/07\/Mochila-carry-on-identificador.jpg\",\"width\":800,\"height\":800},{\"@type\":\"BreadcrumbList\",\"@id\":\"https:\/\/easywebmkt.com.ar\/cotone\/productos\/set-travel\/#breadcrumb\",\"itemListElement\":[{\"@type\":\"ListItem\",\"position\":1,\"name\":\"Inicio\",\"item\":\"https:\/\/easywebmkt.com.ar\/cotone\/\"},{\"@type\":\"ListItem\",\"position\":2,\"name\":\"Productos\",\"item\":\"https:\/\/easywebmkt.com.ar\/cotone\/productos\/\"},{\"@type\":\"ListItem\",\"position\":3,\"name\":\"Set travel\"}]},{\"@type\":\"WebSite\",\"@id\":\"https:\/\/easywebmkt.com.ar\/cotone\/#website\",\"url\":\"https:\/\/easywebmkt.com.ar\/cotone\/\",\"name\":\"Viacotone Argentina\",\"description\":\"Merchandising Partners\",\"potentialAction\":[{\"@type\":\"SearchAction\",\"target\":{\"@type\":\"EntryPoint\",\"urlTemplate\":\"https:\/\/easywebmkt.com.ar\/cotone\/?s={search_term_string}\"},\"query-input\":{\"@type\":\"PropertyValueSpecification\",\"valueRequired\":true,\"valueName\":\"search_term_string\"}}],\"inLanguage\":\"es-AR\"}]}<\/script>\n<!-- \/ Yoast SEO plugin. -->","yoast_head_json":{"title":"Set travel - Viacotone Argentina","robots":{"index":"index","follow":"follow","max-snippet":"max-snippet:-1","max-image-preview":"max-image-preview:large","max-video-preview":"max-video-preview:-1"},"canonical":"https:\/\/easywebmkt.com.ar\/cotone\/productos\/set-travel\/","og_locale":"es_ES","og_type":"article","og_title":"Set travel - Viacotone Argentina","og_description":"Incluye: - Mochila carry on Se adapta f\u00e1cilmente a las diferentes necesidades que puede presentar cualquier tipo de viaje, ya que puede utilizarse tanto como mochila como carry on. Adem\u00e1s, ofrece durabilidad y un dise\u00f1o ergon\u00f3mico. Con superficie engomada Waterproof, \u00a0se convierte f\u00e1cilmente en mochila o carrito, para mayor practicidad seg\u00fan la necesidad. Apertura de 90\u00b0 y cierres sellados anti-filtraci\u00f3n. Porta notebook de hasta 17\u201d. Capacidad: 30 litros. Medidas:\u00a033 x 48 x 18cm - Travel tagg baggage Identificador de equipaje para colgar, con forma de valija. Ideal para viajes. Con etiqueta para datos personales. Medidas:\u00a05,5 x 7,4 x 0,3 cm  \u00a0","og_url":"https:\/\/easywebmkt.com.ar\/cotone\/productos\/set-travel\/","og_site_name":"Viacotone Argentina","article_modified_time":"2026-01-22T19:37:45+00:00","og_image":[{"width":800,"height":800,"url":"https:\/\/easywebmkt.com.ar\/cotone\/wp-content\/uploads\/2025\/07\/Mochila-carry-on-identificador.jpg","type":"image\/jpeg"}],"twitter_card":"summary_large_image","twitter_misc":{"Tiempo de lectura":"1 minuto"},"schema":{"@context":"https:\/\/schema.org","@graph":[{"@type":"WebPage","@id":"https:\/\/easywebmkt.com.ar\/cotone\/productos\/set-travel\/","url":"https:\/\/easywebmkt.com.ar\/cotone\/productos\/set-travel\/","name":"Set travel - Viacotone Argentina","isPartOf":{"@id":"https:\/\/easywebmkt.com.ar\/cotone\/#website"},"primaryImageOfPage":{"@id":"https:\/\/easywebmkt.com.ar\/cotone\/productos\/set-travel\/#primaryimage"},"image":{"@id":"https:\/\/easywebmkt.com.ar\/cotone\/productos\/set-travel\/#primaryimage"},"thumbnailUrl":"https:\/\/easywebmkt.com.ar\/cotone\/wp-content\/uploads\/2025\/07\/Mochila-carry-on-identificador.jpg","datePublished":"2025-07-14T18:41:39+00:00","dateModified":"2026-01-22T19:37:45+00:00","breadcrumb":{"@id":"https:\/\/easywebmkt.com.ar\/cotone\/productos\/set-travel\/#breadcrumb"},"inLanguage":"es-AR","potentialAction":[{"@type":"ReadAction","target":["https:\/\/easywebmkt.com.ar\/cotone\/productos\/set-travel\/"]}]},{"@type":"ImageObject","inLanguage":"es-AR","@id":"https:\/\/easywebmkt.com.ar\/cotone\/productos\/set-travel\/#primaryimage","url":"https:\/\/easywebmkt.com.ar\/cotone\/wp-content\/uploads\/2025\/07\/Mochila-carry-on-identificador.jpg","contentUrl":"https:\/\/easywebmkt.com.ar\/cotone\/wp-content\/uploads\/2025\/07\/Mochila-carry-on-identificador.jpg","width":800,"height":800},{"@type":"BreadcrumbList","@id":"https:\/\/easywebmkt.com.ar\/cotone\/productos\/set-travel\/#breadcrumb","itemListElement":[{"@type":"ListItem","position":1,"name":"Inicio","item":"https:\/\/easywebmkt.com.ar\/cotone\/"},{"@type":"ListItem","position":2,"name":"Productos","item":"https:\/\/easywebmkt.com.ar\/cotone\/productos\/"},{"@type":"ListItem","position":3,"name":"Set travel"}]},{"@type":"WebSite","@id":"https:\/\/easywebmkt.com.ar\/cotone\/#website","url":"https:\/\/easywebmkt.com.ar\/cotone\/","name":"Viacotone Argentina","description":"Merchandising Partners","potentialAction":[{"@type":"SearchAction","target":{"@type":"EntryPoint","urlTemplate":"https:\/\/easywebmkt.com.ar\/cotone\/?s={search_term_string}"},"query-input":{"@type":"PropertyValueSpecification","valueRequired":true,"valueName":"search_term_string"}}],"inLanguage":"es-AR"}]}},"_links":{"self":[{"href":"https:\/\/easywebmkt.com.ar\/cotone\/wp-json\/wp\/v2\/product\/30707","targetHints":{"allow":["GET"]}}],"collection":[{"href":"https:\/\/easywebmkt.com.ar\/cotone\/wp-json\/wp\/v2\/product"}],"about":[{"href":"https:\/\/easywebmkt.com.ar\/cotone\/wp-json\/wp\/v2\/types\/product"}],"replies":[{"embeddable":true,"href":"https:\/\/easywebmkt.com.ar\/cotone\/wp-json\/wp\/v2\/comments?post=30707"}],"wp:featuredmedia":[{"embeddable":true,"href":"https:\/\/easywebmkt.com.ar\/cotone\/wp-json\/wp\/v2\/media\/30708"}],"wp:attachment":[{"href":"https:\/\/easywebmkt.com.ar\/cotone\/wp-json\/wp\/v2\/media?parent=30707"}],"wp:term":[{"taxonomy":"product_brand","embeddable":true,"href":"https:\/\/easywebmkt.com.ar\/cotone\/wp-json\/wp\/v2\/product_brand?post=30707"},{"taxonomy":"product_cat","embeddable":true,"href":"https:\/\/easywebmkt.com.ar\/cotone\/wp-json\/wp\/v2\/product_cat?post=30707"},{"taxonomy":"product_tag","embeddable":true,"href":"https:\/\/easywebmkt.com.ar\/cotone\/wp-json\/wp\/v2\/product_tag?post=30707"}],"curies":[{"name":"wp","href":"https:\/\/api.w.org\/{rel}","templated":true}]}}