{"id":31339,"date":"2025-09-08T10:43:11","date_gmt":"2025-09-08T13:43:11","guid":{"rendered":"https:\/\/easywebmkt.com.ar\/cotone\/?post_type=product&#038;p=31339"},"modified":"2026-01-22T16:30:18","modified_gmt":"2026-01-22T19:30:18","slug":"mochila-viral-de-viaje","status":"publish","type":"product","link":"https:\/\/easywebmkt.com.ar\/cotone\/productos\/mochila-viral-de-viaje\/","title":{"rendered":"Mochila viral de viaje"},"content":{"rendered":"","protected":false},"excerpt":{"rendered":"<p>Carry on expandible, se adapta a tus necesidades de viaje, con capacidad de hasta 30 litros.<br \/>\nM\u00e1xima organizaci\u00f3n, tres compartimentos acolchados con bolsillos internos y externos, incluyendo bolsillo impermeable\u00a0y bolsillo de seguridad oculto.<br \/>\nProtecci\u00f3n para tecnolog\u00eda, funda acolchada para notebook de hasta 16&#8243;\u00a0con correa de seguridad.<br \/>\nComodidad asegurada, espalda y correas acolchadas, asa reforzada y red de ventilaci\u00f3n para mayor confort<br \/>\nViaje m\u00e1s f\u00e1cil, tira trasera para sujetarla al equipaje con ruedas<br \/>\nDetalles premium, tiradores met\u00e1licos, correas ajustables y materiales de calidad para uso intensivo<\/p>\n","protected":false},"featured_media":31340,"comment_status":"closed","ping_status":"closed","template":"","meta":[],"product_brand":[],"product_cat":[48,107,411],"product_tag":[],"class_list":{"0":"post-31339","1":"product","2":"type-product","3":"status-publish","4":"has-post-thumbnail","6":"product_cat-bolsos-y-mochilas","7":"product_cat-mochilas","8":"product_cat-viajes-tiempo-libre","10":"first","11":"instock","12":"shipping-taxable","13":"product-type-simple"},"yoast_head":"<!-- This site is optimized with the Yoast SEO plugin v23.4 - https:\/\/yoast.com\/wordpress\/plugins\/seo\/ -->\n<title>Mochila viral de viaje - Viacotone Argentina<\/title>\n<meta name=\"robots\" content=\"index, follow, max-snippet:-1, max-image-preview:large, max-video-preview:-1\" \/>\n<link rel=\"canonical\" href=\"https:\/\/easywebmkt.com.ar\/cotone\/productos\/mochila-viral-de-viaje\/\" \/>\n<meta property=\"og:locale\" content=\"es_ES\" \/>\n<meta property=\"og:type\" content=\"article\" \/>\n<meta property=\"og:title\" content=\"Mochila viral de viaje - Viacotone Argentina\" \/>\n<meta property=\"og:description\" content=\"Carry on expandible, se adapta a tus necesidades de viaje, con capacidad de hasta 30 litros. M\u00e1xima organizaci\u00f3n, tres compartimentos acolchados con bolsillos internos y externos, incluyendo bolsillo impermeable\u00a0y bolsillo de seguridad oculto. Protecci\u00f3n para tecnolog\u00eda, funda acolchada para notebook de hasta 16&quot;\u00a0con correa de seguridad. Comodidad asegurada, espalda y correas acolchadas, asa reforzada y red de ventilaci\u00f3n para mayor confort Viaje m\u00e1s f\u00e1cil, tira trasera para sujetarla al equipaje con ruedas Detalles premium, tiradores met\u00e1licos, correas ajustables y materiales de calidad para uso intensivo\" \/>\n<meta property=\"og:url\" content=\"https:\/\/easywebmkt.com.ar\/cotone\/productos\/mochila-viral-de-viaje\/\" \/>\n<meta property=\"og:site_name\" content=\"Viacotone Argentina\" \/>\n<meta property=\"article:modified_time\" content=\"2026-01-22T19:30:18+00:00\" \/>\n<meta property=\"og:image\" content=\"https:\/\/easywebmkt.com.ar\/cotone\/wp-content\/uploads\/2025\/09\/mochila-force-8.jpg\" \/>\n\t<meta property=\"og:image:width\" content=\"800\" \/>\n\t<meta property=\"og:image:height\" content=\"800\" \/>\n\t<meta property=\"og:image:type\" content=\"image\/jpeg\" \/>\n<meta name=\"twitter:card\" content=\"summary_large_image\" \/>\n<meta name=\"twitter:label1\" content=\"Tiempo de lectura\" \/>\n\t<meta name=\"twitter:data1\" content=\"1 minuto\" \/>\n<script type=\"application\/ld+json\" class=\"yoast-schema-graph\">{\"@context\":\"https:\/\/schema.org\",\"@graph\":[{\"@type\":\"WebPage\",\"@id\":\"https:\/\/easywebmkt.com.ar\/cotone\/productos\/mochila-viral-de-viaje\/\",\"url\":\"https:\/\/easywebmkt.com.ar\/cotone\/productos\/mochila-viral-de-viaje\/\",\"name\":\"Mochila viral de viaje - Viacotone Argentina\",\"isPartOf\":{\"@id\":\"https:\/\/easywebmkt.com.ar\/cotone\/#website\"},\"primaryImageOfPage\":{\"@id\":\"https:\/\/easywebmkt.com.ar\/cotone\/productos\/mochila-viral-de-viaje\/#primaryimage\"},\"image\":{\"@id\":\"https:\/\/easywebmkt.com.ar\/cotone\/productos\/mochila-viral-de-viaje\/#primaryimage\"},\"thumbnailUrl\":\"https:\/\/easywebmkt.com.ar\/cotone\/wp-content\/uploads\/2025\/09\/mochila-force-8.jpg\",\"datePublished\":\"2025-09-08T13:43:11+00:00\",\"dateModified\":\"2026-01-22T19:30:18+00:00\",\"breadcrumb\":{\"@id\":\"https:\/\/easywebmkt.com.ar\/cotone\/productos\/mochila-viral-de-viaje\/#breadcrumb\"},\"inLanguage\":\"es-AR\",\"potentialAction\":[{\"@type\":\"ReadAction\",\"target\":[\"https:\/\/easywebmkt.com.ar\/cotone\/productos\/mochila-viral-de-viaje\/\"]}]},{\"@type\":\"ImageObject\",\"inLanguage\":\"es-AR\",\"@id\":\"https:\/\/easywebmkt.com.ar\/cotone\/productos\/mochila-viral-de-viaje\/#primaryimage\",\"url\":\"https:\/\/easywebmkt.com.ar\/cotone\/wp-content\/uploads\/2025\/09\/mochila-force-8.jpg\",\"contentUrl\":\"https:\/\/easywebmkt.com.ar\/cotone\/wp-content\/uploads\/2025\/09\/mochila-force-8.jpg\",\"width\":800,\"height\":800},{\"@type\":\"BreadcrumbList\",\"@id\":\"https:\/\/easywebmkt.com.ar\/cotone\/productos\/mochila-viral-de-viaje\/#breadcrumb\",\"itemListElement\":[{\"@type\":\"ListItem\",\"position\":1,\"name\":\"Inicio\",\"item\":\"https:\/\/easywebmkt.com.ar\/cotone\/\"},{\"@type\":\"ListItem\",\"position\":2,\"name\":\"Productos\",\"item\":\"https:\/\/easywebmkt.com.ar\/cotone\/productos\/\"},{\"@type\":\"ListItem\",\"position\":3,\"name\":\"Mochila viral de viaje\"}]},{\"@type\":\"WebSite\",\"@id\":\"https:\/\/easywebmkt.com.ar\/cotone\/#website\",\"url\":\"https:\/\/easywebmkt.com.ar\/cotone\/\",\"name\":\"Viacotone Argentina\",\"description\":\"Merchandising Partners\",\"potentialAction\":[{\"@type\":\"SearchAction\",\"target\":{\"@type\":\"EntryPoint\",\"urlTemplate\":\"https:\/\/easywebmkt.com.ar\/cotone\/?s={search_term_string}\"},\"query-input\":{\"@type\":\"PropertyValueSpecification\",\"valueRequired\":true,\"valueName\":\"search_term_string\"}}],\"inLanguage\":\"es-AR\"}]}<\/script>\n<!-- \/ Yoast SEO plugin. -->","yoast_head_json":{"title":"Mochila viral de viaje - Viacotone Argentina","robots":{"index":"index","follow":"follow","max-snippet":"max-snippet:-1","max-image-preview":"max-image-preview:large","max-video-preview":"max-video-preview:-1"},"canonical":"https:\/\/easywebmkt.com.ar\/cotone\/productos\/mochila-viral-de-viaje\/","og_locale":"es_ES","og_type":"article","og_title":"Mochila viral de viaje - Viacotone Argentina","og_description":"Carry on expandible, se adapta a tus necesidades de viaje, con capacidad de hasta 30 litros. M\u00e1xima organizaci\u00f3n, tres compartimentos acolchados con bolsillos internos y externos, incluyendo bolsillo impermeable\u00a0y bolsillo de seguridad oculto. Protecci\u00f3n para tecnolog\u00eda, funda acolchada para notebook de hasta 16\"\u00a0con correa de seguridad. Comodidad asegurada, espalda y correas acolchadas, asa reforzada y red de ventilaci\u00f3n para mayor confort Viaje m\u00e1s f\u00e1cil, tira trasera para sujetarla al equipaje con ruedas Detalles premium, tiradores met\u00e1licos, correas ajustables y materiales de calidad para uso intensivo","og_url":"https:\/\/easywebmkt.com.ar\/cotone\/productos\/mochila-viral-de-viaje\/","og_site_name":"Viacotone Argentina","article_modified_time":"2026-01-22T19:30:18+00:00","og_image":[{"width":800,"height":800,"url":"https:\/\/easywebmkt.com.ar\/cotone\/wp-content\/uploads\/2025\/09\/mochila-force-8.jpg","type":"image\/jpeg"}],"twitter_card":"summary_large_image","twitter_misc":{"Tiempo de lectura":"1 minuto"},"schema":{"@context":"https:\/\/schema.org","@graph":[{"@type":"WebPage","@id":"https:\/\/easywebmkt.com.ar\/cotone\/productos\/mochila-viral-de-viaje\/","url":"https:\/\/easywebmkt.com.ar\/cotone\/productos\/mochila-viral-de-viaje\/","name":"Mochila viral de viaje - Viacotone Argentina","isPartOf":{"@id":"https:\/\/easywebmkt.com.ar\/cotone\/#website"},"primaryImageOfPage":{"@id":"https:\/\/easywebmkt.com.ar\/cotone\/productos\/mochila-viral-de-viaje\/#primaryimage"},"image":{"@id":"https:\/\/easywebmkt.com.ar\/cotone\/productos\/mochila-viral-de-viaje\/#primaryimage"},"thumbnailUrl":"https:\/\/easywebmkt.com.ar\/cotone\/wp-content\/uploads\/2025\/09\/mochila-force-8.jpg","datePublished":"2025-09-08T13:43:11+00:00","dateModified":"2026-01-22T19:30:18+00:00","breadcrumb":{"@id":"https:\/\/easywebmkt.com.ar\/cotone\/productos\/mochila-viral-de-viaje\/#breadcrumb"},"inLanguage":"es-AR","potentialAction":[{"@type":"ReadAction","target":["https:\/\/easywebmkt.com.ar\/cotone\/productos\/mochila-viral-de-viaje\/"]}]},{"@type":"ImageObject","inLanguage":"es-AR","@id":"https:\/\/easywebmkt.com.ar\/cotone\/productos\/mochila-viral-de-viaje\/#primaryimage","url":"https:\/\/easywebmkt.com.ar\/cotone\/wp-content\/uploads\/2025\/09\/mochila-force-8.jpg","contentUrl":"https:\/\/easywebmkt.com.ar\/cotone\/wp-content\/uploads\/2025\/09\/mochila-force-8.jpg","width":800,"height":800},{"@type":"BreadcrumbList","@id":"https:\/\/easywebmkt.com.ar\/cotone\/productos\/mochila-viral-de-viaje\/#breadcrumb","itemListElement":[{"@type":"ListItem","position":1,"name":"Inicio","item":"https:\/\/easywebmkt.com.ar\/cotone\/"},{"@type":"ListItem","position":2,"name":"Productos","item":"https:\/\/easywebmkt.com.ar\/cotone\/productos\/"},{"@type":"ListItem","position":3,"name":"Mochila viral de viaje"}]},{"@type":"WebSite","@id":"https:\/\/easywebmkt.com.ar\/cotone\/#website","url":"https:\/\/easywebmkt.com.ar\/cotone\/","name":"Viacotone Argentina","description":"Merchandising Partners","potentialAction":[{"@type":"SearchAction","target":{"@type":"EntryPoint","urlTemplate":"https:\/\/easywebmkt.com.ar\/cotone\/?s={search_term_string}"},"query-input":{"@type":"PropertyValueSpecification","valueRequired":true,"valueName":"search_term_string"}}],"inLanguage":"es-AR"}]}},"_links":{"self":[{"href":"https:\/\/easywebmkt.com.ar\/cotone\/wp-json\/wp\/v2\/product\/31339","targetHints":{"allow":["GET"]}}],"collection":[{"href":"https:\/\/easywebmkt.com.ar\/cotone\/wp-json\/wp\/v2\/product"}],"about":[{"href":"https:\/\/easywebmkt.com.ar\/cotone\/wp-json\/wp\/v2\/types\/product"}],"replies":[{"embeddable":true,"href":"https:\/\/easywebmkt.com.ar\/cotone\/wp-json\/wp\/v2\/comments?post=31339"}],"wp:featuredmedia":[{"embeddable":true,"href":"https:\/\/easywebmkt.com.ar\/cotone\/wp-json\/wp\/v2\/media\/31340"}],"wp:attachment":[{"href":"https:\/\/easywebmkt.com.ar\/cotone\/wp-json\/wp\/v2\/media?parent=31339"}],"wp:term":[{"taxonomy":"product_brand","embeddable":true,"href":"https:\/\/easywebmkt.com.ar\/cotone\/wp-json\/wp\/v2\/product_brand?post=31339"},{"taxonomy":"product_cat","embeddable":true,"href":"https:\/\/easywebmkt.com.ar\/cotone\/wp-json\/wp\/v2\/product_cat?post=31339"},{"taxonomy":"product_tag","embeddable":true,"href":"https:\/\/easywebmkt.com.ar\/cotone\/wp-json\/wp\/v2\/product_tag?post=31339"}],"curies":[{"name":"wp","href":"https:\/\/api.w.org\/{rel}","templated":true}]}}