{"id":32288,"date":"2025-12-10T10:19:50","date_gmt":"2025-12-10T13:19:50","guid":{"rendered":"https:\/\/easywebmkt.com.ar\/cotone\/?post_type=product&#038;p=32288"},"modified":"2026-01-22T15:57:38","modified_gmt":"2026-01-22T18:57:38","slug":"delantal","status":"publish","type":"product","link":"https:\/\/easywebmkt.com.ar\/cotone\/productos\/delantal\/","title":{"rendered":"Delantal"},"content":{"rendered":"","protected":false},"excerpt":{"rendered":"<p>Ideal para los que lo dan todo a la hora de cocinar.<br \/>\n-Delantal confeccionado en Gabardina de alta calidad, lo que lo hace m\u00e1s c\u00f3modo, liviano y vers\u00e1til para cualquier persona que desee usarlo.<br \/>\n-Colores: Marr\u00f3n y Verde Militar.<br \/>\n-El talle es \u00fanico con hebilla regulable para todo tipo de cocinerx.<br \/>\n-Medidas: 70cm largo, 30cm ancho parte superior, 72cm ancho parte inferior. Tiras laterales para atar de 62cm cada una.<br \/>\n-Cuenta con:<br \/>\n*un bolsillo en el pecho, ideal para el celular.<br \/>\n*bolsillos en falda con divisiones, para diferentes usos.<br \/>\n*porta repasador.<br \/>\n*argolla para colgar m\u00faltiples utensilios.<\/p>\n","protected":false},"featured_media":32289,"comment_status":"closed","ping_status":"closed","template":"","meta":[],"product_brand":[],"product_cat":[479,117,119],"product_tag":[],"class_list":{"0":"post-32288","1":"product","2":"type-product","3":"status-publish","4":"has-post-thumbnail","6":"product_cat-gourmet","7":"product_cat-hogar-tiempo-libre","8":"product_cat-outdoor","10":"first","11":"instock","12":"shipping-taxable","13":"purchasable","14":"product-type-simple"},"yoast_head":"<!-- This site is optimized with the Yoast SEO plugin v23.4 - https:\/\/yoast.com\/wordpress\/plugins\/seo\/ -->\n<title>Delantal - Viacotone Argentina<\/title>\n<meta name=\"robots\" content=\"index, follow, max-snippet:-1, max-image-preview:large, max-video-preview:-1\" \/>\n<link rel=\"canonical\" href=\"https:\/\/easywebmkt.com.ar\/cotone\/productos\/delantal\/\" \/>\n<meta property=\"og:locale\" content=\"es_ES\" \/>\n<meta property=\"og:type\" content=\"article\" \/>\n<meta property=\"og:title\" content=\"Delantal - Viacotone Argentina\" \/>\n<meta property=\"og:description\" content=\"Ideal para los que lo dan todo a la hora de cocinar. -Delantal confeccionado en Gabardina de alta calidad, lo que lo hace m\u00e1s c\u00f3modo, liviano y vers\u00e1til para cualquier persona que desee usarlo. -Colores: Marr\u00f3n y Verde Militar. -El talle es \u00fanico con hebilla regulable para todo tipo de cocinerx. -Medidas: 70cm largo, 30cm ancho parte superior, 72cm ancho parte inferior. Tiras laterales para atar de 62cm cada una. -Cuenta con: *un bolsillo en el pecho, ideal para el celular. *bolsillos en falda con divisiones, para diferentes usos. *porta repasador. *argolla para colgar m\u00faltiples utensilios.\" \/>\n<meta property=\"og:url\" content=\"https:\/\/easywebmkt.com.ar\/cotone\/productos\/delantal\/\" \/>\n<meta property=\"og:site_name\" content=\"Viacotone Argentina\" \/>\n<meta property=\"article:modified_time\" content=\"2026-01-22T18:57:38+00:00\" \/>\n<meta property=\"og:image\" content=\"https:\/\/easywebmkt.com.ar\/cotone\/wp-content\/uploads\/2025\/12\/delantal-tumerch.jpg\" \/>\n\t<meta property=\"og:image:width\" content=\"1184\" \/>\n\t<meta property=\"og:image:height\" content=\"864\" \/>\n\t<meta property=\"og:image:type\" content=\"image\/jpeg\" \/>\n<meta name=\"twitter:card\" content=\"summary_large_image\" \/>\n<meta name=\"twitter:label1\" content=\"Tiempo de lectura\" \/>\n\t<meta name=\"twitter:data1\" content=\"1 minuto\" \/>\n<script type=\"application\/ld+json\" class=\"yoast-schema-graph\">{\"@context\":\"https:\/\/schema.org\",\"@graph\":[{\"@type\":\"WebPage\",\"@id\":\"https:\/\/easywebmkt.com.ar\/cotone\/productos\/delantal\/\",\"url\":\"https:\/\/easywebmkt.com.ar\/cotone\/productos\/delantal\/\",\"name\":\"Delantal - Viacotone Argentina\",\"isPartOf\":{\"@id\":\"https:\/\/easywebmkt.com.ar\/cotone\/#website\"},\"primaryImageOfPage\":{\"@id\":\"https:\/\/easywebmkt.com.ar\/cotone\/productos\/delantal\/#primaryimage\"},\"image\":{\"@id\":\"https:\/\/easywebmkt.com.ar\/cotone\/productos\/delantal\/#primaryimage\"},\"thumbnailUrl\":\"https:\/\/easywebmkt.com.ar\/cotone\/wp-content\/uploads\/2025\/12\/delantal-tumerch.jpg\",\"datePublished\":\"2025-12-10T13:19:50+00:00\",\"dateModified\":\"2026-01-22T18:57:38+00:00\",\"breadcrumb\":{\"@id\":\"https:\/\/easywebmkt.com.ar\/cotone\/productos\/delantal\/#breadcrumb\"},\"inLanguage\":\"es-AR\",\"potentialAction\":[{\"@type\":\"ReadAction\",\"target\":[\"https:\/\/easywebmkt.com.ar\/cotone\/productos\/delantal\/\"]}]},{\"@type\":\"ImageObject\",\"inLanguage\":\"es-AR\",\"@id\":\"https:\/\/easywebmkt.com.ar\/cotone\/productos\/delantal\/#primaryimage\",\"url\":\"https:\/\/easywebmkt.com.ar\/cotone\/wp-content\/uploads\/2025\/12\/delantal-tumerch.jpg\",\"contentUrl\":\"https:\/\/easywebmkt.com.ar\/cotone\/wp-content\/uploads\/2025\/12\/delantal-tumerch.jpg\",\"width\":1184,\"height\":864},{\"@type\":\"BreadcrumbList\",\"@id\":\"https:\/\/easywebmkt.com.ar\/cotone\/productos\/delantal\/#breadcrumb\",\"itemListElement\":[{\"@type\":\"ListItem\",\"position\":1,\"name\":\"Inicio\",\"item\":\"https:\/\/easywebmkt.com.ar\/cotone\/\"},{\"@type\":\"ListItem\",\"position\":2,\"name\":\"Productos\",\"item\":\"https:\/\/easywebmkt.com.ar\/cotone\/productos\/\"},{\"@type\":\"ListItem\",\"position\":3,\"name\":\"Delantal\"}]},{\"@type\":\"WebSite\",\"@id\":\"https:\/\/easywebmkt.com.ar\/cotone\/#website\",\"url\":\"https:\/\/easywebmkt.com.ar\/cotone\/\",\"name\":\"Viacotone Argentina\",\"description\":\"Merchandising Partners\",\"potentialAction\":[{\"@type\":\"SearchAction\",\"target\":{\"@type\":\"EntryPoint\",\"urlTemplate\":\"https:\/\/easywebmkt.com.ar\/cotone\/?s={search_term_string}\"},\"query-input\":{\"@type\":\"PropertyValueSpecification\",\"valueRequired\":true,\"valueName\":\"search_term_string\"}}],\"inLanguage\":\"es-AR\"}]}<\/script>\n<!-- \/ Yoast SEO plugin. -->","yoast_head_json":{"title":"Delantal - Viacotone Argentina","robots":{"index":"index","follow":"follow","max-snippet":"max-snippet:-1","max-image-preview":"max-image-preview:large","max-video-preview":"max-video-preview:-1"},"canonical":"https:\/\/easywebmkt.com.ar\/cotone\/productos\/delantal\/","og_locale":"es_ES","og_type":"article","og_title":"Delantal - Viacotone Argentina","og_description":"Ideal para los que lo dan todo a la hora de cocinar. -Delantal confeccionado en Gabardina de alta calidad, lo que lo hace m\u00e1s c\u00f3modo, liviano y vers\u00e1til para cualquier persona que desee usarlo. -Colores: Marr\u00f3n y Verde Militar. -El talle es \u00fanico con hebilla regulable para todo tipo de cocinerx. -Medidas: 70cm largo, 30cm ancho parte superior, 72cm ancho parte inferior. Tiras laterales para atar de 62cm cada una. -Cuenta con: *un bolsillo en el pecho, ideal para el celular. *bolsillos en falda con divisiones, para diferentes usos. *porta repasador. *argolla para colgar m\u00faltiples utensilios.","og_url":"https:\/\/easywebmkt.com.ar\/cotone\/productos\/delantal\/","og_site_name":"Viacotone Argentina","article_modified_time":"2026-01-22T18:57:38+00:00","og_image":[{"width":1184,"height":864,"url":"https:\/\/easywebmkt.com.ar\/cotone\/wp-content\/uploads\/2025\/12\/delantal-tumerch.jpg","type":"image\/jpeg"}],"twitter_card":"summary_large_image","twitter_misc":{"Tiempo de lectura":"1 minuto"},"schema":{"@context":"https:\/\/schema.org","@graph":[{"@type":"WebPage","@id":"https:\/\/easywebmkt.com.ar\/cotone\/productos\/delantal\/","url":"https:\/\/easywebmkt.com.ar\/cotone\/productos\/delantal\/","name":"Delantal - Viacotone Argentina","isPartOf":{"@id":"https:\/\/easywebmkt.com.ar\/cotone\/#website"},"primaryImageOfPage":{"@id":"https:\/\/easywebmkt.com.ar\/cotone\/productos\/delantal\/#primaryimage"},"image":{"@id":"https:\/\/easywebmkt.com.ar\/cotone\/productos\/delantal\/#primaryimage"},"thumbnailUrl":"https:\/\/easywebmkt.com.ar\/cotone\/wp-content\/uploads\/2025\/12\/delantal-tumerch.jpg","datePublished":"2025-12-10T13:19:50+00:00","dateModified":"2026-01-22T18:57:38+00:00","breadcrumb":{"@id":"https:\/\/easywebmkt.com.ar\/cotone\/productos\/delantal\/#breadcrumb"},"inLanguage":"es-AR","potentialAction":[{"@type":"ReadAction","target":["https:\/\/easywebmkt.com.ar\/cotone\/productos\/delantal\/"]}]},{"@type":"ImageObject","inLanguage":"es-AR","@id":"https:\/\/easywebmkt.com.ar\/cotone\/productos\/delantal\/#primaryimage","url":"https:\/\/easywebmkt.com.ar\/cotone\/wp-content\/uploads\/2025\/12\/delantal-tumerch.jpg","contentUrl":"https:\/\/easywebmkt.com.ar\/cotone\/wp-content\/uploads\/2025\/12\/delantal-tumerch.jpg","width":1184,"height":864},{"@type":"BreadcrumbList","@id":"https:\/\/easywebmkt.com.ar\/cotone\/productos\/delantal\/#breadcrumb","itemListElement":[{"@type":"ListItem","position":1,"name":"Inicio","item":"https:\/\/easywebmkt.com.ar\/cotone\/"},{"@type":"ListItem","position":2,"name":"Productos","item":"https:\/\/easywebmkt.com.ar\/cotone\/productos\/"},{"@type":"ListItem","position":3,"name":"Delantal"}]},{"@type":"WebSite","@id":"https:\/\/easywebmkt.com.ar\/cotone\/#website","url":"https:\/\/easywebmkt.com.ar\/cotone\/","name":"Viacotone Argentina","description":"Merchandising Partners","potentialAction":[{"@type":"SearchAction","target":{"@type":"EntryPoint","urlTemplate":"https:\/\/easywebmkt.com.ar\/cotone\/?s={search_term_string}"},"query-input":{"@type":"PropertyValueSpecification","valueRequired":true,"valueName":"search_term_string"}}],"inLanguage":"es-AR"}]}},"_links":{"self":[{"href":"https:\/\/easywebmkt.com.ar\/cotone\/wp-json\/wp\/v2\/product\/32288","targetHints":{"allow":["GET"]}}],"collection":[{"href":"https:\/\/easywebmkt.com.ar\/cotone\/wp-json\/wp\/v2\/product"}],"about":[{"href":"https:\/\/easywebmkt.com.ar\/cotone\/wp-json\/wp\/v2\/types\/product"}],"replies":[{"embeddable":true,"href":"https:\/\/easywebmkt.com.ar\/cotone\/wp-json\/wp\/v2\/comments?post=32288"}],"wp:featuredmedia":[{"embeddable":true,"href":"https:\/\/easywebmkt.com.ar\/cotone\/wp-json\/wp\/v2\/media\/32289"}],"wp:attachment":[{"href":"https:\/\/easywebmkt.com.ar\/cotone\/wp-json\/wp\/v2\/media?parent=32288"}],"wp:term":[{"taxonomy":"product_brand","embeddable":true,"href":"https:\/\/easywebmkt.com.ar\/cotone\/wp-json\/wp\/v2\/product_brand?post=32288"},{"taxonomy":"product_cat","embeddable":true,"href":"https:\/\/easywebmkt.com.ar\/cotone\/wp-json\/wp\/v2\/product_cat?post=32288"},{"taxonomy":"product_tag","embeddable":true,"href":"https:\/\/easywebmkt.com.ar\/cotone\/wp-json\/wp\/v2\/product_tag?post=32288"}],"curies":[{"name":"wp","href":"https:\/\/api.w.org\/{rel}","templated":true}]}}