{"id":7539,"date":"2020-09-07T23:28:39","date_gmt":"2020-09-08T02:28:39","guid":{"rendered":"http:\/\/viacotone.local\/productos\/import-placeholder-for-8117\/"},"modified":"2021-09-21T09:43:24","modified_gmt":"2021-09-21T12:43:24","slug":"mochila-elegant","status":"publish","type":"product","link":"https:\/\/easywebmkt.com.ar\/cotone\/productos\/mochila-elegant\/","title":{"rendered":"Mochila Elegant"},"content":{"rendered":"","protected":false},"excerpt":{"rendered":"<p><strong>Mochila porta notebook 15,6\u00b4\u00b4<\/strong><\/p>\n<p>Dise\u00f1o cl\u00e1sico elegante.<br \/>\nConfeccionada tela poli\u00e9ster 1680 D.<br \/>\nPosee 2 compartimientos principales.<br \/>\nInterior con 2 bolsillos y 2 porta bol\u00edgrafos.<br \/>\nFrente con bolsillo.<br \/>\nAsa de transporte met\u00e1lica.<br \/>\nTirantes acolchados con tejido 3DAir<\/p>\n<p><strong>Capacidad:<\/strong> 12 Litros<\/p>\n","protected":false},"featured_media":7702,"comment_status":"closed","ping_status":"closed","template":"","meta":[],"product_brand":[],"product_cat":[48,107],"product_tag":[193,194,196],"class_list":{"0":"post-7539","1":"product","2":"type-product","3":"status-publish","4":"has-post-thumbnail","6":"product_cat-bolsos-y-mochilas","7":"product_cat-mochilas","8":"product_tag-mochila","9":"product_tag-porta-notebook","10":"product_tag-usb","12":"first","13":"instock","14":"shipping-taxable","15":"purchasable","16":"product-type-simple"},"yoast_head":"<!-- This site is optimized with the Yoast SEO plugin v23.4 - https:\/\/yoast.com\/wordpress\/plugins\/seo\/ -->\n<title>Mochila Elegant - Viacotone Argentina<\/title>\n<meta name=\"robots\" content=\"index, follow, max-snippet:-1, max-image-preview:large, max-video-preview:-1\" \/>\n<link rel=\"canonical\" href=\"https:\/\/easywebmkt.com.ar\/cotone\/productos\/mochila-elegant\/\" \/>\n<meta property=\"og:locale\" content=\"es_ES\" \/>\n<meta property=\"og:type\" content=\"article\" \/>\n<meta property=\"og:title\" content=\"Mochila Elegant - Viacotone Argentina\" \/>\n<meta property=\"og:description\" content=\"Mochila porta notebook 15,6\u00b4\u00b4  Dise\u00f1o cl\u00e1sico elegante. Confeccionada tela poli\u00e9ster 1680 D. Posee 2 compartimientos principales. Interior con 2 bolsillos y 2 porta bol\u00edgrafos. Frente con bolsillo. Asa de transporte met\u00e1lica. Tirantes acolchados con tejido 3DAir  Capacidad: 12 Litros\" \/>\n<meta property=\"og:url\" content=\"https:\/\/easywebmkt.com.ar\/cotone\/productos\/mochila-elegant\/\" \/>\n<meta property=\"og:site_name\" content=\"Viacotone Argentina\" \/>\n<meta property=\"article:modified_time\" content=\"2021-09-21T12:43:24+00:00\" \/>\n<meta property=\"og:image\" content=\"https:\/\/easywebmkt.com.ar\/cotone\/wp-content\/uploads\/2020\/09\/Mochila-beker-sin-logo.jpg\" \/>\n\t<meta property=\"og:image:width\" content=\"800\" \/>\n\t<meta property=\"og:image:height\" content=\"800\" \/>\n\t<meta property=\"og:image:type\" content=\"image\/jpeg\" \/>\n<meta name=\"twitter:card\" content=\"summary_large_image\" \/>\n<script type=\"application\/ld+json\" class=\"yoast-schema-graph\">{\"@context\":\"https:\/\/schema.org\",\"@graph\":[{\"@type\":\"WebPage\",\"@id\":\"https:\/\/easywebmkt.com.ar\/cotone\/productos\/mochila-elegant\/\",\"url\":\"https:\/\/easywebmkt.com.ar\/cotone\/productos\/mochila-elegant\/\",\"name\":\"Mochila Elegant - Viacotone Argentina\",\"isPartOf\":{\"@id\":\"https:\/\/easywebmkt.com.ar\/cotone\/#website\"},\"primaryImageOfPage\":{\"@id\":\"https:\/\/easywebmkt.com.ar\/cotone\/productos\/mochila-elegant\/#primaryimage\"},\"image\":{\"@id\":\"https:\/\/easywebmkt.com.ar\/cotone\/productos\/mochila-elegant\/#primaryimage\"},\"thumbnailUrl\":\"https:\/\/easywebmkt.com.ar\/cotone\/wp-content\/uploads\/2020\/09\/Mochila-beker-sin-logo.jpg\",\"datePublished\":\"2020-09-08T02:28:39+00:00\",\"dateModified\":\"2021-09-21T12:43:24+00:00\",\"breadcrumb\":{\"@id\":\"https:\/\/easywebmkt.com.ar\/cotone\/productos\/mochila-elegant\/#breadcrumb\"},\"inLanguage\":\"es-AR\",\"potentialAction\":[{\"@type\":\"ReadAction\",\"target\":[\"https:\/\/easywebmkt.com.ar\/cotone\/productos\/mochila-elegant\/\"]}]},{\"@type\":\"ImageObject\",\"inLanguage\":\"es-AR\",\"@id\":\"https:\/\/easywebmkt.com.ar\/cotone\/productos\/mochila-elegant\/#primaryimage\",\"url\":\"https:\/\/easywebmkt.com.ar\/cotone\/wp-content\/uploads\/2020\/09\/Mochila-beker-sin-logo.jpg\",\"contentUrl\":\"https:\/\/easywebmkt.com.ar\/cotone\/wp-content\/uploads\/2020\/09\/Mochila-beker-sin-logo.jpg\",\"width\":800,\"height\":800},{\"@type\":\"BreadcrumbList\",\"@id\":\"https:\/\/easywebmkt.com.ar\/cotone\/productos\/mochila-elegant\/#breadcrumb\",\"itemListElement\":[{\"@type\":\"ListItem\",\"position\":1,\"name\":\"Inicio\",\"item\":\"https:\/\/easywebmkt.com.ar\/cotone\/\"},{\"@type\":\"ListItem\",\"position\":2,\"name\":\"Productos\",\"item\":\"https:\/\/easywebmkt.com.ar\/cotone\/productos\/\"},{\"@type\":\"ListItem\",\"position\":3,\"name\":\"Mochila Elegant\"}]},{\"@type\":\"WebSite\",\"@id\":\"https:\/\/easywebmkt.com.ar\/cotone\/#website\",\"url\":\"https:\/\/easywebmkt.com.ar\/cotone\/\",\"name\":\"Viacotone Argentina\",\"description\":\"Merchandising Partners\",\"potentialAction\":[{\"@type\":\"SearchAction\",\"target\":{\"@type\":\"EntryPoint\",\"urlTemplate\":\"https:\/\/easywebmkt.com.ar\/cotone\/?s={search_term_string}\"},\"query-input\":{\"@type\":\"PropertyValueSpecification\",\"valueRequired\":true,\"valueName\":\"search_term_string\"}}],\"inLanguage\":\"es-AR\"}]}<\/script>\n<!-- \/ Yoast SEO plugin. -->","yoast_head_json":{"title":"Mochila Elegant - Viacotone Argentina","robots":{"index":"index","follow":"follow","max-snippet":"max-snippet:-1","max-image-preview":"max-image-preview:large","max-video-preview":"max-video-preview:-1"},"canonical":"https:\/\/easywebmkt.com.ar\/cotone\/productos\/mochila-elegant\/","og_locale":"es_ES","og_type":"article","og_title":"Mochila Elegant - Viacotone Argentina","og_description":"Mochila porta notebook 15,6\u00b4\u00b4  Dise\u00f1o cl\u00e1sico elegante. Confeccionada tela poli\u00e9ster 1680 D. Posee 2 compartimientos principales. Interior con 2 bolsillos y 2 porta bol\u00edgrafos. Frente con bolsillo. Asa de transporte met\u00e1lica. Tirantes acolchados con tejido 3DAir  Capacidad: 12 Litros","og_url":"https:\/\/easywebmkt.com.ar\/cotone\/productos\/mochila-elegant\/","og_site_name":"Viacotone Argentina","article_modified_time":"2021-09-21T12:43:24+00:00","og_image":[{"width":800,"height":800,"url":"https:\/\/easywebmkt.com.ar\/cotone\/wp-content\/uploads\/2020\/09\/Mochila-beker-sin-logo.jpg","type":"image\/jpeg"}],"twitter_card":"summary_large_image","schema":{"@context":"https:\/\/schema.org","@graph":[{"@type":"WebPage","@id":"https:\/\/easywebmkt.com.ar\/cotone\/productos\/mochila-elegant\/","url":"https:\/\/easywebmkt.com.ar\/cotone\/productos\/mochila-elegant\/","name":"Mochila Elegant - Viacotone Argentina","isPartOf":{"@id":"https:\/\/easywebmkt.com.ar\/cotone\/#website"},"primaryImageOfPage":{"@id":"https:\/\/easywebmkt.com.ar\/cotone\/productos\/mochila-elegant\/#primaryimage"},"image":{"@id":"https:\/\/easywebmkt.com.ar\/cotone\/productos\/mochila-elegant\/#primaryimage"},"thumbnailUrl":"https:\/\/easywebmkt.com.ar\/cotone\/wp-content\/uploads\/2020\/09\/Mochila-beker-sin-logo.jpg","datePublished":"2020-09-08T02:28:39+00:00","dateModified":"2021-09-21T12:43:24+00:00","breadcrumb":{"@id":"https:\/\/easywebmkt.com.ar\/cotone\/productos\/mochila-elegant\/#breadcrumb"},"inLanguage":"es-AR","potentialAction":[{"@type":"ReadAction","target":["https:\/\/easywebmkt.com.ar\/cotone\/productos\/mochila-elegant\/"]}]},{"@type":"ImageObject","inLanguage":"es-AR","@id":"https:\/\/easywebmkt.com.ar\/cotone\/productos\/mochila-elegant\/#primaryimage","url":"https:\/\/easywebmkt.com.ar\/cotone\/wp-content\/uploads\/2020\/09\/Mochila-beker-sin-logo.jpg","contentUrl":"https:\/\/easywebmkt.com.ar\/cotone\/wp-content\/uploads\/2020\/09\/Mochila-beker-sin-logo.jpg","width":800,"height":800},{"@type":"BreadcrumbList","@id":"https:\/\/easywebmkt.com.ar\/cotone\/productos\/mochila-elegant\/#breadcrumb","itemListElement":[{"@type":"ListItem","position":1,"name":"Inicio","item":"https:\/\/easywebmkt.com.ar\/cotone\/"},{"@type":"ListItem","position":2,"name":"Productos","item":"https:\/\/easywebmkt.com.ar\/cotone\/productos\/"},{"@type":"ListItem","position":3,"name":"Mochila Elegant"}]},{"@type":"WebSite","@id":"https:\/\/easywebmkt.com.ar\/cotone\/#website","url":"https:\/\/easywebmkt.com.ar\/cotone\/","name":"Viacotone Argentina","description":"Merchandising Partners","potentialAction":[{"@type":"SearchAction","target":{"@type":"EntryPoint","urlTemplate":"https:\/\/easywebmkt.com.ar\/cotone\/?s={search_term_string}"},"query-input":{"@type":"PropertyValueSpecification","valueRequired":true,"valueName":"search_term_string"}}],"inLanguage":"es-AR"}]}},"_links":{"self":[{"href":"https:\/\/easywebmkt.com.ar\/cotone\/wp-json\/wp\/v2\/product\/7539","targetHints":{"allow":["GET"]}}],"collection":[{"href":"https:\/\/easywebmkt.com.ar\/cotone\/wp-json\/wp\/v2\/product"}],"about":[{"href":"https:\/\/easywebmkt.com.ar\/cotone\/wp-json\/wp\/v2\/types\/product"}],"replies":[{"embeddable":true,"href":"https:\/\/easywebmkt.com.ar\/cotone\/wp-json\/wp\/v2\/comments?post=7539"}],"wp:featuredmedia":[{"embeddable":true,"href":"https:\/\/easywebmkt.com.ar\/cotone\/wp-json\/wp\/v2\/media\/7702"}],"wp:attachment":[{"href":"https:\/\/easywebmkt.com.ar\/cotone\/wp-json\/wp\/v2\/media?parent=7539"}],"wp:term":[{"taxonomy":"product_brand","embeddable":true,"href":"https:\/\/easywebmkt.com.ar\/cotone\/wp-json\/wp\/v2\/product_brand?post=7539"},{"taxonomy":"product_cat","embeddable":true,"href":"https:\/\/easywebmkt.com.ar\/cotone\/wp-json\/wp\/v2\/product_cat?post=7539"},{"taxonomy":"product_tag","embeddable":true,"href":"https:\/\/easywebmkt.com.ar\/cotone\/wp-json\/wp\/v2\/product_tag?post=7539"}],"curies":[{"name":"wp","href":"https:\/\/api.w.org\/{rel}","templated":true}]}}