{"id":7569,"date":"2020-09-07T23:29:01","date_gmt":"2020-09-08T02:29:01","guid":{"rendered":"http:\/\/viacotone.local\/productos\/import-placeholder-for-8151\/"},"modified":"2021-09-21T09:43:23","modified_gmt":"2021-09-21T12:43:23","slug":"mochila-flex-premium","status":"publish","type":"product","link":"https:\/\/easywebmkt.com.ar\/cotone\/productos\/mochila-flex-premium\/","title":{"rendered":"Mochila Flex Premium"},"content":{"rendered":"","protected":false},"excerpt":{"rendered":"<p><strong>Mochila premium s\u00faper flexibilidad.<\/strong><\/p>\n<p>Dise\u00f1ada para uso intenso &amp; para todo tipo de clima.<br \/>\nIdeal para quienes llevan su estilo de vida a todas partes.<br \/>\nDise\u00f1o ergon\u00f3mico, con tiras y estructura de goma espuma suave.<br \/>\nUSB externo con cable de carga incluido.<br \/>\nResistente al agua y al degaste, con cierres sellados.<br \/>\nM\u00faltiples bolsillos, 1 bolsillo oculto en las tiras.<br \/>\nMaterial engomado y encerado. Pol\u00ed\u00e9ster 1200.<\/p>\n<p><strong><label>Medidas:<\/label><\/strong>\u00a0<span class=\"info-deta\">28x17x45 cm<br \/>\n<\/span><strong><label>Peso:<\/label><\/strong>\u00a0<span class=\"info-deta\">0,84-0,90 kg<br \/>\n<strong>Capacidad<\/strong>: 21,5 litros<\/span><span class=\"info-deta\"><br \/>\n<\/span><\/p>\n","protected":false},"featured_media":7724,"comment_status":"closed","ping_status":"closed","template":"","meta":[],"product_brand":[],"product_cat":[48,107],"product_tag":[174,193,199,196],"class_list":{"0":"post-7569","1":"product","2":"type-product","3":"status-publish","4":"has-post-thumbnail","6":"product_cat-bolsos-y-mochilas","7":"product_cat-mochilas","8":"product_tag-flexible","9":"product_tag-mochila","10":"product_tag-premium","11":"product_tag-usb","13":"first","14":"instock","15":"shipping-taxable","16":"purchasable","17":"product-type-simple"},"yoast_head":"<!-- This site is optimized with the Yoast SEO plugin v23.4 - https:\/\/yoast.com\/wordpress\/plugins\/seo\/ -->\n<title>Mochila Flex Premium - Viacotone Argentina<\/title>\n<meta name=\"robots\" content=\"index, follow, max-snippet:-1, max-image-preview:large, max-video-preview:-1\" \/>\n<link rel=\"canonical\" href=\"https:\/\/easywebmkt.com.ar\/cotone\/productos\/mochila-flex-premium\/\" \/>\n<meta property=\"og:locale\" content=\"es_ES\" \/>\n<meta property=\"og:type\" content=\"article\" \/>\n<meta property=\"og:title\" content=\"Mochila Flex Premium - Viacotone Argentina\" \/>\n<meta property=\"og:description\" content=\"Mochila premium s\u00faper flexibilidad.  Dise\u00f1ada para uso intenso &amp; para todo tipo de clima. Ideal para quienes llevan su estilo de vida a todas partes. Dise\u00f1o ergon\u00f3mico, con tiras y estructura de goma espuma suave. USB externo con cable de carga incluido. Resistente al agua y al degaste, con cierres sellados. M\u00faltiples bolsillos, 1 bolsillo oculto en las tiras. Material engomado y encerado. Pol\u00ed\u00e9ster 1200.  Medidas:\u00a028x17x45 cm Peso:\u00a00,84-0,90 kg Capacidad: 21,5 litros\" \/>\n<meta property=\"og:url\" content=\"https:\/\/easywebmkt.com.ar\/cotone\/productos\/mochila-flex-premium\/\" \/>\n<meta property=\"og:site_name\" content=\"Viacotone Argentina\" \/>\n<meta property=\"article:modified_time\" content=\"2021-09-21T12:43:23+00:00\" \/>\n<meta property=\"og:image\" content=\"https:\/\/easywebmkt.com.ar\/cotone\/wp-content\/uploads\/2020\/09\/Mochila-moose-10.jpg\" \/>\n\t<meta property=\"og:image:width\" content=\"800\" \/>\n\t<meta property=\"og:image:height\" content=\"800\" \/>\n\t<meta property=\"og:image:type\" content=\"image\/jpeg\" \/>\n<meta name=\"twitter:card\" content=\"summary_large_image\" \/>\n<script type=\"application\/ld+json\" class=\"yoast-schema-graph\">{\"@context\":\"https:\/\/schema.org\",\"@graph\":[{\"@type\":\"WebPage\",\"@id\":\"https:\/\/easywebmkt.com.ar\/cotone\/productos\/mochila-flex-premium\/\",\"url\":\"https:\/\/easywebmkt.com.ar\/cotone\/productos\/mochila-flex-premium\/\",\"name\":\"Mochila Flex Premium - Viacotone Argentina\",\"isPartOf\":{\"@id\":\"https:\/\/easywebmkt.com.ar\/cotone\/#website\"},\"primaryImageOfPage\":{\"@id\":\"https:\/\/easywebmkt.com.ar\/cotone\/productos\/mochila-flex-premium\/#primaryimage\"},\"image\":{\"@id\":\"https:\/\/easywebmkt.com.ar\/cotone\/productos\/mochila-flex-premium\/#primaryimage\"},\"thumbnailUrl\":\"https:\/\/easywebmkt.com.ar\/cotone\/wp-content\/uploads\/2020\/09\/Mochila-moose-10.jpg\",\"datePublished\":\"2020-09-08T02:29:01+00:00\",\"dateModified\":\"2021-09-21T12:43:23+00:00\",\"breadcrumb\":{\"@id\":\"https:\/\/easywebmkt.com.ar\/cotone\/productos\/mochila-flex-premium\/#breadcrumb\"},\"inLanguage\":\"es-AR\",\"potentialAction\":[{\"@type\":\"ReadAction\",\"target\":[\"https:\/\/easywebmkt.com.ar\/cotone\/productos\/mochila-flex-premium\/\"]}]},{\"@type\":\"ImageObject\",\"inLanguage\":\"es-AR\",\"@id\":\"https:\/\/easywebmkt.com.ar\/cotone\/productos\/mochila-flex-premium\/#primaryimage\",\"url\":\"https:\/\/easywebmkt.com.ar\/cotone\/wp-content\/uploads\/2020\/09\/Mochila-moose-10.jpg\",\"contentUrl\":\"https:\/\/easywebmkt.com.ar\/cotone\/wp-content\/uploads\/2020\/09\/Mochila-moose-10.jpg\",\"width\":800,\"height\":800},{\"@type\":\"BreadcrumbList\",\"@id\":\"https:\/\/easywebmkt.com.ar\/cotone\/productos\/mochila-flex-premium\/#breadcrumb\",\"itemListElement\":[{\"@type\":\"ListItem\",\"position\":1,\"name\":\"Inicio\",\"item\":\"https:\/\/easywebmkt.com.ar\/cotone\/\"},{\"@type\":\"ListItem\",\"position\":2,\"name\":\"Productos\",\"item\":\"https:\/\/easywebmkt.com.ar\/cotone\/productos\/\"},{\"@type\":\"ListItem\",\"position\":3,\"name\":\"Mochila Flex Premium\"}]},{\"@type\":\"WebSite\",\"@id\":\"https:\/\/easywebmkt.com.ar\/cotone\/#website\",\"url\":\"https:\/\/easywebmkt.com.ar\/cotone\/\",\"name\":\"Viacotone Argentina\",\"description\":\"Merchandising Partners\",\"potentialAction\":[{\"@type\":\"SearchAction\",\"target\":{\"@type\":\"EntryPoint\",\"urlTemplate\":\"https:\/\/easywebmkt.com.ar\/cotone\/?s={search_term_string}\"},\"query-input\":{\"@type\":\"PropertyValueSpecification\",\"valueRequired\":true,\"valueName\":\"search_term_string\"}}],\"inLanguage\":\"es-AR\"}]}<\/script>\n<!-- \/ Yoast SEO plugin. -->","yoast_head_json":{"title":"Mochila Flex Premium - Viacotone Argentina","robots":{"index":"index","follow":"follow","max-snippet":"max-snippet:-1","max-image-preview":"max-image-preview:large","max-video-preview":"max-video-preview:-1"},"canonical":"https:\/\/easywebmkt.com.ar\/cotone\/productos\/mochila-flex-premium\/","og_locale":"es_ES","og_type":"article","og_title":"Mochila Flex Premium - Viacotone Argentina","og_description":"Mochila premium s\u00faper flexibilidad.  Dise\u00f1ada para uso intenso &amp; para todo tipo de clima. Ideal para quienes llevan su estilo de vida a todas partes. Dise\u00f1o ergon\u00f3mico, con tiras y estructura de goma espuma suave. USB externo con cable de carga incluido. Resistente al agua y al degaste, con cierres sellados. M\u00faltiples bolsillos, 1 bolsillo oculto en las tiras. Material engomado y encerado. Pol\u00ed\u00e9ster 1200.  Medidas:\u00a028x17x45 cm Peso:\u00a00,84-0,90 kg Capacidad: 21,5 litros","og_url":"https:\/\/easywebmkt.com.ar\/cotone\/productos\/mochila-flex-premium\/","og_site_name":"Viacotone Argentina","article_modified_time":"2021-09-21T12:43:23+00:00","og_image":[{"width":800,"height":800,"url":"https:\/\/easywebmkt.com.ar\/cotone\/wp-content\/uploads\/2020\/09\/Mochila-moose-10.jpg","type":"image\/jpeg"}],"twitter_card":"summary_large_image","schema":{"@context":"https:\/\/schema.org","@graph":[{"@type":"WebPage","@id":"https:\/\/easywebmkt.com.ar\/cotone\/productos\/mochila-flex-premium\/","url":"https:\/\/easywebmkt.com.ar\/cotone\/productos\/mochila-flex-premium\/","name":"Mochila Flex Premium - Viacotone Argentina","isPartOf":{"@id":"https:\/\/easywebmkt.com.ar\/cotone\/#website"},"primaryImageOfPage":{"@id":"https:\/\/easywebmkt.com.ar\/cotone\/productos\/mochila-flex-premium\/#primaryimage"},"image":{"@id":"https:\/\/easywebmkt.com.ar\/cotone\/productos\/mochila-flex-premium\/#primaryimage"},"thumbnailUrl":"https:\/\/easywebmkt.com.ar\/cotone\/wp-content\/uploads\/2020\/09\/Mochila-moose-10.jpg","datePublished":"2020-09-08T02:29:01+00:00","dateModified":"2021-09-21T12:43:23+00:00","breadcrumb":{"@id":"https:\/\/easywebmkt.com.ar\/cotone\/productos\/mochila-flex-premium\/#breadcrumb"},"inLanguage":"es-AR","potentialAction":[{"@type":"ReadAction","target":["https:\/\/easywebmkt.com.ar\/cotone\/productos\/mochila-flex-premium\/"]}]},{"@type":"ImageObject","inLanguage":"es-AR","@id":"https:\/\/easywebmkt.com.ar\/cotone\/productos\/mochila-flex-premium\/#primaryimage","url":"https:\/\/easywebmkt.com.ar\/cotone\/wp-content\/uploads\/2020\/09\/Mochila-moose-10.jpg","contentUrl":"https:\/\/easywebmkt.com.ar\/cotone\/wp-content\/uploads\/2020\/09\/Mochila-moose-10.jpg","width":800,"height":800},{"@type":"BreadcrumbList","@id":"https:\/\/easywebmkt.com.ar\/cotone\/productos\/mochila-flex-premium\/#breadcrumb","itemListElement":[{"@type":"ListItem","position":1,"name":"Inicio","item":"https:\/\/easywebmkt.com.ar\/cotone\/"},{"@type":"ListItem","position":2,"name":"Productos","item":"https:\/\/easywebmkt.com.ar\/cotone\/productos\/"},{"@type":"ListItem","position":3,"name":"Mochila Flex Premium"}]},{"@type":"WebSite","@id":"https:\/\/easywebmkt.com.ar\/cotone\/#website","url":"https:\/\/easywebmkt.com.ar\/cotone\/","name":"Viacotone Argentina","description":"Merchandising Partners","potentialAction":[{"@type":"SearchAction","target":{"@type":"EntryPoint","urlTemplate":"https:\/\/easywebmkt.com.ar\/cotone\/?s={search_term_string}"},"query-input":{"@type":"PropertyValueSpecification","valueRequired":true,"valueName":"search_term_string"}}],"inLanguage":"es-AR"}]}},"_links":{"self":[{"href":"https:\/\/easywebmkt.com.ar\/cotone\/wp-json\/wp\/v2\/product\/7569","targetHints":{"allow":["GET"]}}],"collection":[{"href":"https:\/\/easywebmkt.com.ar\/cotone\/wp-json\/wp\/v2\/product"}],"about":[{"href":"https:\/\/easywebmkt.com.ar\/cotone\/wp-json\/wp\/v2\/types\/product"}],"replies":[{"embeddable":true,"href":"https:\/\/easywebmkt.com.ar\/cotone\/wp-json\/wp\/v2\/comments?post=7569"}],"wp:featuredmedia":[{"embeddable":true,"href":"https:\/\/easywebmkt.com.ar\/cotone\/wp-json\/wp\/v2\/media\/7724"}],"wp:attachment":[{"href":"https:\/\/easywebmkt.com.ar\/cotone\/wp-json\/wp\/v2\/media?parent=7569"}],"wp:term":[{"taxonomy":"product_brand","embeddable":true,"href":"https:\/\/easywebmkt.com.ar\/cotone\/wp-json\/wp\/v2\/product_brand?post=7569"},{"taxonomy":"product_cat","embeddable":true,"href":"https:\/\/easywebmkt.com.ar\/cotone\/wp-json\/wp\/v2\/product_cat?post=7569"},{"taxonomy":"product_tag","embeddable":true,"href":"https:\/\/easywebmkt.com.ar\/cotone\/wp-json\/wp\/v2\/product_tag?post=7569"}],"curies":[{"name":"wp","href":"https:\/\/api.w.org\/{rel}","templated":true}]}}