{"id":7620,"date":"2020-09-07T23:29:53","date_gmt":"2020-09-08T02:29:53","guid":{"rendered":"http:\/\/viacotone.local\/productos\/import-placeholder-for-8298\/"},"modified":"2021-09-21T09:43:22","modified_gmt":"2021-09-21T12:43:22","slug":"mochila-street-in","status":"publish","type":"product","link":"https:\/\/easywebmkt.com.ar\/cotone\/productos\/mochila-street-in\/","title":{"rendered":"Mochila Street In"},"content":{"rendered":"","protected":false},"excerpt":{"rendered":"<form class=\"variations_form cart\" style=\"box-sizing: border-box; margin: 0px; padding: 0px; font-size: 16px; font-family: Lato, sans-serif; color: #737373; font-style: normal; font-variant-ligatures: normal; font-variant-caps: normal; font-weight: 400; letter-spacing: normal; orphans: 2; text-align: start; text-indent: 0px; text-transform: none; white-space: normal; widows: 2; word-spacing: 0px; -webkit-text-stroke-width: 0px; background-color: #ffffff; text-decoration-style: initial; text-decoration-color: initial;\" enctype=\"multipart\/form-data\" method=\"post\" data-product_id=\"1706\" data-product_variations=\"[{&quot;attributes&quot;:{&quot;attribute_pa_color&quot;:&quot;negro&quot;},&quot;availability_html&quot;:&quot;&lt;p class=&quot;stock in-stock&quot;&gt;195 en stock&lt;\/p&gt;n&quot;,&quot;backorders_allowed&quot;:false,&quot;dimensions&quot;:{&quot;length&quot;:&quot;&quot;,&quot;width&quot;:&quot;&quot;,&quot;height&quot;:&quot;&quot;},&quot;dimensions_html&quot;:&quot;N\/D&quot;,&quot;display_price&quot;:37.8,&quot;display_regular_price&quot;:59.997,&quot;image&quot;:{&quot;title&quot;:&quot;M521-lateral&quot;,&quot;caption&quot;:&quot;&quot;,&quot;url&quot;:&quot;https:\/\/megaimport.com.ar\/wp-content\/uploads\/2020\/01\/M521-lateral.jpg&quot;,&quot;alt&quot;:&quot;&quot;,&quot;src&quot;:&quot;https:\/\/megaimport.com.ar\/wp-content\/uploads\/2020\/01\/M521-lateral-600x737.jpg&quot;,&quot;srcset&quot;:&quot;https:\/\/megaimport.com.ar\/wp-content\/uploads\/2020\/01\/M521-lateral-600x737.jpg 600w, https:\/\/megaimport.com.ar\/wp-content\/uploads\/2020\/01\/M521-lateral-244x300.jpg 244w, https:\/\/megaimport.com.ar\/wp-content\/uploads\/2020\/01\/M521-lateral-768x943.jpg 768w, https:\/\/megaimport.com.ar\/wp-content\/uploads\/2020\/01\/M521-lateral-834x1024.jpg 834w, https:\/\/megaimport.com.ar\/wp-content\/uploads\/2020\/01\/M521-lateral-300x368.jpg 300w&quot;,&quot;sizes&quot;:&quot;(max-width: 600px) 100vw, 600px&quot;,&quot;full_src&quot;:&quot;https:\/\/megaimport.com.ar\/wp-content\/uploads\/2020\/01\/M521-lateral.jpg&quot;,&quot;full_src_w&quot;:1710,&quot;full_src_h&quot;:2100,&quot;gallery_thumbnail_src&quot;:&quot;https:\/\/megaimport.com.ar\/wp-content\/uploads\/2020\/01\/M521-lateral-100x100.jpg&quot;,&quot;gallery_thumbnail_src_w&quot;:100,&quot;gallery_thumbnail_src_h&quot;:100,&quot;thumb_src&quot;:&quot;https:\/\/megaimport.com.ar\/wp-content\/uploads\/2020\/01\/M521-lateral-300x368.jpg&quot;,&quot;thumb_src_w&quot;:300,&quot;thumb_src_h&quot;:368,&quot;src_w&quot;:600,&quot;src_h&quot;:737},&quot;image_id&quot;:&quot;1712&quot;,&quot;is_downloadable&quot;:false,&quot;is_in_stock&quot;:true,&quot;is_purchasable&quot;:true,&quot;is_sold_individually&quot;:&quot;no&quot;,&quot;is_virtual&quot;:false,&quot;max_qty&quot;:195,&quot;min_qty&quot;:1,&quot;price_html&quot;:&quot;&quot;,&quot;sku&quot;:&quot;M521&quot;,&quot;variation_description&quot;:&quot;&quot;,&quot;variation_id&quot;:1707,&quot;variation_is_active&quot;:true,&quot;variation_is_visible&quot;:true,&quot;weight&quot;:&quot;&quot;,&quot;weight_html&quot;:&quot;N\/D&quot;}]\">\n<div class=\"single_variation_wrap\">\n<div class=\"woocommerce-variation-add-to-cart variations_button woocommerce-variation-add-to-cart-disabled\">\n<p><strong>Mochila Porta notebook 15,6\u00b4\u00b4<\/strong><\/p>\n<p>Confeccionada con tela algod\u00f3n y Nylon.<br \/>\nPosee compartimiento principal con doble cierre perimetral.<br \/>\nSegundo compartimiento con cierre perimetral.<br \/>\nSolapa bolsillo con cierre y aplique dise\u00f1o hebilla imantada.<br \/>\n1 par de bolsillos laterales.<br \/>\nInterior con 2 bolsillos organizadores.<br \/>\nConexi\u00f3n USB (no incluye power bank).<br \/>\nDetalles laterales de eco cuero marr\u00f3n.<\/p>\n<p><strong>Capacidad:<\/strong> 24 Litros<\/p>\n<\/div>\n<\/div>\n<\/form>\n","protected":false},"featured_media":7786,"comment_status":"closed","ping_status":"closed","template":"","meta":[],"product_brand":[],"product_cat":[48,107],"product_tag":[193,194,196],"class_list":{"0":"post-7620","1":"product","2":"type-product","3":"status-publish","4":"has-post-thumbnail","6":"product_cat-bolsos-y-mochilas","7":"product_cat-mochilas","8":"product_tag-mochila","9":"product_tag-porta-notebook","10":"product_tag-usb","12":"first","13":"instock","14":"shipping-taxable","15":"purchasable","16":"product-type-simple"},"yoast_head":"<!-- This site is optimized with the Yoast SEO plugin v23.4 - https:\/\/yoast.com\/wordpress\/plugins\/seo\/ -->\n<title>Mochila Street In - Viacotone Argentina<\/title>\n<meta name=\"robots\" content=\"index, follow, max-snippet:-1, max-image-preview:large, max-video-preview:-1\" \/>\n<link rel=\"canonical\" href=\"https:\/\/easywebmkt.com.ar\/cotone\/productos\/mochila-street-in\/\" \/>\n<meta property=\"og:locale\" content=\"es_ES\" \/>\n<meta property=\"og:type\" content=\"article\" \/>\n<meta property=\"og:title\" content=\"Mochila Street In - Viacotone Argentina\" \/>\n<meta property=\"og:description\" content=\"Mochila Porta notebook 15,6\u00b4\u00b4  Confeccionada con tela algod\u00f3n y Nylon. Posee compartimiento principal con doble cierre perimetral. Segundo compartimiento con cierre perimetral. Solapa bolsillo con cierre y aplique dise\u00f1o hebilla imantada. 1 par de bolsillos laterales. Interior con 2 bolsillos organizadores. Conexi\u00f3n USB (no incluye power bank). Detalles laterales de eco cuero marr\u00f3n.  Capacidad: 24 Litros\" \/>\n<meta property=\"og:url\" content=\"https:\/\/easywebmkt.com.ar\/cotone\/productos\/mochila-street-in\/\" \/>\n<meta property=\"og:site_name\" content=\"Viacotone Argentina\" \/>\n<meta property=\"article:modified_time\" content=\"2021-09-21T12:43:22+00:00\" \/>\n<meta property=\"og:image\" content=\"https:\/\/easywebmkt.com.ar\/cotone\/wp-content\/uploads\/2020\/09\/mochila-brooklyn-4.jpg\" \/>\n\t<meta property=\"og:image:width\" content=\"800\" \/>\n\t<meta property=\"og:image:height\" content=\"800\" \/>\n\t<meta property=\"og:image:type\" content=\"image\/jpeg\" \/>\n<meta name=\"twitter:card\" content=\"summary_large_image\" \/>\n<script type=\"application\/ld+json\" class=\"yoast-schema-graph\">{\"@context\":\"https:\/\/schema.org\",\"@graph\":[{\"@type\":\"WebPage\",\"@id\":\"https:\/\/easywebmkt.com.ar\/cotone\/productos\/mochila-street-in\/\",\"url\":\"https:\/\/easywebmkt.com.ar\/cotone\/productos\/mochila-street-in\/\",\"name\":\"Mochila Street In - Viacotone Argentina\",\"isPartOf\":{\"@id\":\"https:\/\/easywebmkt.com.ar\/cotone\/#website\"},\"primaryImageOfPage\":{\"@id\":\"https:\/\/easywebmkt.com.ar\/cotone\/productos\/mochila-street-in\/#primaryimage\"},\"image\":{\"@id\":\"https:\/\/easywebmkt.com.ar\/cotone\/productos\/mochila-street-in\/#primaryimage\"},\"thumbnailUrl\":\"https:\/\/easywebmkt.com.ar\/cotone\/wp-content\/uploads\/2020\/09\/mochila-brooklyn-4.jpg\",\"datePublished\":\"2020-09-08T02:29:53+00:00\",\"dateModified\":\"2021-09-21T12:43:22+00:00\",\"breadcrumb\":{\"@id\":\"https:\/\/easywebmkt.com.ar\/cotone\/productos\/mochila-street-in\/#breadcrumb\"},\"inLanguage\":\"es-AR\",\"potentialAction\":[{\"@type\":\"ReadAction\",\"target\":[\"https:\/\/easywebmkt.com.ar\/cotone\/productos\/mochila-street-in\/\"]}]},{\"@type\":\"ImageObject\",\"inLanguage\":\"es-AR\",\"@id\":\"https:\/\/easywebmkt.com.ar\/cotone\/productos\/mochila-street-in\/#primaryimage\",\"url\":\"https:\/\/easywebmkt.com.ar\/cotone\/wp-content\/uploads\/2020\/09\/mochila-brooklyn-4.jpg\",\"contentUrl\":\"https:\/\/easywebmkt.com.ar\/cotone\/wp-content\/uploads\/2020\/09\/mochila-brooklyn-4.jpg\",\"width\":800,\"height\":800},{\"@type\":\"BreadcrumbList\",\"@id\":\"https:\/\/easywebmkt.com.ar\/cotone\/productos\/mochila-street-in\/#breadcrumb\",\"itemListElement\":[{\"@type\":\"ListItem\",\"position\":1,\"name\":\"Inicio\",\"item\":\"https:\/\/easywebmkt.com.ar\/cotone\/\"},{\"@type\":\"ListItem\",\"position\":2,\"name\":\"Productos\",\"item\":\"https:\/\/easywebmkt.com.ar\/cotone\/productos\/\"},{\"@type\":\"ListItem\",\"position\":3,\"name\":\"Mochila Street In\"}]},{\"@type\":\"WebSite\",\"@id\":\"https:\/\/easywebmkt.com.ar\/cotone\/#website\",\"url\":\"https:\/\/easywebmkt.com.ar\/cotone\/\",\"name\":\"Viacotone Argentina\",\"description\":\"Merchandising Partners\",\"potentialAction\":[{\"@type\":\"SearchAction\",\"target\":{\"@type\":\"EntryPoint\",\"urlTemplate\":\"https:\/\/easywebmkt.com.ar\/cotone\/?s={search_term_string}\"},\"query-input\":{\"@type\":\"PropertyValueSpecification\",\"valueRequired\":true,\"valueName\":\"search_term_string\"}}],\"inLanguage\":\"es-AR\"}]}<\/script>\n<!-- \/ Yoast SEO plugin. -->","yoast_head_json":{"title":"Mochila Street In - Viacotone Argentina","robots":{"index":"index","follow":"follow","max-snippet":"max-snippet:-1","max-image-preview":"max-image-preview:large","max-video-preview":"max-video-preview:-1"},"canonical":"https:\/\/easywebmkt.com.ar\/cotone\/productos\/mochila-street-in\/","og_locale":"es_ES","og_type":"article","og_title":"Mochila Street In - Viacotone Argentina","og_description":"Mochila Porta notebook 15,6\u00b4\u00b4  Confeccionada con tela algod\u00f3n y Nylon. Posee compartimiento principal con doble cierre perimetral. Segundo compartimiento con cierre perimetral. Solapa bolsillo con cierre y aplique dise\u00f1o hebilla imantada. 1 par de bolsillos laterales. Interior con 2 bolsillos organizadores. Conexi\u00f3n USB (no incluye power bank). Detalles laterales de eco cuero marr\u00f3n.  Capacidad: 24 Litros","og_url":"https:\/\/easywebmkt.com.ar\/cotone\/productos\/mochila-street-in\/","og_site_name":"Viacotone Argentina","article_modified_time":"2021-09-21T12:43:22+00:00","og_image":[{"width":800,"height":800,"url":"https:\/\/easywebmkt.com.ar\/cotone\/wp-content\/uploads\/2020\/09\/mochila-brooklyn-4.jpg","type":"image\/jpeg"}],"twitter_card":"summary_large_image","schema":{"@context":"https:\/\/schema.org","@graph":[{"@type":"WebPage","@id":"https:\/\/easywebmkt.com.ar\/cotone\/productos\/mochila-street-in\/","url":"https:\/\/easywebmkt.com.ar\/cotone\/productos\/mochila-street-in\/","name":"Mochila Street In - Viacotone Argentina","isPartOf":{"@id":"https:\/\/easywebmkt.com.ar\/cotone\/#website"},"primaryImageOfPage":{"@id":"https:\/\/easywebmkt.com.ar\/cotone\/productos\/mochila-street-in\/#primaryimage"},"image":{"@id":"https:\/\/easywebmkt.com.ar\/cotone\/productos\/mochila-street-in\/#primaryimage"},"thumbnailUrl":"https:\/\/easywebmkt.com.ar\/cotone\/wp-content\/uploads\/2020\/09\/mochila-brooklyn-4.jpg","datePublished":"2020-09-08T02:29:53+00:00","dateModified":"2021-09-21T12:43:22+00:00","breadcrumb":{"@id":"https:\/\/easywebmkt.com.ar\/cotone\/productos\/mochila-street-in\/#breadcrumb"},"inLanguage":"es-AR","potentialAction":[{"@type":"ReadAction","target":["https:\/\/easywebmkt.com.ar\/cotone\/productos\/mochila-street-in\/"]}]},{"@type":"ImageObject","inLanguage":"es-AR","@id":"https:\/\/easywebmkt.com.ar\/cotone\/productos\/mochila-street-in\/#primaryimage","url":"https:\/\/easywebmkt.com.ar\/cotone\/wp-content\/uploads\/2020\/09\/mochila-brooklyn-4.jpg","contentUrl":"https:\/\/easywebmkt.com.ar\/cotone\/wp-content\/uploads\/2020\/09\/mochila-brooklyn-4.jpg","width":800,"height":800},{"@type":"BreadcrumbList","@id":"https:\/\/easywebmkt.com.ar\/cotone\/productos\/mochila-street-in\/#breadcrumb","itemListElement":[{"@type":"ListItem","position":1,"name":"Inicio","item":"https:\/\/easywebmkt.com.ar\/cotone\/"},{"@type":"ListItem","position":2,"name":"Productos","item":"https:\/\/easywebmkt.com.ar\/cotone\/productos\/"},{"@type":"ListItem","position":3,"name":"Mochila Street In"}]},{"@type":"WebSite","@id":"https:\/\/easywebmkt.com.ar\/cotone\/#website","url":"https:\/\/easywebmkt.com.ar\/cotone\/","name":"Viacotone Argentina","description":"Merchandising Partners","potentialAction":[{"@type":"SearchAction","target":{"@type":"EntryPoint","urlTemplate":"https:\/\/easywebmkt.com.ar\/cotone\/?s={search_term_string}"},"query-input":{"@type":"PropertyValueSpecification","valueRequired":true,"valueName":"search_term_string"}}],"inLanguage":"es-AR"}]}},"_links":{"self":[{"href":"https:\/\/easywebmkt.com.ar\/cotone\/wp-json\/wp\/v2\/product\/7620","targetHints":{"allow":["GET"]}}],"collection":[{"href":"https:\/\/easywebmkt.com.ar\/cotone\/wp-json\/wp\/v2\/product"}],"about":[{"href":"https:\/\/easywebmkt.com.ar\/cotone\/wp-json\/wp\/v2\/types\/product"}],"replies":[{"embeddable":true,"href":"https:\/\/easywebmkt.com.ar\/cotone\/wp-json\/wp\/v2\/comments?post=7620"}],"wp:featuredmedia":[{"embeddable":true,"href":"https:\/\/easywebmkt.com.ar\/cotone\/wp-json\/wp\/v2\/media\/7786"}],"wp:attachment":[{"href":"https:\/\/easywebmkt.com.ar\/cotone\/wp-json\/wp\/v2\/media?parent=7620"}],"wp:term":[{"taxonomy":"product_brand","embeddable":true,"href":"https:\/\/easywebmkt.com.ar\/cotone\/wp-json\/wp\/v2\/product_brand?post=7620"},{"taxonomy":"product_cat","embeddable":true,"href":"https:\/\/easywebmkt.com.ar\/cotone\/wp-json\/wp\/v2\/product_cat?post=7620"},{"taxonomy":"product_tag","embeddable":true,"href":"https:\/\/easywebmkt.com.ar\/cotone\/wp-json\/wp\/v2\/product_tag?post=7620"}],"curies":[{"name":"wp","href":"https:\/\/api.w.org\/{rel}","templated":true}]}}