{"id":9236,"date":"2020-10-16T12:34:30","date_gmt":"2020-10-16T15:34:30","guid":{"rendered":"http:\/\/viacotone.local\/?post_type=product&#038;p=9236"},"modified":"2025-01-14T13:30:41","modified_gmt":"2025-01-14T16:30:41","slug":"sobre-para-notebook-force","status":"publish","type":"product","link":"https:\/\/easywebmkt.com.ar\/cotone\/productos\/sobre-para-notebook-force\/","title":{"rendered":"Sobre Force"},"content":{"rendered":"","protected":false},"excerpt":{"rendered":"<p><strong>Funda para notebook y laptop\u00a0 14&#8243; y 15.6&#8243; <\/strong><\/p>\n<p>Interior es acolchonado y muy suave con una tela tipo &#8220;peluche&#8221; para evitar que la pantalla se ralle.<br \/>\nDispone de una peque\u00f1a correa lateral porta llavero o para amarrar.<br \/>\nCierre de &#8220;doble v\u00eda&#8221;.<br \/>\n80% poli\u00e9ster y 10% espuma interna de poliuretano anti golpe.<\/p>\n<p><strong>Marca<\/strong>: ZOM<\/p>\n<p><strong>Tama\u00f1o:<\/strong><br \/>\n14&#8243;: 36 \/ 25,5 \/ 2 cm.<br \/>\n15.6&#8243;: 40 \/ 31 \/ 2 cm.<\/p>\n","protected":false},"featured_media":9237,"comment_status":"closed","ping_status":"closed","template":"","meta":[],"product_brand":[],"product_cat":[870,48],"product_tag":[203,423,421,351,194,144,422],"class_list":{"0":"post-9236","1":"product","2":"type-product","3":"status-publish","4":"has-post-thumbnail","6":"product_cat-bolsos","7":"product_cat-bolsos-y-mochilas","8":"product_tag-bolso","9":"product_tag-funda","10":"product_tag-laptop","11":"product_tag-notebook","12":"product_tag-porta-notebook","13":"product_tag-sobre","14":"product_tag-valija","16":"first","17":"instock","18":"shipping-taxable","19":"purchasable","20":"product-type-simple"},"yoast_head":"<!-- This site is optimized with the Yoast SEO plugin v23.4 - https:\/\/yoast.com\/wordpress\/plugins\/seo\/ -->\n<title>Sobre Force - Viacotone Argentina<\/title>\n<meta name=\"robots\" content=\"index, follow, max-snippet:-1, max-image-preview:large, max-video-preview:-1\" \/>\n<link rel=\"canonical\" href=\"https:\/\/easywebmkt.com.ar\/cotone\/productos\/sobre-para-notebook-force\/\" \/>\n<meta property=\"og:locale\" content=\"es_ES\" \/>\n<meta property=\"og:type\" content=\"article\" \/>\n<meta property=\"og:title\" content=\"Sobre Force - Viacotone Argentina\" \/>\n<meta property=\"og:description\" content=\"Funda para notebook y laptop\u00a0 14&quot; y 15.6&quot;   Interior es acolchonado y muy suave con una tela tipo &quot;peluche&quot; para evitar que la pantalla se ralle. Dispone de una peque\u00f1a correa lateral porta llavero o para amarrar. Cierre de &quot;doble v\u00eda&quot;. 80% poli\u00e9ster y 10% espuma interna de poliuretano anti golpe.  Marca: ZOM  Tama\u00f1o: 14&quot;: 36 \/ 25,5 \/ 2 cm. 15.6&quot;: 40 \/ 31 \/ 2 cm.\" \/>\n<meta property=\"og:url\" content=\"https:\/\/easywebmkt.com.ar\/cotone\/productos\/sobre-para-notebook-force\/\" \/>\n<meta property=\"og:site_name\" content=\"Viacotone Argentina\" \/>\n<meta property=\"article:modified_time\" content=\"2025-01-14T16:30:41+00:00\" \/>\n<meta property=\"og:image\" content=\"https:\/\/easywebmkt.com.ar\/cotone\/wp-content\/uploads\/2020\/10\/sobre-porta-notebook-1.jpg\" \/>\n\t<meta property=\"og:image:width\" content=\"800\" \/>\n\t<meta property=\"og:image:height\" content=\"800\" \/>\n\t<meta property=\"og:image:type\" content=\"image\/jpeg\" \/>\n<meta name=\"twitter:card\" content=\"summary_large_image\" \/>\n<script type=\"application\/ld+json\" class=\"yoast-schema-graph\">{\"@context\":\"https:\/\/schema.org\",\"@graph\":[{\"@type\":\"WebPage\",\"@id\":\"https:\/\/easywebmkt.com.ar\/cotone\/productos\/sobre-para-notebook-force\/\",\"url\":\"https:\/\/easywebmkt.com.ar\/cotone\/productos\/sobre-para-notebook-force\/\",\"name\":\"Sobre Force - Viacotone Argentina\",\"isPartOf\":{\"@id\":\"https:\/\/easywebmkt.com.ar\/cotone\/#website\"},\"primaryImageOfPage\":{\"@id\":\"https:\/\/easywebmkt.com.ar\/cotone\/productos\/sobre-para-notebook-force\/#primaryimage\"},\"image\":{\"@id\":\"https:\/\/easywebmkt.com.ar\/cotone\/productos\/sobre-para-notebook-force\/#primaryimage\"},\"thumbnailUrl\":\"https:\/\/easywebmkt.com.ar\/cotone\/wp-content\/uploads\/2020\/10\/sobre-porta-notebook-1.jpg\",\"datePublished\":\"2020-10-16T15:34:30+00:00\",\"dateModified\":\"2025-01-14T16:30:41+00:00\",\"breadcrumb\":{\"@id\":\"https:\/\/easywebmkt.com.ar\/cotone\/productos\/sobre-para-notebook-force\/#breadcrumb\"},\"inLanguage\":\"es-AR\",\"potentialAction\":[{\"@type\":\"ReadAction\",\"target\":[\"https:\/\/easywebmkt.com.ar\/cotone\/productos\/sobre-para-notebook-force\/\"]}]},{\"@type\":\"ImageObject\",\"inLanguage\":\"es-AR\",\"@id\":\"https:\/\/easywebmkt.com.ar\/cotone\/productos\/sobre-para-notebook-force\/#primaryimage\",\"url\":\"https:\/\/easywebmkt.com.ar\/cotone\/wp-content\/uploads\/2020\/10\/sobre-porta-notebook-1.jpg\",\"contentUrl\":\"https:\/\/easywebmkt.com.ar\/cotone\/wp-content\/uploads\/2020\/10\/sobre-porta-notebook-1.jpg\",\"width\":800,\"height\":800},{\"@type\":\"BreadcrumbList\",\"@id\":\"https:\/\/easywebmkt.com.ar\/cotone\/productos\/sobre-para-notebook-force\/#breadcrumb\",\"itemListElement\":[{\"@type\":\"ListItem\",\"position\":1,\"name\":\"Inicio\",\"item\":\"https:\/\/easywebmkt.com.ar\/cotone\/\"},{\"@type\":\"ListItem\",\"position\":2,\"name\":\"Productos\",\"item\":\"https:\/\/easywebmkt.com.ar\/cotone\/productos\/\"},{\"@type\":\"ListItem\",\"position\":3,\"name\":\"Sobre Force\"}]},{\"@type\":\"WebSite\",\"@id\":\"https:\/\/easywebmkt.com.ar\/cotone\/#website\",\"url\":\"https:\/\/easywebmkt.com.ar\/cotone\/\",\"name\":\"Viacotone Argentina\",\"description\":\"Merchandising Partners\",\"potentialAction\":[{\"@type\":\"SearchAction\",\"target\":{\"@type\":\"EntryPoint\",\"urlTemplate\":\"https:\/\/easywebmkt.com.ar\/cotone\/?s={search_term_string}\"},\"query-input\":{\"@type\":\"PropertyValueSpecification\",\"valueRequired\":true,\"valueName\":\"search_term_string\"}}],\"inLanguage\":\"es-AR\"}]}<\/script>\n<!-- \/ Yoast SEO plugin. -->","yoast_head_json":{"title":"Sobre Force - Viacotone Argentina","robots":{"index":"index","follow":"follow","max-snippet":"max-snippet:-1","max-image-preview":"max-image-preview:large","max-video-preview":"max-video-preview:-1"},"canonical":"https:\/\/easywebmkt.com.ar\/cotone\/productos\/sobre-para-notebook-force\/","og_locale":"es_ES","og_type":"article","og_title":"Sobre Force - Viacotone Argentina","og_description":"Funda para notebook y laptop\u00a0 14\" y 15.6\"   Interior es acolchonado y muy suave con una tela tipo \"peluche\" para evitar que la pantalla se ralle. Dispone de una peque\u00f1a correa lateral porta llavero o para amarrar. Cierre de \"doble v\u00eda\". 80% poli\u00e9ster y 10% espuma interna de poliuretano anti golpe.  Marca: ZOM  Tama\u00f1o: 14\": 36 \/ 25,5 \/ 2 cm. 15.6\": 40 \/ 31 \/ 2 cm.","og_url":"https:\/\/easywebmkt.com.ar\/cotone\/productos\/sobre-para-notebook-force\/","og_site_name":"Viacotone Argentina","article_modified_time":"2025-01-14T16:30:41+00:00","og_image":[{"width":800,"height":800,"url":"https:\/\/easywebmkt.com.ar\/cotone\/wp-content\/uploads\/2020\/10\/sobre-porta-notebook-1.jpg","type":"image\/jpeg"}],"twitter_card":"summary_large_image","schema":{"@context":"https:\/\/schema.org","@graph":[{"@type":"WebPage","@id":"https:\/\/easywebmkt.com.ar\/cotone\/productos\/sobre-para-notebook-force\/","url":"https:\/\/easywebmkt.com.ar\/cotone\/productos\/sobre-para-notebook-force\/","name":"Sobre Force - Viacotone Argentina","isPartOf":{"@id":"https:\/\/easywebmkt.com.ar\/cotone\/#website"},"primaryImageOfPage":{"@id":"https:\/\/easywebmkt.com.ar\/cotone\/productos\/sobre-para-notebook-force\/#primaryimage"},"image":{"@id":"https:\/\/easywebmkt.com.ar\/cotone\/productos\/sobre-para-notebook-force\/#primaryimage"},"thumbnailUrl":"https:\/\/easywebmkt.com.ar\/cotone\/wp-content\/uploads\/2020\/10\/sobre-porta-notebook-1.jpg","datePublished":"2020-10-16T15:34:30+00:00","dateModified":"2025-01-14T16:30:41+00:00","breadcrumb":{"@id":"https:\/\/easywebmkt.com.ar\/cotone\/productos\/sobre-para-notebook-force\/#breadcrumb"},"inLanguage":"es-AR","potentialAction":[{"@type":"ReadAction","target":["https:\/\/easywebmkt.com.ar\/cotone\/productos\/sobre-para-notebook-force\/"]}]},{"@type":"ImageObject","inLanguage":"es-AR","@id":"https:\/\/easywebmkt.com.ar\/cotone\/productos\/sobre-para-notebook-force\/#primaryimage","url":"https:\/\/easywebmkt.com.ar\/cotone\/wp-content\/uploads\/2020\/10\/sobre-porta-notebook-1.jpg","contentUrl":"https:\/\/easywebmkt.com.ar\/cotone\/wp-content\/uploads\/2020\/10\/sobre-porta-notebook-1.jpg","width":800,"height":800},{"@type":"BreadcrumbList","@id":"https:\/\/easywebmkt.com.ar\/cotone\/productos\/sobre-para-notebook-force\/#breadcrumb","itemListElement":[{"@type":"ListItem","position":1,"name":"Inicio","item":"https:\/\/easywebmkt.com.ar\/cotone\/"},{"@type":"ListItem","position":2,"name":"Productos","item":"https:\/\/easywebmkt.com.ar\/cotone\/productos\/"},{"@type":"ListItem","position":3,"name":"Sobre Force"}]},{"@type":"WebSite","@id":"https:\/\/easywebmkt.com.ar\/cotone\/#website","url":"https:\/\/easywebmkt.com.ar\/cotone\/","name":"Viacotone Argentina","description":"Merchandising Partners","potentialAction":[{"@type":"SearchAction","target":{"@type":"EntryPoint","urlTemplate":"https:\/\/easywebmkt.com.ar\/cotone\/?s={search_term_string}"},"query-input":{"@type":"PropertyValueSpecification","valueRequired":true,"valueName":"search_term_string"}}],"inLanguage":"es-AR"}]}},"_links":{"self":[{"href":"https:\/\/easywebmkt.com.ar\/cotone\/wp-json\/wp\/v2\/product\/9236","targetHints":{"allow":["GET"]}}],"collection":[{"href":"https:\/\/easywebmkt.com.ar\/cotone\/wp-json\/wp\/v2\/product"}],"about":[{"href":"https:\/\/easywebmkt.com.ar\/cotone\/wp-json\/wp\/v2\/types\/product"}],"replies":[{"embeddable":true,"href":"https:\/\/easywebmkt.com.ar\/cotone\/wp-json\/wp\/v2\/comments?post=9236"}],"wp:featuredmedia":[{"embeddable":true,"href":"https:\/\/easywebmkt.com.ar\/cotone\/wp-json\/wp\/v2\/media\/9237"}],"wp:attachment":[{"href":"https:\/\/easywebmkt.com.ar\/cotone\/wp-json\/wp\/v2\/media?parent=9236"}],"wp:term":[{"taxonomy":"product_brand","embeddable":true,"href":"https:\/\/easywebmkt.com.ar\/cotone\/wp-json\/wp\/v2\/product_brand?post=9236"},{"taxonomy":"product_cat","embeddable":true,"href":"https:\/\/easywebmkt.com.ar\/cotone\/wp-json\/wp\/v2\/product_cat?post=9236"},{"taxonomy":"product_tag","embeddable":true,"href":"https:\/\/easywebmkt.com.ar\/cotone\/wp-json\/wp\/v2\/product_tag?post=9236"}],"curies":[{"name":"wp","href":"https:\/\/api.w.org\/{rel}","templated":true}]}}