{"id":9361,"date":"2020-10-28T20:43:38","date_gmt":"2020-10-28T23:43:38","guid":{"rendered":"http:\/\/viacotone.local\/?post_type=product&#038;p=9361"},"modified":"2023-12-19T09:52:36","modified_gmt":"2023-12-19T12:52:36","slug":"base-celular-y-tarjetas","status":"publish","type":"product","link":"https:\/\/easywebmkt.com.ar\/cotone\/productos\/base-celular-y-tarjetas\/","title":{"rendered":"Base Celular y Tarjetas"},"content":{"rendered":"","protected":false},"excerpt":{"rendered":"<p><strong>Ecol\u00f3gico y sustentable.<\/strong><\/p>\n<p>Soportes de madera reciclada para asegurarte de dejar tu celular apoyado de forma segura y adem\u00e1s de no perder tiempo busc\u00e1ndolo en tu casa u oficina.<br \/>\nAmbos productos son port\u00e1tiles y livianos para que lo lleves en tu bolso o mochila a todos lados sin ocupar espacio dem\u00e1s.<\/p>\n","protected":false},"featured_media":9362,"comment_status":"closed","ping_status":"closed","template":"","meta":[],"product_brand":[],"product_cat":[50,191],"product_tag":[370,367,355,226,228,158,374,366,231],"class_list":{"0":"post-9361","1":"product","2":"type-product","3":"status-publish","4":"has-post-thumbnail","6":"product_cat-escritorio","7":"product_cat-soportes-organizadores","8":"product_tag-base","9":"product_tag-celular","10":"product_tag-eco","11":"product_tag-ecologico","12":"product_tag-escritorio","13":"product_tag-home-office","14":"product_tag-madera","15":"product_tag-soporte","16":"product_tag-sustentable","18":"first","19":"instock","20":"shipping-taxable","21":"purchasable","22":"product-type-simple"},"yoast_head":"<!-- This site is optimized with the Yoast SEO plugin v23.4 - https:\/\/yoast.com\/wordpress\/plugins\/seo\/ -->\n<title>Base Celular y Tarjetas - Viacotone Argentina<\/title>\n<meta name=\"robots\" content=\"index, follow, max-snippet:-1, max-image-preview:large, max-video-preview:-1\" \/>\n<link rel=\"canonical\" href=\"https:\/\/easywebmkt.com.ar\/cotone\/productos\/base-celular-y-tarjetas\/\" \/>\n<meta property=\"og:locale\" content=\"es_ES\" \/>\n<meta property=\"og:type\" content=\"article\" \/>\n<meta property=\"og:title\" content=\"Base Celular y Tarjetas - Viacotone Argentina\" \/>\n<meta property=\"og:description\" content=\"Ecol\u00f3gico y sustentable.  Soportes de madera reciclada para asegurarte de dejar tu celular apoyado de forma segura y adem\u00e1s de no perder tiempo busc\u00e1ndolo en tu casa u oficina. Ambos productos son port\u00e1tiles y livianos para que lo lleves en tu bolso o mochila a todos lados sin ocupar espacio dem\u00e1s.\" \/>\n<meta property=\"og:url\" content=\"https:\/\/easywebmkt.com.ar\/cotone\/productos\/base-celular-y-tarjetas\/\" \/>\n<meta property=\"og:site_name\" content=\"Viacotone Argentina\" \/>\n<meta property=\"article:modified_time\" content=\"2023-12-19T12:52:36+00:00\" \/>\n<meta property=\"og:image\" content=\"https:\/\/easywebmkt.com.ar\/cotone\/wp-content\/uploads\/2020\/10\/soporte-para-celular-madera-2.jpg\" \/>\n\t<meta property=\"og:image:width\" content=\"554\" \/>\n\t<meta property=\"og:image:height\" content=\"560\" \/>\n\t<meta property=\"og:image:type\" content=\"image\/jpeg\" \/>\n<meta name=\"twitter:card\" content=\"summary_large_image\" \/>\n<script type=\"application\/ld+json\" class=\"yoast-schema-graph\">{\"@context\":\"https:\/\/schema.org\",\"@graph\":[{\"@type\":\"WebPage\",\"@id\":\"https:\/\/easywebmkt.com.ar\/cotone\/productos\/base-celular-y-tarjetas\/\",\"url\":\"https:\/\/easywebmkt.com.ar\/cotone\/productos\/base-celular-y-tarjetas\/\",\"name\":\"Base Celular y Tarjetas - Viacotone Argentina\",\"isPartOf\":{\"@id\":\"https:\/\/easywebmkt.com.ar\/cotone\/#website\"},\"primaryImageOfPage\":{\"@id\":\"https:\/\/easywebmkt.com.ar\/cotone\/productos\/base-celular-y-tarjetas\/#primaryimage\"},\"image\":{\"@id\":\"https:\/\/easywebmkt.com.ar\/cotone\/productos\/base-celular-y-tarjetas\/#primaryimage\"},\"thumbnailUrl\":\"https:\/\/easywebmkt.com.ar\/cotone\/wp-content\/uploads\/2020\/10\/soporte-para-celular-madera-2.jpg\",\"datePublished\":\"2020-10-28T23:43:38+00:00\",\"dateModified\":\"2023-12-19T12:52:36+00:00\",\"breadcrumb\":{\"@id\":\"https:\/\/easywebmkt.com.ar\/cotone\/productos\/base-celular-y-tarjetas\/#breadcrumb\"},\"inLanguage\":\"es-AR\",\"potentialAction\":[{\"@type\":\"ReadAction\",\"target\":[\"https:\/\/easywebmkt.com.ar\/cotone\/productos\/base-celular-y-tarjetas\/\"]}]},{\"@type\":\"ImageObject\",\"inLanguage\":\"es-AR\",\"@id\":\"https:\/\/easywebmkt.com.ar\/cotone\/productos\/base-celular-y-tarjetas\/#primaryimage\",\"url\":\"https:\/\/easywebmkt.com.ar\/cotone\/wp-content\/uploads\/2020\/10\/soporte-para-celular-madera-2.jpg\",\"contentUrl\":\"https:\/\/easywebmkt.com.ar\/cotone\/wp-content\/uploads\/2020\/10\/soporte-para-celular-madera-2.jpg\",\"width\":554,\"height\":560},{\"@type\":\"BreadcrumbList\",\"@id\":\"https:\/\/easywebmkt.com.ar\/cotone\/productos\/base-celular-y-tarjetas\/#breadcrumb\",\"itemListElement\":[{\"@type\":\"ListItem\",\"position\":1,\"name\":\"Inicio\",\"item\":\"https:\/\/easywebmkt.com.ar\/cotone\/\"},{\"@type\":\"ListItem\",\"position\":2,\"name\":\"Productos\",\"item\":\"https:\/\/easywebmkt.com.ar\/cotone\/productos\/\"},{\"@type\":\"ListItem\",\"position\":3,\"name\":\"Base Celular y Tarjetas\"}]},{\"@type\":\"WebSite\",\"@id\":\"https:\/\/easywebmkt.com.ar\/cotone\/#website\",\"url\":\"https:\/\/easywebmkt.com.ar\/cotone\/\",\"name\":\"Viacotone Argentina\",\"description\":\"Merchandising Partners\",\"potentialAction\":[{\"@type\":\"SearchAction\",\"target\":{\"@type\":\"EntryPoint\",\"urlTemplate\":\"https:\/\/easywebmkt.com.ar\/cotone\/?s={search_term_string}\"},\"query-input\":{\"@type\":\"PropertyValueSpecification\",\"valueRequired\":true,\"valueName\":\"search_term_string\"}}],\"inLanguage\":\"es-AR\"}]}<\/script>\n<!-- \/ Yoast SEO plugin. -->","yoast_head_json":{"title":"Base Celular y Tarjetas - Viacotone Argentina","robots":{"index":"index","follow":"follow","max-snippet":"max-snippet:-1","max-image-preview":"max-image-preview:large","max-video-preview":"max-video-preview:-1"},"canonical":"https:\/\/easywebmkt.com.ar\/cotone\/productos\/base-celular-y-tarjetas\/","og_locale":"es_ES","og_type":"article","og_title":"Base Celular y Tarjetas - Viacotone Argentina","og_description":"Ecol\u00f3gico y sustentable.  Soportes de madera reciclada para asegurarte de dejar tu celular apoyado de forma segura y adem\u00e1s de no perder tiempo busc\u00e1ndolo en tu casa u oficina. Ambos productos son port\u00e1tiles y livianos para que lo lleves en tu bolso o mochila a todos lados sin ocupar espacio dem\u00e1s.","og_url":"https:\/\/easywebmkt.com.ar\/cotone\/productos\/base-celular-y-tarjetas\/","og_site_name":"Viacotone Argentina","article_modified_time":"2023-12-19T12:52:36+00:00","og_image":[{"width":554,"height":560,"url":"https:\/\/easywebmkt.com.ar\/cotone\/wp-content\/uploads\/2020\/10\/soporte-para-celular-madera-2.jpg","type":"image\/jpeg"}],"twitter_card":"summary_large_image","schema":{"@context":"https:\/\/schema.org","@graph":[{"@type":"WebPage","@id":"https:\/\/easywebmkt.com.ar\/cotone\/productos\/base-celular-y-tarjetas\/","url":"https:\/\/easywebmkt.com.ar\/cotone\/productos\/base-celular-y-tarjetas\/","name":"Base Celular y Tarjetas - Viacotone Argentina","isPartOf":{"@id":"https:\/\/easywebmkt.com.ar\/cotone\/#website"},"primaryImageOfPage":{"@id":"https:\/\/easywebmkt.com.ar\/cotone\/productos\/base-celular-y-tarjetas\/#primaryimage"},"image":{"@id":"https:\/\/easywebmkt.com.ar\/cotone\/productos\/base-celular-y-tarjetas\/#primaryimage"},"thumbnailUrl":"https:\/\/easywebmkt.com.ar\/cotone\/wp-content\/uploads\/2020\/10\/soporte-para-celular-madera-2.jpg","datePublished":"2020-10-28T23:43:38+00:00","dateModified":"2023-12-19T12:52:36+00:00","breadcrumb":{"@id":"https:\/\/easywebmkt.com.ar\/cotone\/productos\/base-celular-y-tarjetas\/#breadcrumb"},"inLanguage":"es-AR","potentialAction":[{"@type":"ReadAction","target":["https:\/\/easywebmkt.com.ar\/cotone\/productos\/base-celular-y-tarjetas\/"]}]},{"@type":"ImageObject","inLanguage":"es-AR","@id":"https:\/\/easywebmkt.com.ar\/cotone\/productos\/base-celular-y-tarjetas\/#primaryimage","url":"https:\/\/easywebmkt.com.ar\/cotone\/wp-content\/uploads\/2020\/10\/soporte-para-celular-madera-2.jpg","contentUrl":"https:\/\/easywebmkt.com.ar\/cotone\/wp-content\/uploads\/2020\/10\/soporte-para-celular-madera-2.jpg","width":554,"height":560},{"@type":"BreadcrumbList","@id":"https:\/\/easywebmkt.com.ar\/cotone\/productos\/base-celular-y-tarjetas\/#breadcrumb","itemListElement":[{"@type":"ListItem","position":1,"name":"Inicio","item":"https:\/\/easywebmkt.com.ar\/cotone\/"},{"@type":"ListItem","position":2,"name":"Productos","item":"https:\/\/easywebmkt.com.ar\/cotone\/productos\/"},{"@type":"ListItem","position":3,"name":"Base Celular y Tarjetas"}]},{"@type":"WebSite","@id":"https:\/\/easywebmkt.com.ar\/cotone\/#website","url":"https:\/\/easywebmkt.com.ar\/cotone\/","name":"Viacotone Argentina","description":"Merchandising Partners","potentialAction":[{"@type":"SearchAction","target":{"@type":"EntryPoint","urlTemplate":"https:\/\/easywebmkt.com.ar\/cotone\/?s={search_term_string}"},"query-input":{"@type":"PropertyValueSpecification","valueRequired":true,"valueName":"search_term_string"}}],"inLanguage":"es-AR"}]}},"_links":{"self":[{"href":"https:\/\/easywebmkt.com.ar\/cotone\/wp-json\/wp\/v2\/product\/9361","targetHints":{"allow":["GET"]}}],"collection":[{"href":"https:\/\/easywebmkt.com.ar\/cotone\/wp-json\/wp\/v2\/product"}],"about":[{"href":"https:\/\/easywebmkt.com.ar\/cotone\/wp-json\/wp\/v2\/types\/product"}],"replies":[{"embeddable":true,"href":"https:\/\/easywebmkt.com.ar\/cotone\/wp-json\/wp\/v2\/comments?post=9361"}],"wp:featuredmedia":[{"embeddable":true,"href":"https:\/\/easywebmkt.com.ar\/cotone\/wp-json\/wp\/v2\/media\/9362"}],"wp:attachment":[{"href":"https:\/\/easywebmkt.com.ar\/cotone\/wp-json\/wp\/v2\/media?parent=9361"}],"wp:term":[{"taxonomy":"product_brand","embeddable":true,"href":"https:\/\/easywebmkt.com.ar\/cotone\/wp-json\/wp\/v2\/product_brand?post=9361"},{"taxonomy":"product_cat","embeddable":true,"href":"https:\/\/easywebmkt.com.ar\/cotone\/wp-json\/wp\/v2\/product_cat?post=9361"},{"taxonomy":"product_tag","embeddable":true,"href":"https:\/\/easywebmkt.com.ar\/cotone\/wp-json\/wp\/v2\/product_tag?post=9361"}],"curies":[{"name":"wp","href":"https:\/\/api.w.org\/{rel}","templated":true}]}}