{"id":9699,"date":"2020-10-29T14:09:41","date_gmt":"2020-10-29T17:09:41","guid":{"rendered":"http:\/\/viacotone.local\/?post_type=product&#038;p=9699"},"modified":"2025-01-14T13:27:36","modified_gmt":"2025-01-14T16:27:36","slug":"cooler-glaciar","status":"publish","type":"product","link":"https:\/\/easywebmkt.com.ar\/cotone\/productos\/cooler-glaciar\/","title":{"rendered":"Cooler Glaciar"},"content":{"rendered":"","protected":false},"excerpt":{"rendered":"<div class=\"ui-pdp-container__row ui-pdp-container__row--description\">\n<div class=\"ui-pdp-description\">\n<p><strong>Interior de PEVA con soldadura herm\u00e9tica.<\/strong><\/p>\n<p>Estanca para evitar el derrame de l\u00edquido.<br \/>\nCuenta con manijas laterales y tap\u00f3n inferior de desagote.<br \/>\nPosibilidad de guardado del conjunto plegado.<br \/>\nCompletamente desmontable, permitiendo facilidad de limpieza.<br \/>\nPatas con apoyo antideslizante Compartimentos: Superior principal de gran apertura con cierre.<br \/>\nSuperior con menor apertura con velcro permitiendo retirar bebida sin perder el frio en su interior.<\/p>\n<p>Medidas: Conjunto abierto: 77,5 x 45,5 x 45,5 cm.<br \/>\nContenedor: 34 x 45,5 x 45,5 cm.<br \/>\nCapacidad: 50 Lts.<br \/>\nMarca: Pampero.<\/p>\n<\/div>\n<\/div>\n","protected":false},"featured_media":9799,"comment_status":"open","ping_status":"closed","template":"","meta":[],"product_brand":[],"product_cat":[430,117,411],"product_tag":[394,389,391,723,390],"class_list":{"0":"post-9699","1":"product","2":"type-product","3":"status-publish","4":"has-post-thumbnail","6":"product_cat-coolers-luncheras","7":"product_cat-hogar-tiempo-libre","8":"product_cat-viajes-tiempo-libre","9":"product_tag-cooler","10":"product_tag-lunchera","11":"product_tag-termico","12":"product_tag-vc-smart","13":"product_tag-vianda","15":"first","16":"instock","17":"featured","18":"shipping-taxable","19":"purchasable","20":"product-type-simple"},"yoast_head":"<!-- This site is optimized with the Yoast SEO plugin v23.4 - https:\/\/yoast.com\/wordpress\/plugins\/seo\/ -->\n<title>Cooler Glaciar - Viacotone Argentina<\/title>\n<meta name=\"robots\" content=\"index, follow, max-snippet:-1, max-image-preview:large, max-video-preview:-1\" \/>\n<link rel=\"canonical\" href=\"https:\/\/easywebmkt.com.ar\/cotone\/productos\/cooler-glaciar\/\" \/>\n<meta property=\"og:locale\" content=\"es_ES\" \/>\n<meta property=\"og:type\" content=\"article\" \/>\n<meta property=\"og:title\" content=\"Cooler Glaciar - Viacotone Argentina\" \/>\n<meta property=\"og:description\" content=\"Interior de PEVA con soldadura herm\u00e9tica.  Estanca para evitar el derrame de l\u00edquido. Cuenta con manijas laterales y tap\u00f3n inferior de desagote. Posibilidad de guardado del conjunto plegado. Completamente desmontable, permitiendo facilidad de limpieza. Patas con apoyo antideslizante Compartimentos: Superior principal de gran apertura con cierre. Superior con menor apertura con velcro permitiendo retirar bebida sin perder el frio en su interior.  Medidas: Conjunto abierto: 77,5 x 45,5 x 45,5 cm. Contenedor: 34 x 45,5 x 45,5 cm. Capacidad: 50 Lts. Marca: Pampero.\" \/>\n<meta property=\"og:url\" content=\"https:\/\/easywebmkt.com.ar\/cotone\/productos\/cooler-glaciar\/\" \/>\n<meta property=\"og:site_name\" content=\"Viacotone Argentina\" \/>\n<meta property=\"article:modified_time\" content=\"2025-01-14T16:27:36+00:00\" \/>\n<meta property=\"og:image\" content=\"https:\/\/easywebmkt.com.ar\/cotone\/wp-content\/uploads\/2020\/10\/Cooler-GLACIAR.jpg\" \/>\n\t<meta property=\"og:image:width\" content=\"800\" \/>\n\t<meta property=\"og:image:height\" content=\"800\" \/>\n\t<meta property=\"og:image:type\" content=\"image\/jpeg\" \/>\n<meta name=\"twitter:card\" content=\"summary_large_image\" \/>\n<script type=\"application\/ld+json\" class=\"yoast-schema-graph\">{\"@context\":\"https:\/\/schema.org\",\"@graph\":[{\"@type\":\"WebPage\",\"@id\":\"https:\/\/easywebmkt.com.ar\/cotone\/productos\/cooler-glaciar\/\",\"url\":\"https:\/\/easywebmkt.com.ar\/cotone\/productos\/cooler-glaciar\/\",\"name\":\"Cooler Glaciar - Viacotone Argentina\",\"isPartOf\":{\"@id\":\"https:\/\/easywebmkt.com.ar\/cotone\/#website\"},\"primaryImageOfPage\":{\"@id\":\"https:\/\/easywebmkt.com.ar\/cotone\/productos\/cooler-glaciar\/#primaryimage\"},\"image\":{\"@id\":\"https:\/\/easywebmkt.com.ar\/cotone\/productos\/cooler-glaciar\/#primaryimage\"},\"thumbnailUrl\":\"https:\/\/easywebmkt.com.ar\/cotone\/wp-content\/uploads\/2020\/10\/Cooler-GLACIAR.jpg\",\"datePublished\":\"2020-10-29T17:09:41+00:00\",\"dateModified\":\"2025-01-14T16:27:36+00:00\",\"breadcrumb\":{\"@id\":\"https:\/\/easywebmkt.com.ar\/cotone\/productos\/cooler-glaciar\/#breadcrumb\"},\"inLanguage\":\"es-AR\",\"potentialAction\":[{\"@type\":\"ReadAction\",\"target\":[\"https:\/\/easywebmkt.com.ar\/cotone\/productos\/cooler-glaciar\/\"]}]},{\"@type\":\"ImageObject\",\"inLanguage\":\"es-AR\",\"@id\":\"https:\/\/easywebmkt.com.ar\/cotone\/productos\/cooler-glaciar\/#primaryimage\",\"url\":\"https:\/\/easywebmkt.com.ar\/cotone\/wp-content\/uploads\/2020\/10\/Cooler-GLACIAR.jpg\",\"contentUrl\":\"https:\/\/easywebmkt.com.ar\/cotone\/wp-content\/uploads\/2020\/10\/Cooler-GLACIAR.jpg\",\"width\":800,\"height\":800},{\"@type\":\"BreadcrumbList\",\"@id\":\"https:\/\/easywebmkt.com.ar\/cotone\/productos\/cooler-glaciar\/#breadcrumb\",\"itemListElement\":[{\"@type\":\"ListItem\",\"position\":1,\"name\":\"Inicio\",\"item\":\"https:\/\/easywebmkt.com.ar\/cotone\/\"},{\"@type\":\"ListItem\",\"position\":2,\"name\":\"Productos\",\"item\":\"https:\/\/easywebmkt.com.ar\/cotone\/productos\/\"},{\"@type\":\"ListItem\",\"position\":3,\"name\":\"Cooler Glaciar\"}]},{\"@type\":\"WebSite\",\"@id\":\"https:\/\/easywebmkt.com.ar\/cotone\/#website\",\"url\":\"https:\/\/easywebmkt.com.ar\/cotone\/\",\"name\":\"Viacotone Argentina\",\"description\":\"Merchandising Partners\",\"potentialAction\":[{\"@type\":\"SearchAction\",\"target\":{\"@type\":\"EntryPoint\",\"urlTemplate\":\"https:\/\/easywebmkt.com.ar\/cotone\/?s={search_term_string}\"},\"query-input\":{\"@type\":\"PropertyValueSpecification\",\"valueRequired\":true,\"valueName\":\"search_term_string\"}}],\"inLanguage\":\"es-AR\"}]}<\/script>\n<!-- \/ Yoast SEO plugin. -->","yoast_head_json":{"title":"Cooler Glaciar - Viacotone Argentina","robots":{"index":"index","follow":"follow","max-snippet":"max-snippet:-1","max-image-preview":"max-image-preview:large","max-video-preview":"max-video-preview:-1"},"canonical":"https:\/\/easywebmkt.com.ar\/cotone\/productos\/cooler-glaciar\/","og_locale":"es_ES","og_type":"article","og_title":"Cooler Glaciar - Viacotone Argentina","og_description":"Interior de PEVA con soldadura herm\u00e9tica.  Estanca para evitar el derrame de l\u00edquido. Cuenta con manijas laterales y tap\u00f3n inferior de desagote. Posibilidad de guardado del conjunto plegado. Completamente desmontable, permitiendo facilidad de limpieza. Patas con apoyo antideslizante Compartimentos: Superior principal de gran apertura con cierre. Superior con menor apertura con velcro permitiendo retirar bebida sin perder el frio en su interior.  Medidas: Conjunto abierto: 77,5 x 45,5 x 45,5 cm. Contenedor: 34 x 45,5 x 45,5 cm. Capacidad: 50 Lts. Marca: Pampero.","og_url":"https:\/\/easywebmkt.com.ar\/cotone\/productos\/cooler-glaciar\/","og_site_name":"Viacotone Argentina","article_modified_time":"2025-01-14T16:27:36+00:00","og_image":[{"width":800,"height":800,"url":"https:\/\/easywebmkt.com.ar\/cotone\/wp-content\/uploads\/2020\/10\/Cooler-GLACIAR.jpg","type":"image\/jpeg"}],"twitter_card":"summary_large_image","schema":{"@context":"https:\/\/schema.org","@graph":[{"@type":"WebPage","@id":"https:\/\/easywebmkt.com.ar\/cotone\/productos\/cooler-glaciar\/","url":"https:\/\/easywebmkt.com.ar\/cotone\/productos\/cooler-glaciar\/","name":"Cooler Glaciar - Viacotone Argentina","isPartOf":{"@id":"https:\/\/easywebmkt.com.ar\/cotone\/#website"},"primaryImageOfPage":{"@id":"https:\/\/easywebmkt.com.ar\/cotone\/productos\/cooler-glaciar\/#primaryimage"},"image":{"@id":"https:\/\/easywebmkt.com.ar\/cotone\/productos\/cooler-glaciar\/#primaryimage"},"thumbnailUrl":"https:\/\/easywebmkt.com.ar\/cotone\/wp-content\/uploads\/2020\/10\/Cooler-GLACIAR.jpg","datePublished":"2020-10-29T17:09:41+00:00","dateModified":"2025-01-14T16:27:36+00:00","breadcrumb":{"@id":"https:\/\/easywebmkt.com.ar\/cotone\/productos\/cooler-glaciar\/#breadcrumb"},"inLanguage":"es-AR","potentialAction":[{"@type":"ReadAction","target":["https:\/\/easywebmkt.com.ar\/cotone\/productos\/cooler-glaciar\/"]}]},{"@type":"ImageObject","inLanguage":"es-AR","@id":"https:\/\/easywebmkt.com.ar\/cotone\/productos\/cooler-glaciar\/#primaryimage","url":"https:\/\/easywebmkt.com.ar\/cotone\/wp-content\/uploads\/2020\/10\/Cooler-GLACIAR.jpg","contentUrl":"https:\/\/easywebmkt.com.ar\/cotone\/wp-content\/uploads\/2020\/10\/Cooler-GLACIAR.jpg","width":800,"height":800},{"@type":"BreadcrumbList","@id":"https:\/\/easywebmkt.com.ar\/cotone\/productos\/cooler-glaciar\/#breadcrumb","itemListElement":[{"@type":"ListItem","position":1,"name":"Inicio","item":"https:\/\/easywebmkt.com.ar\/cotone\/"},{"@type":"ListItem","position":2,"name":"Productos","item":"https:\/\/easywebmkt.com.ar\/cotone\/productos\/"},{"@type":"ListItem","position":3,"name":"Cooler Glaciar"}]},{"@type":"WebSite","@id":"https:\/\/easywebmkt.com.ar\/cotone\/#website","url":"https:\/\/easywebmkt.com.ar\/cotone\/","name":"Viacotone Argentina","description":"Merchandising Partners","potentialAction":[{"@type":"SearchAction","target":{"@type":"EntryPoint","urlTemplate":"https:\/\/easywebmkt.com.ar\/cotone\/?s={search_term_string}"},"query-input":{"@type":"PropertyValueSpecification","valueRequired":true,"valueName":"search_term_string"}}],"inLanguage":"es-AR"}]}},"_links":{"self":[{"href":"https:\/\/easywebmkt.com.ar\/cotone\/wp-json\/wp\/v2\/product\/9699","targetHints":{"allow":["GET"]}}],"collection":[{"href":"https:\/\/easywebmkt.com.ar\/cotone\/wp-json\/wp\/v2\/product"}],"about":[{"href":"https:\/\/easywebmkt.com.ar\/cotone\/wp-json\/wp\/v2\/types\/product"}],"replies":[{"embeddable":true,"href":"https:\/\/easywebmkt.com.ar\/cotone\/wp-json\/wp\/v2\/comments?post=9699"}],"wp:featuredmedia":[{"embeddable":true,"href":"https:\/\/easywebmkt.com.ar\/cotone\/wp-json\/wp\/v2\/media\/9799"}],"wp:attachment":[{"href":"https:\/\/easywebmkt.com.ar\/cotone\/wp-json\/wp\/v2\/media?parent=9699"}],"wp:term":[{"taxonomy":"product_brand","embeddable":true,"href":"https:\/\/easywebmkt.com.ar\/cotone\/wp-json\/wp\/v2\/product_brand?post=9699"},{"taxonomy":"product_cat","embeddable":true,"href":"https:\/\/easywebmkt.com.ar\/cotone\/wp-json\/wp\/v2\/product_cat?post=9699"},{"taxonomy":"product_tag","embeddable":true,"href":"https:\/\/easywebmkt.com.ar\/cotone\/wp-json\/wp\/v2\/product_tag?post=9699"}],"curies":[{"name":"wp","href":"https:\/\/api.w.org\/{rel}","templated":true}]}}